{"id":27,"date":"2023-11-28T18:14:58","date_gmt":"2023-11-28T18:14:58","guid":{"rendered":"https:\/\/assistscholars.wpenginepowered.com\/?page_id=27"},"modified":"2025-12-05T13:21:53","modified_gmt":"2025-12-05T18:21:53","slug":"stipendium","status":"publish","type":"page","link":"https:\/\/www.assistscholars.org\/cs\/scholarship\/","title":{"rendered":"Stipendijn\u00ed program"},"content":{"rendered":"<p>Wyomingsk\u00fd semin\u00e1\u0159<\/p>\n\t<span><span><a href=\"https:\/\/www.assistscholars.org\/cs\/\">Home<\/a><\/span><\/span>\n<h2>\n\t\t\tV\u00edme, \u017ee tato zku\u0161enost m\u016f\u017ee v\u0161echno zm\u011bnit.\t<\/h2>\n\t<p>Proto\u017ee na\u0161e \u010dlensk\u00e9 \u0161koly a d\u00e1rci jsou hluboce odd\u00e1ni na\u0161emu posl\u00e1n\u00ed, ka\u017ed\u00fd stipendista ASSIST obdr\u017e\u00ed stipendium na sv\u016fj rok v zahrani\u010d\u00ed. Toto stipendium umo\u017e\u0148uje ka\u017ed\u00e9mu studentovi p\u0159\u00edstup na p\u0159edn\u00ed severoamerickou soukromou st\u0159edn\u00ed \u0161kolu. Krom\u011b toho se stipendist\u00e9 stanou celo\u017eivotn\u00edmi \u010dleny ASSIST, vytvo\u0159\u00ed si celosv\u011btov\u00e9 kontakty a p\u0159ipoj\u00ed se k mimo\u0159\u00e1dn\u00e9 s\u00edti v\u00edce ne\u017e 6 000 \u00fasp\u011b\u0161n\u00fdch absolvent\u016f. Tato transformativn\u00ed p\u0159\u00edle\u017eitost otev\u00edr\u00e1 dve\u0159e a mysl pro celo\u017eivotn\u00ed \u00fasp\u011bchy.<\/p>\n\t\t\t\t<img decoding=\"async\" src=\"https:\/\/www.assistscholars.org\/wp-content\/uploads\/2024\/04\/peddie-schools-spirit.jpeg\" alt=\"st\u0159edo\u0161kol\u00e1ci z\u0159ejm\u011b fand\u00ed p\u0159i sportovn\u00edm utk\u00e1n\u00ed na Peddie School v NJ\" itemprop=\"image\" height=\"450\" width=\"800\" title=\"duch \u0161koly peddie\" onerror=\"this.style.display='none'\" loading=\"lazy\" \/>\n\t\t\u0160kola Peddie\n<h2>\n\t\t\tASSIST Scholarships\t<\/h2>\n\t<p>ASSIST Scholars z\u00edsk\u00e1 ro\u010dn\u00ed stipendium na p\u0159edn\u00ed soukrom\u00e9 st\u0159edn\u00ed \u0161kole v Severn\u00ed Americe s komplexn\u00ed a individu\u00e1ln\u00ed podporou pracovn\u00edk\u016f ASSIST v USA nebo koordin\u00e1tor\u016f v jejich domovsk\u00e9 zemi, pokud jsou k dispozici.<\/p>\n\t\t\t\t\t<a href=\"#\"  id=\"fl-accordion--label-0\" tabindex=\"0\" aria-controls=\"fl-accordion--panel-0\">Stipendia ASSIST Sanderson<\/a>\n\t\t\t\t\t\t\t\t\t\t\t<a href=\"#\" id=\"fl-accordion--icon-0\"  tabindex=\"0\"><i title=\"Rozbalit\">Rozbalit<\/i><\/a>\n\t\t\t\t\t<p>Ud\u011bluje pln\u00e9 \u0161koln\u00e9 a ubytov\u00e1n\u00ed a stravu v soukrom\u00e9 severoamerick\u00e9 intern\u00e1tn\u00ed \u0161kole nebo pln\u00e9 \u0161koln\u00e9 v soukrom\u00e9 denn\u00ed \u0161kole a ubytov\u00e1n\u00ed v americk\u00e9 dobrovolnick\u00e9 hostitelsk\u00e9 rodin\u011b.<\/p>\n\t\t\t\t\t<a href=\"#\"  id=\"fl-accordion--label-1\" tabindex=\"0\" aria-controls=\"fl-accordion--panel-1\">Stipendia ASSIST Lindfors<\/a>\n\t\t\t\t\t\t\t\t\t\t\t<a href=\"#\" id=\"fl-accordion--icon-1\"  tabindex=\"0\"><i title=\"Rozbalit\">Rozbalit<\/i><\/a>\n\t\t\t\t\t<p>Ud\u011bluje \u010d\u00e1ste\u010dn\u00e9 \u0161koln\u00e9 a ubytov\u00e1n\u00ed a stravu v soukrom\u00e9 severoamerick\u00e9 intern\u00e1tn\u00ed \u0161kole nebo \u010d\u00e1ste\u010dn\u00e9 \u0161koln\u00e9 v soukrom\u00e9 denn\u00ed \u0161kole a ubytov\u00e1n\u00ed v americk\u00e9 dobrovolnick\u00e9 hostitelsk\u00e9 rodin\u011b. Pro stipendisty programu Lindfors Scholars financuj\u00ed \u010dlensk\u00e9 \u0161koly nejm\u00e9n\u011b 50% jeho \u0161koln\u00e9ho, zb\u00fdvaj\u00edc\u00ed \u0161koln\u00e9 a poplatek za program ASSIST je zahrnut v poplatku za program The Lindfors Scholarship.<\/p>\n<h2>\n\t\t\tPartnersk\u00e9 stipendijn\u00ed programy\t<\/h2>\n\t<p>Krom\u011b vlastn\u00edch stipendi\u00ed ASSIST je ASSIST hrd\u00e1 na to, \u017ee m\u016f\u017ee nab\u00eddnout p\u0159\u00edstup ke stipendi\u00edm prost\u0159ednictv\u00edm na\u0161ich partner\u016f, programu The Davis Scholars Program a programu The Kemper Scholar Program na Phillips Academy Andover. Uchaze\u010di se mohou p\u0159ihl\u00e1sit do v\u0161ech program\u016f v r\u00e1mci jedn\u00e9 p\u0159ihl\u00e1\u0161ky ASSIST.\u00a0<\/p>\n\t\t\t\t<img decoding=\"async\" src=\"https:\/\/www.assistscholars.org\/wp-content\/uploads\/2024\/04\/Untitled-design-5.jpg\" alt=\"st\u0159edo\u0161kola\u010dky z The Madeira School p\u0159ed budovou americk\u00e9ho Kapitolu\" itemprop=\"image\" height=\"332\" width=\"500\" title=\"Design bez n\u00e1zvu (5)\" onerror=\"this.style.display='none'\" loading=\"lazy\" \/>\n\t\t\u0160kola Madeira\n\t\t\t\t\t<a href=\"#\"  id=\"fl-accordion--label-0\" tabindex=\"0\" aria-controls=\"fl-accordion--panel-0\">Davis\u016fv stipendijn\u00ed program<\/a>\n\t\t\t\t\t\t\t\t\t\t\t<a href=\"#\" id=\"fl-accordion--icon-0\"  tabindex=\"0\"><i title=\"Rozbalit\">Rozbalit<\/i><\/a>\n\t\t\t\t\t<p>Davis\u016fv stipendijn\u00ed program je jedine\u010dn\u00fd t\u00edm, \u017ee umo\u017e\u0148uje student\u016fm studovat dva nebo t\u0159i roky na jedn\u00e9 ze \u0161esti intern\u00e1tn\u00edch \u0161kol, kter\u00e9 jsou sou\u010d\u00e1st\u00ed Davisova mezin\u00e1rodn\u00edho stipendijn\u00edho programu. Davisovi stipendist\u00e9 absolvuj\u00ed americkou st\u0159edn\u00ed \u0161kolu a mohou pokra\u010dovat ve studiu na vysok\u00e9 \u0161kole v USA nebo ve Velk\u00e9 Brit\u00e1nii.<\/p>\n<p>Davisovi stipendist\u00e9 obdr\u017e\u00ed:<\/p>\n<ul>\n<li>$25 000 z programu The Davis Scholars Program na \u0161koln\u00e9 na intern\u00e1tn\u00ed \u0161kole. V z\u00e1vislosti na finan\u010dn\u00ed pot\u0159ebnosti rodiny poskytne \u0161kola stipendium na zb\u00fdvaj\u00edc\u00ed \u010d\u00e1st \u0161koln\u00e9ho, ubytov\u00e1n\u00ed a stravy.<\/li>\n<li>$25 000 ro\u010dn\u011b na \u0161koln\u00e9 po dobu \u010dty\u0159 let vysoko\u0161kolsk\u00e9ho studia, pokud jste p\u0159ijati na jednu z partnersk\u00fdch univerzit a vysok\u00fdch \u0161kol UWC.<\/li>\n<\/ul>\n<p>&nbsp;<\/p>\n<p>P\u0159ihl\u00e1sit se mohou uchaze\u010di ze zem\u00ed, kter\u00e9 jsou na intern\u00e1tn\u00edch \u0161kol\u00e1ch v USA historicky nedostate\u010dn\u011b zastoupeny. Pat\u0159\u00ed mezi n\u011b mimo jin\u00e9 Bulharsko, Kolumbie, Chorvatsko, \u010cesk\u00e1 republika, Gruzie, Ma\u010farsko, Litva, Moldavsko, Polsko, Srbsko, Slovensko, Somaliland, Turecko nebo zem\u011b ji\u017en\u00ed Afriky.<\/p>\n<p><a href=\"https:\/\/www.assistscholars.org\/wp-content\/uploads\/2025\/12\/DAVIS-SCHOLARS-PROFILE-FY26-.pdf\" target=\"_blank\" rel=\"noopener noreferrer\" data-saferedirecturl=\"https:\/\/www.google.com\/url?q=https:\/\/assistscholars.org\/assets\/pdfs\/2c965a9c-dcf8-49c3-be80-52def48a232d-DavisProgramAttatchment.pdf\">P\u0159e\u010dt\u011bte si podrobnosti o tomto partnersk\u00e9m programu, kter\u00fd je k dispozici prost\u0159ednictv\u00edm aplikace ASSIST.<\/a><\/p>\n\t\t\t\t\t<a href=\"#\"  id=\"fl-accordion--label-1\" tabindex=\"0\" aria-controls=\"fl-accordion--panel-1\">Program Kemper Scholar (Phillips Academy Andover)<\/a>\n\t\t\t\t\t\t\t\t\t\t\t<a href=\"#\" id=\"fl-accordion--icon-1\"  tabindex=\"0\"><i title=\"Rozbalit\">Rozbalit<\/i><\/a>\n\t\t\t\t\t<p>Studenti, kte\u0159\u00ed z\u00edskaj\u00ed Kemperovo stipendium, z\u00edskaj\u00ed mo\u017enost studovat jeden rok na Phillips Academy Andover, intern\u00e1tn\u00ed \u0161kole v Andoveru ve st\u00e1t\u011b Massachusetts, a to jako studenti 12. ro\u010dn\u00edku nebo postgradu\u00e1ln\u00edho studia. Studenti obvykle nav\u0161t\u011bvuj\u00ed Phillips Academy rok po ukon\u010den\u00ed st\u0159edn\u00ed \u0161koly ve sv\u00e9 zemi.<\/p>\n<p>&nbsp;<\/p>\n<p>Student\u016fm je p\u0159izn\u00e1na finan\u010dn\u00ed pomoc ve v\u00fd\u0161i, kter\u00e1 posta\u010duje na pokryt\u00ed 100% pln\u00e9 finan\u010dn\u00ed pot\u0159eby rodiny na jednoro\u010dn\u00ed studium na Phillips Academy Andover. \u017dadatel\u00e9 budou muset vyplnit \u017e\u00e1dost o finan\u010dn\u00ed pomoc.<\/p>\n<p>Po\u017eadavky na uchaze\u010de zahrnuj\u00ed:<\/p>\n<ul>\n<li>Mus\u00ed b\u00fdt evropsk\u00fdm ob\u010danem<\/li>\n<li>Obvykle ne star\u0161\u00ed 18 let<\/li>\n<li>Mus\u00ed b\u00fdt zp\u016fsobil\u00fd k \u00fa\u010dasti jako student 12. t\u0159\u00eddy nebo student po ukon\u010den\u00ed studia na Phillips Academy.<\/li>\n<li>Po \u00fasp\u011b\u0161n\u00e9m ukon\u010den\u00ed akademick\u00e9ho roku mus\u00ed m\u00edt n\u00e1rok na z\u00edsk\u00e1n\u00ed diplomu Phillips Academy.<\/li>\n<li>NESM\u011aL d\u0159\u00edve studovat v anglicky mluv\u00edc\u00ed zemi po dobu jednoho semestru nebo d\u00e9le.<\/li>\n<\/ul>\n<p>&nbsp;<\/p>\n<p>Po ukon\u010den\u00ed ro\u010dn\u00edku na Phillips Academy Andover se studenti mus\u00ed vr\u00e1tit do sv\u00e9 domovsk\u00e9 zem\u011b na dobu nejm\u00e9n\u011b jednoho roku. Z tohoto d\u016fvodu nemohou Kemperovi stipendist\u00e9 spolupracovat s vysoko\u0161kolsk\u00fdmi poradci Phillips Academy Andover.<\/p>\n<p><a href=\"https:\/\/www.assistscholars.org\/cs\/assist_kemper-scholars-program-at-phillips-academy-andover-2\/\" target=\"_blank\" rel=\"noopener noreferrer\" data-saferedirecturl=\"https:\/\/www.google.com\/url?q=https:\/\/assistscholars.org\/assets\/pdfs\/9d45a338-f33f-4a94-a357-44fffc110ecb-website%2520pdf%2520of%2520kemper.pdf&amp;source=gmail&amp;ust=1707768448622000&amp;usg=AOvVaw1uqy1bpGqbqNCC74vqM_m3\">P\u0159e\u010dt\u011bte si podrobnosti o tomto partnersk\u00e9m programu, kter\u00fd je k dispozici prost\u0159ednictv\u00edm aplikace ASSIST.<\/a><\/p>\n<h2>\n\t\t\tJste p\u0159ipraveni st\u00e1t se stipendisty ASSIST?\t<\/h2>\n\t<p>Studenti, kte\u0159\u00ed byli jmenov\u00e1ni ASSIST Scholars, se vyzna\u010duj\u00ed nad\u011bjn\u00fdmi studenty s potenci\u00e1lem, kte\u0159\u00ed maj\u00ed snahu prom\u011bnit tuto transforma\u010dn\u00ed p\u0159\u00edle\u017eitost v celo\u017eivotn\u00ed dopad. P\u0159ihl\u00e1sit se mohou studenti ze v\u0161ech zem\u00ed krom\u011b USA.\u00a0<\/p>\n\t<h3>Kdo by se m\u011bl p\u0159ihl\u00e1sit<\/h3>\n<ul>\n<li>\u017d\u00e1ci 9., 10. nebo 11. t\u0159\u00eddy (omezen\u00e9 mo\u017enosti jsou i pro 12. t\u0159\u00eddu a absolventy).<\/li>\n<li>Ti, kte\u0159\u00ed jsou schopni komunikovat zdatn\u011b v angli\u010dtin\u011b<\/li>\n<li>Vysoce \u00fasp\u011b\u0161n\u00ed studenti s dobr\u00fdmi studijn\u00edmi v\u00fdsledky<\/li>\n<li>Zapojen\u00ed a zv\u00eddav\u00ed \u010dlenov\u00e9 \u0161koln\u00ed komunity<\/li>\n<li>Ti, kte\u0159\u00ed se cht\u011bj\u00ed pod\u011blit o svou kulturu jako vyslanci sv\u00e9 zem\u011b a u\u010dit se v r\u00e1mci \u017eiv\u00e9ho a jedine\u010dn\u00e9ho americk\u00e9ho vzd\u011bl\u00e1v\u00e1n\u00ed.<\/li>\n<\/ul>\n\t\t\t<a href=\"\/cs\/stipendium\/pouzit\/\" target=\"_self\">\n\t\t\t\t\t\t\tJak se p\u0159ihl\u00e1sit\n\t\t\t\t\t<\/a>\n\t\t\t<a href=\"\/cs\/stipendium\/poskytovani-asistence\/\" target=\"_self\">\n\t\t\t\t\t\t\tPoplatky a v\u00fdhody\n\t\t\t\t\t<\/a>\n\t<iframe loading=\"lazy\" width=\"560\" height=\"470\" src=\"https:\/\/www.youtube.com\/embed\/h5a1UDZv3PE?si=VExuq0Ujx4d1wpWs\" title=\"P\u0159ehr\u00e1va\u010d vide\u00ed YouTube\" frameborder=\"0\" allow=\"accelerometer; autoplay; clipboard-write; encrypted-media; gyroscope; picture-in-picture; web-share\" referrerpolicy=\"strict-origin-when-cross-origin\" allowfullscreen><\/iframe>\n<h2>\n\t\t\tRozd\u00edl mezi \u0161kolami ASSIST\t<\/h2>\n\t<p>\u010clensk\u00e9 \u0161koly ASSIST nab\u00edzej\u00ed n\u00e1ro\u010dnou v\u00fduku, \u017eiv\u00e9 mimo\u0161koln\u00ed p\u0159\u00edle\u017eitosti a dynamick\u00fd \u017eivot v kampusu, kter\u00fd je navr\u017een tak, aby studenty p\u0159ipravil nejen na univerzitu, ale i na celo\u017eivotn\u00ed glob\u00e1ln\u00ed p\u016fsoben\u00ed. Ka\u017ed\u00e1 \u0161kola vytv\u00e1\u0159\u00ed prost\u0159ed\u00ed, ve kter\u00e9m se student\u016fm da\u0159\u00ed intelektu\u00e1ln\u011b, spole\u010densky i glob\u00e1ln\u011b.<\/p>\n\t<a href=\"\/cs\/skoly\/\" role=\"button\">\n  Zjist\u011bte v\u00edce o na\u0161ich \u0161kol\u00e1ch\n<\/a>\n<h2>\n\t\tZku\u0161enosti s programem ASSIST\n\t\tSpecializovan\u00fd t\u00fdm po cel\u00e9m sv\u011bt\u011b.\n\t\t\t\t<\/h2>\t\n\t<p>ASSIST poskytuje komplexn\u00ed slu\u017eby - od v\u00fdb\u011bru a um\u00edst\u011bn\u00ed a\u017e po p\u0159\u00edpravu a podporu. Rodiny, stipendist\u00e9 a \u0161koly d\u016fv\u011b\u0159uj\u00ed specializovan\u00e9mu celosv\u011btov\u00e9mu t\u00fdmu ASSIST, \u017ee pe\u010dliv\u011b zvl\u00e1dne detaily, p\u0159edv\u00edd\u00e1 probl\u00e9my a odborn\u011b p\u0159izp\u016fsob\u00ed stipendistu \u0161kole.<\/p>\n\t\t\t\t\t<a href=\"#\"  id=\"fl-accordion--label-0\" tabindex=\"0\" aria-controls=\"fl-accordion--panel-0\">V\u00fdb\u011br<\/a>\n\t\t\t\t\t\t\t\t\t\t\t<a href=\"#\" id=\"fl-accordion--icon-0\"  tabindex=\"0\"><i title=\"Rozbalit\">Rozbalit<\/i><\/a>\n\t\t\t\t\t<p>ASSIST se v\u011bnuje nad\u011bjn\u00fdm v\u011bdc\u016fm a ka\u017edoro\u010dn\u011b vyhodnocuje p\u0159ihl\u00e1\u0161ky z v\u00edce ne\u017e 30 zem\u00ed, aby na\u0161el budouc\u00ed l\u00eddry. Ti, kte\u0159\u00ed z\u00edskaj\u00ed stipendium ASSIST, se vyzna\u010duj\u00ed odhodl\u00e1n\u00edm, talentem a bez\u00fahonnost\u00ed.<\/p>\n<em>\u201cP\u0159ihl\u00e1sil jsem se, proto\u017ee jsem cht\u011bl b\u00fdt v\u016fdcem pro lep\u0161\u00ed z\u00edt\u0159ek. ASSIST mi otev\u0159el nespo\u010det p\u0159\u00edle\u017eitost\u00ed, kter\u00e9 byly d\u0159\u00edve nep\u0159edstaviteln\u00e9.\u201d<\/em> - Abdisamad A. \u201914\n\t\t\t\t\t<a href=\"#\"  id=\"fl-accordion--label-1\" tabindex=\"0\" aria-controls=\"fl-accordion--panel-1\">P\u0159\u00edprava<\/a>\n\t\t\t\t\t\t\t\t\t\t\t<a href=\"#\" id=\"fl-accordion--icon-1\"  tabindex=\"0\"><i title=\"Rozbalit\">Rozbalit<\/i><\/a>\n\t\t\t\t\t<p>Po p\u0159edb\u011b\u017en\u00e9 orientaci v domovsk\u00fdch zem\u00edch student\u016f se cel\u00e1 t\u0159\u00edda ASSIST setk\u00e1 na p\u011btidenn\u00edm setk\u00e1n\u00ed ASSIST Scholars Orientation. Spole\u010dn\u011b se u\u010d\u00ed, navazuj\u00ed kontakty a p\u0159ipravuj\u00ed se na nadch\u00e1zej\u00edc\u00ed rok.<\/p>\n<p>Studenti p\u0159ich\u00e1zej\u00ed na \u010dlensk\u00e9 \u0161koly p\u0159ipraveni a s osobn\u00edmi vazbami pot\u0159ebn\u00fdmi k tomu, aby se jim v nov\u00e9m prost\u0159ed\u00ed da\u0159ilo.<\/p>\n<em>\u201cSpole\u010dnost ASSIST profesion\u00e1ln\u011b organizuje cel\u00fd z\u00e1\u017eitek. P\u0159ipravuje d\u011bti i jejich rodi\u010de! Tato p\u0159\u00edprava prob\u00edh\u00e1 nejen p\u0159ed jejich rokem, ale po celou dobu.\u201d - Rodi\u010d z ASSIST<\/em>\n\t\t\t\t\t<a href=\"#\"  id=\"fl-accordion--label-2\" tabindex=\"0\" aria-controls=\"fl-accordion--panel-2\">P\u0159ipojen\u00ed<\/a>\n\t\t\t\t\t\t\t\t\t\t\t<a href=\"#\" id=\"fl-accordion--icon-2\"  tabindex=\"0\"><i title=\"Rozbalit\">Rozbalit<\/i><\/a>\n\t\t\t\t\t<p>ASSIST spojuje ka\u017ed\u00e9ho studenta a \u010dlenskou \u0161kolu na z\u00e1klad\u011b osobn\u00edho a \u00fapln\u00e9ho porozum\u011bn\u00ed jejich hodnot\u00e1m, z\u00e1jm\u016fm a c\u00edl\u016fm, aby ka\u017ed\u00fd na\u0161el akademick\u00e9 a komunitn\u00ed vazby, kter\u00e9 ho zm\u011bn\u00ed.<\/p>\nSama bych si d\u00edv\u010d\u00ed intern\u00e1tn\u00ed \u0161kolu nevybrala, ale te\u010f, kdy\u017e kon\u010d\u00edm ro\u010dn\u00edk ASSIST, to pro m\u011b byla perfektn\u00ed volba.\u201d - Absolventka ASSIST\n<h2>\n\t\t\tProzkoumejte glob\u00e1ln\u00ed dopad ASSIST\t<\/h2>\n\t\t<a href=\"https:\/\/www.assistscholars.org\/cs\/stipendium\/posudky\/\" target=\"_self\">\n\t\t\t\t\t\t\t\t\t\t\t<img decoding=\"async\" src=\"https:\/\/www.assistscholars.org\/wp-content\/uploads\/2025\/08\/elen1.jpg\" alt=\"studentka s baseballovou \u010depic\u00ed\"\/>\n\t\t\t\t\t\t<h3>\n\t\t\t\t\t\tHlasy student\u016f\t\t<\/h3>\n\t\t<\/a>\n\t\t<a href=\"https:\/\/www.assistscholars.org\/cs\/stipendium\/profily-absolventu\/\" target=\"_self\">\n\t\t\t\t\t\t\t\t\t\t\t<img decoding=\"async\" src=\"https:\/\/www.assistscholars.org\/wp-content\/uploads\/2024\/04\/Petra-Bakosova.jpg\" alt=\"Petra Bakosova b\u00edl\u00e1 \u017eena s blond vlasy v \u010dern\u00e9m topu a op\u00e1len\u00e9m svetru\"\/>\n\t\t\t\t\t\t<h3>\n\t\t\t\t\t\tProfily absolvent\u016f\t\t<\/h3>\n\t\t<\/a>","protected":false},"excerpt":{"rendered":"<p>Wyomingsk\u00fd semin\u00e1\u0159 V\u00edme, \u017ee tato zku\u0161enost m\u016f\u017ee v\u0161echno zm\u011bnit. Proto\u017ee na\u0161e \u010dlensk\u00e9 \u0161koly a d\u00e1rci jsou hluboce odd\u00e1ni na\u0161emu posl\u00e1n\u00ed, ka\u017ed\u00fd stipendista ASSIST obdr\u017e\u00ed stipendium na sv\u016fj rok v zahrani\u010d\u00ed. D\u00edky tomuto stipendiu z\u00edsk\u00e1 ka\u017ed\u00fd student p\u0159\u00edstup na p\u0159edn\u00ed severoamerickou soukromou st\u0159edn\u00ed \u0161kolu. Krom\u011b toho se stipendist\u00e9 stanou celo\u017eivotn\u00edmi \u010dleny ASSIST a vytvo\u0159\u00ed...<\/p>","protected":false},"author":2,"featured_media":0,"parent":0,"menu_order":2,"comment_status":"closed","ping_status":"open","template":"","meta":{"_acf_changed":false,"inline_featured_image":false,"_monsterinsights_skip_tracking":false,"_monsterinsights_sitenote_active":false,"_monsterinsights_sitenote_note":"","_monsterinsights_sitenote_category":0,"footnotes":""},"class_list":["post-27","page","type-page","status-publish","hentry"],"acf":[],"yoast_head":"<!-- This site is optimized with the Yoast SEO plugin v27.5 - https:\/\/yoast.com\/product\/yoast-seo-wordpress\/ -->\n<title>Scholarship Program | ASSIST Scholars<\/title>\n<meta name=\"description\" content=\"ASSIST awards two types of American private high school scholarships, and partners with more selective scholarships through our application.\" \/>\n<meta name=\"robots\" content=\"index, follow, max-snippet:-1, max-image-preview:large, max-video-preview:-1\" \/>\n<link rel=\"canonical\" href=\"https:\/\/www.assistscholars.org\/cs\/stipendium\/\" \/>\n<meta property=\"og:locale\" content=\"cs_CZ\" \/>\n<meta property=\"og:type\" content=\"article\" \/>\n<meta property=\"og:title\" content=\"Scholarship Program | ASSIST Scholars\" \/>\n<meta property=\"og:description\" content=\"ASSIST awards two types of American private high school scholarships, and partners with more selective scholarships through our application.\" \/>\n<meta property=\"og:url\" content=\"https:\/\/www.assistscholars.org\/cs\/stipendium\/\" \/>\n<meta property=\"og:site_name\" content=\"ASSIST Scholars\" \/>\n<meta property=\"article:publisher\" content=\"https:\/\/www.facebook.com\/ASSISTscholars\" \/>\n<meta property=\"article:modified_time\" content=\"2025-12-05T18:21:53+00:00\" \/>\n<meta property=\"og:image\" content=\"https:\/\/www.assistscholars.org\/wp-content\/uploads\/2024\/04\/peddie-schools-spirit.jpeg\" \/>\n<meta name=\"twitter:card\" content=\"summary_large_image\" \/>\n<meta name=\"twitter:label1\" content=\"Odhadovan\u00e1 doba \u010dten\u00ed\" \/>\n\t<meta name=\"twitter:data1\" content=\"11 minut\" \/>\n<script type=\"application\/ld+json\" class=\"yoast-schema-graph\">{\"@context\":\"https:\\\/\\\/schema.org\",\"@graph\":[{\"@type\":\"WebPage\",\"@id\":\"https:\\\/\\\/www.assistscholars.org\\\/en\\\/scholarship\\\/\",\"url\":\"https:\\\/\\\/www.assistscholars.org\\\/en\\\/scholarship\\\/\",\"name\":\"Scholarship Program | ASSIST Scholars\",\"isPartOf\":{\"@id\":\"https:\\\/\\\/www.assistscholars.org\\\/#website\"},\"primaryImageOfPage\":{\"@id\":\"https:\\\/\\\/www.assistscholars.org\\\/en\\\/scholarship\\\/#primaryimage\"},\"image\":{\"@id\":\"https:\\\/\\\/www.assistscholars.org\\\/en\\\/scholarship\\\/#primaryimage\"},\"thumbnailUrl\":\"https:\\\/\\\/www.assistscholars.org\\\/wp-content\\\/uploads\\\/2024\\\/04\\\/peddie-schools-spirit.jpeg\",\"datePublished\":\"2023-11-28T18:14:58+00:00\",\"dateModified\":\"2025-12-05T18:21:53+00:00\",\"description\":\"ASSIST awards two types of American private high school scholarships, and partners with more selective scholarships through our application.\",\"breadcrumb\":{\"@id\":\"https:\\\/\\\/www.assistscholars.org\\\/en\\\/scholarship\\\/#breadcrumb\"},\"inLanguage\":\"cs\",\"potentialAction\":[{\"@type\":\"ReadAction\",\"target\":[\"https:\\\/\\\/www.assistscholars.org\\\/en\\\/scholarship\\\/\"]}]},{\"@type\":\"ImageObject\",\"inLanguage\":\"cs\",\"@id\":\"https:\\\/\\\/www.assistscholars.org\\\/en\\\/scholarship\\\/#primaryimage\",\"url\":\"https:\\\/\\\/www.assistscholars.org\\\/wp-content\\\/uploads\\\/2024\\\/04\\\/peddie-schools-spirit.jpeg\",\"contentUrl\":\"https:\\\/\\\/www.assistscholars.org\\\/wp-content\\\/uploads\\\/2024\\\/04\\\/peddie-schools-spirit.jpeg\"},{\"@type\":\"BreadcrumbList\",\"@id\":\"https:\\\/\\\/www.assistscholars.org\\\/en\\\/scholarship\\\/#breadcrumb\",\"itemListElement\":[{\"@type\":\"ListItem\",\"position\":1,\"name\":\"Home\",\"item\":\"https:\\\/\\\/www.assistscholars.org\\\/\"},{\"@type\":\"ListItem\",\"position\":2,\"name\":\"Scholarship Program\"}]},{\"@type\":\"WebSite\",\"@id\":\"https:\\\/\\\/www.assistscholars.org\\\/#website\",\"url\":\"https:\\\/\\\/www.assistscholars.org\\\/\",\"name\":\"ASSIST Scholars\",\"description\":\"Connecting America&#039;s finest schools with the world&#039;s leading scholars\",\"publisher\":{\"@id\":\"https:\\\/\\\/www.assistscholars.org\\\/#organization\"},\"alternateName\":\"Connecting America's finest schools with the world's leading scholars\",\"potentialAction\":[{\"@type\":\"SearchAction\",\"target\":{\"@type\":\"EntryPoint\",\"urlTemplate\":\"https:\\\/\\\/www.assistscholars.org\\\/?s={search_term_string}\"},\"query-input\":{\"@type\":\"PropertyValueSpecification\",\"valueRequired\":true,\"valueName\":\"search_term_string\"}}],\"inLanguage\":\"cs\"},{\"@type\":\"Organization\",\"@id\":\"https:\\\/\\\/www.assistscholars.org\\\/#organization\",\"name\":\"ASSIST Scholars\",\"alternateName\":\"Connecting exceptional international students with leading private high schools in North America\",\"url\":\"https:\\\/\\\/www.assistscholars.org\\\/\",\"logo\":{\"@type\":\"ImageObject\",\"inLanguage\":\"cs\",\"@id\":\"https:\\\/\\\/www.assistscholars.org\\\/#\\\/schema\\\/logo\\\/image\\\/\",\"url\":\"https:\\\/\\\/www.assistscholars.org\\\/wp-content\\\/uploads\\\/2025\\\/09\\\/logo-stacked.svg\",\"contentUrl\":\"https:\\\/\\\/www.assistscholars.org\\\/wp-content\\\/uploads\\\/2025\\\/09\\\/logo-stacked.svg\",\"width\":768,\"height\":768,\"caption\":\"ASSIST Scholars\"},\"image\":{\"@id\":\"https:\\\/\\\/www.assistscholars.org\\\/#\\\/schema\\\/logo\\\/image\\\/\"},\"sameAs\":[\"https:\\\/\\\/www.facebook.com\\\/ASSISTscholars\",\"https:\\\/\\\/www.instagram.com\\\/assistscholars\"]}]}<\/script>\n<!-- \/ Yoast SEO plugin. -->","yoast_head_json":{"title":"Stipendijn\u00ed program | ASSIST Scholars","description":"ASSIST ud\u011bluje dva typy stipendi\u00ed pro americk\u00e9 soukrom\u00e9 st\u0159edn\u00ed \u0161koly a prost\u0159ednictv\u00edm na\u0161\u00ed aplikace spolupracuje s dal\u0161\u00edmi v\u00fdb\u011brov\u00fdmi stipendii.","robots":{"index":"index","follow":"follow","max-snippet":"max-snippet:-1","max-image-preview":"max-image-preview:large","max-video-preview":"max-video-preview:-1"},"canonical":"https:\/\/www.assistscholars.org\/cs\/stipendium\/","og_locale":"cs_CZ","og_type":"article","og_title":"Scholarship Program | ASSIST Scholars","og_description":"ASSIST awards two types of American private high school scholarships, and partners with more selective scholarships through our application.","og_url":"https:\/\/www.assistscholars.org\/cs\/stipendium\/","og_site_name":"ASSIST Scholars","article_publisher":"https:\/\/www.facebook.com\/ASSISTscholars","article_modified_time":"2025-12-05T18:21:53+00:00","og_image":[{"url":"https:\/\/www.assistscholars.org\/wp-content\/uploads\/2024\/04\/peddie-schools-spirit.jpeg","type":"","width":"","height":""}],"twitter_card":"summary_large_image","twitter_misc":{"Odhadovan\u00e1 doba \u010dten\u00ed":"11 minut"},"schema":{"@context":"https:\/\/schema.org","@graph":[{"@type":"WebPage","@id":"https:\/\/www.assistscholars.org\/en\/scholarship\/","url":"https:\/\/www.assistscholars.org\/en\/scholarship\/","name":"Stipendijn\u00ed program | ASSIST Scholars","isPartOf":{"@id":"https:\/\/www.assistscholars.org\/#website"},"primaryImageOfPage":{"@id":"https:\/\/www.assistscholars.org\/en\/scholarship\/#primaryimage"},"image":{"@id":"https:\/\/www.assistscholars.org\/en\/scholarship\/#primaryimage"},"thumbnailUrl":"https:\/\/www.assistscholars.org\/wp-content\/uploads\/2024\/04\/peddie-schools-spirit.jpeg","datePublished":"2023-11-28T18:14:58+00:00","dateModified":"2025-12-05T18:21:53+00:00","description":"ASSIST ud\u011bluje dva typy stipendi\u00ed pro americk\u00e9 soukrom\u00e9 st\u0159edn\u00ed \u0161koly a prost\u0159ednictv\u00edm na\u0161\u00ed aplikace spolupracuje s dal\u0161\u00edmi v\u00fdb\u011brov\u00fdmi stipendii.","breadcrumb":{"@id":"https:\/\/www.assistscholars.org\/en\/scholarship\/#breadcrumb"},"inLanguage":"cs","potentialAction":[{"@type":"ReadAction","target":["https:\/\/www.assistscholars.org\/en\/scholarship\/"]}]},{"@type":"ImageObject","inLanguage":"cs","@id":"https:\/\/www.assistscholars.org\/en\/scholarship\/#primaryimage","url":"https:\/\/www.assistscholars.org\/wp-content\/uploads\/2024\/04\/peddie-schools-spirit.jpeg","contentUrl":"https:\/\/www.assistscholars.org\/wp-content\/uploads\/2024\/04\/peddie-schools-spirit.jpeg"},{"@type":"BreadcrumbList","@id":"https:\/\/www.assistscholars.org\/en\/scholarship\/#breadcrumb","itemListElement":[{"@type":"ListItem","position":1,"name":"Home","item":"https:\/\/www.assistscholars.org\/"},{"@type":"ListItem","position":2,"name":"Scholarship Program"}]},{"@type":"WebSite","@id":"https:\/\/www.assistscholars.org\/#website","url":"https:\/\/www.assistscholars.org\/","name":"Stipendist\u00e9 ASSIST","description":"Spojen\u00ed nejlep\u0161\u00edch americk\u00fdch \u0161kol s p\u0159edn\u00edmi sv\u011btov\u00fdmi v\u011bdci","publisher":{"@id":"https:\/\/www.assistscholars.org\/#organization"},"alternateName":"Connecting America's finest schools with the world's leading scholars","potentialAction":[{"@type":"SearchAction","target":{"@type":"EntryPoint","urlTemplate":"https:\/\/www.assistscholars.org\/?s={search_term_string}"},"query-input":{"@type":"PropertyValueSpecification","valueRequired":true,"valueName":"search_term_string"}}],"inLanguage":"cs"},{"@type":"Organization","@id":"https:\/\/www.assistscholars.org\/#organization","name":"Stipendist\u00e9 ASSIST","alternateName":"Connecting exceptional international students with leading private high schools in North America","url":"https:\/\/www.assistscholars.org\/","logo":{"@type":"ImageObject","inLanguage":"cs","@id":"https:\/\/www.assistscholars.org\/#\/schema\/logo\/image\/","url":"https:\/\/www.assistscholars.org\/wp-content\/uploads\/2025\/09\/logo-stacked.svg","contentUrl":"https:\/\/www.assistscholars.org\/wp-content\/uploads\/2025\/09\/logo-stacked.svg","width":768,"height":768,"caption":"ASSIST Scholars"},"image":{"@id":"https:\/\/www.assistscholars.org\/#\/schema\/logo\/image\/"},"sameAs":["https:\/\/www.facebook.com\/ASSISTscholars","https:\/\/www.instagram.com\/assistscholars"]}]}},"_links":{"self":[{"href":"https:\/\/www.assistscholars.org\/cs\/wp-json\/wp\/v2\/pages\/27","targetHints":{"allow":["GET"]}}],"collection":[{"href":"https:\/\/www.assistscholars.org\/cs\/wp-json\/wp\/v2\/pages"}],"about":[{"href":"https:\/\/www.assistscholars.org\/cs\/wp-json\/wp\/v2\/types\/page"}],"author":[{"embeddable":true,"href":"https:\/\/www.assistscholars.org\/cs\/wp-json\/wp\/v2\/users\/2"}],"replies":[{"embeddable":true,"href":"https:\/\/www.assistscholars.org\/cs\/wp-json\/wp\/v2\/comments?post=27"}],"version-history":[{"count":0,"href":"https:\/\/www.assistscholars.org\/cs\/wp-json\/wp\/v2\/pages\/27\/revisions"}],"wp:attachment":[{"href":"https:\/\/www.assistscholars.org\/cs\/wp-json\/wp\/v2\/media?parent=27"}],"curies":[{"name":"wp","href":"https:\/\/api.w.org\/{rel}","templated":true}]}}