{"id":22,"date":"2023-11-28T18:14:58","date_gmt":"2023-11-28T18:14:58","guid":{"rendered":"https:\/\/assistscholars.wpenginepowered.com\/?page_id=22"},"modified":"2025-11-14T11:11:12","modified_gmt":"2025-11-14T16:11:12","slug":"om","status":"publish","type":"page","link":"https:\/\/www.assistscholars.org\/da\/about\/","title":{"rendered":"Om ASSIST-stipendiater"},"content":{"rendered":"<span><span><a href=\"https:\/\/www.assistscholars.org\/da\/\">Hjem<\/a><\/span><\/span>\n<h2>\n\t\t\tASSIST forvandler ekspertise til muligheder og muligheder til indflydelse.\t<\/h2>\n\t<p>ASSIST forbinder enest\u00e5ende internationale studerende med f\u00f8rende private gymnasier i Nordamerika og giver en transformerende oplevelse gennem et\u00e5rige stipendier.\u00a0<\/p>\n<p>Som missionstilpassede matchmakere forbinder vi skoler med elever, der \u00e6ndrer samtalen i deres klassev\u00e6relser og g\u00f8r denne mulighed til en livslang p\u00e5virkning. Sammen opbygger ASSIST Scholars, medlemsskoler og st\u00f8tter et globalt netv\u00e6rk af fremtidige ledere, der er engageret i at skabe en mere fredelig, produktiv og h\u00e5befuld verden.<\/p>\n\t<a href=\"https:\/\/www.assistscholars.org\/da\/effektrapport\/\" role=\"button\">\n  L\u00e6s vores effektrapport\n<\/a>\n<h2>\n\t\tHvad vi g\u00f8r\n\t\tASSIST er kendt for\n\t\t\t\t<\/h2>\t\n<h2>\n\t\t\tVores mission\t<\/h2>\n\t<p>ASSIST skaber livsforandrende muligheder for fremragende internationale stipendiater til at l\u00e6re af og bidrage til de bedste amerikanske uafh\u00e6ngige gymnasier.<\/p>\n<h2>\n\t\t\tVores vision\t<\/h2>\n\t<p>At skabe et verdensomsp\u00e6ndende netv\u00e6rk af fremtidige ledere, der er dedikeret til troen p\u00e5, at tolerance og tv\u00e6rkulturel forst\u00e5else er grundlaget for at skabe en mere fredelig verden.<\/p>\n\t<a href=\"https:\/\/www.assistscholars.org\/da\/skoler\/\" role=\"button\">\n  Oplev vores medlemsskoler\n<\/a>\n<h2>\n\t\t\tVores historie\t<\/h2>\n\t<p>Historien om ASSIST er ikke kun pr\u00e6get af vores enest\u00e5ende forskere og skoler, men ogs\u00e5 af vores vision\u00e6re ledere.<\/p>\n\t\t\t\t\t\t\t\t\t\t\t\t\t\t\t\t\t\t\t<p>1969<\/p>\n\t\t\t\t\t\t\t\t\t\t\t\t\t\t\t\t\t\t\t\t\t\t\t\t\t\t\t\t\t\t\t\t\t\t\t\t\t\t\t\t\t\t\t\t\t\t\t\t\t\t\t\t\t\t\t\t\t\t\t\t\t\t\t\t\t<p>Med en klasse p\u00e5 13 elever fra Tyskland startede Paul G. \u201cSandy\u201d Sanderson, Jr. det banebrydende uddannelses- og kulturudvekslingsprogram, som skulle forandre det amerikanske privatskolesamfund.<\/p> \t\t\t\t\t\t\t\t\t\t\t\t\t\t\t\t\t\t\t\t\t\t\t\t\t\t\t\t\t\n\t\t\t\t\t\t\t\t1969\n\t\t\t\t\t\t\t\t\t\t\t\t\t\t\t\t\t\t\t<p>1986<\/p>\n\t\t\t\t\t\t\t\t\t\t\t\t\t\t\t\t\t\t\t\t\t\t\t\t\t\t\t\t\t\t\t\t\t\t\t\t\t\t\t\t\t\t\t\t\t\t\t\t\t\t\t\t\t\t\t\t\t\t\t\t\t\t\t\t\t<p>Da Sandy d\u00f8de, blev hans arv lagt i h\u00e6nderne p\u00e5 Michelle Stolkien, som fungerede som ASSISTs fungerende administrerende direkt\u00f8r, mens bestyrelsen arbejdede p\u00e5 at finde en passioneret og villig formand til at udfylde Sandys sko.<\/p> \t\t\t\t\t\t\t\t\t\t\t\t\t\t\t\t\t\t\t\t\t\t\t\t\t\t\t\t\t\n\t\t\t\t\t\t\t\t1986\n\t\t\t\t\t\t\t\t\t\t\t\t\t\t\t\t\t\t\t<p>1987<\/p>\n\t\t\t\t\t\t\t\t\t\t\t\t\t\t\t\t\t\t\t\t\t\t\t\t\t\t\t\t\t\t\t\t\t\t\t\t\t\t\t\t\t\t\t\t\t\t\t\t\t\t\t\t\t\t\t\t\t\t\t\t\t\t\t\t\t<p>Ken og Betsy Lindfors, Sandys venner og aktive medlemmer af friskolesamfundet, blev de nye permanente ledere af ASSIST. I l\u00f8bet af de n\u00e6ste 13 \u00e5r var de medvirkende til at udvikle ASSIST til den organisation, den er i dag.<\/p> \t\t\t\t\t\t\t\t\t\t\t\t\t\t\t\t\t\t\t\t\t\t\t\t\t\t\t\t\t\n\t\t\t\t\t\t\t\t1987\n\t\t\t\t\t\t\t\t\t\t\t\t\t\t\t\t\t\t\t<p>2000<\/p>\n\t\t\t\t\t\t\t\t\t\t\t\t\t\t\t\t\t\t\t\t\t\t\t\t\t\t\t\t\t\t\t\t\t\t\t\t\t\t\t\t\t\t\t\t\t\t\t\t\t\t\t\t\t\t\t\t\t\t\t\t\t\t\t\t\t<p>Da Ken og Betsy gik p\u00e5 pension, blev Robert og Anne Stanley det tredje ledelsesteam i ASSISTs lange historie. Martin Milne sluttede sig til dem som vicepr\u00e6sident for skole- og familierelationer i 2009. Under deres ledelse er ASSIST fortsat med at ekspandere og byde elever fra nye lande velkommen i ASSIST-f\u00e6llesskabet.<\/p>\n\t\t\t\t\t\t\t\t2000\n\t\t\t\t\t\t\t\t\t\t\t\t\t\t\t\t\t\t\t<p>2020<\/p>\n\t\t\t\t\t\t\t\t\t\t\t\t\t\t\t\t\t\t\t\t\t\t\t\t\t\t\t\t\t\t\t\t\t\t\t\t\t\t\t\t\t\t\t\t\t\t\t\t\t\t\t\t\t\t\t\t\t\t\t\t\t\t\t\t\t<p>Efter Bob Stanleys d\u00f8d i april 2020 fungerede Martin Milne som fungerende pr\u00e6sident, indtil han blev formelt udn\u00e6vnt af bestyrelsen som den fjerde pr\u00e6sident for ASSIST i november 2020.<\/p>\n\t\t\t\t\t\t\t\t2020\n\t\t\t\t\t\t\t\t\t\t\t\t\t\t\t\t\t\t\t<p>I dag<\/p>\n\t\t\t\t\t\t\t\t\t\t\t\t\t\t\t\t\t\t\t\t\t\t\t\t\t\t\t\t\t\t\t\t\t\t\t\t\t\t\t\t\t\t\t\t\t\t\t\t\t\t\t\t\t\t\t\t\t\t\t\t\t\t\t\t\t<p>I dag er over 6.300 studerende fra 61 lande blevet ASSIST Scholars, og de udg\u00f8r vores levende og engagerede globale netv\u00e6rk af aktive alumner.<\/p> \t\t\t\t\t\t\t\t\t\t\t\t\t\t\t\t\t\t\t\t\t\t\t\t\t\t\t\t\t\n\t\t\t\t\t\t\t\tI dag\n\t\t<h3>\n\t\t\tDetaljerne\t<\/h3>\n\t<p>ASSIST er en 501(c)(3) nonprofit-organisation med skattefri status, der er stiftet i staten Connecticut, USA. Vi er udpeget af det amerikanske udenrigsministerium som et autoriseret Exchange Visitor Program. ASSIST er i stand til at lette udstedelsen af J-1-visum, hvorunder nogle af vores Scholars studerer i USA i et akademisk \u00e5r p\u00e5 Exchange Visitor-status.<\/p>\n<p>ASSIST diskriminerer ikke og tolererer heller ikke chikane p\u00e5 baggrund af k\u00f8n, race, farve, religion, national eller etnisk oprindelse, handicap, alder, seksuel orientering eller p\u00e5 noget andet grundlag, der er forbudt i henhold til g\u00e6ldende politikker eller love.<\/p>","protected":false},"excerpt":{"rendered":"<p>ASSIST forvandler ekspertise til muligheder og muligheder til indflydelse. ASSIST forbinder enest\u00e5ende internationale studerende med f\u00f8rende private gymnasier i Nordamerika og giver en transformerende oplevelse gennem et\u00e5rige stipendier.  Som missionsorienterede matchmakere forbinder vi skoler med elever, der \u00e6ndrer samtalen i deres klassev\u00e6relser og forvandler denne mulighed til et liv med indflydelse. Sammen kan ASSIST...<\/p>","protected":false},"author":2,"featured_media":1115,"parent":0,"menu_order":1,"comment_status":"closed","ping_status":"closed","template":"","meta":{"_acf_changed":false,"inline_featured_image":false,"_monsterinsights_skip_tracking":false,"_monsterinsights_sitenote_active":false,"_monsterinsights_sitenote_note":"","_monsterinsights_sitenote_category":0,"footnotes":""},"class_list":["post-22","page","type-page","status-publish","has-post-thumbnail","hentry"],"acf":[],"yoast_head":"<!-- This site is optimized with the Yoast SEO plugin v27.4 - https:\/\/yoast.com\/product\/yoast-seo-wordpress\/ -->\n<title>About ASSIST Scholars | ASSIST Scholars<\/title>\n<meta name=\"description\" content=\"ASSIST is a non-profit international scholarship organization.\" \/>\n<meta name=\"robots\" content=\"index, follow, max-snippet:-1, max-image-preview:large, max-video-preview:-1\" \/>\n<link rel=\"canonical\" href=\"https:\/\/www.assistscholars.org\/da\/om\/\" \/>\n<meta property=\"og:locale\" content=\"da_DK\" \/>\n<meta property=\"og:type\" content=\"article\" \/>\n<meta property=\"og:title\" content=\"About ASSIST Scholars | ASSIST Scholars\" \/>\n<meta property=\"og:description\" content=\"ASSIST is a non-profit international scholarship organization.\" \/>\n<meta property=\"og:url\" content=\"https:\/\/www.assistscholars.org\/da\/om\/\" \/>\n<meta property=\"og:site_name\" content=\"ASSIST Scholars\" \/>\n<meta property=\"article:publisher\" content=\"https:\/\/www.facebook.com\/ASSISTscholars\" \/>\n<meta property=\"article:modified_time\" content=\"2025-11-14T16:11:12+00:00\" \/>\n<meta property=\"og:image\" content=\"https:\/\/www.assistscholars.org\/wp-content\/uploads\/2024\/02\/AboutAssist.jpg\" \/>\n\t<meta property=\"og:image:width\" content=\"1440\" \/>\n\t<meta property=\"og:image:height\" content=\"562\" \/>\n\t<meta property=\"og:image:type\" content=\"image\/jpeg\" \/>\n<meta name=\"twitter:card\" content=\"summary_large_image\" \/>\n<meta name=\"twitter:label1\" content=\"Est. reading time\" \/>\n\t<meta name=\"twitter:data1\" content=\"6 minutter\" \/>\n<script type=\"application\/ld+json\" class=\"yoast-schema-graph\">{\"@context\":\"https:\\\/\\\/schema.org\",\"@graph\":[{\"@type\":\"WebPage\",\"@id\":\"https:\\\/\\\/www.assistscholars.org\\\/en\\\/about\\\/\",\"url\":\"https:\\\/\\\/www.assistscholars.org\\\/en\\\/about\\\/\",\"name\":\"About ASSIST Scholars | ASSIST Scholars\",\"isPartOf\":{\"@id\":\"https:\\\/\\\/www.assistscholars.org\\\/#website\"},\"primaryImageOfPage\":{\"@id\":\"https:\\\/\\\/www.assistscholars.org\\\/en\\\/about\\\/#primaryimage\"},\"image\":{\"@id\":\"https:\\\/\\\/www.assistscholars.org\\\/en\\\/about\\\/#primaryimage\"},\"thumbnailUrl\":\"https:\\\/\\\/www.assistscholars.org\\\/wp-content\\\/uploads\\\/2024\\\/02\\\/AboutAssist.jpg\",\"datePublished\":\"2023-11-28T18:14:58+00:00\",\"dateModified\":\"2025-11-14T16:11:12+00:00\",\"description\":\"ASSIST is a non-profit international scholarship organization.\",\"breadcrumb\":{\"@id\":\"https:\\\/\\\/www.assistscholars.org\\\/en\\\/about\\\/#breadcrumb\"},\"inLanguage\":\"da-DK\",\"potentialAction\":[{\"@type\":\"ReadAction\",\"target\":[\"https:\\\/\\\/www.assistscholars.org\\\/en\\\/about\\\/\"]}]},{\"@type\":\"ImageObject\",\"inLanguage\":\"da-DK\",\"@id\":\"https:\\\/\\\/www.assistscholars.org\\\/en\\\/about\\\/#primaryimage\",\"url\":\"https:\\\/\\\/www.assistscholars.org\\\/wp-content\\\/uploads\\\/2024\\\/02\\\/AboutAssist.jpg\",\"contentUrl\":\"https:\\\/\\\/www.assistscholars.org\\\/wp-content\\\/uploads\\\/2024\\\/02\\\/AboutAssist.jpg\",\"width\":1440,\"height\":562,\"caption\":\"ASSIST Scholars students at orientation in US\"},{\"@type\":\"BreadcrumbList\",\"@id\":\"https:\\\/\\\/www.assistscholars.org\\\/en\\\/about\\\/#breadcrumb\",\"itemListElement\":[{\"@type\":\"ListItem\",\"position\":1,\"name\":\"Home\",\"item\":\"https:\\\/\\\/www.assistscholars.org\\\/\"},{\"@type\":\"ListItem\",\"position\":2,\"name\":\"About ASSIST Scholars\"}]},{\"@type\":\"WebSite\",\"@id\":\"https:\\\/\\\/www.assistscholars.org\\\/#website\",\"url\":\"https:\\\/\\\/www.assistscholars.org\\\/\",\"name\":\"ASSIST Scholars\",\"description\":\"Connecting America&#039;s finest schools with the world&#039;s leading scholars\",\"publisher\":{\"@id\":\"https:\\\/\\\/www.assistscholars.org\\\/#organization\"},\"alternateName\":\"Connecting America's finest schools with the world's leading scholars\",\"potentialAction\":[{\"@type\":\"SearchAction\",\"target\":{\"@type\":\"EntryPoint\",\"urlTemplate\":\"https:\\\/\\\/www.assistscholars.org\\\/?s={search_term_string}\"},\"query-input\":{\"@type\":\"PropertyValueSpecification\",\"valueRequired\":true,\"valueName\":\"search_term_string\"}}],\"inLanguage\":\"da-DK\"},{\"@type\":\"Organization\",\"@id\":\"https:\\\/\\\/www.assistscholars.org\\\/#organization\",\"name\":\"ASSIST Scholars\",\"alternateName\":\"Connecting exceptional international students with leading private high schools in North America\",\"url\":\"https:\\\/\\\/www.assistscholars.org\\\/\",\"logo\":{\"@type\":\"ImageObject\",\"inLanguage\":\"da-DK\",\"@id\":\"https:\\\/\\\/www.assistscholars.org\\\/#\\\/schema\\\/logo\\\/image\\\/\",\"url\":\"https:\\\/\\\/www.assistscholars.org\\\/wp-content\\\/uploads\\\/2025\\\/09\\\/logo-stacked.svg\",\"contentUrl\":\"https:\\\/\\\/www.assistscholars.org\\\/wp-content\\\/uploads\\\/2025\\\/09\\\/logo-stacked.svg\",\"width\":768,\"height\":768,\"caption\":\"ASSIST Scholars\"},\"image\":{\"@id\":\"https:\\\/\\\/www.assistscholars.org\\\/#\\\/schema\\\/logo\\\/image\\\/\"},\"sameAs\":[\"https:\\\/\\\/www.facebook.com\\\/ASSISTscholars\",\"https:\\\/\\\/www.instagram.com\\\/assistscholars\"]}]}<\/script>\n<!-- \/ Yoast SEO plugin. -->","yoast_head_json":{"title":"Om ASSIST Scholars | ASSIST Scholars","description":"ASSIST er en non-profit international stipendieorganisation.","robots":{"index":"index","follow":"follow","max-snippet":"max-snippet:-1","max-image-preview":"max-image-preview:large","max-video-preview":"max-video-preview:-1"},"canonical":"https:\/\/www.assistscholars.org\/da\/om\/","og_locale":"da_DK","og_type":"article","og_title":"About ASSIST Scholars | ASSIST Scholars","og_description":"ASSIST is a non-profit international scholarship organization.","og_url":"https:\/\/www.assistscholars.org\/da\/om\/","og_site_name":"ASSIST Scholars","article_publisher":"https:\/\/www.facebook.com\/ASSISTscholars","article_modified_time":"2025-11-14T16:11:12+00:00","og_image":[{"width":1440,"height":562,"url":"https:\/\/www.assistscholars.org\/wp-content\/uploads\/2024\/02\/AboutAssist.jpg","type":"image\/jpeg"}],"twitter_card":"summary_large_image","twitter_misc":{"Est. reading time":"6 minutter"},"schema":{"@context":"https:\/\/schema.org","@graph":[{"@type":"WebPage","@id":"https:\/\/www.assistscholars.org\/en\/about\/","url":"https:\/\/www.assistscholars.org\/en\/about\/","name":"Om ASSIST Scholars | ASSIST Scholars","isPartOf":{"@id":"https:\/\/www.assistscholars.org\/#website"},"primaryImageOfPage":{"@id":"https:\/\/www.assistscholars.org\/en\/about\/#primaryimage"},"image":{"@id":"https:\/\/www.assistscholars.org\/en\/about\/#primaryimage"},"thumbnailUrl":"https:\/\/www.assistscholars.org\/wp-content\/uploads\/2024\/02\/AboutAssist.jpg","datePublished":"2023-11-28T18:14:58+00:00","dateModified":"2025-11-14T16:11:12+00:00","description":"ASSIST er en non-profit international stipendieorganisation.","breadcrumb":{"@id":"https:\/\/www.assistscholars.org\/en\/about\/#breadcrumb"},"inLanguage":"da-DK","potentialAction":[{"@type":"ReadAction","target":["https:\/\/www.assistscholars.org\/en\/about\/"]}]},{"@type":"ImageObject","inLanguage":"da-DK","@id":"https:\/\/www.assistscholars.org\/en\/about\/#primaryimage","url":"https:\/\/www.assistscholars.org\/wp-content\/uploads\/2024\/02\/AboutAssist.jpg","contentUrl":"https:\/\/www.assistscholars.org\/wp-content\/uploads\/2024\/02\/AboutAssist.jpg","width":1440,"height":562,"caption":"ASSIST Scholars students at orientation in US"},{"@type":"BreadcrumbList","@id":"https:\/\/www.assistscholars.org\/en\/about\/#breadcrumb","itemListElement":[{"@type":"ListItem","position":1,"name":"Home","item":"https:\/\/www.assistscholars.org\/"},{"@type":"ListItem","position":2,"name":"About ASSIST Scholars"}]},{"@type":"WebSite","@id":"https:\/\/www.assistscholars.org\/#website","url":"https:\/\/www.assistscholars.org\/","name":"ASSIST-stipendiater","description":"Forbinder USA's bedste skoler med verdens f\u00f8rende forskere","publisher":{"@id":"https:\/\/www.assistscholars.org\/#organization"},"alternateName":"Connecting America's finest schools with the world's leading scholars","potentialAction":[{"@type":"SearchAction","target":{"@type":"EntryPoint","urlTemplate":"https:\/\/www.assistscholars.org\/?s={search_term_string}"},"query-input":{"@type":"PropertyValueSpecification","valueRequired":true,"valueName":"search_term_string"}}],"inLanguage":"da-DK"},{"@type":"Organization","@id":"https:\/\/www.assistscholars.org\/#organization","name":"ASSIST-stipendiater","alternateName":"Connecting exceptional international students with leading private high schools in North America","url":"https:\/\/www.assistscholars.org\/","logo":{"@type":"ImageObject","inLanguage":"da-DK","@id":"https:\/\/www.assistscholars.org\/#\/schema\/logo\/image\/","url":"https:\/\/www.assistscholars.org\/wp-content\/uploads\/2025\/09\/logo-stacked.svg","contentUrl":"https:\/\/www.assistscholars.org\/wp-content\/uploads\/2025\/09\/logo-stacked.svg","width":768,"height":768,"caption":"ASSIST Scholars"},"image":{"@id":"https:\/\/www.assistscholars.org\/#\/schema\/logo\/image\/"},"sameAs":["https:\/\/www.facebook.com\/ASSISTscholars","https:\/\/www.instagram.com\/assistscholars"]}]}},"_links":{"self":[{"href":"https:\/\/www.assistscholars.org\/da\/wp-json\/wp\/v2\/pages\/22","targetHints":{"allow":["GET"]}}],"collection":[{"href":"https:\/\/www.assistscholars.org\/da\/wp-json\/wp\/v2\/pages"}],"about":[{"href":"https:\/\/www.assistscholars.org\/da\/wp-json\/wp\/v2\/types\/page"}],"author":[{"embeddable":true,"href":"https:\/\/www.assistscholars.org\/da\/wp-json\/wp\/v2\/users\/2"}],"replies":[{"embeddable":true,"href":"https:\/\/www.assistscholars.org\/da\/wp-json\/wp\/v2\/comments?post=22"}],"version-history":[{"count":0,"href":"https:\/\/www.assistscholars.org\/da\/wp-json\/wp\/v2\/pages\/22\/revisions"}],"wp:featuredmedia":[{"embeddable":true,"href":"https:\/\/www.assistscholars.org\/da\/wp-json\/wp\/v2\/media\/1115"}],"wp:attachment":[{"href":"https:\/\/www.assistscholars.org\/da\/wp-json\/wp\/v2\/media?parent=22"}],"curies":[{"name":"wp","href":"https:\/\/api.w.org\/{rel}","templated":true}]}}