{"id":26,"date":"2023-11-28T18:14:58","date_gmt":"2023-11-28T18:14:58","guid":{"rendered":"https:\/\/assistscholars.wpenginepowered.com\/?page_id=26"},"modified":"2025-07-17T11:03:43","modified_gmt":"2025-07-17T15:03:43","slug":"kontakt","status":"publish","type":"page","link":"https:\/\/www.assistscholars.org\/da\/contact\/","title":{"rendered":"Kontakt"},"content":{"rendered":"<span><span><a href=\"https:\/\/www.assistscholars.org\/da\/\">Hjem<\/a><\/span><\/span>\n\n<h2>\n\t\t\tForesp\u00f8rgsler om stipendier\t<\/h2>\n\t<p>Er du en kandidat, der er klar til at begynde?<\/p>\n\t\t\t<a href=\"https:\/\/assistscholars.fsenrollment.com\/portal\/new_inquiry\" target=\"_blank\" rel=\"noopener nofollow\">\n\t\t\t\t\t\t\tForh\u00f8r dig hos os her\n\t\t\t<\/a>\n<h2>\n\t\t\tPersonaleoversigt\t<\/h2>\n\t<p>Kender du navnet p\u00e5 den medarbejder, du vil kontakte? Bes\u00f8g vores personalekatalog:<\/p>\n\t\t\t<a href=\"\/da\/personale\/\" target=\"_blank\" rel=\"noopener nofollow\">\n\t\t\t\t\t\t\tPersonaleoversigt\n\t\t\t<\/a>\n\t<h3>For kandidater<\/h3>\n\t\t\t<a href=\"https:\/\/myassistconnect.org\/\" target=\"_blank\" rel=\"noopener nofollow\">\n\t\t\t\t\t\t\tForesp\u00f8rg\n\t\t\t<\/a>\n\t<p><a href=\"https:\/\/www.assistscholars.org\/da\/stipendium\/steder\/\">Kontakt dit lands programkoordinator<\/a> der kan hj\u00e6lpe med:<\/p>\n<ul>\n<li>Datoer for informationsm\u00f8der og tilmelding<\/li>\n<li>Sp\u00f8rgsm\u00e5l til ans\u00f8gning og ans\u00f8gningstjekliste<\/li>\n<li>Sp\u00f8rgsm\u00e5l til ans\u00f8gningsportalen<\/li>\n<li>Sp\u00f8rgsm\u00e5l til interview<\/li>\n<li>Duolingo sp\u00f8rgsm\u00e5l<\/li>\n<\/ul>\n\t<h3>For skoler<\/h3>\n\t<p><strong>BILL MENA<\/strong><\/p>\n<p>Direkt\u00f8r for skolerelationer<\/p>\n<p><a href=\"mailto:william@assistscholars.org\">william@assistscholars.org<\/a><\/p>\n\t<h3>For v\u00e6rtsfamilier<\/h3>\n\t<p><strong>BILL MENA<\/strong><\/p>\n<p>Direkt\u00f8r for skolerelationer<\/p>\n<p><a href=\"mailto:william@assistscholars.org\">william@assistscholars.org<\/a><\/p>\n\t<h3>For indskrevne studerende<\/h3>\n\t<p><a href=\"https:\/\/www.assistscholars.org\/da\/stipendium\/steder\/\">Kontakt dit lands programkoordinator<\/a> der kan hj\u00e6lpe med:<\/p>\n<ul>\n<li>Sp\u00f8rgsm\u00e5l til orientering<\/li>\n<li>Sp\u00f8rgsm\u00e5l til indskrivningstjeklisten<\/li>\n<li>Sp\u00f8rgsm\u00e5l om visum<\/li>\n<li>Sp\u00f8rgsm\u00e5l om rejser<\/li>\n<\/ul>\n\t<h3>For donorer og alumner<\/h3>\n\t<p><strong>LAURA ZIOMEK<\/strong><\/p>\n<p>Udviklings- og orienteringschef.<\/p>\n<p><a href=\"mailto:laura@assistscholars.org\">laura@assistscholars.org<\/a><\/p>\n\t\t\t<a href=\"https:\/\/myassistconnect.org\/\" target=\"_blank\" rel=\"noopener nofollow\">\n\t\t\t\t\t\t\tG\u00e5 til ASSISTs alumneportal\n\t\t\t<\/a>\n<h2>\n\t\t\tAlle andre sp\u00f8rgsm\u00e5l\t<\/h2>\n\t<p><a href=\"mailto:assist@assistscholars.org\">assist@assistscholars.org<\/a><\/p>\n<p>+1 860-668-5706<\/p>","protected":false},"excerpt":{"rendered":"<p>Stipendieforesp\u00f8rgsler Er du en kandidat, der er klar til at begynde? Forh\u00f8r dig hos os her Personaleoversigt Kender du navnet p\u00e5 den medarbejder, du vil kontakte? Bes\u00f8g vores personaleoversigt: Personaleoversigt For kandidater Kontakt dit lands programkoordinator, som kan hj\u00e6lpe med: Datoer for informationssessioner og tilmelding Ans\u00f8gning og...<\/p>","protected":false},"author":2,"featured_media":0,"parent":0,"menu_order":8,"comment_status":"closed","ping_status":"open","template":"","meta":{"_acf_changed":false,"inline_featured_image":false,"_monsterinsights_skip_tracking":false,"_monsterinsights_sitenote_active":false,"_monsterinsights_sitenote_note":"","_monsterinsights_sitenote_category":0,"footnotes":""},"class_list":["post-26","page","type-page","status-publish","hentry"],"acf":[],"yoast_head":"<!-- This site is optimized with the Yoast SEO plugin v27.4 - https:\/\/yoast.com\/product\/yoast-seo-wordpress\/ -->\n<title>Contact | ASSIST Scholars<\/title>\n<meta name=\"description\" content=\"Learn more about Contact on ASSIST Scholars. Check it out!\" \/>\n<meta name=\"robots\" content=\"index, follow, max-snippet:-1, max-image-preview:large, max-video-preview:-1\" \/>\n<link rel=\"canonical\" href=\"https:\/\/www.assistscholars.org\/da\/kontakt\/\" \/>\n<meta property=\"og:locale\" content=\"da_DK\" \/>\n<meta property=\"og:type\" content=\"article\" \/>\n<meta property=\"og:title\" content=\"Contact | ASSIST Scholars\" \/>\n<meta property=\"og:description\" content=\"Learn more about Contact on ASSIST Scholars. Check it out!\" \/>\n<meta property=\"og:url\" content=\"https:\/\/www.assistscholars.org\/da\/kontakt\/\" \/>\n<meta property=\"og:site_name\" content=\"ASSIST Scholars\" \/>\n<meta property=\"article:publisher\" content=\"https:\/\/www.facebook.com\/ASSISTscholars\" \/>\n<meta property=\"article:modified_time\" content=\"2025-07-17T15:03:43+00:00\" \/>\n<meta name=\"twitter:card\" content=\"summary_large_image\" \/>\n<meta name=\"twitter:label1\" content=\"Est. reading time\" \/>\n\t<meta name=\"twitter:data1\" content=\"1 minut\" \/>\n<script type=\"application\/ld+json\" class=\"yoast-schema-graph\">{\"@context\":\"https:\\\/\\\/schema.org\",\"@graph\":[{\"@type\":\"WebPage\",\"@id\":\"https:\\\/\\\/www.assistscholars.org\\\/contact\\\/\",\"url\":\"https:\\\/\\\/www.assistscholars.org\\\/contact\\\/\",\"name\":\"Contact | ASSIST Scholars\",\"isPartOf\":{\"@id\":\"https:\\\/\\\/www.assistscholars.org\\\/#website\"},\"datePublished\":\"2023-11-28T18:14:58+00:00\",\"dateModified\":\"2025-07-17T15:03:43+00:00\",\"description\":\"Learn more about Contact on ASSIST Scholars. Check it out!\",\"breadcrumb\":{\"@id\":\"https:\\\/\\\/www.assistscholars.org\\\/contact\\\/#breadcrumb\"},\"inLanguage\":\"da-DK\",\"potentialAction\":[{\"@type\":\"ReadAction\",\"target\":[\"https:\\\/\\\/www.assistscholars.org\\\/contact\\\/\"]}]},{\"@type\":\"BreadcrumbList\",\"@id\":\"https:\\\/\\\/www.assistscholars.org\\\/contact\\\/#breadcrumb\",\"itemListElement\":[{\"@type\":\"ListItem\",\"position\":1,\"name\":\"Home\",\"item\":\"https:\\\/\\\/www.assistscholars.org\\\/\"},{\"@type\":\"ListItem\",\"position\":2,\"name\":\"Contact\"}]},{\"@type\":\"WebSite\",\"@id\":\"https:\\\/\\\/www.assistscholars.org\\\/#website\",\"url\":\"https:\\\/\\\/www.assistscholars.org\\\/\",\"name\":\"ASSIST Scholars\",\"description\":\"Connecting America&#039;s finest schools with the world&#039;s leading scholars\",\"publisher\":{\"@id\":\"https:\\\/\\\/www.assistscholars.org\\\/#organization\"},\"alternateName\":\"Connecting America's finest schools with the world's leading scholars\",\"potentialAction\":[{\"@type\":\"SearchAction\",\"target\":{\"@type\":\"EntryPoint\",\"urlTemplate\":\"https:\\\/\\\/www.assistscholars.org\\\/?s={search_term_string}\"},\"query-input\":{\"@type\":\"PropertyValueSpecification\",\"valueRequired\":true,\"valueName\":\"search_term_string\"}}],\"inLanguage\":\"da-DK\"},{\"@type\":\"Organization\",\"@id\":\"https:\\\/\\\/www.assistscholars.org\\\/#organization\",\"name\":\"ASSIST Scholars\",\"alternateName\":\"Connecting exceptional international students with leading private high schools in North America\",\"url\":\"https:\\\/\\\/www.assistscholars.org\\\/\",\"logo\":{\"@type\":\"ImageObject\",\"inLanguage\":\"da-DK\",\"@id\":\"https:\\\/\\\/www.assistscholars.org\\\/#\\\/schema\\\/logo\\\/image\\\/\",\"url\":\"https:\\\/\\\/www.assistscholars.org\\\/wp-content\\\/uploads\\\/2025\\\/09\\\/logo-stacked.svg\",\"contentUrl\":\"https:\\\/\\\/www.assistscholars.org\\\/wp-content\\\/uploads\\\/2025\\\/09\\\/logo-stacked.svg\",\"width\":768,\"height\":768,\"caption\":\"ASSIST Scholars\"},\"image\":{\"@id\":\"https:\\\/\\\/www.assistscholars.org\\\/#\\\/schema\\\/logo\\\/image\\\/\"},\"sameAs\":[\"https:\\\/\\\/www.facebook.com\\\/ASSISTscholars\",\"https:\\\/\\\/www.instagram.com\\\/assistscholars\"]}]}<\/script>\n<!-- \/ Yoast SEO plugin. -->","yoast_head_json":{"title":"Kontakt | ASSIST Scholars","description":"F\u00e5 mere at vide om Contact p\u00e5 ASSIST Scholars. Tjek det ud!","robots":{"index":"index","follow":"follow","max-snippet":"max-snippet:-1","max-image-preview":"max-image-preview:large","max-video-preview":"max-video-preview:-1"},"canonical":"https:\/\/www.assistscholars.org\/da\/kontakt\/","og_locale":"da_DK","og_type":"article","og_title":"Contact | ASSIST Scholars","og_description":"Learn more about Contact on ASSIST Scholars. Check it out!","og_url":"https:\/\/www.assistscholars.org\/da\/kontakt\/","og_site_name":"ASSIST Scholars","article_publisher":"https:\/\/www.facebook.com\/ASSISTscholars","article_modified_time":"2025-07-17T15:03:43+00:00","twitter_card":"summary_large_image","twitter_misc":{"Est. reading time":"1 minut"},"schema":{"@context":"https:\/\/schema.org","@graph":[{"@type":"WebPage","@id":"https:\/\/www.assistscholars.org\/contact\/","url":"https:\/\/www.assistscholars.org\/contact\/","name":"Kontakt | ASSIST Scholars","isPartOf":{"@id":"https:\/\/www.assistscholars.org\/#website"},"datePublished":"2023-11-28T18:14:58+00:00","dateModified":"2025-07-17T15:03:43+00:00","description":"F\u00e5 mere at vide om Contact p\u00e5 ASSIST Scholars. Tjek det ud!","breadcrumb":{"@id":"https:\/\/www.assistscholars.org\/contact\/#breadcrumb"},"inLanguage":"da-DK","potentialAction":[{"@type":"ReadAction","target":["https:\/\/www.assistscholars.org\/contact\/"]}]},{"@type":"BreadcrumbList","@id":"https:\/\/www.assistscholars.org\/contact\/#breadcrumb","itemListElement":[{"@type":"ListItem","position":1,"name":"Home","item":"https:\/\/www.assistscholars.org\/"},{"@type":"ListItem","position":2,"name":"Contact"}]},{"@type":"WebSite","@id":"https:\/\/www.assistscholars.org\/#website","url":"https:\/\/www.assistscholars.org\/","name":"ASSIST-stipendiater","description":"Forbinder USA's bedste skoler med verdens f\u00f8rende forskere","publisher":{"@id":"https:\/\/www.assistscholars.org\/#organization"},"alternateName":"Connecting America's finest schools with the world's leading scholars","potentialAction":[{"@type":"SearchAction","target":{"@type":"EntryPoint","urlTemplate":"https:\/\/www.assistscholars.org\/?s={search_term_string}"},"query-input":{"@type":"PropertyValueSpecification","valueRequired":true,"valueName":"search_term_string"}}],"inLanguage":"da-DK"},{"@type":"Organization","@id":"https:\/\/www.assistscholars.org\/#organization","name":"ASSIST-stipendiater","alternateName":"Connecting exceptional international students with leading private high schools in North America","url":"https:\/\/www.assistscholars.org\/","logo":{"@type":"ImageObject","inLanguage":"da-DK","@id":"https:\/\/www.assistscholars.org\/#\/schema\/logo\/image\/","url":"https:\/\/www.assistscholars.org\/wp-content\/uploads\/2025\/09\/logo-stacked.svg","contentUrl":"https:\/\/www.assistscholars.org\/wp-content\/uploads\/2025\/09\/logo-stacked.svg","width":768,"height":768,"caption":"ASSIST Scholars"},"image":{"@id":"https:\/\/www.assistscholars.org\/#\/schema\/logo\/image\/"},"sameAs":["https:\/\/www.facebook.com\/ASSISTscholars","https:\/\/www.instagram.com\/assistscholars"]}]}},"_links":{"self":[{"href":"https:\/\/www.assistscholars.org\/da\/wp-json\/wp\/v2\/pages\/26","targetHints":{"allow":["GET"]}}],"collection":[{"href":"https:\/\/www.assistscholars.org\/da\/wp-json\/wp\/v2\/pages"}],"about":[{"href":"https:\/\/www.assistscholars.org\/da\/wp-json\/wp\/v2\/types\/page"}],"author":[{"embeddable":true,"href":"https:\/\/www.assistscholars.org\/da\/wp-json\/wp\/v2\/users\/2"}],"replies":[{"embeddable":true,"href":"https:\/\/www.assistscholars.org\/da\/wp-json\/wp\/v2\/comments?post=26"}],"version-history":[{"count":0,"href":"https:\/\/www.assistscholars.org\/da\/wp-json\/wp\/v2\/pages\/26\/revisions"}],"wp:attachment":[{"href":"https:\/\/www.assistscholars.org\/da\/wp-json\/wp\/v2\/media?parent=26"}],"curies":[{"name":"wp","href":"https:\/\/api.w.org\/{rel}","templated":true}]}}