{"id":34,"date":"2023-11-28T18:14:58","date_gmt":"2023-11-28T18:14:58","guid":{"rendered":"https:\/\/assistscholars.wpenginepowered.com\/?page_id=34"},"modified":"2026-02-27T13:14:36","modified_gmt":"2026-02-27T18:14:36","slug":"rad-til-at-hjaelpe","status":"publish","type":"page","link":"https:\/\/www.assistscholars.org\/da\/scholarship\/affording-assist\/","title":{"rendered":"Programomkostninger og \u00f8konomisk st\u00f8tte"},"content":{"rendered":"<span><span><a href=\"https:\/\/www.assistscholars.org\/da\/\">Hjem<\/a><\/span><\/span>\n<h2>\n\t\t\tAnsl\u00e5ede udgifter for studerende og familier\t<\/h2>\n\t<p>Hvert \u00e5r modtager ASSIST-stipendiater et stipendium til en f\u00f8rende nordamerikansk privat high school. De, der f\u00e5r Sanderson-stipendiet, f\u00e5r fuld d\u00e6kning af skolepenge og enten bolig hos en frivillig amerikansk v\u00e6rtsfamilie p\u00e5 dagskoler eller kost og logi p\u00e5 kostskoler - omkostninger, der kan bel\u00f8be sig til op til $84.000 \u00e5rligt p\u00e5 vores medlemsskoler. Modtagere af Lindfors-stipendiet f\u00e5r et stipendium til ca. halvdelen af disse omkostninger.<\/p>\n\t<h2>Finansielle detaljer om ASSIST-stipendiet<\/h2>\n<p>F\u00f8lgende skema indeholder en oversigt over medlemsskolernes undervisning, ASSISTs programgebyr og andre tilknyttede omkostninger for at hj\u00e6lpe dig med at planl\u00e6gge og forst\u00e5 den \u00f8konomiske forpligtelse for ASSIST Scholars.<\/p>\n\t\t\t\t<table>\n\t\t\t\t\t<thead>\n\t\t\t\t\t\t\t\t\t\t\t\t\t\t<tr>\n\t\t\t\t\t\t\t\t\t\t\t\t\t\t\t<th rowspan=\"\" colspan=\"\">\n\t\t\t\t\t\t\t\t\t\t\t\t\t\t\t\t\t<label>\n\t\t\t\t\t\t\t\t\t\t<\/label><label> ASSIST-stipendium <\/label>\n\t\t\t\t\t\t\t\t\t\n\t\t\t\t\t\t\t\t\t\t\t\t\t\t\t\t\t<\/th>\n\t\t\t\t\t\t\t\t\t\t\t\t\t\t<th rowspan=\"\" colspan=\"\">\n\t\t\t\t\t\t\t\t\t\t\t\t\t\t\t\t\t<label>\n\t\t\t\t\t\t\t\t\t\t<\/label><label> Forventet familiebidrag til skoleundervisning <\/label>\n\t\t\t\t\t\t\t\t\t\n\t\t\t\t\t\t\t\t\t\t\t\t\t\t\t\t\t<\/th>\n\t\t\t\t\t\t\t\t\t\t\t\t\t\t<th rowspan=\"\" colspan=\"\">\n\t\t\t\t\t\t\t\t\t\t\t\t\t\t\t\t\t<label>\n\t\t\t\t\t\t\t\t\t\t<\/label><label> Programgebyr <\/label>\n\t\t\t\t\t\t\t\t\t\n\t\t\t\t\t\t\t\t\t\t\t\t\t\t\t\t\t<\/th>\n\t\t\t\t\t\t\t\t\t\t\t\t\t\t<th rowspan=\"\" colspan=\"\">\n\t\t\t\t\t\t\t\t\t\t Yderligere udgifter \n\t\t\t\t\t\t\t\t\t\t\t\t\t\t\t\t\t<\/th>\n\t\t\t\t\t\t\t\t\t\t\t<\/tr><\/thead>\n\t\t\t\t\t<tbody>\n\t\t\t\t\t\t\t\t\t\t\t\t\t\t\t<tr>\n\t\t\t\t\t\t\t\t\t\t\t\t\t\t\t\t\t\t\t\t<td colspan=\"\" rowspan=\"\">\n\t\t\t\t\t\t\t\t\t\t\t\t\t\t\t\t\t\t\t\t\t\t\t Sanderson-stipendium \n\t\t\t\t\t\t\t\t\t\t\t\t\t\t\t\t\t\t\t\t\t\t\t<\/td>\n\t\t\t\t\t\t\t\t\t\t\t\t\t\t\t\t<td colspan=\"\" rowspan=\"\">\n\t\t\t\t\t\t\t\t\t\t\t\t\t\t\t\t\t\t\t\t\t\t\t 0% \n\t\t\t\t\t\t\t\t\t\t\t\t\t\t\t\t\t\t\t\t\t\t\t<\/td>\n\t\t\t\t\t\t\t\t\t\t\t\t\t\t\t\t<td colspan=\"\" rowspan=\"\">\n\t\t\t\t\t\t\t\t\t\t\t\t\t\t\t Varierer fra land til land. For at finde dit programgebyr, bes\u00f8g venligst dit lands side. <a href=\"\/da\/stipendium\/steder\/\">Find oplysninger om dit land her.<\/a> \n\t\t\t\t\t\t\t\t\t\t\t\t\t\t\t\t\t\t\t\t\t\t\t\t<\/td>\n\t\t\t\t\t\t\t\t\t\t\t\t\t\t\t\t<td colspan=\"\" rowspan=\"2\">\n\t\t\t\t\t\t\t\t\t\t\t\t\t\t\t For begge stipendier er familierne ansvarlige for:   <ul><li>Rejse og forsikring<\/li><li>Ans\u00f8gning om visum<\/li><li><a href=\"https:\/\/www.assistscholars.org\/wp-content\/uploads\/2026\/02\/posible-school-fees.pdf\">Skolepenge til medlemmer<\/a><\/li> \n\t\t\t\t\t\t\t\t\t\t\t\t\t\t\t\t\t\t\t\t\t\t\t\t<\/ul><\/td>\n\t\t\t\t\t\t\t\t\t\t\t\t\t\t\t<\/tr><tr>\n\t\t\t\t\t\t\t\t\t\t\t\t\t\t\t\t\t\t\t\t<td colspan=\"\" rowspan=\"\">\n\t\t\t\t\t\t\t\t\t\t\t\t\t\t\t\t\t\t\t\t\t\t\t Lindfors-stipendium \n\t\t\t\t\t\t\t\t\t\t\t\t\t\t\t\t\t\t\t\t\t\t\t<\/td>\n\t\t\t\t\t\t\t\t\t\t\t\t\t\t\t\t<td colspan=\"\" rowspan=\"\">\n\t\t\t\t\t\t\t\t\t\t\t\t\t\t\t\t\t\t\t\t\t\t\t 50% eller mindre af den fulde undervisningsafgiftInkluderet i programgebyret. \n\t\t\t\t\t\t\t\t\t\t\t\t\t\t\t\t\t\t\t\t\t\t\t<\/td>\n\t\t\t\t\t\t\t\t\t\t\t\t\t\t\t\t<td colspan=\"\" rowspan=\"\">\n\t\t\t\t\t\t\t\t\t\t\t\t\t\t\t $37,000<br \/>Inkluderer resten af undervisningen samt fordele ved ASSIST-programmet \n\t\t\t\t\t\t\t\t\t\t\t\t\t\t\t\t\t\t\t\t\t\t\t\t<\/td>\n\t\t\t\t\t\t\t\t\t\t\t<\/tr><\/tbody>\n\t\t\t\t<\/table>\n\t<h2>\n\t\t\tGebyr for ASSIST-programmet\t<\/h2>\n\t<p>Familier betaler et ASSIST-programgebyr i to rater, hvilket giver adgang til vores f\u00f8rende uddannelses- og kulturudvekslingsprogram.<\/p>\n<h2>\n\t\t\tEt overblik over stipendier\t<\/h2>\n\t\t$20K\n\t\t\t\t\tASSISTs omkostninger pr. elev\n\t\t87%\n\t\t\t\t\taf de studerende modtager \u00f8konomisk st\u00f8tte\n\t\t$13K\n\t\t\t\t\tGennemsnitlig pris for reduktion af programgebyr\n\t\t$10M\n\t\t\t\t\ttildelt \u00e5rligt i stipendier\n\t\t40\n\t\t\t\t\tAntal studerende, der \u00e5rligt modtager st\u00f8tte til ekstraudgifter fra donorer\n\t\t$373K\n\t\t\t\t\tBel\u00f8b for yderligere st\u00f8tte modtaget","protected":false},"excerpt":{"rendered":"<p>Ansl\u00e5ede udgifter for studerende og familier Hvert \u00e5r modtager ASSIST Scholars et stipendium til en f\u00f8rende nordamerikansk privat high school. De, der tildeles Sanderson-stipendiet, f\u00e5r fuld d\u00e6kning af skolepenge og enten bolig hos en frivillig amerikansk v\u00e6rtsfamilie p\u00e5 dagskoler eller kost og logi p\u00e5 kostskoler - omkostninger, der kan l\u00f8be op i...<\/p>","protected":false},"author":2,"featured_media":0,"parent":27,"menu_order":6,"comment_status":"closed","ping_status":"closed","template":"","meta":{"_acf_changed":false,"inline_featured_image":false,"_monsterinsights_skip_tracking":false,"_monsterinsights_sitenote_active":false,"_monsterinsights_sitenote_note":"","_monsterinsights_sitenote_category":0,"footnotes":""},"class_list":["post-34","page","type-page","status-publish","hentry"],"acf":[],"yoast_head":"<!-- This site is optimized with the Yoast SEO plugin v27.4 - https:\/\/yoast.com\/product\/yoast-seo-wordpress\/ -->\n<title>Program Costs &amp; Financial Support | ASSIST Scholars<\/title>\n<meta name=\"description\" content=\"Learn more about Program Costs &amp; Financial Support on ASSIST Scholars. Check it out!\" \/>\n<meta name=\"robots\" content=\"index, follow, max-snippet:-1, max-image-preview:large, max-video-preview:-1\" \/>\n<link rel=\"canonical\" href=\"https:\/\/www.assistscholars.org\/da\/stipendium\/rad-til-at-hjaelpe\/\" \/>\n<meta property=\"og:locale\" content=\"da_DK\" \/>\n<meta property=\"og:type\" content=\"article\" \/>\n<meta property=\"og:title\" content=\"Program Costs &amp; Financial Support | ASSIST Scholars\" \/>\n<meta property=\"og:description\" content=\"Learn more about Program Costs &amp; Financial Support on ASSIST Scholars. Check it out!\" \/>\n<meta property=\"og:url\" content=\"https:\/\/www.assistscholars.org\/da\/stipendium\/rad-til-at-hjaelpe\/\" \/>\n<meta property=\"og:site_name\" content=\"ASSIST Scholars\" \/>\n<meta property=\"article:publisher\" content=\"https:\/\/www.facebook.com\/ASSISTscholars\" \/>\n<meta property=\"article:modified_time\" content=\"2026-02-27T18:14:36+00:00\" \/>\n<meta name=\"twitter:card\" content=\"summary_large_image\" \/>\n<meta name=\"twitter:label1\" content=\"Est. reading time\" \/>\n\t<meta name=\"twitter:data1\" content=\"1 minut\" \/>\n<script type=\"application\/ld+json\" class=\"yoast-schema-graph\">{\"@context\":\"https:\\\/\\\/schema.org\",\"@graph\":[{\"@type\":\"WebPage\",\"@id\":\"https:\\\/\\\/www.assistscholars.org\\\/en\\\/scholarship\\\/affording-assist\\\/\",\"url\":\"https:\\\/\\\/www.assistscholars.org\\\/en\\\/scholarship\\\/affording-assist\\\/\",\"name\":\"Program Costs & Financial Support | ASSIST Scholars\",\"isPartOf\":{\"@id\":\"https:\\\/\\\/www.assistscholars.org\\\/#website\"},\"datePublished\":\"2023-11-28T18:14:58+00:00\",\"dateModified\":\"2026-02-27T18:14:36+00:00\",\"description\":\"Learn more about Program Costs & Financial Support on ASSIST Scholars. Check it out!\",\"breadcrumb\":{\"@id\":\"https:\\\/\\\/www.assistscholars.org\\\/en\\\/scholarship\\\/affording-assist\\\/#breadcrumb\"},\"inLanguage\":\"da-DK\",\"potentialAction\":[{\"@type\":\"ReadAction\",\"target\":[\"https:\\\/\\\/www.assistscholars.org\\\/en\\\/scholarship\\\/affording-assist\\\/\"]}]},{\"@type\":\"BreadcrumbList\",\"@id\":\"https:\\\/\\\/www.assistscholars.org\\\/en\\\/scholarship\\\/affording-assist\\\/#breadcrumb\",\"itemListElement\":[{\"@type\":\"ListItem\",\"position\":1,\"name\":\"Home\",\"item\":\"https:\\\/\\\/www.assistscholars.org\\\/\"},{\"@type\":\"ListItem\",\"position\":2,\"name\":\"Scholarship Program\",\"item\":\"https:\\\/\\\/www.assistscholars.org\\\/en\\\/scholarship\\\/\"},{\"@type\":\"ListItem\",\"position\":3,\"name\":\"Program Costs &#038; Financial Support\"}]},{\"@type\":\"WebSite\",\"@id\":\"https:\\\/\\\/www.assistscholars.org\\\/#website\",\"url\":\"https:\\\/\\\/www.assistscholars.org\\\/\",\"name\":\"ASSIST Scholars\",\"description\":\"Connecting America&#039;s finest schools with the world&#039;s leading scholars\",\"publisher\":{\"@id\":\"https:\\\/\\\/www.assistscholars.org\\\/#organization\"},\"alternateName\":\"Connecting America's finest schools with the world's leading scholars\",\"potentialAction\":[{\"@type\":\"SearchAction\",\"target\":{\"@type\":\"EntryPoint\",\"urlTemplate\":\"https:\\\/\\\/www.assistscholars.org\\\/?s={search_term_string}\"},\"query-input\":{\"@type\":\"PropertyValueSpecification\",\"valueRequired\":true,\"valueName\":\"search_term_string\"}}],\"inLanguage\":\"da-DK\"},{\"@type\":\"Organization\",\"@id\":\"https:\\\/\\\/www.assistscholars.org\\\/#organization\",\"name\":\"ASSIST Scholars\",\"alternateName\":\"Connecting exceptional international students with leading private high schools in North America\",\"url\":\"https:\\\/\\\/www.assistscholars.org\\\/\",\"logo\":{\"@type\":\"ImageObject\",\"inLanguage\":\"da-DK\",\"@id\":\"https:\\\/\\\/www.assistscholars.org\\\/#\\\/schema\\\/logo\\\/image\\\/\",\"url\":\"https:\\\/\\\/www.assistscholars.org\\\/wp-content\\\/uploads\\\/2025\\\/09\\\/logo-stacked.svg\",\"contentUrl\":\"https:\\\/\\\/www.assistscholars.org\\\/wp-content\\\/uploads\\\/2025\\\/09\\\/logo-stacked.svg\",\"width\":768,\"height\":768,\"caption\":\"ASSIST Scholars\"},\"image\":{\"@id\":\"https:\\\/\\\/www.assistscholars.org\\\/#\\\/schema\\\/logo\\\/image\\\/\"},\"sameAs\":[\"https:\\\/\\\/www.facebook.com\\\/ASSISTscholars\",\"https:\\\/\\\/www.instagram.com\\\/assistscholars\"]}]}<\/script>\n<!-- \/ Yoast SEO plugin. -->","yoast_head_json":{"title":"Programomkostninger og \u00f8konomisk st\u00f8tte | ASSIST-stipendiater","description":"F\u00e5 mere at vide om programomkostninger og \u00f8konomisk st\u00f8tte p\u00e5 ASSIST Scholars. Tjek det ud!","robots":{"index":"index","follow":"follow","max-snippet":"max-snippet:-1","max-image-preview":"max-image-preview:large","max-video-preview":"max-video-preview:-1"},"canonical":"https:\/\/www.assistscholars.org\/da\/stipendium\/rad-til-at-hjaelpe\/","og_locale":"da_DK","og_type":"article","og_title":"Program Costs & Financial Support | ASSIST Scholars","og_description":"Learn more about Program Costs & Financial Support on ASSIST Scholars. Check it out!","og_url":"https:\/\/www.assistscholars.org\/da\/stipendium\/rad-til-at-hjaelpe\/","og_site_name":"ASSIST Scholars","article_publisher":"https:\/\/www.facebook.com\/ASSISTscholars","article_modified_time":"2026-02-27T18:14:36+00:00","twitter_card":"summary_large_image","twitter_misc":{"Est. reading time":"1 minut"},"schema":{"@context":"https:\/\/schema.org","@graph":[{"@type":"WebPage","@id":"https:\/\/www.assistscholars.org\/en\/scholarship\/affording-assist\/","url":"https:\/\/www.assistscholars.org\/en\/scholarship\/affording-assist\/","name":"Programomkostninger og \u00f8konomisk st\u00f8tte | ASSIST-stipendiater","isPartOf":{"@id":"https:\/\/www.assistscholars.org\/#website"},"datePublished":"2023-11-28T18:14:58+00:00","dateModified":"2026-02-27T18:14:36+00:00","description":"F\u00e5 mere at vide om programomkostninger og \u00f8konomisk st\u00f8tte p\u00e5 ASSIST Scholars. Tjek det ud!","breadcrumb":{"@id":"https:\/\/www.assistscholars.org\/en\/scholarship\/affording-assist\/#breadcrumb"},"inLanguage":"da-DK","potentialAction":[{"@type":"ReadAction","target":["https:\/\/www.assistscholars.org\/en\/scholarship\/affording-assist\/"]}]},{"@type":"BreadcrumbList","@id":"https:\/\/www.assistscholars.org\/en\/scholarship\/affording-assist\/#breadcrumb","itemListElement":[{"@type":"ListItem","position":1,"name":"Home","item":"https:\/\/www.assistscholars.org\/"},{"@type":"ListItem","position":2,"name":"Scholarship Program","item":"https:\/\/www.assistscholars.org\/en\/scholarship\/"},{"@type":"ListItem","position":3,"name":"Program Costs &#038; Financial Support"}]},{"@type":"WebSite","@id":"https:\/\/www.assistscholars.org\/#website","url":"https:\/\/www.assistscholars.org\/","name":"ASSIST-stipendiater","description":"Forbinder USA's bedste skoler med verdens f\u00f8rende forskere","publisher":{"@id":"https:\/\/www.assistscholars.org\/#organization"},"alternateName":"Connecting America's finest schools with the world's leading scholars","potentialAction":[{"@type":"SearchAction","target":{"@type":"EntryPoint","urlTemplate":"https:\/\/www.assistscholars.org\/?s={search_term_string}"},"query-input":{"@type":"PropertyValueSpecification","valueRequired":true,"valueName":"search_term_string"}}],"inLanguage":"da-DK"},{"@type":"Organization","@id":"https:\/\/www.assistscholars.org\/#organization","name":"ASSIST-stipendiater","alternateName":"Connecting exceptional international students with leading private high schools in North America","url":"https:\/\/www.assistscholars.org\/","logo":{"@type":"ImageObject","inLanguage":"da-DK","@id":"https:\/\/www.assistscholars.org\/#\/schema\/logo\/image\/","url":"https:\/\/www.assistscholars.org\/wp-content\/uploads\/2025\/09\/logo-stacked.svg","contentUrl":"https:\/\/www.assistscholars.org\/wp-content\/uploads\/2025\/09\/logo-stacked.svg","width":768,"height":768,"caption":"ASSIST Scholars"},"image":{"@id":"https:\/\/www.assistscholars.org\/#\/schema\/logo\/image\/"},"sameAs":["https:\/\/www.facebook.com\/ASSISTscholars","https:\/\/www.instagram.com\/assistscholars"]}]}},"_links":{"self":[{"href":"https:\/\/www.assistscholars.org\/da\/wp-json\/wp\/v2\/pages\/34","targetHints":{"allow":["GET"]}}],"collection":[{"href":"https:\/\/www.assistscholars.org\/da\/wp-json\/wp\/v2\/pages"}],"about":[{"href":"https:\/\/www.assistscholars.org\/da\/wp-json\/wp\/v2\/types\/page"}],"author":[{"embeddable":true,"href":"https:\/\/www.assistscholars.org\/da\/wp-json\/wp\/v2\/users\/2"}],"replies":[{"embeddable":true,"href":"https:\/\/www.assistscholars.org\/da\/wp-json\/wp\/v2\/comments?post=34"}],"version-history":[{"count":0,"href":"https:\/\/www.assistscholars.org\/da\/wp-json\/wp\/v2\/pages\/34\/revisions"}],"up":[{"embeddable":true,"href":"https:\/\/www.assistscholars.org\/da\/wp-json\/wp\/v2\/pages\/27"}],"wp:attachment":[{"href":"https:\/\/www.assistscholars.org\/da\/wp-json\/wp\/v2\/media?parent=34"}],"curies":[{"name":"wp","href":"https:\/\/api.w.org\/{rel}","templated":true}]}}