{"id":34,"date":"2023-11-28T18:14:58","date_gmt":"2023-11-28T18:14:58","guid":{"rendered":"https:\/\/assistscholars.wpenginepowered.com\/?page_id=34"},"modified":"2026-02-27T13:14:36","modified_gmt":"2026-02-27T18:14:36","slug":"unterstutzend","status":"publish","type":"page","link":"https:\/\/www.assistscholars.org\/de\/scholarship\/affording-assist\/","title":{"rendered":"Programmkosten und finanzielle Unterst\u00fctzung"},"content":{"rendered":"<span><span><a href=\"https:\/\/www.assistscholars.org\/de\/\">Startseite<\/a><\/span><\/span>\n<h2>\n\t\t\tGesch\u00e4tzte Kosten f\u00fcr Sch\u00fcler und Familien\t<\/h2>\n\t<p>Jedes Jahr erhalten ASSIST-Stipendiaten ein Stipendium f\u00fcr eine f\u00fchrende nordamerikanische Privatschule. Diejenigen, denen das Sanderson-Stipendium zuerkannt wird, erhalten die volle Kosten\u00fcbernahme f\u00fcr das Schulgeld und die Unterbringung in einer freiwilligen amerikanischen Gastfamilie an Tagesschulen bzw. f\u00fcr Unterkunft und Verpflegung an Internatsschulen - Kosten, die sich an unseren Mitgliedsschulen auf bis zu $84.000 j\u00e4hrlich belaufen k\u00f6nnen. Empf\u00e4nger des Lindfors-Stipendiums erhalten ein Stipendium f\u00fcr etwa die H\u00e4lfte dieser Kosten.<\/p>\n\t<h2>ASSIST-Stipendium Finanzielle Details<\/h2>\n<p>Die folgende Tabelle enth\u00e4lt eine \u00dcbersicht \u00fcber die Schulgeb\u00fchren der Mitgliedsschulen, die Programmgeb\u00fchr von ASSIST und andere damit verbundene Kosten, um Ihnen die Planung und das Verst\u00e4ndnis der finanziellen Verpflichtungen von ASSIST-Stipendiaten zu erleichtern.<\/p>\n\t\t\t\t<table>\n\t\t\t\t\t<thead>\n\t\t\t\t\t\t\t\t\t\t\t\t\t\t<tr>\n\t\t\t\t\t\t\t\t\t\t\t\t\t\t\t<th rowspan=\"\" colspan=\"\">\n\t\t\t\t\t\t\t\t\t\t\t\t\t\t\t\t\t<label>\n\t\t\t\t\t\t\t\t\t\t<\/label><label> ASSIST-Stipendium <\/label>\n\t\t\t\t\t\t\t\t\t\n\t\t\t\t\t\t\t\t\t\t\t\t\t\t\t\t\t<\/th>\n\t\t\t\t\t\t\t\t\t\t\t\t\t\t<th rowspan=\"\" colspan=\"\">\n\t\t\t\t\t\t\t\t\t\t\t\t\t\t\t\t\t<label>\n\t\t\t\t\t\t\t\t\t\t<\/label><label> Erwarteter Familienbeitrag zum Schulgeld <\/label>\n\t\t\t\t\t\t\t\t\t\n\t\t\t\t\t\t\t\t\t\t\t\t\t\t\t\t\t<\/th>\n\t\t\t\t\t\t\t\t\t\t\t\t\t\t<th rowspan=\"\" colspan=\"\">\n\t\t\t\t\t\t\t\t\t\t\t\t\t\t\t\t\t<label>\n\t\t\t\t\t\t\t\t\t\t<\/label><label> Programm-Geb\u00fchr <\/label>\n\t\t\t\t\t\t\t\t\t\n\t\t\t\t\t\t\t\t\t\t\t\t\t\t\t\t\t<\/th>\n\t\t\t\t\t\t\t\t\t\t\t\t\t\t<th rowspan=\"\" colspan=\"\">\n\t\t\t\t\t\t\t\t\t\t Zus\u00e4tzliche Ausgaben \n\t\t\t\t\t\t\t\t\t\t\t\t\t\t\t\t\t<\/th>\n\t\t\t\t\t\t\t\t\t\t\t<\/tr><\/thead>\n\t\t\t\t\t<tbody>\n\t\t\t\t\t\t\t\t\t\t\t\t\t\t\t<tr>\n\t\t\t\t\t\t\t\t\t\t\t\t\t\t\t\t\t\t\t\t<td colspan=\"\" rowspan=\"\">\n\t\t\t\t\t\t\t\t\t\t\t\t\t\t\t\t\t\t\t\t\t\t\t Sanderson-Stipendium \n\t\t\t\t\t\t\t\t\t\t\t\t\t\t\t\t\t\t\t\t\t\t\t<\/td>\n\t\t\t\t\t\t\t\t\t\t\t\t\t\t\t\t<td colspan=\"\" rowspan=\"\">\n\t\t\t\t\t\t\t\t\t\t\t\t\t\t\t\t\t\t\t\t\t\t\t 0% \n\t\t\t\t\t\t\t\t\t\t\t\t\t\t\t\t\t\t\t\t\t\t\t<\/td>\n\t\t\t\t\t\t\t\t\t\t\t\t\t\t\t\t<td colspan=\"\" rowspan=\"\">\n\t\t\t\t\t\t\t\t\t\t\t\t\t\t\t Unterschiedlich je nach Land. Um Ihre Programmgeb\u00fchr zu finden, besuchen Sie bitte die Seite Ihres Landes. <a href=\"\/de\/stipendium\/standorte\/\">Einzelheiten f\u00fcr Ihr Land finden Sie hier.<\/a> \n\t\t\t\t\t\t\t\t\t\t\t\t\t\t\t\t\t\t\t\t\t\t\t\t<\/td>\n\t\t\t\t\t\t\t\t\t\t\t\t\t\t\t\t<td colspan=\"\" rowspan=\"2\">\n\t\t\t\t\t\t\t\t\t\t\t\t\t\t\t F\u00fcr beide Stipendien sind die Familien verantwortlich f\u00fcr folgende zus\u00e4tzliche Ausgaben:   <ul><li>Reisen und Versicherung<\/li><li>Visumantrag<\/li><li><a href=\"https:\/\/www.assistscholars.org\/wp-content\/uploads\/2026\/02\/posible-school-fees.pdf\">schulspezifische Schulgeb\u00fchren (bspw. private Musikstunden u.\u00e4.)<\/a><\/li> \n\t\t\t\t\t\t\t\t\t\t\t\t\t\t\t\t\t\t\t\t\t\t\t\t<\/ul><\/td>\n\t\t\t\t\t\t\t\t\t\t\t\t\t\t\t<\/tr><tr>\n\t\t\t\t\t\t\t\t\t\t\t\t\t\t\t\t\t\t\t\t<td colspan=\"\" rowspan=\"\">\n\t\t\t\t\t\t\t\t\t\t\t\t\t\t\t\t\t\t\t\t\t\t\t Lindfors-Stipendium \n\t\t\t\t\t\t\t\t\t\t\t\t\t\t\t\t\t\t\t\t\t\t\t<\/td>\n\t\t\t\t\t\t\t\t\t\t\t\t\t\t\t\t<td colspan=\"\" rowspan=\"\">\n\t\t\t\t\t\t\t\t\t\t\t\t\t\t\t\t\t\t\t\t\t\t\t 50% oder weniger der vollen Studiengeb\u00fchrIn der Programmgeb\u00fchr enthalten. \n\t\t\t\t\t\t\t\t\t\t\t\t\t\t\t\t\t\t\t\t\t\t\t<\/td>\n\t\t\t\t\t\t\t\t\t\t\t\t\t\t\t\t<td colspan=\"\" rowspan=\"\">\n\t\t\t\t\t\t\t\t\t\t\t\t\t\t\t $37,000<br \/>Beinhaltet beinhaltet die anteiligen Schulgeb\u00fchren, sowie die Leistungen des ASSIST-Programms \n\t\t\t\t\t\t\t\t\t\t\t\t\t\t\t\t\t\t\t\t\t\t\t\t<\/td>\n\t\t\t\t\t\t\t\t\t\t\t<\/tr><\/tbody>\n\t\t\t\t<\/table>\n\t<h2>\n\t\t\tASSIST-Programm-Geb\u00fchr\t<\/h2>\n\t<p>Die Familien zahlen eine ASSIST-Programmgeb\u00fchr in zwei Raten und erhalten so Zugang zu unserem erstklassigen Bildungs- und Kulturaustauschprogramm.<\/p>\n<h2>\n\t\t\tStipendien auf einen Blick\t<\/h2>\n\t\t$20K\n\t\t\t\t\tKosten von ASSIST pro Stipendiat\n\t\t87%\n\t\t\t\t\tder Studenten erhalten finanzielle Unterst\u00fctzung\n\t\t$13K\n\t\t\t\t\tDurchschnittliche Programmgeb\u00fchrenerm\u00e4\u00dfigung\n\t\t$10M\n\t\t\t\t\tj\u00e4hrlich an Stipendien vergeben\n\t\t40\n\t\t\t\t\tAnzahl der Studenten, die j\u00e4hrlich von Spendern Unterst\u00fctzung f\u00fcr zus\u00e4tzliche Ausgaben erhalten\n\t\t$373K\n\t\t\t\t\tH\u00f6he der erhaltenen zus\u00e4tzlichen Unterst\u00fctzung","protected":false},"excerpt":{"rendered":"<p>Gesch\u00e4tzte Kosten f\u00fcr Sch\u00fcler und Familien Jedes Jahr erhalten ASSIST Scholars ein Stipendium f\u00fcr eine f\u00fchrende nordamerikanische Privatschule. Diejenigen, denen das Sanderson-Stipendium zuerkannt wird, erhalten die volle Kosten\u00fcbernahme f\u00fcr das Schulgeld und die Unterbringung in einer freiwilligen amerikanischen Gastfamilie an Tagesschulen bzw. f\u00fcr Unterkunft und Verpflegung an Internaten - Kosten, die sich auf bis zu...<\/p>","protected":false},"author":2,"featured_media":0,"parent":27,"menu_order":6,"comment_status":"closed","ping_status":"closed","template":"","meta":{"_acf_changed":false,"inline_featured_image":false,"_monsterinsights_skip_tracking":false,"_monsterinsights_sitenote_active":false,"_monsterinsights_sitenote_note":"","_monsterinsights_sitenote_category":0,"footnotes":""},"class_list":["post-34","page","type-page","status-publish","hentry"],"acf":[],"yoast_head":"<!-- This site is optimized with the Yoast SEO plugin v27.2 - https:\/\/yoast.com\/product\/yoast-seo-wordpress\/ -->\n<title>Program Costs &amp; Financial Support | ASSIST Scholars<\/title>\n<meta name=\"description\" content=\"Learn more about Program Costs &amp; Financial Support on ASSIST Scholars. Check it out!\" \/>\n<meta name=\"robots\" content=\"index, follow, max-snippet:-1, max-image-preview:large, max-video-preview:-1\" \/>\n<link rel=\"canonical\" href=\"https:\/\/www.assistscholars.org\/de\/stipendium\/unterstutzend\/\" \/>\n<meta property=\"og:locale\" content=\"de_DE\" \/>\n<meta property=\"og:type\" content=\"article\" \/>\n<meta property=\"og:title\" content=\"Program Costs &amp; Financial Support | ASSIST Scholars\" \/>\n<meta property=\"og:description\" content=\"Learn more about Program Costs &amp; Financial Support on ASSIST Scholars. Check it out!\" \/>\n<meta property=\"og:url\" content=\"https:\/\/www.assistscholars.org\/de\/stipendium\/unterstutzend\/\" \/>\n<meta property=\"og:site_name\" content=\"ASSIST Scholars\" \/>\n<meta property=\"article:publisher\" content=\"https:\/\/www.facebook.com\/ASSISTscholars\" \/>\n<meta property=\"article:modified_time\" content=\"2026-02-27T18:14:36+00:00\" \/>\n<meta name=\"twitter:card\" content=\"summary_large_image\" \/>\n<meta name=\"twitter:label1\" content=\"Gesch\u00e4tzte Lesezeit\" \/>\n\t<meta name=\"twitter:data1\" content=\"1 Minute\" \/>\n<script type=\"application\/ld+json\" class=\"yoast-schema-graph\">{\"@context\":\"https:\/\/schema.org\",\"@graph\":[{\"@type\":\"WebPage\",\"@id\":\"https:\/\/www.assistscholars.org\/en\/scholarship\/affording-assist\/\",\"url\":\"https:\/\/www.assistscholars.org\/en\/scholarship\/affording-assist\/\",\"name\":\"Program Costs & Financial Support | ASSIST Scholars\",\"isPartOf\":{\"@id\":\"https:\/\/www.assistscholars.org\/#website\"},\"datePublished\":\"2023-11-28T18:14:58+00:00\",\"dateModified\":\"2026-02-27T18:14:36+00:00\",\"description\":\"Learn more about Program Costs & Financial Support on ASSIST Scholars. Check it out!\",\"breadcrumb\":{\"@id\":\"https:\/\/www.assistscholars.org\/en\/scholarship\/affording-assist\/#breadcrumb\"},\"inLanguage\":\"de-DE\",\"potentialAction\":[{\"@type\":\"ReadAction\",\"target\":[\"https:\/\/www.assistscholars.org\/en\/scholarship\/affording-assist\/\"]}]},{\"@type\":\"BreadcrumbList\",\"@id\":\"https:\/\/www.assistscholars.org\/en\/scholarship\/affording-assist\/#breadcrumb\",\"itemListElement\":[{\"@type\":\"ListItem\",\"position\":1,\"name\":\"Home\",\"item\":\"https:\/\/www.assistscholars.org\/\"},{\"@type\":\"ListItem\",\"position\":2,\"name\":\"Scholarship Program\",\"item\":\"https:\/\/www.assistscholars.org\/en\/scholarship\/\"},{\"@type\":\"ListItem\",\"position\":3,\"name\":\"Program Costs &#038; Financial Support\"}]},{\"@type\":\"WebSite\",\"@id\":\"https:\/\/www.assistscholars.org\/#website\",\"url\":\"https:\/\/www.assistscholars.org\/\",\"name\":\"ASSIST Scholars\",\"description\":\"Connecting America&#039;s finest schools with the world&#039;s leading scholars\",\"publisher\":{\"@id\":\"https:\/\/www.assistscholars.org\/#organization\"},\"alternateName\":\"Connecting America's finest schools with the world's leading scholars\",\"potentialAction\":[{\"@type\":\"SearchAction\",\"target\":{\"@type\":\"EntryPoint\",\"urlTemplate\":\"https:\/\/www.assistscholars.org\/?s={search_term_string}\"},\"query-input\":{\"@type\":\"PropertyValueSpecification\",\"valueRequired\":true,\"valueName\":\"search_term_string\"}}],\"inLanguage\":\"de-DE\"},{\"@type\":\"Organization\",\"@id\":\"https:\/\/www.assistscholars.org\/#organization\",\"name\":\"ASSIST Scholars\",\"alternateName\":\"Connecting exceptional international students with leading private high schools in North America\",\"url\":\"https:\/\/www.assistscholars.org\/\",\"logo\":{\"@type\":\"ImageObject\",\"inLanguage\":\"de-DE\",\"@id\":\"https:\/\/www.assistscholars.org\/#\/schema\/logo\/image\/\",\"url\":\"https:\/\/www.assistscholars.org\/wp-content\/uploads\/2025\/09\/logo-stacked.svg\",\"contentUrl\":\"https:\/\/www.assistscholars.org\/wp-content\/uploads\/2025\/09\/logo-stacked.svg\",\"width\":768,\"height\":768,\"caption\":\"ASSIST Scholars\"},\"image\":{\"@id\":\"https:\/\/www.assistscholars.org\/#\/schema\/logo\/image\/\"},\"sameAs\":[\"https:\/\/www.facebook.com\/ASSISTscholars\",\"https:\/\/www.instagram.com\/assistscholars\"]}]}<\/script>\n<!-- \/ Yoast SEO plugin. -->","yoast_head_json":{"title":"Programmkosten und finanzielle Unterst\u00fctzung | ASSIST-Stipendiaten","description":"Erfahren Sie mehr \u00fcber Programmkosten und finanzielle Unterst\u00fctzung auf ASSIST Scholars. Probieren Sie es aus!","robots":{"index":"index","follow":"follow","max-snippet":"max-snippet:-1","max-image-preview":"max-image-preview:large","max-video-preview":"max-video-preview:-1"},"canonical":"https:\/\/www.assistscholars.org\/de\/stipendium\/unterstutzend\/","og_locale":"de_DE","og_type":"article","og_title":"Program Costs & Financial Support | ASSIST Scholars","og_description":"Learn more about Program Costs & Financial Support on ASSIST Scholars. Check it out!","og_url":"https:\/\/www.assistscholars.org\/de\/stipendium\/unterstutzend\/","og_site_name":"ASSIST Scholars","article_publisher":"https:\/\/www.facebook.com\/ASSISTscholars","article_modified_time":"2026-02-27T18:14:36+00:00","twitter_card":"summary_large_image","twitter_misc":{"Gesch\u00e4tzte Lesezeit":"1 Minute"},"schema":{"@context":"https:\/\/schema.org","@graph":[{"@type":"WebPage","@id":"https:\/\/www.assistscholars.org\/en\/scholarship\/affording-assist\/","url":"https:\/\/www.assistscholars.org\/en\/scholarship\/affording-assist\/","name":"Programmkosten und finanzielle Unterst\u00fctzung | ASSIST-Stipendiaten","isPartOf":{"@id":"https:\/\/www.assistscholars.org\/#website"},"datePublished":"2023-11-28T18:14:58+00:00","dateModified":"2026-02-27T18:14:36+00:00","description":"Erfahren Sie mehr \u00fcber Programmkosten und finanzielle Unterst\u00fctzung auf ASSIST Scholars. Probieren Sie es aus!","breadcrumb":{"@id":"https:\/\/www.assistscholars.org\/en\/scholarship\/affording-assist\/#breadcrumb"},"inLanguage":"de-DE","potentialAction":[{"@type":"ReadAction","target":["https:\/\/www.assistscholars.org\/en\/scholarship\/affording-assist\/"]}]},{"@type":"BreadcrumbList","@id":"https:\/\/www.assistscholars.org\/en\/scholarship\/affording-assist\/#breadcrumb","itemListElement":[{"@type":"ListItem","position":1,"name":"Home","item":"https:\/\/www.assistscholars.org\/"},{"@type":"ListItem","position":2,"name":"Scholarship Program","item":"https:\/\/www.assistscholars.org\/en\/scholarship\/"},{"@type":"ListItem","position":3,"name":"Program Costs &#038; Financial Support"}]},{"@type":"WebSite","@id":"https:\/\/www.assistscholars.org\/#website","url":"https:\/\/www.assistscholars.org\/","name":"ASSIST-Stipendiaten","description":"Verbindung der besten Schulen Amerikas mit den f\u00fchrenden Wissenschaftlern der Welt","publisher":{"@id":"https:\/\/www.assistscholars.org\/#organization"},"alternateName":"Connecting America's finest schools with the world's leading scholars","potentialAction":[{"@type":"SearchAction","target":{"@type":"EntryPoint","urlTemplate":"https:\/\/www.assistscholars.org\/?s={search_term_string}"},"query-input":{"@type":"PropertyValueSpecification","valueRequired":true,"valueName":"search_term_string"}}],"inLanguage":"de-DE"},{"@type":"Organization","@id":"https:\/\/www.assistscholars.org\/#organization","name":"ASSIST-Stipendiaten","alternateName":"Connecting exceptional international students with leading private high schools in North America","url":"https:\/\/www.assistscholars.org\/","logo":{"@type":"ImageObject","inLanguage":"de-DE","@id":"https:\/\/www.assistscholars.org\/#\/schema\/logo\/image\/","url":"https:\/\/www.assistscholars.org\/wp-content\/uploads\/2025\/09\/logo-stacked.svg","contentUrl":"https:\/\/www.assistscholars.org\/wp-content\/uploads\/2025\/09\/logo-stacked.svg","width":768,"height":768,"caption":"ASSIST Scholars"},"image":{"@id":"https:\/\/www.assistscholars.org\/#\/schema\/logo\/image\/"},"sameAs":["https:\/\/www.facebook.com\/ASSISTscholars","https:\/\/www.instagram.com\/assistscholars"]}]}},"_links":{"self":[{"href":"https:\/\/www.assistscholars.org\/de\/wp-json\/wp\/v2\/pages\/34","targetHints":{"allow":["GET"]}}],"collection":[{"href":"https:\/\/www.assistscholars.org\/de\/wp-json\/wp\/v2\/pages"}],"about":[{"href":"https:\/\/www.assistscholars.org\/de\/wp-json\/wp\/v2\/types\/page"}],"author":[{"embeddable":true,"href":"https:\/\/www.assistscholars.org\/de\/wp-json\/wp\/v2\/users\/2"}],"replies":[{"embeddable":true,"href":"https:\/\/www.assistscholars.org\/de\/wp-json\/wp\/v2\/comments?post=34"}],"version-history":[{"count":0,"href":"https:\/\/www.assistscholars.org\/de\/wp-json\/wp\/v2\/pages\/34\/revisions"}],"up":[{"embeddable":true,"href":"https:\/\/www.assistscholars.org\/de\/wp-json\/wp\/v2\/pages\/27"}],"wp:attachment":[{"href":"https:\/\/www.assistscholars.org\/de\/wp-json\/wp\/v2\/media?parent=34"}],"curies":[{"name":"wp","href":"https:\/\/api.w.org\/{rel}","templated":true}]}}