{"id":56715,"date":"2024-05-01T14:27:50","date_gmt":"2024-05-01T14:27:50","guid":{"rendered":"https:\/\/assistscholars.wpenginepowered.com\/?page_id=56715"},"modified":"2025-10-13T09:16:53","modified_gmt":"2025-10-13T13:16:53","slug":"deutsche-geschichten","status":"publish","type":"page","link":"https:\/\/www.assistscholars.org\/de\/spenden\/deutsche-geschichten\/","title":{"rendered":"Zeugnisse deutscher Studenten"},"content":{"rendered":"<span><span><a href=\"https:\/\/www.assistscholars.org\/de\/\">Startseite<\/a><\/span><\/span>\n\n\t<h2>Die ASSIST Scholars kommen aus vielen verschiedenen L\u00e4ndern und besuchen unendlich viele unterschiedliche Schulen. Aber sie sind sich alle einig: Ihr Auslandsjahr ver\u00e4ndert ihr Leben.<\/h2>\n<h2>\n\t\tWas unsere Sch\u00fcler \u00fcber ihr lebensver\u00e4nderndes ASSIST-Jahr sagen\n\t<\/h2>","protected":false},"excerpt":{"rendered":"<p>Die ASSIST Scholars kommen aus vielen verschiedenen L\u00e4ndern und besuchen unendlich viele unterschiedliche Schulen. Aber sie sind sich alle einig: Ihr Auslandsjahr ver\u00e4ndert ihr Leben. Was unsere Sch\u00fcler \u00fcber ihr lebensver\u00e4nderndes ASSIST-Jahr sagen<\/p>","protected":false},"author":2,"featured_media":0,"parent":844,"menu_order":4,"comment_status":"closed","ping_status":"open","template":"","meta":{"_acf_changed":false,"inline_featured_image":false,"_monsterinsights_skip_tracking":false,"_monsterinsights_sitenote_active":false,"_monsterinsights_sitenote_note":"","_monsterinsights_sitenote_category":0,"footnotes":""},"class_list":["post-56715","page","type-page","status-publish","hentry"],"acf":[],"yoast_head":"<!-- This site is optimized with the Yoast SEO plugin v27.4 - https:\/\/yoast.com\/product\/yoast-seo-wordpress\/ -->\n<title>German Student Testimonials | ASSIST Scholars<\/title>\n<meta name=\"description\" content=\"Learn more about German Student Testimonials on ASSIST Scholars. Check it out!\" \/>\n<meta name=\"robots\" content=\"index, follow, max-snippet:-1, max-image-preview:large, max-video-preview:-1\" \/>\n<link rel=\"canonical\" href=\"https:\/\/www.assistscholars.org\/de\/spenden\/deutsche-geschichten\/\" \/>\n<meta property=\"og:locale\" content=\"de_DE\" \/>\n<meta property=\"og:type\" content=\"article\" \/>\n<meta property=\"og:title\" content=\"German Student Testimonials | ASSIST Scholars\" \/>\n<meta property=\"og:description\" content=\"Learn more about German Student Testimonials on ASSIST Scholars. Check it out!\" \/>\n<meta property=\"og:url\" content=\"https:\/\/www.assistscholars.org\/de\/spenden\/deutsche-geschichten\/\" \/>\n<meta property=\"og:site_name\" content=\"ASSIST Scholars\" \/>\n<meta property=\"article:publisher\" content=\"https:\/\/www.facebook.com\/ASSISTscholars\" \/>\n<meta property=\"article:modified_time\" content=\"2025-10-13T13:16:53+00:00\" \/>\n<meta name=\"twitter:card\" content=\"summary_large_image\" \/>\n<meta name=\"twitter:label1\" content=\"Gesch\u00e4tzte Lesezeit\" \/>\n\t<meta name=\"twitter:data1\" content=\"1 Minute\" \/>\n<script type=\"application\/ld+json\" class=\"yoast-schema-graph\">{\"@context\":\"https:\\\/\\\/schema.org\",\"@graph\":[{\"@type\":\"WebPage\",\"@id\":\"https:\\\/\\\/www.assistscholars.org\\\/spenden\\\/deutsche-geschichten\\\/\",\"url\":\"https:\\\/\\\/www.assistscholars.org\\\/spenden\\\/deutsche-geschichten\\\/\",\"name\":\"German Student Testimonials | ASSIST Scholars\",\"isPartOf\":{\"@id\":\"https:\\\/\\\/www.assistscholars.org\\\/#website\"},\"datePublished\":\"2024-05-01T14:27:50+00:00\",\"dateModified\":\"2025-10-13T13:16:53+00:00\",\"description\":\"Learn more about German Student Testimonials on ASSIST Scholars. Check it out!\",\"breadcrumb\":{\"@id\":\"https:\\\/\\\/www.assistscholars.org\\\/spenden\\\/deutsche-geschichten\\\/#breadcrumb\"},\"inLanguage\":\"de-DE\",\"potentialAction\":[{\"@type\":\"ReadAction\",\"target\":[\"https:\\\/\\\/www.assistscholars.org\\\/spenden\\\/deutsche-geschichten\\\/\"]}]},{\"@type\":\"BreadcrumbList\",\"@id\":\"https:\\\/\\\/www.assistscholars.org\\\/spenden\\\/deutsche-geschichten\\\/#breadcrumb\",\"itemListElement\":[{\"@type\":\"ListItem\",\"position\":1,\"name\":\"Home\",\"item\":\"https:\\\/\\\/www.assistscholars.org\\\/\"},{\"@type\":\"ListItem\",\"position\":2,\"name\":\"Spenden &#038; Helfen\",\"item\":\"https:\\\/\\\/www.assistscholars.org\\\/spenden\\\/\"},{\"@type\":\"ListItem\",\"position\":3,\"name\":\"German Student Testimonials\"}]},{\"@type\":\"WebSite\",\"@id\":\"https:\\\/\\\/www.assistscholars.org\\\/#website\",\"url\":\"https:\\\/\\\/www.assistscholars.org\\\/\",\"name\":\"ASSIST Scholars\",\"description\":\"Connecting America&#039;s finest schools with the world&#039;s leading scholars\",\"publisher\":{\"@id\":\"https:\\\/\\\/www.assistscholars.org\\\/#organization\"},\"alternateName\":\"Connecting America's finest schools with the world's leading scholars\",\"potentialAction\":[{\"@type\":\"SearchAction\",\"target\":{\"@type\":\"EntryPoint\",\"urlTemplate\":\"https:\\\/\\\/www.assistscholars.org\\\/?s={search_term_string}\"},\"query-input\":{\"@type\":\"PropertyValueSpecification\",\"valueRequired\":true,\"valueName\":\"search_term_string\"}}],\"inLanguage\":\"de-DE\"},{\"@type\":\"Organization\",\"@id\":\"https:\\\/\\\/www.assistscholars.org\\\/#organization\",\"name\":\"ASSIST Scholars\",\"alternateName\":\"Connecting exceptional international students with leading private high schools in North America\",\"url\":\"https:\\\/\\\/www.assistscholars.org\\\/\",\"logo\":{\"@type\":\"ImageObject\",\"inLanguage\":\"de-DE\",\"@id\":\"https:\\\/\\\/www.assistscholars.org\\\/#\\\/schema\\\/logo\\\/image\\\/\",\"url\":\"https:\\\/\\\/www.assistscholars.org\\\/wp-content\\\/uploads\\\/2025\\\/09\\\/logo-stacked.svg\",\"contentUrl\":\"https:\\\/\\\/www.assistscholars.org\\\/wp-content\\\/uploads\\\/2025\\\/09\\\/logo-stacked.svg\",\"width\":768,\"height\":768,\"caption\":\"ASSIST Scholars\"},\"image\":{\"@id\":\"https:\\\/\\\/www.assistscholars.org\\\/#\\\/schema\\\/logo\\\/image\\\/\"},\"sameAs\":[\"https:\\\/\\\/www.facebook.com\\\/ASSISTscholars\",\"https:\\\/\\\/www.instagram.com\\\/assistscholars\"]}]}<\/script>\n<!-- \/ Yoast SEO plugin. -->","yoast_head_json":{"title":"Erfahrungsberichte von deutschen Studenten | ASSIST Scholars","description":"Erfahren Sie mehr \u00fcber German Student Testimonials auf ASSIST Scholars. Probieren Sie es aus!","robots":{"index":"index","follow":"follow","max-snippet":"max-snippet:-1","max-image-preview":"max-image-preview:large","max-video-preview":"max-video-preview:-1"},"canonical":"https:\/\/www.assistscholars.org\/de\/spenden\/deutsche-geschichten\/","og_locale":"de_DE","og_type":"article","og_title":"German Student Testimonials | ASSIST Scholars","og_description":"Learn more about German Student Testimonials on ASSIST Scholars. Check it out!","og_url":"https:\/\/www.assistscholars.org\/de\/spenden\/deutsche-geschichten\/","og_site_name":"ASSIST Scholars","article_publisher":"https:\/\/www.facebook.com\/ASSISTscholars","article_modified_time":"2025-10-13T13:16:53+00:00","twitter_card":"summary_large_image","twitter_misc":{"Gesch\u00e4tzte Lesezeit":"1 Minute"},"schema":{"@context":"https:\/\/schema.org","@graph":[{"@type":"WebPage","@id":"https:\/\/www.assistscholars.org\/spenden\/deutsche-geschichten\/","url":"https:\/\/www.assistscholars.org\/spenden\/deutsche-geschichten\/","name":"Erfahrungsberichte von deutschen Studenten | ASSIST Scholars","isPartOf":{"@id":"https:\/\/www.assistscholars.org\/#website"},"datePublished":"2024-05-01T14:27:50+00:00","dateModified":"2025-10-13T13:16:53+00:00","description":"Erfahren Sie mehr \u00fcber German Student Testimonials auf ASSIST Scholars. Probieren Sie es aus!","breadcrumb":{"@id":"https:\/\/www.assistscholars.org\/spenden\/deutsche-geschichten\/#breadcrumb"},"inLanguage":"de-DE","potentialAction":[{"@type":"ReadAction","target":["https:\/\/www.assistscholars.org\/spenden\/deutsche-geschichten\/"]}]},{"@type":"BreadcrumbList","@id":"https:\/\/www.assistscholars.org\/spenden\/deutsche-geschichten\/#breadcrumb","itemListElement":[{"@type":"ListItem","position":1,"name":"Home","item":"https:\/\/www.assistscholars.org\/"},{"@type":"ListItem","position":2,"name":"Spenden &#038; Helfen","item":"https:\/\/www.assistscholars.org\/spenden\/"},{"@type":"ListItem","position":3,"name":"German Student Testimonials"}]},{"@type":"WebSite","@id":"https:\/\/www.assistscholars.org\/#website","url":"https:\/\/www.assistscholars.org\/","name":"ASSIST-Stipendiaten","description":"Verbindung der besten Schulen Amerikas mit den f\u00fchrenden Wissenschaftlern der Welt","publisher":{"@id":"https:\/\/www.assistscholars.org\/#organization"},"alternateName":"Connecting America's finest schools with the world's leading scholars","potentialAction":[{"@type":"SearchAction","target":{"@type":"EntryPoint","urlTemplate":"https:\/\/www.assistscholars.org\/?s={search_term_string}"},"query-input":{"@type":"PropertyValueSpecification","valueRequired":true,"valueName":"search_term_string"}}],"inLanguage":"de-DE"},{"@type":"Organization","@id":"https:\/\/www.assistscholars.org\/#organization","name":"ASSIST-Stipendiaten","alternateName":"Connecting exceptional international students with leading private high schools in North America","url":"https:\/\/www.assistscholars.org\/","logo":{"@type":"ImageObject","inLanguage":"de-DE","@id":"https:\/\/www.assistscholars.org\/#\/schema\/logo\/image\/","url":"https:\/\/www.assistscholars.org\/wp-content\/uploads\/2025\/09\/logo-stacked.svg","contentUrl":"https:\/\/www.assistscholars.org\/wp-content\/uploads\/2025\/09\/logo-stacked.svg","width":768,"height":768,"caption":"ASSIST Scholars"},"image":{"@id":"https:\/\/www.assistscholars.org\/#\/schema\/logo\/image\/"},"sameAs":["https:\/\/www.facebook.com\/ASSISTscholars","https:\/\/www.instagram.com\/assistscholars"]}]}},"_links":{"self":[{"href":"https:\/\/www.assistscholars.org\/de\/wp-json\/wp\/v2\/pages\/56715","targetHints":{"allow":["GET"]}}],"collection":[{"href":"https:\/\/www.assistscholars.org\/de\/wp-json\/wp\/v2\/pages"}],"about":[{"href":"https:\/\/www.assistscholars.org\/de\/wp-json\/wp\/v2\/types\/page"}],"author":[{"embeddable":true,"href":"https:\/\/www.assistscholars.org\/de\/wp-json\/wp\/v2\/users\/2"}],"replies":[{"embeddable":true,"href":"https:\/\/www.assistscholars.org\/de\/wp-json\/wp\/v2\/comments?post=56715"}],"version-history":[{"count":0,"href":"https:\/\/www.assistscholars.org\/de\/wp-json\/wp\/v2\/pages\/56715\/revisions"}],"up":[{"embeddable":true,"href":"https:\/\/www.assistscholars.org\/de\/wp-json\/wp\/v2\/pages\/844"}],"wp:attachment":[{"href":"https:\/\/www.assistscholars.org\/de\/wp-json\/wp\/v2\/media?parent=56715"}],"curies":[{"name":"wp","href":"https:\/\/api.w.org\/{rel}","templated":true}]}}