{"id":57898,"date":"2025-08-28T19:03:41","date_gmt":"2025-08-28T23:03:41","guid":{"rendered":"https:\/\/www.assistscholars.org\/?page_id=57898"},"modified":"2025-09-18T09:54:10","modified_gmt":"2025-09-18T13:54:10","slug":"wirkungsgeschichten","status":"publish","type":"page","link":"https:\/\/www.assistscholars.org\/de\/schools\/impact-stories\/","title":{"rendered":"Geschichten \u00fcber Auswirkungen"},"content":{"rendered":"<span><span><a href=\"https:\/\/www.assistscholars.org\/de\/\">Startseite<\/a><\/span><\/span>\n<h2>\n\t\t\tDie Wirkung von ASSIST: In ihren Worten\t<\/h2>\n\t<p>Die ASSIST-Erfahrung ist mehr als ein Stipendium; sie ist eine lebensver\u00e4ndernde Reise. Hier sind die Stimmen unserer Stipendiaten, Alumni und Schulen, die \u00fcber die Auswirkungen eines einzigen Jahres im Ausland berichten.<\/p>\n<h2>\n\t\tASSIST Scholars\n\t\tEinfluss auf ihren Campus nehmen\n\t\t\t\t<\/h2>\t\n\t<a href=\"\/de\/stipendium\/\" role=\"button\">\n  Sehen Sie, wohin ein ASSIST-Jahr Sie f\u00fchren kann\n<\/a>\n<h2>\n\t\tASSIST-Absolventen\n\t\tAu\u00dfergew\u00f6hnliche F\u00fchrungskr\u00e4fte, die den Wandel zum Guten vorantreiben.\n\t\t\t\t<\/h2>\t\n<h2>\n\t\tASSIST-Mitgliedsschulen\n\t\tMit unserer Partnerschaft etwas bewirken\n\t\t\t\t<\/h2>\t\n\t<p>Schlie\u00dfen Sie sich den Mitgliedsschulen an, die diese Chance durch ASSIST-Stipendiaten in eine lebenslange Wirkung verwandeln.<\/p>\n<p><strong>Bill Mena<\/strong><\/p>\n<p><strong>Director of School Relations<\/strong><\/p>\n<p><a href=\"mailto:william@assistscholars.org\">william@assistscholars.org<\/a><\/p>\n\t<a href=\"https:\/\/calendly.com\/william-assistscholars\/30min \" role=\"button\">\n  Termin f\u00fcr ein Treffen mit Bill\n<\/a>","protected":false},"excerpt":{"rendered":"<p>Die Wirkung von ASSIST: In ihren Worten Die ASSIST-Erfahrung ist mehr als ein Stipendium; sie ist eine lebensver\u00e4ndernde Reise. Hier sind die Stimmen unserer Stipendiaten, Alumni und Schulen, die \u00fcber die Auswirkungen eines einzigen Auslandsjahres berichten. ASSIST Scholars Einfluss auf den Campus Sehen Sie, wohin ein ASSIST-Jahr Sie f\u00fchren kann ASSIST Alumni Au\u00dfergew\u00f6hnliche...<\/p>","protected":false},"author":2,"featured_media":0,"parent":36,"menu_order":0,"comment_status":"closed","ping_status":"closed","template":"","meta":{"_acf_changed":false,"inline_featured_image":false,"_monsterinsights_skip_tracking":false,"_monsterinsights_sitenote_active":false,"_monsterinsights_sitenote_note":"","_monsterinsights_sitenote_category":0,"footnotes":""},"class_list":["post-57898","page","type-page","status-publish","hentry"],"acf":[],"yoast_head":"<!-- This site is optimized with the Yoast SEO plugin v27.4 - https:\/\/yoast.com\/product\/yoast-seo-wordpress\/ -->\n<title>Impact Stories | ASSIST Scholars<\/title>\n<meta name=\"description\" content=\"Learn more about Impact Stories on ASSIST Scholars. Check it out!\" \/>\n<meta name=\"robots\" content=\"index, follow, max-snippet:-1, max-image-preview:large, max-video-preview:-1\" \/>\n<link rel=\"canonical\" href=\"https:\/\/www.assistscholars.org\/de\/schulen\/wirkungsgeschichten\/\" \/>\n<meta property=\"og:locale\" content=\"de_DE\" \/>\n<meta property=\"og:type\" content=\"article\" \/>\n<meta property=\"og:title\" content=\"Impact Stories | ASSIST Scholars\" \/>\n<meta property=\"og:description\" content=\"Learn more about Impact Stories on ASSIST Scholars. Check it out!\" \/>\n<meta property=\"og:url\" content=\"https:\/\/www.assistscholars.org\/de\/schulen\/wirkungsgeschichten\/\" \/>\n<meta property=\"og:site_name\" content=\"ASSIST Scholars\" \/>\n<meta property=\"article:publisher\" content=\"https:\/\/www.facebook.com\/ASSISTscholars\" \/>\n<meta property=\"article:modified_time\" content=\"2025-09-18T13:54:10+00:00\" \/>\n<meta name=\"twitter:card\" content=\"summary_large_image\" \/>\n<script type=\"application\/ld+json\" class=\"yoast-schema-graph\">{\"@context\":\"https:\\\/\\\/schema.org\",\"@graph\":[{\"@type\":\"WebPage\",\"@id\":\"https:\\\/\\\/www.assistscholars.org\\\/schools\\\/impact-stories\\\/\",\"url\":\"https:\\\/\\\/www.assistscholars.org\\\/schools\\\/impact-stories\\\/\",\"name\":\"Impact Stories | ASSIST Scholars\",\"isPartOf\":{\"@id\":\"https:\\\/\\\/www.assistscholars.org\\\/#website\"},\"datePublished\":\"2025-08-28T23:03:41+00:00\",\"dateModified\":\"2025-09-18T13:54:10+00:00\",\"description\":\"Learn more about Impact Stories on ASSIST Scholars. Check it out!\",\"breadcrumb\":{\"@id\":\"https:\\\/\\\/www.assistscholars.org\\\/schools\\\/impact-stories\\\/#breadcrumb\"},\"inLanguage\":\"de-DE\",\"potentialAction\":[{\"@type\":\"ReadAction\",\"target\":[\"https:\\\/\\\/www.assistscholars.org\\\/schools\\\/impact-stories\\\/\"]}]},{\"@type\":\"BreadcrumbList\",\"@id\":\"https:\\\/\\\/www.assistscholars.org\\\/schools\\\/impact-stories\\\/#breadcrumb\",\"itemListElement\":[{\"@type\":\"ListItem\",\"position\":1,\"name\":\"Home\",\"item\":\"https:\\\/\\\/www.assistscholars.org\\\/\"},{\"@type\":\"ListItem\",\"position\":2,\"name\":\"Our School Network\",\"item\":\"https:\\\/\\\/www.assistscholars.org\\\/schools\\\/\"},{\"@type\":\"ListItem\",\"position\":3,\"name\":\"Impact Stories\"}]},{\"@type\":\"WebSite\",\"@id\":\"https:\\\/\\\/www.assistscholars.org\\\/#website\",\"url\":\"https:\\\/\\\/www.assistscholars.org\\\/\",\"name\":\"ASSIST Scholars\",\"description\":\"Connecting America&#039;s finest schools with the world&#039;s leading scholars\",\"publisher\":{\"@id\":\"https:\\\/\\\/www.assistscholars.org\\\/#organization\"},\"alternateName\":\"Connecting America's finest schools with the world's leading scholars\",\"potentialAction\":[{\"@type\":\"SearchAction\",\"target\":{\"@type\":\"EntryPoint\",\"urlTemplate\":\"https:\\\/\\\/www.assistscholars.org\\\/?s={search_term_string}\"},\"query-input\":{\"@type\":\"PropertyValueSpecification\",\"valueRequired\":true,\"valueName\":\"search_term_string\"}}],\"inLanguage\":\"de-DE\"},{\"@type\":\"Organization\",\"@id\":\"https:\\\/\\\/www.assistscholars.org\\\/#organization\",\"name\":\"ASSIST Scholars\",\"alternateName\":\"Connecting exceptional international students with leading private high schools in North America\",\"url\":\"https:\\\/\\\/www.assistscholars.org\\\/\",\"logo\":{\"@type\":\"ImageObject\",\"inLanguage\":\"de-DE\",\"@id\":\"https:\\\/\\\/www.assistscholars.org\\\/#\\\/schema\\\/logo\\\/image\\\/\",\"url\":\"https:\\\/\\\/www.assistscholars.org\\\/wp-content\\\/uploads\\\/2025\\\/09\\\/logo-stacked.svg\",\"contentUrl\":\"https:\\\/\\\/www.assistscholars.org\\\/wp-content\\\/uploads\\\/2025\\\/09\\\/logo-stacked.svg\",\"width\":768,\"height\":768,\"caption\":\"ASSIST Scholars\"},\"image\":{\"@id\":\"https:\\\/\\\/www.assistscholars.org\\\/#\\\/schema\\\/logo\\\/image\\\/\"},\"sameAs\":[\"https:\\\/\\\/www.facebook.com\\\/ASSISTscholars\",\"https:\\\/\\\/www.instagram.com\\\/assistscholars\"]}]}<\/script>\n<!-- \/ Yoast SEO plugin. -->","yoast_head_json":{"title":"Wirkungsgeschichten | ASSIST-Stipendiaten","description":"Erfahren Sie mehr \u00fcber Impact Stories auf ASSIST Scholars. Probieren Sie es aus!","robots":{"index":"index","follow":"follow","max-snippet":"max-snippet:-1","max-image-preview":"max-image-preview:large","max-video-preview":"max-video-preview:-1"},"canonical":"https:\/\/www.assistscholars.org\/de\/schulen\/wirkungsgeschichten\/","og_locale":"de_DE","og_type":"article","og_title":"Impact Stories | ASSIST Scholars","og_description":"Learn more about Impact Stories on ASSIST Scholars. Check it out!","og_url":"https:\/\/www.assistscholars.org\/de\/schulen\/wirkungsgeschichten\/","og_site_name":"ASSIST Scholars","article_publisher":"https:\/\/www.facebook.com\/ASSISTscholars","article_modified_time":"2025-09-18T13:54:10+00:00","twitter_card":"summary_large_image","schema":{"@context":"https:\/\/schema.org","@graph":[{"@type":"WebPage","@id":"https:\/\/www.assistscholars.org\/schools\/impact-stories\/","url":"https:\/\/www.assistscholars.org\/schools\/impact-stories\/","name":"Wirkungsgeschichten | ASSIST-Stipendiaten","isPartOf":{"@id":"https:\/\/www.assistscholars.org\/#website"},"datePublished":"2025-08-28T23:03:41+00:00","dateModified":"2025-09-18T13:54:10+00:00","description":"Erfahren Sie mehr \u00fcber Impact Stories auf ASSIST Scholars. Probieren Sie es aus!","breadcrumb":{"@id":"https:\/\/www.assistscholars.org\/schools\/impact-stories\/#breadcrumb"},"inLanguage":"de-DE","potentialAction":[{"@type":"ReadAction","target":["https:\/\/www.assistscholars.org\/schools\/impact-stories\/"]}]},{"@type":"BreadcrumbList","@id":"https:\/\/www.assistscholars.org\/schools\/impact-stories\/#breadcrumb","itemListElement":[{"@type":"ListItem","position":1,"name":"Home","item":"https:\/\/www.assistscholars.org\/"},{"@type":"ListItem","position":2,"name":"Our School Network","item":"https:\/\/www.assistscholars.org\/schools\/"},{"@type":"ListItem","position":3,"name":"Impact Stories"}]},{"@type":"WebSite","@id":"https:\/\/www.assistscholars.org\/#website","url":"https:\/\/www.assistscholars.org\/","name":"ASSIST-Stipendiaten","description":"Verbindung der besten Schulen Amerikas mit den f\u00fchrenden Wissenschaftlern der Welt","publisher":{"@id":"https:\/\/www.assistscholars.org\/#organization"},"alternateName":"Connecting America's finest schools with the world's leading scholars","potentialAction":[{"@type":"SearchAction","target":{"@type":"EntryPoint","urlTemplate":"https:\/\/www.assistscholars.org\/?s={search_term_string}"},"query-input":{"@type":"PropertyValueSpecification","valueRequired":true,"valueName":"search_term_string"}}],"inLanguage":"de-DE"},{"@type":"Organization","@id":"https:\/\/www.assistscholars.org\/#organization","name":"ASSIST-Stipendiaten","alternateName":"Connecting exceptional international students with leading private high schools in North America","url":"https:\/\/www.assistscholars.org\/","logo":{"@type":"ImageObject","inLanguage":"de-DE","@id":"https:\/\/www.assistscholars.org\/#\/schema\/logo\/image\/","url":"https:\/\/www.assistscholars.org\/wp-content\/uploads\/2025\/09\/logo-stacked.svg","contentUrl":"https:\/\/www.assistscholars.org\/wp-content\/uploads\/2025\/09\/logo-stacked.svg","width":768,"height":768,"caption":"ASSIST Scholars"},"image":{"@id":"https:\/\/www.assistscholars.org\/#\/schema\/logo\/image\/"},"sameAs":["https:\/\/www.facebook.com\/ASSISTscholars","https:\/\/www.instagram.com\/assistscholars"]}]}},"_links":{"self":[{"href":"https:\/\/www.assistscholars.org\/de\/wp-json\/wp\/v2\/pages\/57898","targetHints":{"allow":["GET"]}}],"collection":[{"href":"https:\/\/www.assistscholars.org\/de\/wp-json\/wp\/v2\/pages"}],"about":[{"href":"https:\/\/www.assistscholars.org\/de\/wp-json\/wp\/v2\/types\/page"}],"author":[{"embeddable":true,"href":"https:\/\/www.assistscholars.org\/de\/wp-json\/wp\/v2\/users\/2"}],"replies":[{"embeddable":true,"href":"https:\/\/www.assistscholars.org\/de\/wp-json\/wp\/v2\/comments?post=57898"}],"version-history":[{"count":0,"href":"https:\/\/www.assistscholars.org\/de\/wp-json\/wp\/v2\/pages\/57898\/revisions"}],"up":[{"embeddable":true,"href":"https:\/\/www.assistscholars.org\/de\/wp-json\/wp\/v2\/pages\/36"}],"wp:attachment":[{"href":"https:\/\/www.assistscholars.org\/de\/wp-json\/wp\/v2\/media?parent=57898"}],"curies":[{"name":"wp","href":"https:\/\/api.w.org\/{rel}","templated":true}]}}