{"id":28,"date":"2023-11-28T18:14:58","date_gmt":"2023-11-28T18:14:58","guid":{"rendered":"https:\/\/assistscholars.wpenginepowered.com\/?page_id=28"},"modified":"2026-02-23T11:07:16","modified_gmt":"2026-02-23T16:07:16","slug":"aplicar","status":"publish","type":"page","link":"https:\/\/www.assistscholars.org\/es\/scholarship\/apply\/","title":{"rendered":"C\u00f3mo solicitarlo"},"content":{"rendered":"<span><span><a href=\"https:\/\/www.assistscholars.org\/es\/\">Inicio<\/a><\/span><\/span>\n<h2>\n\t\t\tASSIST Scholars\u2019 Criterios del candidato\t<\/h2>\n\t\t<iframe loading=\"lazy\" title=\"ASSIST: \u00bfPodr\u00edas ser becario ASSIST?\" width=\"500\" height=\"281\" src=\"https:\/\/www.youtube.com\/embed\/FJU8ceodjpA?feature=oembed\" frameborder=\"0\" allow=\"accelerometer; autoplay; clipboard-write; encrypted-media; gyroscope; picture-in-picture; web-share\" referrerpolicy=\"strict-origin-when-cross-origin\" allowfullscreen><\/iframe>\t\n<h3>\n\t\t\tPrincipalmente, nuestros candidatos a beca son:\t<\/h3>\n\t<ul> \t\n<li>10\u00ba y 11\u00ba curso (aunque hay algunas oportunidades para alumnos de 12\u00ba curso y postgraduados)<\/li>\n\n<li>Dominio del ingl\u00e9s<\/li>\n\n<li>Podr\u00e1n estudiar en EE.UU. durante 10 meses y luego regresar a su pa\u00eds de origen<\/li>\n\n<li>Un impulso \u00fanico como estudiantes y miembros comprometidos de la comunidad<\/li>\n\n<li>Desde cualquier pa\u00eds fuera de EE.UU.<\/li>\n<\/ul>\n\t<p><strong>Si cumple estos criterios, le animamos a que <a href=\"https:\/\/assistscholars.fsenrollment.com\/users\/sign_in\">comenzar nuestra solicitud<\/a> proceso. Nuestra solicitud se abre anualmente en julio. <a href=\"https:\/\/www.assistscholars.org\/es\/beca\/lugares\/\">Visite la p\u00e1gina de su pa\u00eds<\/a> para saber m\u00e1s sobre ASSIST en su pa\u00eds o regi\u00f3n:<\/strong><\/p>\n<h2>\n\t\t\tProceso de solicitud\t<\/h2>\n<figure data-animation-delay=\"0\" data-animation-duration=\"1\" itemscope itemtype=\"https:\/\/schema.org\/ImageObject\">\n\t\t\t\t<img decoding=\"async\" src=\"https:\/\/assistscholars.org\/wp-content\/uploads\/2024\/04\/how-to-apply-1.jpg\" alt=\"foto de tres ni\u00f1as alemanas en un internado\" title=\"c\u00f3mo solicitarlo\" onerror=\"this.style.display='none'\" loading=\"lazy\" \/>\n\t<\/figure>\n\t\t<h3>Las solicitudes para el curso escolar 2026-2027 ya est\u00e1n cerradas<\/h3><p>El plazo inicial para la solicitud de becas para los cursos 26-27 ya ha finalizado. La solicitud para el a\u00f1o escolar 27-28 se abrir\u00e1 a m\u00e1s tardar en agosto de 2026.<\/p>\n\t<h3><b>Paso 1: Solicitud y expediente acad\u00e9mico<\/b><\/h3>\n<p>Acceda a nuestro<a href=\"https:\/\/assistscholars.fsenrollment.com\/users\/sign_in\"> portal de aplicaciones<\/a> cumplimentar y presentar estos impresos de solicitud, que ser\u00e1n revisados para determinar a qui\u00e9n se pedir\u00e1 que pase a la siguiente fase del concurso:<\/p>\n<ul>\n<li><b>Formulario de solicitud en l\u00ednea de ASSIST<\/b>: incluye informaci\u00f3n de contacto, datos biogr\u00e1ficos y algunas preguntas de redacci\u00f3n de respuesta corta.<\/li>\n<li><b>Expediente(s) acad\u00e9mico(s): <\/b>Expediente acad\u00e9mico completo del curso anterior y expediente acad\u00e9mico parcial del curso en curso, si est\u00e1 disponible. En esta fase, una copia de tu expediente acad\u00e9mico es todo lo que se necesita.\n<ul>\n<li>Los ganadores de la beca que acepten nuestra oferta presentar\u00e1n los expedientes acad\u00e9micos oficiales en marzo.<\/li>\n<\/ul>\n<\/li>\n<\/ul>\n\t<p><strong>Fechas l\u00edmite para la solicitud prioritaria:<\/strong><\/p>\n<ul>\n<li aria-level=\"1\">1 de noviembre: Alemania y Suiza<\/li>\n<li aria-level=\"1\">28 de noviembre: Austria y Eslovaquia<\/li>\n<li aria-level=\"1\">1 de diciembre: Todos los dem\u00e1s pa\u00edses<\/li>\n<\/ul>\n<p>ASSIST revisar\u00e1 estos materiales y, poco despu\u00e9s de que finalice el plazo de presentaci\u00f3n de solicitudes, comunicar\u00e1 a los candidatos si pasan a la Fase 2 del concurso.<\/p>\n\t<h3><b>Paso 2: Recomendaciones de los profesores, declaraci\u00f3n de los padres, fotos y conocimiento de idiomas<\/b><\/h3>\n<p>Para los elegidos para avanzar, estos materiales adicionales en la lista de verificaci\u00f3n de la solicitud de ASSIST son necesarios y se utilizar\u00e1n para determinar qui\u00e9n ser\u00e1 nombrado finalista de la beca:<\/p>\n<ul>\n<li aria-level=\"1\">Recomendaciones de un profesor de ingl\u00e9s, un profesor de matem\u00e1ticas y otro profesor o administrador escolar.<\/li>\n<li aria-level=\"1\">A trav\u00e9s de nuestra \u201cDeclaraci\u00f3n de los padres\u201d, pedimos que los padres o tutores respondan a tres preguntas sobre el solicitante.<\/li>\n<li aria-level=\"1\">Fotos de los solicitantes<\/li>\n<\/ul>\n<p>Aquellos cuya lengua materna no sea el ingl\u00e9s ser\u00e1n invitados por ASSIST a realizar el test de ingl\u00e9s de Duolingo.<\/p>\n<p><b>Paso 2 Plazos de los elementos requeridos:<\/b><\/p>\n<ul>\n<li aria-level=\"1\">1 de diciembre: Alemania y Suiza<\/li>\n<li aria-level=\"1\">15 de diciembre: Austria y Eslovaquia<\/li>\n<li aria-level=\"1\">21 de diciembre: Todos los dem\u00e1s pa\u00edses<\/li>\n<\/ul>\n<p>ASSIST revisar\u00e1 estos materiales para determinar los finalistas de las becas.<\/p>\n<h3><b>Paso 3: Entrevista<\/b><\/h3>\n<p>Los finalistas de las becas ser\u00e1n invitados a una entrevista con ASSIST. La mayor\u00eda de las entrevistas se realizan en persona en el pa\u00eds de origen del candidato. Para algunos, la entrevista se realizar\u00e1 virtualmente.<\/p>\n<ul>\n<li aria-level=\"1\">Del 17 al 21 de noviembre: Alemania y Suiza (en persona en Alemania)<\/li>\n<li aria-level=\"1\">Diciembre y enero: Todos los dem\u00e1s pa\u00edses (muchos en persona, algunos virtuales)<\/li>\n<\/ul>\n<h3><b>Paso 4: Selecci\u00f3n y notificaci\u00f3n<\/b><\/h3>\n<p>A todos los finalistas se les notifica el estado de su solicitud en enero y febrero. Los estudiantes a los que no se ofrezca una beca pueden ser inscritos en una lista de espera. Nuestra lista de espera se cierra en abril.<\/p>\n<h3><b>Paso 5: Ubicaci\u00f3n en la escuela<\/b><\/h3>\n<p>Una vez matriculados, los estudiantes son asignados por ASSIST a una de nuestras escuelas miembro norteamericanas. Los nuevos becarios ASSIST son notificados de su asignaci\u00f3n en marzo y abril.<\/p>\n\t<p><strong>Para m\u00e1s informaci\u00f3n, visite la p\u00e1gina de su pa\u00eds o regi\u00f3n:<\/strong><\/p>\n<h2>\n\t\t\tResponsabilidades financieras de las familias de ASSIST\t<\/h2>\n\t<p>Para m\u00e1s informaci\u00f3n sobre los compromisos financieros de una beca ASSIST, consulte nuestro <a href=\"\/es\/prestar-asistencia\/\">Costes del programa y ayuda financiera<\/a>.<\/p>","protected":false},"excerpt":{"rendered":"<p>ASSIST Scholars\u2019 Criterios de los candidatos Principalmente, nuestros candidatos a becas son: Estudiantes de 10\u00ba y 11\u00ba curso (aunque hay algunas oportunidades para estudiantes de 12\u00ba curso y postgraduados) Dominio del ingl\u00e9s Capaces de estudiar en EE.UU. durante 10 meses y regresar a su pa\u00eds de origen Con una motivaci\u00f3n \u00fanica como estudiantes y miembros comprometidos de la comunidad De...<\/p>","protected":false},"author":2,"featured_media":0,"parent":27,"menu_order":1,"comment_status":"closed","ping_status":"open","template":"","meta":{"_acf_changed":false,"inline_featured_image":false,"_monsterinsights_skip_tracking":false,"_monsterinsights_sitenote_active":false,"_monsterinsights_sitenote_note":"","_monsterinsights_sitenote_category":0,"footnotes":""},"class_list":["post-28","page","type-page","status-publish","hentry"],"acf":[],"yoast_head":"<!-- This site is optimized with the Yoast SEO plugin v27.4 - https:\/\/yoast.com\/product\/yoast-seo-wordpress\/ -->\n<title>How to Apply | ASSIST Scholars<\/title>\n<meta name=\"description\" content=\"Learn more about How to Apply on ASSIST Scholars. Check it out!\" \/>\n<meta name=\"robots\" content=\"index, follow, max-snippet:-1, max-image-preview:large, max-video-preview:-1\" \/>\n<link rel=\"canonical\" href=\"https:\/\/www.assistscholars.org\/es\/beca\/aplicar\/\" \/>\n<meta property=\"og:locale\" content=\"es_ES\" \/>\n<meta property=\"og:type\" content=\"article\" \/>\n<meta property=\"og:title\" content=\"How to Apply | ASSIST Scholars\" \/>\n<meta property=\"og:description\" content=\"Learn more about How to Apply on ASSIST Scholars. Check it out!\" \/>\n<meta property=\"og:url\" content=\"https:\/\/www.assistscholars.org\/es\/beca\/aplicar\/\" \/>\n<meta property=\"og:site_name\" content=\"ASSIST Scholars\" \/>\n<meta property=\"article:publisher\" content=\"https:\/\/www.facebook.com\/ASSISTscholars\" \/>\n<meta property=\"article:modified_time\" content=\"2026-02-23T16:07:16+00:00\" \/>\n<meta property=\"og:image\" content=\"https:\/\/assistscholars.org\/wp-content\/uploads\/2024\/04\/how-to-apply-1.jpg\" \/>\n<meta name=\"twitter:card\" content=\"summary_large_image\" \/>\n<meta name=\"twitter:label1\" content=\"Tiempo de lectura\" \/>\n\t<meta name=\"twitter:data1\" content=\"3 minutos\" \/>\n<script type=\"application\/ld+json\" class=\"yoast-schema-graph\">{\"@context\":\"https:\\\/\\\/schema.org\",\"@graph\":[{\"@type\":\"WebPage\",\"@id\":\"https:\\\/\\\/www.assistscholars.org\\\/en\\\/scholarship\\\/apply\\\/\",\"url\":\"https:\\\/\\\/www.assistscholars.org\\\/en\\\/scholarship\\\/apply\\\/\",\"name\":\"How to Apply | ASSIST Scholars\",\"isPartOf\":{\"@id\":\"https:\\\/\\\/www.assistscholars.org\\\/#website\"},\"primaryImageOfPage\":{\"@id\":\"https:\\\/\\\/www.assistscholars.org\\\/en\\\/scholarship\\\/apply\\\/#primaryimage\"},\"image\":{\"@id\":\"https:\\\/\\\/www.assistscholars.org\\\/en\\\/scholarship\\\/apply\\\/#primaryimage\"},\"thumbnailUrl\":\"https:\\\/\\\/assistscholars.org\\\/wp-content\\\/uploads\\\/2024\\\/04\\\/how-to-apply-1.jpg\",\"datePublished\":\"2023-11-28T18:14:58+00:00\",\"dateModified\":\"2026-02-23T16:07:16+00:00\",\"description\":\"Learn more about How to Apply on ASSIST Scholars. Check it out!\",\"breadcrumb\":{\"@id\":\"https:\\\/\\\/www.assistscholars.org\\\/en\\\/scholarship\\\/apply\\\/#breadcrumb\"},\"inLanguage\":\"es\",\"potentialAction\":[{\"@type\":\"ReadAction\",\"target\":[\"https:\\\/\\\/www.assistscholars.org\\\/en\\\/scholarship\\\/apply\\\/\"]}]},{\"@type\":\"ImageObject\",\"inLanguage\":\"es\",\"@id\":\"https:\\\/\\\/www.assistscholars.org\\\/en\\\/scholarship\\\/apply\\\/#primaryimage\",\"url\":\"https:\\\/\\\/assistscholars.org\\\/wp-content\\\/uploads\\\/2024\\\/04\\\/how-to-apply-1.jpg\",\"contentUrl\":\"https:\\\/\\\/assistscholars.org\\\/wp-content\\\/uploads\\\/2024\\\/04\\\/how-to-apply-1.jpg\"},{\"@type\":\"BreadcrumbList\",\"@id\":\"https:\\\/\\\/www.assistscholars.org\\\/en\\\/scholarship\\\/apply\\\/#breadcrumb\",\"itemListElement\":[{\"@type\":\"ListItem\",\"position\":1,\"name\":\"Home\",\"item\":\"https:\\\/\\\/www.assistscholars.org\\\/\"},{\"@type\":\"ListItem\",\"position\":2,\"name\":\"Scholarship Program\",\"item\":\"https:\\\/\\\/www.assistscholars.org\\\/en\\\/scholarship\\\/\"},{\"@type\":\"ListItem\",\"position\":3,\"name\":\"How to Apply\"}]},{\"@type\":\"WebSite\",\"@id\":\"https:\\\/\\\/www.assistscholars.org\\\/#website\",\"url\":\"https:\\\/\\\/www.assistscholars.org\\\/\",\"name\":\"ASSIST Scholars\",\"description\":\"Connecting America&#039;s finest schools with the world&#039;s leading scholars\",\"publisher\":{\"@id\":\"https:\\\/\\\/www.assistscholars.org\\\/#organization\"},\"alternateName\":\"Connecting America's finest schools with the world's leading scholars\",\"potentialAction\":[{\"@type\":\"SearchAction\",\"target\":{\"@type\":\"EntryPoint\",\"urlTemplate\":\"https:\\\/\\\/www.assistscholars.org\\\/?s={search_term_string}\"},\"query-input\":{\"@type\":\"PropertyValueSpecification\",\"valueRequired\":true,\"valueName\":\"search_term_string\"}}],\"inLanguage\":\"es\"},{\"@type\":\"Organization\",\"@id\":\"https:\\\/\\\/www.assistscholars.org\\\/#organization\",\"name\":\"ASSIST Scholars\",\"alternateName\":\"Connecting exceptional international students with leading private high schools in North America\",\"url\":\"https:\\\/\\\/www.assistscholars.org\\\/\",\"logo\":{\"@type\":\"ImageObject\",\"inLanguage\":\"es\",\"@id\":\"https:\\\/\\\/www.assistscholars.org\\\/#\\\/schema\\\/logo\\\/image\\\/\",\"url\":\"https:\\\/\\\/www.assistscholars.org\\\/wp-content\\\/uploads\\\/2025\\\/09\\\/logo-stacked.svg\",\"contentUrl\":\"https:\\\/\\\/www.assistscholars.org\\\/wp-content\\\/uploads\\\/2025\\\/09\\\/logo-stacked.svg\",\"width\":768,\"height\":768,\"caption\":\"ASSIST Scholars\"},\"image\":{\"@id\":\"https:\\\/\\\/www.assistscholars.org\\\/#\\\/schema\\\/logo\\\/image\\\/\"},\"sameAs\":[\"https:\\\/\\\/www.facebook.com\\\/ASSISTscholars\",\"https:\\\/\\\/www.instagram.com\\\/assistscholars\"]}]}<\/script>\n<!-- \/ Yoast SEO plugin. -->","yoast_head_json":{"title":"C\u00f3mo solicitar una beca ASSIST","description":"M\u00e1s informaci\u00f3n sobre c\u00f3mo solicitar becas ASSIST. \u00a1Compru\u00e9belo!","robots":{"index":"index","follow":"follow","max-snippet":"max-snippet:-1","max-image-preview":"max-image-preview:large","max-video-preview":"max-video-preview:-1"},"canonical":"https:\/\/www.assistscholars.org\/es\/beca\/aplicar\/","og_locale":"es_ES","og_type":"article","og_title":"How to Apply | ASSIST Scholars","og_description":"Learn more about How to Apply on ASSIST Scholars. Check it out!","og_url":"https:\/\/www.assistscholars.org\/es\/beca\/aplicar\/","og_site_name":"ASSIST Scholars","article_publisher":"https:\/\/www.facebook.com\/ASSISTscholars","article_modified_time":"2026-02-23T16:07:16+00:00","og_image":[{"url":"https:\/\/assistscholars.org\/wp-content\/uploads\/2024\/04\/how-to-apply-1.jpg","type":"","width":"","height":""}],"twitter_card":"summary_large_image","twitter_misc":{"Tiempo de lectura":"3 minutos"},"schema":{"@context":"https:\/\/schema.org","@graph":[{"@type":"WebPage","@id":"https:\/\/www.assistscholars.org\/en\/scholarship\/apply\/","url":"https:\/\/www.assistscholars.org\/en\/scholarship\/apply\/","name":"C\u00f3mo solicitar una beca ASSIST","isPartOf":{"@id":"https:\/\/www.assistscholars.org\/#website"},"primaryImageOfPage":{"@id":"https:\/\/www.assistscholars.org\/en\/scholarship\/apply\/#primaryimage"},"image":{"@id":"https:\/\/www.assistscholars.org\/en\/scholarship\/apply\/#primaryimage"},"thumbnailUrl":"https:\/\/assistscholars.org\/wp-content\/uploads\/2024\/04\/how-to-apply-1.jpg","datePublished":"2023-11-28T18:14:58+00:00","dateModified":"2026-02-23T16:07:16+00:00","description":"M\u00e1s informaci\u00f3n sobre c\u00f3mo solicitar becas ASSIST. \u00a1Compru\u00e9belo!","breadcrumb":{"@id":"https:\/\/www.assistscholars.org\/en\/scholarship\/apply\/#breadcrumb"},"inLanguage":"es","potentialAction":[{"@type":"ReadAction","target":["https:\/\/www.assistscholars.org\/en\/scholarship\/apply\/"]}]},{"@type":"ImageObject","inLanguage":"es","@id":"https:\/\/www.assistscholars.org\/en\/scholarship\/apply\/#primaryimage","url":"https:\/\/assistscholars.org\/wp-content\/uploads\/2024\/04\/how-to-apply-1.jpg","contentUrl":"https:\/\/assistscholars.org\/wp-content\/uploads\/2024\/04\/how-to-apply-1.jpg"},{"@type":"BreadcrumbList","@id":"https:\/\/www.assistscholars.org\/en\/scholarship\/apply\/#breadcrumb","itemListElement":[{"@type":"ListItem","position":1,"name":"Home","item":"https:\/\/www.assistscholars.org\/"},{"@type":"ListItem","position":2,"name":"Scholarship Program","item":"https:\/\/www.assistscholars.org\/en\/scholarship\/"},{"@type":"ListItem","position":3,"name":"How to Apply"}]},{"@type":"WebSite","@id":"https:\/\/www.assistscholars.org\/#website","url":"https:\/\/www.assistscholars.org\/","name":"Becarios ASSIST","description":"Conectando las mejores escuelas de Estados Unidos con los mejores acad\u00e9micos del mundo","publisher":{"@id":"https:\/\/www.assistscholars.org\/#organization"},"alternateName":"Connecting America's finest schools with the world's leading scholars","potentialAction":[{"@type":"SearchAction","target":{"@type":"EntryPoint","urlTemplate":"https:\/\/www.assistscholars.org\/?s={search_term_string}"},"query-input":{"@type":"PropertyValueSpecification","valueRequired":true,"valueName":"search_term_string"}}],"inLanguage":"es"},{"@type":"Organization","@id":"https:\/\/www.assistscholars.org\/#organization","name":"Becarios ASSIST","alternateName":"Connecting exceptional international students with leading private high schools in North America","url":"https:\/\/www.assistscholars.org\/","logo":{"@type":"ImageObject","inLanguage":"es","@id":"https:\/\/www.assistscholars.org\/#\/schema\/logo\/image\/","url":"https:\/\/www.assistscholars.org\/wp-content\/uploads\/2025\/09\/logo-stacked.svg","contentUrl":"https:\/\/www.assistscholars.org\/wp-content\/uploads\/2025\/09\/logo-stacked.svg","width":768,"height":768,"caption":"ASSIST Scholars"},"image":{"@id":"https:\/\/www.assistscholars.org\/#\/schema\/logo\/image\/"},"sameAs":["https:\/\/www.facebook.com\/ASSISTscholars","https:\/\/www.instagram.com\/assistscholars"]}]}},"_links":{"self":[{"href":"https:\/\/www.assistscholars.org\/es\/wp-json\/wp\/v2\/pages\/28","targetHints":{"allow":["GET"]}}],"collection":[{"href":"https:\/\/www.assistscholars.org\/es\/wp-json\/wp\/v2\/pages"}],"about":[{"href":"https:\/\/www.assistscholars.org\/es\/wp-json\/wp\/v2\/types\/page"}],"author":[{"embeddable":true,"href":"https:\/\/www.assistscholars.org\/es\/wp-json\/wp\/v2\/users\/2"}],"replies":[{"embeddable":true,"href":"https:\/\/www.assistscholars.org\/es\/wp-json\/wp\/v2\/comments?post=28"}],"version-history":[{"count":0,"href":"https:\/\/www.assistscholars.org\/es\/wp-json\/wp\/v2\/pages\/28\/revisions"}],"up":[{"embeddable":true,"href":"https:\/\/www.assistscholars.org\/es\/wp-json\/wp\/v2\/pages\/27"}],"wp:attachment":[{"href":"https:\/\/www.assistscholars.org\/es\/wp-json\/wp\/v2\/media?parent=28"}],"curies":[{"name":"wp","href":"https:\/\/api.w.org\/{rel}","templated":true}]}}