{"id":3,"date":"2023-11-27T23:23:25","date_gmt":"2023-11-27T23:23:25","guid":{"rendered":"https:\/\/assistscholars.wpenginepowered.com\/?page_id=3"},"modified":"2025-01-13T10:09:56","modified_gmt":"2025-01-13T15:09:56","slug":"politica-de-privacidad","status":"publish","type":"page","link":"https:\/\/www.assistscholars.org\/es\/privacy-policy\/","title":{"rendered":"Pol\u00edtica de privacidad"},"content":{"rendered":"<h2><strong>Datos <\/strong><strong>Protecci\u00f3n <\/strong><strong>Informaci\u00f3n <\/strong><strong>Formulario<\/strong><\/h2>\n<p>El Formulario de Informaci\u00f3n sobre Protecci\u00f3n de Datos tiene por objeto proporcionarle informaci\u00f3n sobre el tratamiento de sus datos personales solicitados por ASSIST a trav\u00e9s del Formulario de Preferencias del Estudiante, de conformidad con el Art. 13 del Reglamento General de Protecci\u00f3n de Datos de la UE, Reglamento 679\/2016 (\"GDPR\"). Algunos de los datos solicitados por ASSIST a trav\u00e9s de nuestros formularios electr\u00f3nicos se refieren a sus datos personales y de salud. El tratamiento de sus datos personales y de salud por ASSIST requiere su consentimiento. Le pedimos que preste su consentimiento marcando la casilla \"Consentimiento\" al final de cada uno de nuestros formularios.<\/p>\n<p><strong>Qu\u00e9 datos personales trata ASSIST, con qu\u00e9 finalidad, durante cu\u00e1nto tiempo y bajo qu\u00e9 condiciones<\/strong><strong>\u00bfqu\u00e9 base jur\u00eddica?<\/strong><\/p>\n<p>La informaci\u00f3n que ASSIST le solicita a trav\u00e9s de nuestros formularios electr\u00f3nicos constituye datos personales seg\u00fan el GDPR. ASSIST necesita procesar esos datos personales para asignarle el colegio y la familia de acogida adecuados, y en particular necesita transferir sus datos personales a colegios y familias de acogida estadounidenses. Como tal, el tratamiento de sus datos personales es necesario para ejecutar el contrato celebrado con ASSIST en relaci\u00f3n con su participaci\u00f3n en el programa ASSIST, o para tomar medidas a petici\u00f3n suya antes de celebrar un contrato (Art.<\/p>\n<p>6(1)(b) y Art. 49(1)(b) del GDPR). No necesitamos su consentimiento para dicho tratamiento mientras no se traten datos de salud. Sin embargo, la informaci\u00f3n que ASSIST le solicita incluye datos de salud en la medida en que se refieren a sus alergias, alergias alimentarias y necesidades diet\u00e9ticas. Con el fin de asignarle la escuela y la familia adecuadas, tambi\u00e9n necesitamos procesar estos datos de salud suyos y, en particular, transferir estos datos de salud a escuelas y familias de acogida estadounidenses. Dado que se aplica un protocolo especial al tratamiento de datos de salud en virtud del GDPR, ASSIST necesita su consentimiento para tratar dichos datos de salud (Art. 9(2)(a) GDPR). Dicha informaci\u00f3n ser\u00e1 tratada por ASSIST de forma estrictamente confidencial y, por supuesto, s\u00f3lo se utilizar\u00e1 para los fines aqu\u00ed indicados. Por favor, lea el Formulario de Preferencias del Estudiante y el presente Formulario de Informaci\u00f3n sobre Protecci\u00f3n de Datos y si est\u00e1 de acuerdo con el tratamiento de sus datos de salud por parte de ASSIST, los colegios de EE.UU. y las familias de acogida de EE.UU., marque la casilla \"Consentimiento\". Sus datos personales se conservar\u00e1n durante un m\u00e1ximo de 2 a\u00f1os, los datos de salud se conservar\u00e1n durante un m\u00e1ximo de 1 a\u00f1o, y despu\u00e9s se eliminar\u00e1n sin demora. No obstante, los datos podr\u00e1n conservarse durante m\u00e1s tiempo si existe alg\u00fan problema con su estado de salud que requiera que ASSIST conserve sus datos para el ejercicio o la defensa de reclamaciones legales. ASSIST tendr\u00eda entonces un inter\u00e9s leg\u00edtimo en conservar los datos (Art. 6(1)(f) y Art. 9(2)(f) del GDPR).<\/p>\n<p><strong>\u00bfQui\u00e9n tratar\u00e1 mis datos? Qui\u00e9n es el responsable del tratamiento (\u201cResponsable\u201d), c\u00f3mo puedo <\/strong><strong>p\u00f3ngase en contacto con <\/strong><strong>el <\/strong><strong>Controlador, <\/strong><strong>y <\/strong><strong>son <\/strong><strong>all\u00ed <\/strong><strong>otros <\/strong><strong>destinatarios <\/strong><strong>de <\/strong><strong>mi <\/strong><strong>personal<\/strong><strong>\u00bfDatos?<\/strong><\/p>\n<p>ASSIST, Inc. es responsable del tratamiento de sus datos personales (\u201cResponsable\u201d en el sentido del GDPR). A continuaci\u00f3n encontrar\u00e1 su identidad y los datos de contacto para ejercer sus derechos:<\/p>\n<p>American Secondary Schools for International Students and Teachers, Inc. (ASSIST)<\/p>\n<p>68 Bridge St., Suite 203 - Suffield, CT 06078 - EE.UU.<\/p>\n<p>Tel.: 001-860-668-5706 - Fax: 001-860-668-5726<\/p>\n<p>correo electr\u00f3nico: <a href=\"mailto:privacy@assistscholars.org\">privacy@assistscholars.org<\/a><\/p>\n<p>ASSIST recibir\u00e1, consultar\u00e1 y almacenar\u00e1 los datos personales solicitados a trav\u00e9s del Formulario de Preferencias del Estudiante. ASSIST utiliza Formstack LLC para procesar los datos solicitados a trav\u00e9s del Formulario de Preferencias del Estudiante. ASSIST se ha obligado a cumplir con los principios del GDPR.<\/p>\n<p>ASSIST transferir\u00e1 esos datos a las escuelas y familias de acogida de EE.UU. para encontrar la escuela y la familia adecuadas para usted. Las escuelas y familias de acogida estadounidenses tambi\u00e9n ser\u00e1n responsables del tratamiento de tus datos personales.<\/p>\n<p><strong>\u00bfSe van a enviar mis datos personales a Estados Unidos? \u00bfExiste alg\u00fan riesgo? \u00bfNecesita ASSIST mis <\/strong><strong>consentimiento <\/strong><strong>para <\/strong><strong>\u00bfeso?<\/strong><\/p>\n<p>En consecuencia, todos los datos personales solicitados a trav\u00e9s del Formulario de Preferencias del Estudiante se enviar\u00e1n a EE.UU.. En EE.UU., las normas de protecci\u00f3n de datos son menos estrictas que las de la Uni\u00f3n Europea. Por este motivo, las instituciones europeas opinan que la legislaci\u00f3n estadounidense no garantiza un nivel adecuado de protecci\u00f3n de los datos personales. No obstante, ASSIST se toma muy en serio la protecci\u00f3n de datos y ha adoptado una serie de medidas para garantizar que los datos personales que maneja respetan los principios y normas del GDPR. Se han tomado medidas t\u00e9cnicas y organizativas para garantizar la confidencialidad y seguridad de los datos, y respetamos sus derechos tal y como se describen.<\/p>\n<p>El env\u00edo de los datos personales solicitados a trav\u00e9s del Formulario de Preferencias del Estudiante a EE.UU. es necesario, como se ha indicado anteriormente, para encontrar el colegio y la familia adecuados para Ud. Como tal, la transferencia de sus datos personales es necesaria para la ejecuci\u00f3n del contrato celebrado con ASSIST en relaci\u00f3n con su participaci\u00f3n en el programa ASSIST, y no necesitamos su consentimiento para dicha transferencia (Art. 49(1)(b) del GDPR).<\/p>\n<p><strong>Qu\u00e9 <\/strong><strong>son <\/strong><strong>mi <\/strong><strong>derechos <\/strong><strong>en relaci\u00f3n con <\/strong><strong>mi <\/strong><strong>personal<\/strong><strong> \u00bfDatos?<\/strong><\/p>\n<p>Tiene derecho a solicitar <strong>acceda a <\/strong>a sus datos personales de ASSIST y a solicitar <strong>rectificaci\u00f3n <\/strong>de datos personales incorrectos, as\u00ed como el derecho a solicitar la <strong>supresi\u00f3n <\/strong>de sus datos personales. Adem\u00e1s, tiene derecho a <strong>restrinja <\/strong>el tratamiento de sus datos, si se aplica uno de los requisitos legales del art\u00edculo 18 del RGPD, y el derecho a <strong>portabilidad de datos<\/strong>, si se aplica uno de los requisitos legales del art\u00edculo 20 del RGPD. Si el tratamiento de sus datos personales se basa en su consentimiento, puede <strong>retirar <\/strong>su consentimiento en cualquier momento. La legalidad del tratamiento de los datos hasta la retirada no se ver\u00e1 afectada por \u00e9sta. Para hacer valer sus derechos legales o retirar su consentimiento, utilice la direcci\u00f3n postal o la direcci\u00f3n de correo electr\u00f3nico indicadas anteriormente.<\/p>\n<p>Si considera que el tratamiento de sus datos personales infringe la legislaci\u00f3n aplicable en materia de protecci\u00f3n de datos, tiene derecho a <strong>presentar una denuncia <\/strong>con la autoridad de supervisi\u00f3n competente. El siguiente enlace lleva a una p\u00e1gina web de la Comisi\u00f3n Europea en la que se enumeran las autoridades de supervisi\u00f3n competentes en cada pa\u00eds europeo: <a href=\"https:\/\/commission.europa.eu\/law\/law-topic\/data-protection\/reform\/rights-citizens_en\" target=\"_blank\" rel=\"noopener\">https:\/\/commission.europa.eu\/law\/law-topic\/data-protection\/reform\/rights-citizens_en<\/a>.<\/p>","protected":false},"excerpt":{"rendered":"<p>Formulario de Informaci\u00f3n sobre Protecci\u00f3n de Datos El Formulario de Informaci\u00f3n sobre Protecci\u00f3n de Datos tiene por objeto proporcionarle informaci\u00f3n relativa al tratamiento de sus datos personales solicitados por ASSIST a trav\u00e9s del Formulario de Preferencias del Estudiante, de conformidad con el Art. 13 del Reglamento General de Protecci\u00f3n de Datos de la UE, Reglamento 679\/2016 (\u201cGDPR\u201d). Algunos de los datos solicitados por ASSIST a trav\u00e9s de nuestro...<\/p>","protected":false},"author":1,"featured_media":0,"parent":0,"menu_order":20,"comment_status":"closed","ping_status":"closed","template":"","meta":{"_acf_changed":false,"inline_featured_image":false,"_monsterinsights_skip_tracking":false,"_monsterinsights_sitenote_active":false,"_monsterinsights_sitenote_note":"","_monsterinsights_sitenote_category":0,"footnotes":""},"class_list":["post-3","page","type-page","status-publish","hentry"],"acf":[],"yoast_head":"<!-- This site is optimized with the Yoast SEO plugin v27.4 - https:\/\/yoast.com\/product\/yoast-seo-wordpress\/ -->\n<title>Privacy Policy | ASSIST Scholars<\/title>\n<meta name=\"description\" content=\"Learn more about Privacy Policy on ASSIST Scholars. Check it out!\" \/>\n<meta name=\"robots\" content=\"index, follow, max-snippet:-1, max-image-preview:large, max-video-preview:-1\" \/>\n<link rel=\"canonical\" href=\"https:\/\/www.assistscholars.org\/es\/politica-de-privacidad\/\" \/>\n<meta property=\"og:locale\" content=\"es_ES\" \/>\n<meta property=\"og:type\" content=\"article\" \/>\n<meta property=\"og:title\" content=\"Privacy Policy | ASSIST Scholars\" \/>\n<meta property=\"og:description\" content=\"Learn more about Privacy Policy on ASSIST Scholars. Check it out!\" \/>\n<meta property=\"og:url\" content=\"https:\/\/www.assistscholars.org\/es\/politica-de-privacidad\/\" \/>\n<meta property=\"og:site_name\" content=\"ASSIST Scholars\" \/>\n<meta property=\"article:publisher\" content=\"https:\/\/www.facebook.com\/ASSISTscholars\" \/>\n<meta property=\"article:modified_time\" content=\"2025-01-13T15:09:56+00:00\" \/>\n<meta name=\"twitter:card\" content=\"summary_large_image\" \/>\n<meta name=\"twitter:label1\" content=\"Tiempo de lectura\" \/>\n\t<meta name=\"twitter:data1\" content=\"5 minutos\" \/>\n<script type=\"application\/ld+json\" class=\"yoast-schema-graph\">{\"@context\":\"https:\\\/\\\/schema.org\",\"@graph\":[{\"@type\":\"WebPage\",\"@id\":\"https:\\\/\\\/www.assistscholars.org\\\/privacy-policy\\\/\",\"url\":\"https:\\\/\\\/www.assistscholars.org\\\/privacy-policy\\\/\",\"name\":\"Privacy Policy | ASSIST Scholars\",\"isPartOf\":{\"@id\":\"https:\\\/\\\/www.assistscholars.org\\\/#website\"},\"datePublished\":\"2023-11-27T23:23:25+00:00\",\"dateModified\":\"2025-01-13T15:09:56+00:00\",\"description\":\"Learn more about Privacy Policy on ASSIST Scholars. Check it out!\",\"breadcrumb\":{\"@id\":\"https:\\\/\\\/www.assistscholars.org\\\/privacy-policy\\\/#breadcrumb\"},\"inLanguage\":\"es\",\"potentialAction\":[{\"@type\":\"ReadAction\",\"target\":[\"https:\\\/\\\/www.assistscholars.org\\\/privacy-policy\\\/\"]}]},{\"@type\":\"BreadcrumbList\",\"@id\":\"https:\\\/\\\/www.assistscholars.org\\\/privacy-policy\\\/#breadcrumb\",\"itemListElement\":[{\"@type\":\"ListItem\",\"position\":1,\"name\":\"Home\",\"item\":\"https:\\\/\\\/www.assistscholars.org\\\/\"},{\"@type\":\"ListItem\",\"position\":2,\"name\":\"Privacy Policy\"}]},{\"@type\":\"WebSite\",\"@id\":\"https:\\\/\\\/www.assistscholars.org\\\/#website\",\"url\":\"https:\\\/\\\/www.assistscholars.org\\\/\",\"name\":\"ASSIST Scholars\",\"description\":\"Connecting America&#039;s finest schools with the world&#039;s leading scholars\",\"publisher\":{\"@id\":\"https:\\\/\\\/www.assistscholars.org\\\/#organization\"},\"alternateName\":\"Connecting America's finest schools with the world's leading scholars\",\"potentialAction\":[{\"@type\":\"SearchAction\",\"target\":{\"@type\":\"EntryPoint\",\"urlTemplate\":\"https:\\\/\\\/www.assistscholars.org\\\/?s={search_term_string}\"},\"query-input\":{\"@type\":\"PropertyValueSpecification\",\"valueRequired\":true,\"valueName\":\"search_term_string\"}}],\"inLanguage\":\"es\"},{\"@type\":\"Organization\",\"@id\":\"https:\\\/\\\/www.assistscholars.org\\\/#organization\",\"name\":\"ASSIST Scholars\",\"alternateName\":\"Connecting exceptional international students with leading private high schools in North America\",\"url\":\"https:\\\/\\\/www.assistscholars.org\\\/\",\"logo\":{\"@type\":\"ImageObject\",\"inLanguage\":\"es\",\"@id\":\"https:\\\/\\\/www.assistscholars.org\\\/#\\\/schema\\\/logo\\\/image\\\/\",\"url\":\"https:\\\/\\\/www.assistscholars.org\\\/wp-content\\\/uploads\\\/2025\\\/09\\\/logo-stacked.svg\",\"contentUrl\":\"https:\\\/\\\/www.assistscholars.org\\\/wp-content\\\/uploads\\\/2025\\\/09\\\/logo-stacked.svg\",\"width\":768,\"height\":768,\"caption\":\"ASSIST Scholars\"},\"image\":{\"@id\":\"https:\\\/\\\/www.assistscholars.org\\\/#\\\/schema\\\/logo\\\/image\\\/\"},\"sameAs\":[\"https:\\\/\\\/www.facebook.com\\\/ASSISTscholars\",\"https:\\\/\\\/www.instagram.com\\\/assistscholars\"]}]}<\/script>\n<!-- \/ Yoast SEO plugin. -->","yoast_head_json":{"title":"Pol\u00edtica de privacidad | ASSIST Scholars","description":"M\u00e1s informaci\u00f3n sobre la Pol\u00edtica de privacidad en ASSIST Scholars. \u00a1Compru\u00e9belo!","robots":{"index":"index","follow":"follow","max-snippet":"max-snippet:-1","max-image-preview":"max-image-preview:large","max-video-preview":"max-video-preview:-1"},"canonical":"https:\/\/www.assistscholars.org\/es\/politica-de-privacidad\/","og_locale":"es_ES","og_type":"article","og_title":"Privacy Policy | ASSIST Scholars","og_description":"Learn more about Privacy Policy on ASSIST Scholars. Check it out!","og_url":"https:\/\/www.assistscholars.org\/es\/politica-de-privacidad\/","og_site_name":"ASSIST Scholars","article_publisher":"https:\/\/www.facebook.com\/ASSISTscholars","article_modified_time":"2025-01-13T15:09:56+00:00","twitter_card":"summary_large_image","twitter_misc":{"Tiempo de lectura":"5 minutos"},"schema":{"@context":"https:\/\/schema.org","@graph":[{"@type":"WebPage","@id":"https:\/\/www.assistscholars.org\/privacy-policy\/","url":"https:\/\/www.assistscholars.org\/privacy-policy\/","name":"Pol\u00edtica de privacidad | ASSIST Scholars","isPartOf":{"@id":"https:\/\/www.assistscholars.org\/#website"},"datePublished":"2023-11-27T23:23:25+00:00","dateModified":"2025-01-13T15:09:56+00:00","description":"M\u00e1s informaci\u00f3n sobre la Pol\u00edtica de privacidad en ASSIST Scholars. \u00a1Compru\u00e9belo!","breadcrumb":{"@id":"https:\/\/www.assistscholars.org\/privacy-policy\/#breadcrumb"},"inLanguage":"es","potentialAction":[{"@type":"ReadAction","target":["https:\/\/www.assistscholars.org\/privacy-policy\/"]}]},{"@type":"BreadcrumbList","@id":"https:\/\/www.assistscholars.org\/privacy-policy\/#breadcrumb","itemListElement":[{"@type":"ListItem","position":1,"name":"Home","item":"https:\/\/www.assistscholars.org\/"},{"@type":"ListItem","position":2,"name":"Privacy Policy"}]},{"@type":"WebSite","@id":"https:\/\/www.assistscholars.org\/#website","url":"https:\/\/www.assistscholars.org\/","name":"Becarios ASSIST","description":"Conectando las mejores escuelas de Estados Unidos con los mejores acad\u00e9micos del mundo","publisher":{"@id":"https:\/\/www.assistscholars.org\/#organization"},"alternateName":"Connecting America's finest schools with the world's leading scholars","potentialAction":[{"@type":"SearchAction","target":{"@type":"EntryPoint","urlTemplate":"https:\/\/www.assistscholars.org\/?s={search_term_string}"},"query-input":{"@type":"PropertyValueSpecification","valueRequired":true,"valueName":"search_term_string"}}],"inLanguage":"es"},{"@type":"Organization","@id":"https:\/\/www.assistscholars.org\/#organization","name":"Becarios ASSIST","alternateName":"Connecting exceptional international students with leading private high schools in North America","url":"https:\/\/www.assistscholars.org\/","logo":{"@type":"ImageObject","inLanguage":"es","@id":"https:\/\/www.assistscholars.org\/#\/schema\/logo\/image\/","url":"https:\/\/www.assistscholars.org\/wp-content\/uploads\/2025\/09\/logo-stacked.svg","contentUrl":"https:\/\/www.assistscholars.org\/wp-content\/uploads\/2025\/09\/logo-stacked.svg","width":768,"height":768,"caption":"ASSIST Scholars"},"image":{"@id":"https:\/\/www.assistscholars.org\/#\/schema\/logo\/image\/"},"sameAs":["https:\/\/www.facebook.com\/ASSISTscholars","https:\/\/www.instagram.com\/assistscholars"]}]}},"_links":{"self":[{"href":"https:\/\/www.assistscholars.org\/es\/wp-json\/wp\/v2\/pages\/3","targetHints":{"allow":["GET"]}}],"collection":[{"href":"https:\/\/www.assistscholars.org\/es\/wp-json\/wp\/v2\/pages"}],"about":[{"href":"https:\/\/www.assistscholars.org\/es\/wp-json\/wp\/v2\/types\/page"}],"author":[{"embeddable":true,"href":"https:\/\/www.assistscholars.org\/es\/wp-json\/wp\/v2\/users\/1"}],"replies":[{"embeddable":true,"href":"https:\/\/www.assistscholars.org\/es\/wp-json\/wp\/v2\/comments?post=3"}],"version-history":[{"count":0,"href":"https:\/\/www.assistscholars.org\/es\/wp-json\/wp\/v2\/pages\/3\/revisions"}],"wp:attachment":[{"href":"https:\/\/www.assistscholars.org\/es\/wp-json\/wp\/v2\/media?parent=3"}],"curies":[{"name":"wp","href":"https:\/\/api.w.org\/{rel}","templated":true}]}}