{"id":27,"date":"2023-11-28T18:14:58","date_gmt":"2023-11-28T18:14:58","guid":{"rendered":"https:\/\/assistscholars.wpenginepowered.com\/?page_id=27"},"modified":"2025-12-05T13:21:53","modified_gmt":"2025-12-05T18:21:53","slug":"stipendi","status":"publish","type":"page","link":"https:\/\/www.assistscholars.org\/fi\/scholarship\/","title":{"rendered":"Apurahaohjelma"},"content":{"rendered":"<p>Wyomingin seminaari<\/p>\n\t<span><span><a href=\"https:\/\/www.assistscholars.org\/fi\/\">Etusivu<\/a><\/span><\/span>\n<h2>\n\t\t\tTied\u00e4mme, ett\u00e4 t\u00e4m\u00e4 kokemus voi muuttaa kaiken.\t<\/h2>\n\t<p>Koska j\u00e4senkoulumme ja lahjoittajamme ovat syv\u00e4sti sitoutuneet teht\u00e4viimme, jokainen ASSIST-opiskelija saa stipendin ulkomaanvuottaan varten. Stipendin avulla jokainen opiskelija p\u00e4\u00e4see Pohjois-Amerikan johtavaan yksityiseen lukioon. Lis\u00e4ksi stipendiaatista tulee elinik\u00e4isi\u00e4 ASSISTin j\u00e4seni\u00e4, jotka luovat maailmanlaajuisia yhteyksi\u00e4 ja liittyv\u00e4t yli 6 000 ansioituneen alumnioppilaan muodostamaan poikkeukselliseen verkostoon. T\u00e4m\u00e4 mullistava tilaisuus avaa ovia ja mieli\u00e4 elinik\u00e4ist\u00e4 menestyst\u00e4 varten.<\/p>\n\t\t\t\t<img decoding=\"async\" src=\"https:\/\/www.assistscholars.org\/wp-content\/uploads\/2024\/04\/peddie-schools-spirit.jpeg\" alt=\"lukiolaiset kannustavat ilmeisesti urheilupeliss\u00e4 Peddie Schoolissa NJ:ss\u00e4\" itemprop=\"image\" height=\"450\" width=\"800\" title=\"peddie koulujen henki\" onerror=\"this.style.display='none'\" loading=\"lazy\" \/>\n\t\tPeddie School\n<h2>\n\t\t\tASSIST Scholarships\t<\/h2>\n\t<p>ASSIST Scholars saa vuoden mittaisen stipendin Pohjois-Amerikan johtavaan yksityiseen lukioon ja kattavan, henkil\u00f6kohtaisen tuen ASSIST-henkil\u00f6st\u00f6lt\u00e4 Yhdysvalloissa tai kotimaansa maakohtaisilta koordinaattoreilta, jos sellainen on saatavilla.<\/p>\n\t\t\t\t\t<a href=\"#\"  id=\"fl-accordion--label-0\" tabindex=\"0\" aria-controls=\"fl-accordion--panel-0\">ASSIST Sandersonin apurahat<\/a>\n\t\t\t\t\t\t\t\t\t\t\t<a href=\"#\" id=\"fl-accordion--icon-0\"  tabindex=\"0\"><i title=\"Laajenna\">Laajenna<\/i><\/a>\n\t\t\t\t\t<p>Tukea my\u00f6nnet\u00e4\u00e4n t\u00e4ysi lukukausimaksu sek\u00e4 majoitus ja ruokailu yksityisess\u00e4 pohjoisamerikkalaisessa sis\u00e4oppilaitoksessa tai t\u00e4ysi lukukausimaksu yksityisess\u00e4 p\u00e4iv\u00e4koulussa ja asuminen amerikkalaisessa vapaaehtoisessa is\u00e4nt\u00e4perheess\u00e4.<\/p>\n\t\t\t\t\t<a href=\"#\"  id=\"fl-accordion--label-1\" tabindex=\"0\" aria-controls=\"fl-accordion--panel-1\">ASSIST Lindforsin apurahat<\/a>\n\t\t\t\t\t\t\t\t\t\t\t<a href=\"#\" id=\"fl-accordion--icon-1\"  tabindex=\"0\"><i title=\"Laajenna\">Laajenna<\/i><\/a>\n\t\t\t\t\t<p>My\u00f6nnet\u00e4\u00e4n osittainen lukukausimaksu sek\u00e4 majoitus ja ruokailu yksityisess\u00e4 pohjoisamerikkalaisessa sis\u00e4oppilaitoksessa tai osittainen lukukausimaksu yksityisess\u00e4 p\u00e4iv\u00e4koulussa ja asuminen amerikkalaisessa vapaaehtoisessa is\u00e4nt\u00e4perheess\u00e4. Lindfors-stipendiaattien osalta j\u00e4senkoulut rahoittavat v\u00e4hint\u00e4\u00e4n 50% lukukausimaksusta, loput koulun lukukausimaksusta ja ASSIST-ohjelman maksu sis\u00e4ltyy Lindfors-stipendin ohjelmamaksuun.<\/p>\n<h2>\n\t\t\tKumppanien stipendiohjelmat\t<\/h2>\n\t<p>ASSISTin omien stipendien lis\u00e4ksi ASSIST on ylpe\u00e4 voidessaan tarjota stipendej\u00e4 yhteisty\u00f6kumppaneidemme, The Davis Scholars Programin ja The Kemper Scholar Programin kautta Phillips Academy Andoverissa. Hakijoita voidaan harkita kaikkiin ohjelmiin yhdell\u00e4 ASSIST-hakemuksella.\u00a0<\/p>\n\t\t\t\t<img decoding=\"async\" src=\"https:\/\/www.assistscholars.org\/wp-content\/uploads\/2024\/04\/Untitled-design-5.jpg\" alt=\"Madeiran koulun lukiolaistyt\u00f6t Yhdysvaltain Capitolin edess\u00e4\" itemprop=\"image\" height=\"332\" width=\"500\" title=\"Nimet\u00f6n muotoilu (5)\" onerror=\"this.style.display='none'\" loading=\"lazy\" \/>\n\t\tMadeiran koulu\n\t\t\t\t\t<a href=\"#\"  id=\"fl-accordion--label-0\" tabindex=\"0\" aria-controls=\"fl-accordion--panel-0\">Davis-stipendiohjelma<\/a>\n\t\t\t\t\t\t\t\t\t\t\t<a href=\"#\" id=\"fl-accordion--icon-0\"  tabindex=\"0\"><i title=\"Laajenna\">Laajenna<\/i><\/a>\n\t\t\t\t\t<p>Davis-stipendiohjelma on ainutlaatuinen siin\u00e4 mieless\u00e4, ett\u00e4 sen avulla opiskelijat voivat opiskella kaksi tai kolme vuotta yhdess\u00e4 kuudesta sis\u00e4oppilaitoksesta, jotka ovat osa Davis International Scholars Program -ohjelmaa. Davis-stipendiaatit saavat amerikkalaisen lukiodiplomin ja voivat jatkaa opintojaan korkeakoulussa tai yliopistossa Yhdysvalloissa tai Yhdistyneess\u00e4 kuningaskunnassa.<\/p>\n<p>Davis-stipendiaatit saavat:<\/p>\n<ul>\n<li>$25 000 Davis Scholars Program -ohjelmasta lukukausimaksuihin vuosittain sis\u00e4oppilaitosvuosien ajaksi. Perheen taloudellisesta tarpeesta riippuen koulu my\u00f6nt\u00e4\u00e4 stipendin lukukausimaksun, majoituksen ja ruokailun loppuosaan.<\/li>\n<li>$25,000 lukukausimaksuihin vuosittain nelj\u00e4n vuoden perustutkinto-opintojen ajaksi, jos sinut hyv\u00e4ksyt\u00e4\u00e4n johonkin UWC:n kumppaniyliopistoon.<\/li>\n<\/ul>\n<p>&nbsp;<\/p>\n<p>Hakijat sellaisista maista, jotka ovat historiallisesti aliedustettuina yhdysvaltalaisissa sis\u00e4oppilaitoksissa, ovat tervetulleita hakemaan. T\u00e4llaisia maita ovat muun muassa Bulgaria, Kolumbia, Kroatia, T\u0161ekin tasavalta, Georgia, Unkari, Liettua, Moldova, Puola, Serbia, Slovakia, Somalimaa, Somaliland, Turkki ja etel\u00e4isen Afrikan maat.<\/p>\n<p><a href=\"https:\/\/www.assistscholars.org\/wp-content\/uploads\/2025\/12\/DAVIS-SCHOLARS-PROFILE-FY26-.pdf\" target=\"_blank\" rel=\"noopener noreferrer\" data-saferedirecturl=\"https:\/\/www.google.com\/url?q=https:\/\/assistscholars.org\/assets\/pdfs\/2c965a9c-dcf8-49c3-be80-52def48a232d-DavisProgramAttatchment.pdf\">Lue lis\u00e4tietoja t\u00e4st\u00e4 kumppanuusohjelmasta, joka on saatavilla ASSIST-sovelluksen kautta.<\/a><\/p>\n\t\t\t\t\t<a href=\"#\"  id=\"fl-accordion--label-1\" tabindex=\"0\" aria-controls=\"fl-accordion--panel-1\">Kemper Scholar -ohjelma (Phillips Academy Andover) (Phillips Academy Andover)<\/a>\n\t\t\t\t\t\t\t\t\t\t\t<a href=\"#\" id=\"fl-accordion--icon-1\"  tabindex=\"0\"><i title=\"Laajenna\">Laajenna<\/i><\/a>\n\t\t\t\t\t<p>Kemper-stipendin saaneet opiskelijat saavat mahdollisuuden opiskella vuoden ajan 12. luokan tai jatko-opiskelijana Phillips Academy Andoverissa, sis\u00e4oppilaitoksessa Andoverissa, Massachusettsissa. Opiskelijat osallistuvat Phillips Academyyn yleens\u00e4 vuoden kuluttua kotimaansa lukion p\u00e4\u00e4tt\u00e4misest\u00e4.<\/p>\n<p>&nbsp;<\/p>\n<p>Opiskelijoille my\u00f6nnet\u00e4\u00e4n taloudellista tukea, joka kattaa 100% perheen t\u00e4ydest\u00e4 taloudellisesta tarpeesta yhden vuoden opiskeluun Phillips Academy Andoverissa. Hakijoiden on t\u00e4ytett\u00e4v\u00e4 rahoitustukihakemus.<\/p>\n<p>Hakijoiden kelpoisuusvaatimuksiin kuuluvat:<\/p>\n<ul>\n<li>Hakijan on oltava Euroopan kansalainen.<\/li>\n<li>Ei yleens\u00e4 yli 18-vuotias<\/li>\n<li>Hakijan on oltava oikeutettu osallistumaan Phillips Academyn 12. luokan opiskelijana tai jatko-opiskelijana.<\/li>\n<li>Hakijalla on oltava edellytykset saada Phillips Academyn tutkintotodistus lukuvuoden j\u00e4lkeen.<\/li>\n<li>EI saa olla aiemmin opiskellut v\u00e4hint\u00e4\u00e4n lukukauden ajan englanninkielisess\u00e4 maassa.<\/li>\n<\/ul>\n<p>&nbsp;<\/p>\n<p>Phillips Academy Andoverissa vietetyn vuoden j\u00e4lkeen opiskelijoiden on palattava kotimaahansa v\u00e4hint\u00e4\u00e4n vuodeksi. T\u00e4st\u00e4 syyst\u00e4 Kemper-stipendiaatit eiv\u00e4t voi ty\u00f6skennell\u00e4 Phillips Academy Andoverin opintoneuvojien kanssa.<\/p>\n<p><a href=\"https:\/\/www.assistscholars.org\/fi\/assist_kemper-scholars-program-at-phillips-academy-andover-2\/\" target=\"_blank\" rel=\"noopener noreferrer\" data-saferedirecturl=\"https:\/\/www.google.com\/url?q=https:\/\/assistscholars.org\/assets\/pdfs\/9d45a338-f33f-4a94-a357-44fffc110ecb-website%2520pdf%2520of%2520kemper.pdf&amp;source=gmail&amp;ust=1707768448622000&amp;usg=AOvVaw1uqy1bpGqbqNCC74vqM_m3\">Lue lis\u00e4tietoja t\u00e4st\u00e4 kumppanuusohjelmasta, joka on saatavilla ASSIST-sovelluksen kautta.<\/a><\/p>\n<h2>\n\t\t\tOletko valmis olemaan ASSIST-apurahansaaja?\t<\/h2>\n\t<p>ASSIST Scholars-opiskelijat ovat lupaavia ja potentiaalisia opiskelijoita, joilla on halu muuttaa t\u00e4m\u00e4 mullistava mahdollisuus elinik\u00e4iseksi vaikutukseksi. Hakemuksia voivat j\u00e4tt\u00e4\u00e4 opiskelijat kaikista muista maista paitsi Yhdysvalloista.\u00a0<\/p>\n\t<h3>Kenen pit\u00e4isi hakea<\/h3>\n<ul>\n<li>9., 10. tai 11. luokan oppilaat (tarjolla on my\u00f6s rajoitetusti 12. luokan oppilaita ja jatko-opiskelijoita).<\/li>\n<li>Ne, jotka pystyv\u00e4t kommunikoimaan sujuvasti englanniksi<\/li>\n<li>Hyvin menestyv\u00e4t opiskelijat, joilla on vahvat opintosuoritukset<\/li>\n<li>Osallistuneet ja uteliaat kouluyhteis\u00f6n j\u00e4senet<\/li>\n<li>Ne, jotka haluavat jakaa kulttuuriaan kotimaansa l\u00e4hettil\u00e4in\u00e4 ja oppia elinvoimaisessa ja ainutlaatuisessa amerikkalaisessa koulutuksessa.<\/li>\n<\/ul>\n\t\t\t<a href=\"\/fi\/stipendi\/hae\/\" target=\"_self\">\n\t\t\t\t\t\t\tMiten haetaan\n\t\t\t\t\t<\/a>\n\t\t\t<a href=\"\/fi\/stipendi\/avustaminen\/\" target=\"_self\">\n\t\t\t\t\t\t\tMaksut ja edut\n\t\t\t\t\t<\/a>\n\t<iframe loading=\"lazy\" width=\"560\" height=\"470\" src=\"https:\/\/www.youtube.com\/embed\/h5a1UDZv3PE?si=VExuq0Ujx4d1wpWs\" title=\"YouTube-videosoitin\" frameborder=\"0\" allow=\"accelerometer; autoplay; clipboard-write; encrypted-media; gyroscope; picture-in-picture; web-share\" referrerpolicy=\"strict-origin-when-cross-origin\" allowfullscreen><\/iframe>\n<h2>\n\t\t\tASSIST-koulujen ero\t<\/h2>\n\t<p>ASSIST-j\u00e4senkoulut tarjoavat haastavaa opetusta, elinvoimaisia koulun ulkopuolisia mahdollisuuksia ja dynaamisen kampusel\u00e4m\u00e4n, joka on suunniteltu valmistamaan opiskelijoita paitsi yliopistoon my\u00f6s elinik\u00e4iseen, maailmanlaajuiseen vaikuttamiseen. Jokainen koulu luo ymp\u00e4rist\u00f6n, jossa oppilaat menestyv\u00e4t \u00e4lyllisesti, sosiaalisesti ja globaalisti.<\/p>\n\t<a href=\"\/fi\/koulut\/\" role=\"button\">\n  Tutustu kouluihimme\n<\/a>\n<h2>\n\t\tASSIST-kokemus\n\t\tOmistautunut tiimi, maailmanlaajuisesti.\n\t\t\t\t<\/h2>\t\n\t<p>ASSIST tarjoaa kaiken kattavan kokemuksen valinnasta ja sijoittamisesta valmisteluun ja tukeen. Perheet, stipendiaatit ja koulut luottavat siihen, ett\u00e4 ASSISTin omistautunut maailmanlaajuinen tiimi huolehtii huolellisesti yksityiskohdista, ennakoi haasteita ja sovittaa stipendiaatin ja koulun asiantuntevasti yhteen.<\/p>\n\t\t\t\t\t<a href=\"#\"  id=\"fl-accordion--label-0\" tabindex=\"0\" aria-controls=\"fl-accordion--panel-0\">Valinta<\/a>\n\t\t\t\t\t\t\t\t\t\t\t<a href=\"#\" id=\"fl-accordion--icon-0\"  tabindex=\"0\"><i title=\"Laajenna\">Laajenna<\/i><\/a>\n\t\t\t\t\t<p>ASSIST on omistettu lupaaville tutkijoille, ja se arvioi vuosittain yli 30 maan hakemuksia l\u00f6yt\u00e4\u00e4kseen tulevaisuuden johtajat. ASSIST-stipendin saaneiden henkil\u00f6iden ansioita ovat heid\u00e4n tarmokkuutensa, lahjakkuutensa ja rehellisyytens\u00e4.<\/p>\n<em>\u201cHain, koska halusin olla johtaja paremman huomisen puolesta. ASSIST on avannut lukemattomia mahdollisuuksia, joita ei voinut kuvitellakaan.\u201d<\/em> - Abdisamad A. \u201914\n\t\t\t\t\t<a href=\"#\"  id=\"fl-accordion--label-1\" tabindex=\"0\" aria-controls=\"fl-accordion--panel-1\">Valmistelu<\/a>\n\t\t\t\t\t\t\t\t\t\t\t<a href=\"#\" id=\"fl-accordion--icon-1\"  tabindex=\"0\"><i title=\"Laajenna\">Laajenna<\/i><\/a>\n\t\t\t\t\t<p>Opiskelijoiden kotimaassa tapahtuvan esisuunnistuksen j\u00e4lkeen koko ASSIST-luokka kokoontuu ASSIST Scholars-orientaatioon viideksi p\u00e4iv\u00e4ksi. Yhdess\u00e4 he oppivat, pit\u00e4v\u00e4t yhteytt\u00e4 ja valmistautuvat tulevaan vuoteen.<\/p>\n<p>Opiskelijat saapuvat j\u00e4senkouluihinsa valmistautuneina, ja heill\u00e4 on tarvittavat henkil\u00f6kohtaiset suhteet, jotta he voivat menesty\u00e4 uudessa ymp\u00e4rist\u00f6ss\u00e4.<\/p>\n<em>\u201cASSIST j\u00e4rjest\u00e4\u00e4 koko kokemuksen ammattimaisesti. Se valmistaa lapsia ja heid\u00e4n vanhempiaan! T\u00e4m\u00e4 valmistautuminen ei tapahdu vain ennen heid\u00e4n vuottaan, vaan koko sen ajan.\u201d - ASSIST-vanhempi<\/em>\n\t\t\t\t\t<a href=\"#\"  id=\"fl-accordion--label-2\" tabindex=\"0\" aria-controls=\"fl-accordion--panel-2\">Yhteys<\/a>\n\t\t\t\t\t\t\t\t\t\t\t<a href=\"#\" id=\"fl-accordion--icon-2\"  tabindex=\"0\"><i title=\"Laajenna\">Laajenna<\/i><\/a>\n\t\t\t\t\t<p>ASSIST yhdist\u00e4\u00e4 jokaisen oppilaan ja j\u00e4senkoulun henkil\u00f6kohtaisen ja t\u00e4ydellisen ymm\u00e4rryksen perusteella, joka perustuu heid\u00e4n arvoihinsa, kiinnostuksen kohteisiinsa ja tavoitteisiinsa, jotta jokainen oppilas l\u00f6yt\u00e4\u00e4 akateemiset ja yhteis\u00f6lliset yhteydet, jotka muuttavat h\u00e4nt\u00e4.<\/p>\nEn olisi valinnut itselleni tytt\u00f6jen sis\u00e4oppilaitosta, mutta nyt, kun ASSIST-vuoteni on p\u00e4\u00e4ttym\u00e4ss\u00e4, se oli minulle t\u00e4ydellinen valinta.\u201d - ASSIST-oppilaat\n<h2>\n\t\t\tTutustu ASSISTin maailmanlaajuiseen vaikutukseen\t<\/h2>\n\t\t<a href=\"https:\/\/www.assistscholars.org\/fi\/stipendi\/suosittelut\/\" target=\"_self\">\n\t\t\t\t\t\t\t\t\t\t\t<img decoding=\"async\" src=\"https:\/\/www.assistscholars.org\/wp-content\/uploads\/2025\/08\/elen1.jpg\" alt=\"naisopiskelija yll\u00e4\u00e4n baseball-lippis\"\/>\n\t\t\t\t\t\t<h3>\n\t\t\t\t\t\tOpiskelijoiden \u00e4\u00e4net\t\t<\/h3>\n\t\t<\/a>\n\t\t<a href=\"https:\/\/www.assistscholars.org\/fi\/stipendi\/alumni-profiilit\/\" target=\"_self\">\n\t\t\t\t\t\t\t\t\t\t\t<img decoding=\"async\" src=\"https:\/\/www.assistscholars.org\/wp-content\/uploads\/2024\/04\/Petra-Bakosova.jpg\" alt=\"Petra Bakosova valkoinen nainen vaaleat hiukset yll\u00e4\u00e4n musta toppi ja ruskehtava pusero\"\/>\n\t\t\t\t\t\t<h3>\n\t\t\t\t\t\tAlumni-profiilit\t\t<\/h3>\n\t\t<\/a>","protected":false},"excerpt":{"rendered":"<p>Wyoming Seminary Tied\u00e4mme, ett\u00e4 t\u00e4m\u00e4 kokemus voi muuttaa kaiken. Koska j\u00e4senkoulumme ja lahjoittajamme ovat syv\u00e4sti sitoutuneet teht\u00e4viimme, jokainen ASSIST-opiskelija saa stipendin ulkomaanvuottaan varten. T\u00e4m\u00e4 stipendi antaa jokaiselle opiskelijalle p\u00e4\u00e4syn Pohjois-Amerikan johtavaan yksityiseen lukioon. Lis\u00e4ksi stipendiaatista tulee elinik\u00e4isi\u00e4 ASSISTin j\u00e4seni\u00e4, jotka muodostavat...<\/p>","protected":false},"author":2,"featured_media":0,"parent":0,"menu_order":2,"comment_status":"closed","ping_status":"open","template":"","meta":{"_acf_changed":false,"inline_featured_image":false,"_monsterinsights_skip_tracking":false,"_monsterinsights_sitenote_active":false,"_monsterinsights_sitenote_note":"","_monsterinsights_sitenote_category":0,"footnotes":""},"class_list":["post-27","page","type-page","status-publish","hentry"],"acf":[],"yoast_head":"<!-- This site is optimized with the Yoast SEO plugin v27.4 - https:\/\/yoast.com\/product\/yoast-seo-wordpress\/ -->\n<title>Scholarship Program | ASSIST Scholars<\/title>\n<meta name=\"description\" content=\"ASSIST awards two types of American private high school scholarships, and partners with more selective scholarships through our application.\" \/>\n<meta name=\"robots\" content=\"index, follow, max-snippet:-1, max-image-preview:large, max-video-preview:-1\" \/>\n<link rel=\"canonical\" href=\"https:\/\/www.assistscholars.org\/fi\/stipendi\/\" \/>\n<meta property=\"og:locale\" content=\"fi_FI\" \/>\n<meta property=\"og:type\" content=\"article\" \/>\n<meta property=\"og:title\" content=\"Scholarship Program | ASSIST Scholars\" \/>\n<meta property=\"og:description\" content=\"ASSIST awards two types of American private high school scholarships, and partners with more selective scholarships through our application.\" \/>\n<meta property=\"og:url\" content=\"https:\/\/www.assistscholars.org\/fi\/stipendi\/\" \/>\n<meta property=\"og:site_name\" content=\"ASSIST Scholars\" \/>\n<meta property=\"article:publisher\" content=\"https:\/\/www.facebook.com\/ASSISTscholars\" \/>\n<meta property=\"article:modified_time\" content=\"2025-12-05T18:21:53+00:00\" \/>\n<meta property=\"og:image\" content=\"https:\/\/www.assistscholars.org\/wp-content\/uploads\/2024\/04\/peddie-schools-spirit.jpeg\" \/>\n<meta name=\"twitter:card\" content=\"summary_large_image\" \/>\n<meta name=\"twitter:label1\" content=\"Est. reading time\" \/>\n\t<meta name=\"twitter:data1\" content=\"11 minuuttia\" \/>\n<script type=\"application\/ld+json\" class=\"yoast-schema-graph\">{\"@context\":\"https:\\\/\\\/schema.org\",\"@graph\":[{\"@type\":\"WebPage\",\"@id\":\"https:\\\/\\\/www.assistscholars.org\\\/en\\\/scholarship\\\/\",\"url\":\"https:\\\/\\\/www.assistscholars.org\\\/en\\\/scholarship\\\/\",\"name\":\"Scholarship Program | ASSIST Scholars\",\"isPartOf\":{\"@id\":\"https:\\\/\\\/www.assistscholars.org\\\/#website\"},\"primaryImageOfPage\":{\"@id\":\"https:\\\/\\\/www.assistscholars.org\\\/en\\\/scholarship\\\/#primaryimage\"},\"image\":{\"@id\":\"https:\\\/\\\/www.assistscholars.org\\\/en\\\/scholarship\\\/#primaryimage\"},\"thumbnailUrl\":\"https:\\\/\\\/www.assistscholars.org\\\/wp-content\\\/uploads\\\/2024\\\/04\\\/peddie-schools-spirit.jpeg\",\"datePublished\":\"2023-11-28T18:14:58+00:00\",\"dateModified\":\"2025-12-05T18:21:53+00:00\",\"description\":\"ASSIST awards two types of American private high school scholarships, and partners with more selective scholarships through our application.\",\"breadcrumb\":{\"@id\":\"https:\\\/\\\/www.assistscholars.org\\\/en\\\/scholarship\\\/#breadcrumb\"},\"inLanguage\":\"fi\",\"potentialAction\":[{\"@type\":\"ReadAction\",\"target\":[\"https:\\\/\\\/www.assistscholars.org\\\/en\\\/scholarship\\\/\"]}]},{\"@type\":\"ImageObject\",\"inLanguage\":\"fi\",\"@id\":\"https:\\\/\\\/www.assistscholars.org\\\/en\\\/scholarship\\\/#primaryimage\",\"url\":\"https:\\\/\\\/www.assistscholars.org\\\/wp-content\\\/uploads\\\/2024\\\/04\\\/peddie-schools-spirit.jpeg\",\"contentUrl\":\"https:\\\/\\\/www.assistscholars.org\\\/wp-content\\\/uploads\\\/2024\\\/04\\\/peddie-schools-spirit.jpeg\"},{\"@type\":\"BreadcrumbList\",\"@id\":\"https:\\\/\\\/www.assistscholars.org\\\/en\\\/scholarship\\\/#breadcrumb\",\"itemListElement\":[{\"@type\":\"ListItem\",\"position\":1,\"name\":\"Home\",\"item\":\"https:\\\/\\\/www.assistscholars.org\\\/\"},{\"@type\":\"ListItem\",\"position\":2,\"name\":\"Scholarship Program\"}]},{\"@type\":\"WebSite\",\"@id\":\"https:\\\/\\\/www.assistscholars.org\\\/#website\",\"url\":\"https:\\\/\\\/www.assistscholars.org\\\/\",\"name\":\"ASSIST Scholars\",\"description\":\"Connecting America&#039;s finest schools with the world&#039;s leading scholars\",\"publisher\":{\"@id\":\"https:\\\/\\\/www.assistscholars.org\\\/#organization\"},\"alternateName\":\"Connecting America's finest schools with the world's leading scholars\",\"potentialAction\":[{\"@type\":\"SearchAction\",\"target\":{\"@type\":\"EntryPoint\",\"urlTemplate\":\"https:\\\/\\\/www.assistscholars.org\\\/?s={search_term_string}\"},\"query-input\":{\"@type\":\"PropertyValueSpecification\",\"valueRequired\":true,\"valueName\":\"search_term_string\"}}],\"inLanguage\":\"fi\"},{\"@type\":\"Organization\",\"@id\":\"https:\\\/\\\/www.assistscholars.org\\\/#organization\",\"name\":\"ASSIST Scholars\",\"alternateName\":\"Connecting exceptional international students with leading private high schools in North America\",\"url\":\"https:\\\/\\\/www.assistscholars.org\\\/\",\"logo\":{\"@type\":\"ImageObject\",\"inLanguage\":\"fi\",\"@id\":\"https:\\\/\\\/www.assistscholars.org\\\/#\\\/schema\\\/logo\\\/image\\\/\",\"url\":\"https:\\\/\\\/www.assistscholars.org\\\/wp-content\\\/uploads\\\/2025\\\/09\\\/logo-stacked.svg\",\"contentUrl\":\"https:\\\/\\\/www.assistscholars.org\\\/wp-content\\\/uploads\\\/2025\\\/09\\\/logo-stacked.svg\",\"width\":768,\"height\":768,\"caption\":\"ASSIST Scholars\"},\"image\":{\"@id\":\"https:\\\/\\\/www.assistscholars.org\\\/#\\\/schema\\\/logo\\\/image\\\/\"},\"sameAs\":[\"https:\\\/\\\/www.facebook.com\\\/ASSISTscholars\",\"https:\\\/\\\/www.instagram.com\\\/assistscholars\"]}]}<\/script>\n<!-- \/ Yoast SEO plugin. -->","yoast_head_json":{"title":"Apurahaohjelma | ASSIST Scholars","description":"ASSIST my\u00f6nt\u00e4\u00e4 kahdenlaisia amerikkalaisia yksityisi\u00e4 lukiostipendej\u00e4 ja tekee yhteisty\u00f6t\u00e4 valikoivampien stipendien kanssa sovelluksemme kautta.","robots":{"index":"index","follow":"follow","max-snippet":"max-snippet:-1","max-image-preview":"max-image-preview:large","max-video-preview":"max-video-preview:-1"},"canonical":"https:\/\/www.assistscholars.org\/fi\/stipendi\/","og_locale":"fi_FI","og_type":"article","og_title":"Scholarship Program | ASSIST Scholars","og_description":"ASSIST awards two types of American private high school scholarships, and partners with more selective scholarships through our application.","og_url":"https:\/\/www.assistscholars.org\/fi\/stipendi\/","og_site_name":"ASSIST Scholars","article_publisher":"https:\/\/www.facebook.com\/ASSISTscholars","article_modified_time":"2025-12-05T18:21:53+00:00","og_image":[{"url":"https:\/\/www.assistscholars.org\/wp-content\/uploads\/2024\/04\/peddie-schools-spirit.jpeg","type":"","width":"","height":""}],"twitter_card":"summary_large_image","twitter_misc":{"Est. reading time":"11 minuuttia"},"schema":{"@context":"https:\/\/schema.org","@graph":[{"@type":"WebPage","@id":"https:\/\/www.assistscholars.org\/en\/scholarship\/","url":"https:\/\/www.assistscholars.org\/en\/scholarship\/","name":"Apurahaohjelma | ASSIST Scholars","isPartOf":{"@id":"https:\/\/www.assistscholars.org\/#website"},"primaryImageOfPage":{"@id":"https:\/\/www.assistscholars.org\/en\/scholarship\/#primaryimage"},"image":{"@id":"https:\/\/www.assistscholars.org\/en\/scholarship\/#primaryimage"},"thumbnailUrl":"https:\/\/www.assistscholars.org\/wp-content\/uploads\/2024\/04\/peddie-schools-spirit.jpeg","datePublished":"2023-11-28T18:14:58+00:00","dateModified":"2025-12-05T18:21:53+00:00","description":"ASSIST my\u00f6nt\u00e4\u00e4 kahdenlaisia amerikkalaisia yksityisi\u00e4 lukiostipendej\u00e4 ja tekee yhteisty\u00f6t\u00e4 valikoivampien stipendien kanssa sovelluksemme kautta.","breadcrumb":{"@id":"https:\/\/www.assistscholars.org\/en\/scholarship\/#breadcrumb"},"inLanguage":"fi","potentialAction":[{"@type":"ReadAction","target":["https:\/\/www.assistscholars.org\/en\/scholarship\/"]}]},{"@type":"ImageObject","inLanguage":"fi","@id":"https:\/\/www.assistscholars.org\/en\/scholarship\/#primaryimage","url":"https:\/\/www.assistscholars.org\/wp-content\/uploads\/2024\/04\/peddie-schools-spirit.jpeg","contentUrl":"https:\/\/www.assistscholars.org\/wp-content\/uploads\/2024\/04\/peddie-schools-spirit.jpeg"},{"@type":"BreadcrumbList","@id":"https:\/\/www.assistscholars.org\/en\/scholarship\/#breadcrumb","itemListElement":[{"@type":"ListItem","position":1,"name":"Home","item":"https:\/\/www.assistscholars.org\/"},{"@type":"ListItem","position":2,"name":"Scholarship Program"}]},{"@type":"WebSite","@id":"https:\/\/www.assistscholars.org\/#website","url":"https:\/\/www.assistscholars.org\/","name":"ASSIST-tutkijat","description":"Yhdist\u00e4\u00e4 Amerikan parhaat koulut maailman johtaviin tutkijoihin.","publisher":{"@id":"https:\/\/www.assistscholars.org\/#organization"},"alternateName":"Connecting America's finest schools with the world's leading scholars","potentialAction":[{"@type":"SearchAction","target":{"@type":"EntryPoint","urlTemplate":"https:\/\/www.assistscholars.org\/?s={search_term_string}"},"query-input":{"@type":"PropertyValueSpecification","valueRequired":true,"valueName":"search_term_string"}}],"inLanguage":"fi"},{"@type":"Organization","@id":"https:\/\/www.assistscholars.org\/#organization","name":"ASSIST-tutkijat","alternateName":"Connecting exceptional international students with leading private high schools in North America","url":"https:\/\/www.assistscholars.org\/","logo":{"@type":"ImageObject","inLanguage":"fi","@id":"https:\/\/www.assistscholars.org\/#\/schema\/logo\/image\/","url":"https:\/\/www.assistscholars.org\/wp-content\/uploads\/2025\/09\/logo-stacked.svg","contentUrl":"https:\/\/www.assistscholars.org\/wp-content\/uploads\/2025\/09\/logo-stacked.svg","width":768,"height":768,"caption":"ASSIST Scholars"},"image":{"@id":"https:\/\/www.assistscholars.org\/#\/schema\/logo\/image\/"},"sameAs":["https:\/\/www.facebook.com\/ASSISTscholars","https:\/\/www.instagram.com\/assistscholars"]}]}},"_links":{"self":[{"href":"https:\/\/www.assistscholars.org\/fi\/wp-json\/wp\/v2\/pages\/27","targetHints":{"allow":["GET"]}}],"collection":[{"href":"https:\/\/www.assistscholars.org\/fi\/wp-json\/wp\/v2\/pages"}],"about":[{"href":"https:\/\/www.assistscholars.org\/fi\/wp-json\/wp\/v2\/types\/page"}],"author":[{"embeddable":true,"href":"https:\/\/www.assistscholars.org\/fi\/wp-json\/wp\/v2\/users\/2"}],"replies":[{"embeddable":true,"href":"https:\/\/www.assistscholars.org\/fi\/wp-json\/wp\/v2\/comments?post=27"}],"version-history":[{"count":0,"href":"https:\/\/www.assistscholars.org\/fi\/wp-json\/wp\/v2\/pages\/27\/revisions"}],"wp:attachment":[{"href":"https:\/\/www.assistscholars.org\/fi\/wp-json\/wp\/v2\/media?parent=27"}],"curies":[{"name":"wp","href":"https:\/\/api.w.org\/{rel}","templated":true}]}}