{"id":38,"date":"2023-11-28T18:14:58","date_gmt":"2023-11-28T18:14:58","guid":{"rendered":"https:\/\/assistscholars.wpenginepowered.com\/?page_id=38"},"modified":"2025-10-02T21:16:23","modified_gmt":"2025-10-03T01:16:23","slug":"taustan-tarkistus","status":"publish","type":"page","link":"https:\/\/www.assistscholars.org\/fi\/schools\/local-representative\/background-check\/","title":{"rendered":"Rikostaustan tarkistus"},"content":{"rendered":"<span><span><a href=\"https:\/\/www.assistscholars.org\/fi\/\">Etusivu<\/a><\/span><\/span>\n<h2>\n\t\t\tMiksi ASSIST-edustajat tarvitsevat taustatarkastuksen?\t<\/h2>\n\t<p>CSIET (Council on Standards for International Educational Travel) ja Yhdysvaltain ulkoministeri\u00f6 edellytt\u00e4v\u00e4t, ett\u00e4 kaikkien kansainv\u00e4listen vaihto-opiskelijoiden kanssa suoraan ty\u00f6skentelevien edustajien on k\u00e4yt\u00e4v\u00e4 rikostaustan tarkistuksessa. Huomaa, ett\u00e4 salasana on <strong>ASSISTUSA<\/strong><\/p>\n<p>&nbsp;<\/p>\n<p>Jos taustatarkastus on jo tehty osana koulun palvelukseenottoprosessia viimeisten 12 kuukauden aikana, toimittakaa koulun johtajan antama, koulun kirjelomakkeella varustettu lausunto, jossa t\u00e4m\u00e4 vahvistetaan.<\/p>\n\t\t\t<a href=\"https:\/\/assist.volunteerportal.net\/\" target=\"_blank\" rel=\"noopener nofollow\">\n\t\t\t\t\t\t\tKLIKKAA T\u00c4ST\u00c4 ALOITTAAKSESI TAUSTATARKISTUKSEN\n\t\t\t<\/a>","protected":false},"excerpt":{"rendered":"<p>Miksi ASSIST-edustajat tarvitsevat taustatarkastuksen? CSIET (Council on Standards for International Educational Travel) ja Yhdysvaltain ulkoministeri\u00f6 m\u00e4\u00e4r\u00e4\u00e4v\u00e4t, ett\u00e4 kaikkien kansainv\u00e4listen vaihto-opiskelijoiden kanssa suoraan ty\u00f6skentelevien edustajien on k\u00e4yt\u00e4v\u00e4 rikollisen taustan tarkistuksessa. Huomaa, ett\u00e4 salasana on ASSISTUSA Jos taustatarkastus on jo tehty,...<\/p>","protected":false},"author":2,"featured_media":0,"parent":41,"menu_order":2,"comment_status":"closed","ping_status":"closed","template":"","meta":{"_acf_changed":false,"inline_featured_image":false,"_monsterinsights_skip_tracking":false,"_monsterinsights_sitenote_active":false,"_monsterinsights_sitenote_note":"","_monsterinsights_sitenote_category":0,"footnotes":""},"class_list":["post-38","page","type-page","status-publish","hentry"],"acf":[],"yoast_head":"<!-- This site is optimized with the Yoast SEO plugin v27.4 - https:\/\/yoast.com\/product\/yoast-seo-wordpress\/ -->\n<title>Criminal Background Check | ASSIST Scholars<\/title>\n<meta name=\"description\" content=\"Learn more about Criminal Background Check on ASSIST Scholars. Check it out!\" \/>\n<meta name=\"robots\" content=\"index, follow, max-snippet:-1, max-image-preview:large, max-video-preview:-1\" \/>\n<link rel=\"canonical\" href=\"https:\/\/www.assistscholars.org\/fi\/koulut\/paikallinen-edustaja\/taustan-tarkistus\/\" \/>\n<meta property=\"og:locale\" content=\"fi_FI\" \/>\n<meta property=\"og:type\" content=\"article\" \/>\n<meta property=\"og:title\" content=\"Criminal Background Check | ASSIST Scholars\" \/>\n<meta property=\"og:description\" content=\"Learn more about Criminal Background Check on ASSIST Scholars. Check it out!\" \/>\n<meta property=\"og:url\" content=\"https:\/\/www.assistscholars.org\/fi\/koulut\/paikallinen-edustaja\/taustan-tarkistus\/\" \/>\n<meta property=\"og:site_name\" content=\"ASSIST Scholars\" \/>\n<meta property=\"article:publisher\" content=\"https:\/\/www.facebook.com\/ASSISTscholars\" \/>\n<meta property=\"article:modified_time\" content=\"2025-10-03T01:16:23+00:00\" \/>\n<meta name=\"twitter:card\" content=\"summary_large_image\" \/>\n<meta name=\"twitter:label1\" content=\"Est. reading time\" \/>\n\t<meta name=\"twitter:data1\" content=\"1 minuutti\" \/>\n<script type=\"application\/ld+json\" class=\"yoast-schema-graph\">{\"@context\":\"https:\\\/\\\/schema.org\",\"@graph\":[{\"@type\":\"WebPage\",\"@id\":\"https:\\\/\\\/www.assistscholars.org\\\/schools\\\/local-representative\\\/background-check\\\/\",\"url\":\"https:\\\/\\\/www.assistscholars.org\\\/schools\\\/local-representative\\\/background-check\\\/\",\"name\":\"Criminal Background Check | ASSIST Scholars\",\"isPartOf\":{\"@id\":\"https:\\\/\\\/www.assistscholars.org\\\/#website\"},\"datePublished\":\"2023-11-28T18:14:58+00:00\",\"dateModified\":\"2025-10-03T01:16:23+00:00\",\"description\":\"Learn more about Criminal Background Check on ASSIST Scholars. Check it out!\",\"breadcrumb\":{\"@id\":\"https:\\\/\\\/www.assistscholars.org\\\/schools\\\/local-representative\\\/background-check\\\/#breadcrumb\"},\"inLanguage\":\"fi\",\"potentialAction\":[{\"@type\":\"ReadAction\",\"target\":[\"https:\\\/\\\/www.assistscholars.org\\\/schools\\\/local-representative\\\/background-check\\\/\"]}]},{\"@type\":\"BreadcrumbList\",\"@id\":\"https:\\\/\\\/www.assistscholars.org\\\/schools\\\/local-representative\\\/background-check\\\/#breadcrumb\",\"itemListElement\":[{\"@type\":\"ListItem\",\"position\":1,\"name\":\"Home\",\"item\":\"https:\\\/\\\/www.assistscholars.org\\\/\"},{\"@type\":\"ListItem\",\"position\":2,\"name\":\"Our School Network\",\"item\":\"https:\\\/\\\/www.assistscholars.org\\\/schools\\\/\"},{\"@type\":\"ListItem\",\"position\":3,\"name\":\"Resources for ASSIST Representatives\",\"item\":\"https:\\\/\\\/www.assistscholars.org\\\/schools\\\/local-representative\\\/\"},{\"@type\":\"ListItem\",\"position\":4,\"name\":\"Criminal Background Check\"}]},{\"@type\":\"WebSite\",\"@id\":\"https:\\\/\\\/www.assistscholars.org\\\/#website\",\"url\":\"https:\\\/\\\/www.assistscholars.org\\\/\",\"name\":\"ASSIST Scholars\",\"description\":\"Connecting America&#039;s finest schools with the world&#039;s leading scholars\",\"publisher\":{\"@id\":\"https:\\\/\\\/www.assistscholars.org\\\/#organization\"},\"alternateName\":\"Connecting America's finest schools with the world's leading scholars\",\"potentialAction\":[{\"@type\":\"SearchAction\",\"target\":{\"@type\":\"EntryPoint\",\"urlTemplate\":\"https:\\\/\\\/www.assistscholars.org\\\/?s={search_term_string}\"},\"query-input\":{\"@type\":\"PropertyValueSpecification\",\"valueRequired\":true,\"valueName\":\"search_term_string\"}}],\"inLanguage\":\"fi\"},{\"@type\":\"Organization\",\"@id\":\"https:\\\/\\\/www.assistscholars.org\\\/#organization\",\"name\":\"ASSIST Scholars\",\"alternateName\":\"Connecting exceptional international students with leading private high schools in North America\",\"url\":\"https:\\\/\\\/www.assistscholars.org\\\/\",\"logo\":{\"@type\":\"ImageObject\",\"inLanguage\":\"fi\",\"@id\":\"https:\\\/\\\/www.assistscholars.org\\\/#\\\/schema\\\/logo\\\/image\\\/\",\"url\":\"https:\\\/\\\/www.assistscholars.org\\\/wp-content\\\/uploads\\\/2025\\\/09\\\/logo-stacked.svg\",\"contentUrl\":\"https:\\\/\\\/www.assistscholars.org\\\/wp-content\\\/uploads\\\/2025\\\/09\\\/logo-stacked.svg\",\"width\":768,\"height\":768,\"caption\":\"ASSIST Scholars\"},\"image\":{\"@id\":\"https:\\\/\\\/www.assistscholars.org\\\/#\\\/schema\\\/logo\\\/image\\\/\"},\"sameAs\":[\"https:\\\/\\\/www.facebook.com\\\/ASSISTscholars\",\"https:\\\/\\\/www.instagram.com\\\/assistscholars\"]}]}<\/script>\n<!-- \/ Yoast SEO plugin. -->","yoast_head_json":{"title":"Rikostaustan tarkistus | ASSIST Scholars","description":"Lis\u00e4tietoja rikostaustan tarkistamisesta ASSIST Scholars:ss\u00e4. Tarkista se!","robots":{"index":"index","follow":"follow","max-snippet":"max-snippet:-1","max-image-preview":"max-image-preview:large","max-video-preview":"max-video-preview:-1"},"canonical":"https:\/\/www.assistscholars.org\/fi\/koulut\/paikallinen-edustaja\/taustan-tarkistus\/","og_locale":"fi_FI","og_type":"article","og_title":"Criminal Background Check | ASSIST Scholars","og_description":"Learn more about Criminal Background Check on ASSIST Scholars. Check it out!","og_url":"https:\/\/www.assistscholars.org\/fi\/koulut\/paikallinen-edustaja\/taustan-tarkistus\/","og_site_name":"ASSIST Scholars","article_publisher":"https:\/\/www.facebook.com\/ASSISTscholars","article_modified_time":"2025-10-03T01:16:23+00:00","twitter_card":"summary_large_image","twitter_misc":{"Est. reading time":"1 minuutti"},"schema":{"@context":"https:\/\/schema.org","@graph":[{"@type":"WebPage","@id":"https:\/\/www.assistscholars.org\/schools\/local-representative\/background-check\/","url":"https:\/\/www.assistscholars.org\/schools\/local-representative\/background-check\/","name":"Rikostaustan tarkistus | ASSIST Scholars","isPartOf":{"@id":"https:\/\/www.assistscholars.org\/#website"},"datePublished":"2023-11-28T18:14:58+00:00","dateModified":"2025-10-03T01:16:23+00:00","description":"Lis\u00e4tietoja rikostaustan tarkistamisesta ASSIST Scholars:ss\u00e4. Tarkista se!","breadcrumb":{"@id":"https:\/\/www.assistscholars.org\/schools\/local-representative\/background-check\/#breadcrumb"},"inLanguage":"fi","potentialAction":[{"@type":"ReadAction","target":["https:\/\/www.assistscholars.org\/schools\/local-representative\/background-check\/"]}]},{"@type":"BreadcrumbList","@id":"https:\/\/www.assistscholars.org\/schools\/local-representative\/background-check\/#breadcrumb","itemListElement":[{"@type":"ListItem","position":1,"name":"Home","item":"https:\/\/www.assistscholars.org\/"},{"@type":"ListItem","position":2,"name":"Our School Network","item":"https:\/\/www.assistscholars.org\/schools\/"},{"@type":"ListItem","position":3,"name":"Resources for ASSIST Representatives","item":"https:\/\/www.assistscholars.org\/schools\/local-representative\/"},{"@type":"ListItem","position":4,"name":"Criminal Background Check"}]},{"@type":"WebSite","@id":"https:\/\/www.assistscholars.org\/#website","url":"https:\/\/www.assistscholars.org\/","name":"ASSIST-tutkijat","description":"Yhdist\u00e4\u00e4 Amerikan parhaat koulut maailman johtaviin tutkijoihin.","publisher":{"@id":"https:\/\/www.assistscholars.org\/#organization"},"alternateName":"Connecting America's finest schools with the world's leading scholars","potentialAction":[{"@type":"SearchAction","target":{"@type":"EntryPoint","urlTemplate":"https:\/\/www.assistscholars.org\/?s={search_term_string}"},"query-input":{"@type":"PropertyValueSpecification","valueRequired":true,"valueName":"search_term_string"}}],"inLanguage":"fi"},{"@type":"Organization","@id":"https:\/\/www.assistscholars.org\/#organization","name":"ASSIST-tutkijat","alternateName":"Connecting exceptional international students with leading private high schools in North America","url":"https:\/\/www.assistscholars.org\/","logo":{"@type":"ImageObject","inLanguage":"fi","@id":"https:\/\/www.assistscholars.org\/#\/schema\/logo\/image\/","url":"https:\/\/www.assistscholars.org\/wp-content\/uploads\/2025\/09\/logo-stacked.svg","contentUrl":"https:\/\/www.assistscholars.org\/wp-content\/uploads\/2025\/09\/logo-stacked.svg","width":768,"height":768,"caption":"ASSIST Scholars"},"image":{"@id":"https:\/\/www.assistscholars.org\/#\/schema\/logo\/image\/"},"sameAs":["https:\/\/www.facebook.com\/ASSISTscholars","https:\/\/www.instagram.com\/assistscholars"]}]}},"_links":{"self":[{"href":"https:\/\/www.assistscholars.org\/fi\/wp-json\/wp\/v2\/pages\/38","targetHints":{"allow":["GET"]}}],"collection":[{"href":"https:\/\/www.assistscholars.org\/fi\/wp-json\/wp\/v2\/pages"}],"about":[{"href":"https:\/\/www.assistscholars.org\/fi\/wp-json\/wp\/v2\/types\/page"}],"author":[{"embeddable":true,"href":"https:\/\/www.assistscholars.org\/fi\/wp-json\/wp\/v2\/users\/2"}],"replies":[{"embeddable":true,"href":"https:\/\/www.assistscholars.org\/fi\/wp-json\/wp\/v2\/comments?post=38"}],"version-history":[{"count":0,"href":"https:\/\/www.assistscholars.org\/fi\/wp-json\/wp\/v2\/pages\/38\/revisions"}],"up":[{"embeddable":true,"href":"https:\/\/www.assistscholars.org\/fi\/wp-json\/wp\/v2\/pages\/41"}],"wp:attachment":[{"href":"https:\/\/www.assistscholars.org\/fi\/wp-json\/wp\/v2\/media?parent=38"}],"curies":[{"name":"wp","href":"https:\/\/api.w.org\/{rel}","templated":true}]}}