{"id":40,"date":"2023-11-28T18:14:58","date_gmt":"2023-11-28T18:14:58","guid":{"rendered":"https:\/\/assistscholars.wpenginepowered.com\/?page_id=40"},"modified":"2025-07-17T20:32:38","modified_gmt":"2025-07-18T00:32:38","slug":"suosittelut","status":"publish","type":"page","link":"https:\/\/www.assistscholars.org\/fi\/schools\/testimonials\/","title":{"rendered":"J\u00e4senkoulujen suosittelut"},"content":{"rendered":"<span><span><a href=\"https:\/\/www.assistscholars.org\/fi\/\">Etusivu<\/a><\/span><\/span>\n\n\t\t\t\t<img decoding=\"async\" src=\"https:\/\/www.assistscholars.org\/wp-content\/uploads\/2024\/04\/memberships-page-1024x500.jpg\" alt=\"kuva kansainv\u00e4lisist\u00e4 opiskelijoista amerikkalaisessa koulussa\" itemprop=\"image\" height=\"500\" width=\"1024\" title=\"j\u00e4senyydet-sivu\" onerror=\"this.style.display='none'\" loading='lazy' \/>\n\t<h2>ASSISTin henkil\u00f6kohtaisen ja teht\u00e4v\u00e4\u00e4ns\u00e4 vastaavan yhdist\u00e4misprosessin ansiosta j\u00e4senkoulumme saavat stipendiaatit rikkaudekseen. Koulujen johtajat ovat yht\u00e4 mielt\u00e4 siit\u00e4, ett\u00e4 positiivinen henki, uteliaisuus ja globaali n\u00e4k\u00f6kulma ovat ominaisuuksia, jotka kaikki stipendiaatit jakavat.<\/h2>\n<h2>\n\t\t\tKuule j\u00e4senkouluilta, miksi tarvitset ASSISTia\t<\/h2>","protected":false},"excerpt":{"rendered":"<p>ASSISTin henkil\u00f6kohtaisen ja teht\u00e4v\u00e4\u00e4ns\u00e4 vastaavan yhdist\u00e4misprosessin ansiosta j\u00e4senkoulumme saavat stipendiaatit rikkaudekseen. Koulujen johtajat ovat yht\u00e4 mielt\u00e4 siit\u00e4, ett\u00e4 positiivinen henki, uteliaisuus ja globaali n\u00e4k\u00f6kulma ovat ominaisuuksia, jotka kaikki stipendiaatit jakavat. Kuule j\u00e4senkouluilta, miksi tarvitset ASSISTia<\/p>","protected":false},"author":2,"featured_media":0,"parent":36,"menu_order":4,"comment_status":"closed","ping_status":"open","template":"","meta":{"_acf_changed":false,"inline_featured_image":false,"_monsterinsights_skip_tracking":false,"_monsterinsights_sitenote_active":false,"_monsterinsights_sitenote_note":"","_monsterinsights_sitenote_category":0,"footnotes":""},"class_list":["post-40","page","type-page","status-publish","hentry"],"acf":[],"yoast_head":"<!-- This site is optimized with the Yoast SEO plugin v27.3 - https:\/\/yoast.com\/product\/yoast-seo-wordpress\/ -->\n<title>Member School Testimonials | ASSIST Scholars<\/title>\n<meta name=\"description\" content=\"Learn more about Member School Testimonials on ASSIST Scholars. Check it out!\" \/>\n<meta name=\"robots\" content=\"index, follow, max-snippet:-1, max-image-preview:large, max-video-preview:-1\" \/>\n<link rel=\"canonical\" href=\"https:\/\/www.assistscholars.org\/fi\/koulut\/suosittelut\/\" \/>\n<meta property=\"og:locale\" content=\"fi_FI\" \/>\n<meta property=\"og:type\" content=\"article\" \/>\n<meta property=\"og:title\" content=\"Member School Testimonials | ASSIST Scholars\" \/>\n<meta property=\"og:description\" content=\"Learn more about Member School Testimonials on ASSIST Scholars. Check it out!\" \/>\n<meta property=\"og:url\" content=\"https:\/\/www.assistscholars.org\/fi\/koulut\/suosittelut\/\" \/>\n<meta property=\"og:site_name\" content=\"ASSIST Scholars\" \/>\n<meta property=\"article:publisher\" content=\"https:\/\/www.facebook.com\/ASSISTscholars\" \/>\n<meta property=\"article:modified_time\" content=\"2025-07-18T00:32:38+00:00\" \/>\n<meta property=\"og:image\" content=\"https:\/\/www.assistscholars.org\/wp-content\/uploads\/2024\/04\/memberships-page-1024x500.jpg\" \/>\n<meta name=\"twitter:card\" content=\"summary_large_image\" \/>\n<meta name=\"twitter:label1\" content=\"Est. reading time\" \/>\n\t<meta name=\"twitter:data1\" content=\"1 minuutti\" \/>\n<script type=\"application\/ld+json\" class=\"yoast-schema-graph\">{\"@context\":\"https:\\\/\\\/schema.org\",\"@graph\":[{\"@type\":\"WebPage\",\"@id\":\"https:\\\/\\\/www.assistscholars.org\\\/schools\\\/testimonials\\\/\",\"url\":\"https:\\\/\\\/www.assistscholars.org\\\/schools\\\/testimonials\\\/\",\"name\":\"Member School Testimonials | ASSIST Scholars\",\"isPartOf\":{\"@id\":\"https:\\\/\\\/www.assistscholars.org\\\/#website\"},\"primaryImageOfPage\":{\"@id\":\"https:\\\/\\\/www.assistscholars.org\\\/schools\\\/testimonials\\\/#primaryimage\"},\"image\":{\"@id\":\"https:\\\/\\\/www.assistscholars.org\\\/schools\\\/testimonials\\\/#primaryimage\"},\"thumbnailUrl\":\"https:\\\/\\\/www.assistscholars.org\\\/wp-content\\\/uploads\\\/2024\\\/04\\\/memberships-page-1024x500.jpg\",\"datePublished\":\"2023-11-28T18:14:58+00:00\",\"dateModified\":\"2025-07-18T00:32:38+00:00\",\"description\":\"Learn more about Member School Testimonials on ASSIST Scholars. Check it out!\",\"breadcrumb\":{\"@id\":\"https:\\\/\\\/www.assistscholars.org\\\/schools\\\/testimonials\\\/#breadcrumb\"},\"inLanguage\":\"fi\",\"potentialAction\":[{\"@type\":\"ReadAction\",\"target\":[\"https:\\\/\\\/www.assistscholars.org\\\/schools\\\/testimonials\\\/\"]}]},{\"@type\":\"ImageObject\",\"inLanguage\":\"fi\",\"@id\":\"https:\\\/\\\/www.assistscholars.org\\\/schools\\\/testimonials\\\/#primaryimage\",\"url\":\"https:\\\/\\\/www.assistscholars.org\\\/wp-content\\\/uploads\\\/2024\\\/04\\\/memberships-page-1024x500.jpg\",\"contentUrl\":\"https:\\\/\\\/www.assistscholars.org\\\/wp-content\\\/uploads\\\/2024\\\/04\\\/memberships-page-1024x500.jpg\"},{\"@type\":\"BreadcrumbList\",\"@id\":\"https:\\\/\\\/www.assistscholars.org\\\/schools\\\/testimonials\\\/#breadcrumb\",\"itemListElement\":[{\"@type\":\"ListItem\",\"position\":1,\"name\":\"Home\",\"item\":\"https:\\\/\\\/www.assistscholars.org\\\/\"},{\"@type\":\"ListItem\",\"position\":2,\"name\":\"Our School Network\",\"item\":\"https:\\\/\\\/www.assistscholars.org\\\/schools\\\/\"},{\"@type\":\"ListItem\",\"position\":3,\"name\":\"Member School Testimonials\"}]},{\"@type\":\"WebSite\",\"@id\":\"https:\\\/\\\/www.assistscholars.org\\\/#website\",\"url\":\"https:\\\/\\\/www.assistscholars.org\\\/\",\"name\":\"ASSIST Scholars\",\"description\":\"Connecting America&#039;s finest schools with the world&#039;s leading scholars\",\"publisher\":{\"@id\":\"https:\\\/\\\/www.assistscholars.org\\\/#organization\"},\"alternateName\":\"Connecting America's finest schools with the world's leading scholars\",\"potentialAction\":[{\"@type\":\"SearchAction\",\"target\":{\"@type\":\"EntryPoint\",\"urlTemplate\":\"https:\\\/\\\/www.assistscholars.org\\\/?s={search_term_string}\"},\"query-input\":{\"@type\":\"PropertyValueSpecification\",\"valueRequired\":true,\"valueName\":\"search_term_string\"}}],\"inLanguage\":\"fi\"},{\"@type\":\"Organization\",\"@id\":\"https:\\\/\\\/www.assistscholars.org\\\/#organization\",\"name\":\"ASSIST Scholars\",\"alternateName\":\"Connecting exceptional international students with leading private high schools in North America\",\"url\":\"https:\\\/\\\/www.assistscholars.org\\\/\",\"logo\":{\"@type\":\"ImageObject\",\"inLanguage\":\"fi\",\"@id\":\"https:\\\/\\\/www.assistscholars.org\\\/#\\\/schema\\\/logo\\\/image\\\/\",\"url\":\"https:\\\/\\\/www.assistscholars.org\\\/wp-content\\\/uploads\\\/2025\\\/09\\\/logo-stacked.svg\",\"contentUrl\":\"https:\\\/\\\/www.assistscholars.org\\\/wp-content\\\/uploads\\\/2025\\\/09\\\/logo-stacked.svg\",\"width\":768,\"height\":768,\"caption\":\"ASSIST Scholars\"},\"image\":{\"@id\":\"https:\\\/\\\/www.assistscholars.org\\\/#\\\/schema\\\/logo\\\/image\\\/\"},\"sameAs\":[\"https:\\\/\\\/www.facebook.com\\\/ASSISTscholars\",\"https:\\\/\\\/www.instagram.com\\\/assistscholars\"]}]}<\/script>\n<!-- \/ Yoast SEO plugin. -->","yoast_head_json":{"title":"J\u00e4senkoulun suosittelut | ASSIST Scholars","description":"Lue lis\u00e4\u00e4 j\u00e4senkoulujen suositteluista ASSIST Scholars:ss\u00e4. Tsekkaa se!","robots":{"index":"index","follow":"follow","max-snippet":"max-snippet:-1","max-image-preview":"max-image-preview:large","max-video-preview":"max-video-preview:-1"},"canonical":"https:\/\/www.assistscholars.org\/fi\/koulut\/suosittelut\/","og_locale":"fi_FI","og_type":"article","og_title":"Member School Testimonials | ASSIST Scholars","og_description":"Learn more about Member School Testimonials on ASSIST Scholars. Check it out!","og_url":"https:\/\/www.assistscholars.org\/fi\/koulut\/suosittelut\/","og_site_name":"ASSIST Scholars","article_publisher":"https:\/\/www.facebook.com\/ASSISTscholars","article_modified_time":"2025-07-18T00:32:38+00:00","og_image":[{"url":"https:\/\/www.assistscholars.org\/wp-content\/uploads\/2024\/04\/memberships-page-1024x500.jpg","type":"","width":"","height":""}],"twitter_card":"summary_large_image","twitter_misc":{"Est. reading time":"1 minuutti"},"schema":{"@context":"https:\/\/schema.org","@graph":[{"@type":"WebPage","@id":"https:\/\/www.assistscholars.org\/schools\/testimonials\/","url":"https:\/\/www.assistscholars.org\/schools\/testimonials\/","name":"J\u00e4senkoulun suosittelut | ASSIST Scholars","isPartOf":{"@id":"https:\/\/www.assistscholars.org\/#website"},"primaryImageOfPage":{"@id":"https:\/\/www.assistscholars.org\/schools\/testimonials\/#primaryimage"},"image":{"@id":"https:\/\/www.assistscholars.org\/schools\/testimonials\/#primaryimage"},"thumbnailUrl":"https:\/\/www.assistscholars.org\/wp-content\/uploads\/2024\/04\/memberships-page-1024x500.jpg","datePublished":"2023-11-28T18:14:58+00:00","dateModified":"2025-07-18T00:32:38+00:00","description":"Lue lis\u00e4\u00e4 j\u00e4senkoulujen suositteluista ASSIST Scholars:ss\u00e4. Tsekkaa se!","breadcrumb":{"@id":"https:\/\/www.assistscholars.org\/schools\/testimonials\/#breadcrumb"},"inLanguage":"fi","potentialAction":[{"@type":"ReadAction","target":["https:\/\/www.assistscholars.org\/schools\/testimonials\/"]}]},{"@type":"ImageObject","inLanguage":"fi","@id":"https:\/\/www.assistscholars.org\/schools\/testimonials\/#primaryimage","url":"https:\/\/www.assistscholars.org\/wp-content\/uploads\/2024\/04\/memberships-page-1024x500.jpg","contentUrl":"https:\/\/www.assistscholars.org\/wp-content\/uploads\/2024\/04\/memberships-page-1024x500.jpg"},{"@type":"BreadcrumbList","@id":"https:\/\/www.assistscholars.org\/schools\/testimonials\/#breadcrumb","itemListElement":[{"@type":"ListItem","position":1,"name":"Home","item":"https:\/\/www.assistscholars.org\/"},{"@type":"ListItem","position":2,"name":"Our School Network","item":"https:\/\/www.assistscholars.org\/schools\/"},{"@type":"ListItem","position":3,"name":"Member School Testimonials"}]},{"@type":"WebSite","@id":"https:\/\/www.assistscholars.org\/#website","url":"https:\/\/www.assistscholars.org\/","name":"ASSIST-tutkijat","description":"Yhdist\u00e4\u00e4 Amerikan parhaat koulut maailman johtaviin tutkijoihin.","publisher":{"@id":"https:\/\/www.assistscholars.org\/#organization"},"alternateName":"Connecting America's finest schools with the world's leading scholars","potentialAction":[{"@type":"SearchAction","target":{"@type":"EntryPoint","urlTemplate":"https:\/\/www.assistscholars.org\/?s={search_term_string}"},"query-input":{"@type":"PropertyValueSpecification","valueRequired":true,"valueName":"search_term_string"}}],"inLanguage":"fi"},{"@type":"Organization","@id":"https:\/\/www.assistscholars.org\/#organization","name":"ASSIST-tutkijat","alternateName":"Connecting exceptional international students with leading private high schools in North America","url":"https:\/\/www.assistscholars.org\/","logo":{"@type":"ImageObject","inLanguage":"fi","@id":"https:\/\/www.assistscholars.org\/#\/schema\/logo\/image\/","url":"https:\/\/www.assistscholars.org\/wp-content\/uploads\/2025\/09\/logo-stacked.svg","contentUrl":"https:\/\/www.assistscholars.org\/wp-content\/uploads\/2025\/09\/logo-stacked.svg","width":768,"height":768,"caption":"ASSIST Scholars"},"image":{"@id":"https:\/\/www.assistscholars.org\/#\/schema\/logo\/image\/"},"sameAs":["https:\/\/www.facebook.com\/ASSISTscholars","https:\/\/www.instagram.com\/assistscholars"]}]}},"_links":{"self":[{"href":"https:\/\/www.assistscholars.org\/fi\/wp-json\/wp\/v2\/pages\/40","targetHints":{"allow":["GET"]}}],"collection":[{"href":"https:\/\/www.assistscholars.org\/fi\/wp-json\/wp\/v2\/pages"}],"about":[{"href":"https:\/\/www.assistscholars.org\/fi\/wp-json\/wp\/v2\/types\/page"}],"author":[{"embeddable":true,"href":"https:\/\/www.assistscholars.org\/fi\/wp-json\/wp\/v2\/users\/2"}],"replies":[{"embeddable":true,"href":"https:\/\/www.assistscholars.org\/fi\/wp-json\/wp\/v2\/comments?post=40"}],"version-history":[{"count":0,"href":"https:\/\/www.assistscholars.org\/fi\/wp-json\/wp\/v2\/pages\/40\/revisions"}],"up":[{"embeddable":true,"href":"https:\/\/www.assistscholars.org\/fi\/wp-json\/wp\/v2\/pages\/36"}],"wp:attachment":[{"href":"https:\/\/www.assistscholars.org\/fi\/wp-json\/wp\/v2\/media?parent=40"}],"curies":[{"name":"wp","href":"https:\/\/api.w.org\/{rel}","templated":true}]}}