{"id":57735,"date":"2025-07-29T08:29:09","date_gmt":"2025-07-29T12:29:09","guid":{"rendered":"https:\/\/www.assistscholars.org\/?page_id=57735"},"modified":"2025-09-15T15:49:41","modified_gmt":"2025-09-15T19:49:41","slug":"programdij-csokkentesek","status":"publish","type":"page","link":"https:\/\/www.assistscholars.org\/hu\/scholarship\/affording-assist\/program-fee-reductions\/","title":{"rendered":"Programd\u00edjcs\u00f6kkent\u00e9si lehet\u0151s\u00e9gek"},"content":{"rendered":"<span><span><a href=\"https:\/\/www.assistscholars.org\/hu\/\">Home<\/a><\/span><\/span>\n<h2>\n\t\t\tAz ASSIST a hozz\u00e1f\u00e9rhet\u0151s\u00e9g mellett elk\u00f6telezve, \u00e9rdemalap\u00fa felv\u00e9telt \u00e9s t\u00e1mogat\u00e1st k\u00edn\u00e1l.\t<\/h2>\n<h3>\n\t\t\tAz ASSIST elk\u00f6telezett amellett, hogy programj\u00e1t a legk\u00fcl\u00f6nb\u00f6z\u0151bb p\u00e9nz\u00fcgyi h\u00e1tt\u00e9rrel rendelkez\u0151 csal\u00e1dok sz\u00e1m\u00e1ra is el\u00e9rhet\u0151v\u00e9 tegye. A felv\u00e9tel \u00e9rdemek alapj\u00e1n t\u00f6rt\u00e9nik, de r\u00e1szorults\u00e1gi alapon p\u00e9nz\u00fcgyi t\u00e1mogat\u00e1s is el\u00e9rhet\u0151.\t<\/h3>\n\t<p>Az ASSIST program d\u00edj\u00e1t, amelyet az ASSIST igazgat\u00f3tan\u00e1cs hat\u00e1roz meg, minden sikeres p\u00e1ly\u00e1z\u00f3 csal\u00e1dja k\u00f6teles megfizetni. Ez a d\u00edj hozz\u00e1j\u00e1rul az ASSIST \u00f6szt\u00f6nd\u00edjasok\u00e9rt v\u00e9gzett munk\u00e1j\u00e1nak k\u00f6lts\u00e9geihez, mind Amerik\u00e1ban, mind vil\u00e1gszerte. A d\u00edj fedezi tov\u00e1bb\u00e1 a k\u00f6vetkez\u0151ket:<\/p>\n<ul>\n<li> egy t\u00f6bbnapos, szem\u00e9lyes orient\u00e1ci\u00f3s program<\/li>\n<li>hozz\u00e1f\u00e9r\u00e9s a t\u00f6bb mint 6000 \u00f6regdi\u00e1kb\u00f3l \u00e1ll\u00f3 vil\u00e1gm\u00e9ret\u0171 h\u00e1l\u00f3zathoz<\/li>\n<li>t\u00e1mogat\u00e1s eg\u00e9sz \u00e9vben<\/li>\n<\/ul>\n<p>A 26-27-es tan\u00e9v programd\u00edja a k\u00f6vetkez\u0151 oldalon tal\u00e1lhat\u00f3<a href=\"https:\/\/www.assistscholars.org\/hu\/osztondij\/helyszinek\/\"> az egyes orsz\u00e1gok oldalai<\/a>.<\/p>\n\t\t\t\t<img decoding=\"async\" src=\"https:\/\/www.assistscholars.org\/wp-content\/uploads\/2025\/08\/Classroom-Smile-Photo-Ten.jpg\" alt=\"Oszt\u00e1lyterem-mosoly-k\u00e9p-t\u00edz\" itemprop=\"image\" height=\"1200\" width=\"1200\" title=\"Oszt\u00e1lyterem-mosoly-k\u00e9p-t\u00edz\" onerror=\"this.style.display='none'\" loading=\"lazy\" \/>\n\t<h3><b>Az arra \u00e9rdemes di\u00e1kok hozz\u00e1f\u00e9r\u00e9s\u00e9nek t\u00e1mogat\u00e1sa<\/b><\/h3>\n<p>Az ASSIST elk\u00f6telezett amellett, hogy \u00e1talak\u00edt\u00f3 programj\u00e1t vil\u00e1gszerte el\u00e9rhet\u0151v\u00e9 tegye a tehets\u00e9ges di\u00e1kok sz\u00e1m\u00e1ra, anyagi h\u00e1tt\u00e9rt\u0151l f\u00fcggetlen\u00fcl. B\u00e1r a csal\u00e1dokt\u00f3l elv\u00e1rj\u00e1k, hogy hozz\u00e1j\u00e1ruljanak a r\u00e9szv\u00e9teli k\u00f6lts\u00e9gekhez, a val\u00f3di p\u00e9nz\u00fcgyi r\u00e1szorults\u00e1got igazol\u00f3 jelentkez\u0151k sz\u00e1m\u00e1ra r\u00e1szorults\u00e1gi alap\u00fa programd\u00edj-kedvezm\u00e9nyek is el\u00e9rhet\u0151ek lehetnek. Ezeket a kedvezm\u00e9nyeket olyan mag\u00e1nszem\u00e9lyek \u00e9s partnerek nagylelk\u0171 t\u00e1mogat\u00e1sa teszi lehet\u0151v\u00e9, akik hisznek az oktat\u00e1si lehet\u0151s\u00e9gekben \u00e9s a glob\u00e1lis \u00e1llampolg\u00e1rs\u00e1gban.<\/p>\n<h3><strong>Bizalmas \u00e9s tisztess\u00e9ges<\/strong><\/h3>\n<p>A programba bev\u00e1lasztott \u00e9s t\u00e1mogat\u00e1s\u00e9rt folyamod\u00f3 hallgat\u00f3k a programd\u00edj-kedvezm\u00e9nyeket figyelembe veszik. Az ASSIST gondosan megvizsg\u00e1l minden egyes p\u00e9nz\u00fcgyi t\u00e1mogat\u00e1si k\u00e9relmet, hogy meg\u00e1llap\u00edtsa a csal\u00e1dok bizony\u00edtott r\u00e1szorults\u00e1g\u00e1t. Ez a folyamat alapos, bizalmas, \u00e9s \u00fagy tervezt\u00e9k, hogy a t\u00e1mogat\u00e1s igazs\u00e1gosan ker\u00fclj\u00f6n oda\u00edt\u00e9l\u00e9sre. C\u00e9lunk annak biztos\u00edt\u00e1sa, hogy egyetlen alkalmas tanul\u00f3 se tudjon r\u00e9szt venni a programban anyagi k\u00f6r\u00fclm\u00e9nyek miatt.<\/p>\n<h3><strong>K\u00f6vetkez\u0151 l\u00e9p\u00e9sek<\/strong><\/h3>\n<p>Ahhoz, hogy figyelembe vegy\u00e9k, a di\u00e1koknak el\u0151sz\u00f6r ki kell t\u00f6lteni\u00fck az \u00e1ltal\u00e1nos ASSIST jelentkez\u00e9si lapot, amely mostant\u00f3l nyitva \u00e1ll. A d\u00edjcs\u00f6kkent\u00e9sre vonatkoz\u00f3 k\u00e9relem a k\u00f6vetkez\u0151 honlapon jelenik meg <a href=\"https:\/\/assistscholars.fsenrollment.com\/users\/sign_in\" target=\"_blank\" rel=\"noopener\">p\u00e1ly\u00e1zati port\u00e1l<\/a> (azokban az orsz\u00e1gokban, ahol jelenleg d\u00edjcs\u00f6kkent\u00e9s \u00e9rhet\u0151 el) szeptember v\u00e9g\u00e9n.<\/p>\n<p>&nbsp;<\/p>\n<p>K\u00e9rj\u00fck, vegye figyelembe: A kedvezm\u00e9nyek nem garant\u00e1ltak, \u00e9s a d\u00edjak a bizony\u00edtott r\u00e1szorults\u00e1g \u00e9s a rendelkez\u00e9sre \u00e1ll\u00f3 finansz\u00edroz\u00e1s alapj\u00e1n v\u00e1ltoznak. <strong>Az ASSIST arra \u00f6szt\u00f6nzi a k\u00e9pzett, elk\u00f6telezett di\u00e1kokat, hogy jelentkezzenek, ha a k\u00f6lts\u00e9gek nem jelentenek gondot.<\/strong><\/p>\n\t<a href=\"\/hu\/kapcsolatfelvetel\/\" role=\"button\">\n  K\u00e9rd\u00e9sek? Vegye fel vel\u00fcnk a kapcsolatot.\n<\/a>","protected":false},"excerpt":{"rendered":"<p>Az ASSIST a hozz\u00e1f\u00e9rhet\u0151s\u00e9g mellett elk\u00f6telezve, \u00e9rdemalap\u00fa felv\u00e9telt \u00e9s t\u00e1mogat\u00e1st k\u00edn\u00e1l. Az ASSIST elk\u00f6telezett amellett, hogy programj\u00e1t a legk\u00fcl\u00f6nb\u00f6z\u0151bb anyagi h\u00e1tt\u00e9rrel rendelkez\u0151 csal\u00e1dok sz\u00e1m\u00e1ra is el\u00e9rhet\u0151v\u00e9 tegye. A felv\u00e9tel \u00e9rdemeken alapul, de a p\u00e9nz\u00fcgyi t\u00e1mogat\u00e1s r\u00e1szorults\u00e1gi alapon vehet\u0151 ig\u00e9nybe. Az ASSIST program d\u00edja, amelyet az ASSIST igazgat\u00f3tan\u00e1csa hat\u00e1roz meg, a csal\u00e1dot terheli...<\/p>","protected":false},"author":1,"featured_media":0,"parent":34,"menu_order":0,"comment_status":"closed","ping_status":"closed","template":"","meta":{"_acf_changed":false,"inline_featured_image":false,"_monsterinsights_skip_tracking":false,"_monsterinsights_sitenote_active":false,"_monsterinsights_sitenote_note":"","_monsterinsights_sitenote_category":0,"footnotes":""},"class_list":["post-57735","page","type-page","status-publish","hentry"],"acf":[],"yoast_head":"<!-- This site is optimized with the Yoast SEO plugin v27.4 - https:\/\/yoast.com\/product\/yoast-seo-wordpress\/ -->\n<title>Program Fee Reduction Opportunities | ASSIST Scholars<\/title>\n<meta name=\"description\" content=\"Learn more about Program Fee Reduction Opportunities on ASSIST Scholars. Check it out!\" \/>\n<meta name=\"robots\" content=\"index, follow, max-snippet:-1, max-image-preview:large, max-video-preview:-1\" \/>\n<link rel=\"canonical\" href=\"https:\/\/www.assistscholars.org\/hu\/osztondij\/segitsegnyujtas\/programdij-csokkentesek\/\" \/>\n<meta property=\"og:locale\" content=\"hu_HU\" \/>\n<meta property=\"og:type\" content=\"article\" \/>\n<meta property=\"og:title\" content=\"Program Fee Reduction Opportunities | ASSIST Scholars\" \/>\n<meta property=\"og:description\" content=\"Learn more about Program Fee Reduction Opportunities on ASSIST Scholars. Check it out!\" \/>\n<meta property=\"og:url\" content=\"https:\/\/www.assistscholars.org\/hu\/osztondij\/segitsegnyujtas\/programdij-csokkentesek\/\" \/>\n<meta property=\"og:site_name\" content=\"ASSIST Scholars\" \/>\n<meta property=\"article:publisher\" content=\"https:\/\/www.facebook.com\/ASSISTscholars\" \/>\n<meta property=\"article:modified_time\" content=\"2025-09-15T19:49:41+00:00\" \/>\n<meta property=\"og:image\" content=\"https:\/\/www.assistscholars.org\/wp-content\/uploads\/2025\/08\/Classroom-Smile-Photo-Ten.jpg\" \/>\n<meta name=\"twitter:card\" content=\"summary_large_image\" \/>\n<meta name=\"twitter:label1\" content=\"Becs\u00fclt olvas\u00e1si id\u0151\" \/>\n\t<meta name=\"twitter:data1\" content=\"2 perc\" \/>\n<script type=\"application\/ld+json\" class=\"yoast-schema-graph\">{\"@context\":\"https:\\\/\\\/schema.org\",\"@graph\":[{\"@type\":\"WebPage\",\"@id\":\"https:\\\/\\\/www.assistscholars.org\\\/en\\\/scholarship\\\/affording-assist\\\/program-fee-reductions\\\/\",\"url\":\"https:\\\/\\\/www.assistscholars.org\\\/en\\\/scholarship\\\/affording-assist\\\/program-fee-reductions\\\/\",\"name\":\"Program Fee Reduction Opportunities | ASSIST Scholars\",\"isPartOf\":{\"@id\":\"https:\\\/\\\/www.assistscholars.org\\\/#website\"},\"primaryImageOfPage\":{\"@id\":\"https:\\\/\\\/www.assistscholars.org\\\/en\\\/scholarship\\\/affording-assist\\\/program-fee-reductions\\\/#primaryimage\"},\"image\":{\"@id\":\"https:\\\/\\\/www.assistscholars.org\\\/en\\\/scholarship\\\/affording-assist\\\/program-fee-reductions\\\/#primaryimage\"},\"thumbnailUrl\":\"https:\\\/\\\/www.assistscholars.org\\\/wp-content\\\/uploads\\\/2025\\\/08\\\/Classroom-Smile-Photo-Ten.jpg\",\"datePublished\":\"2025-07-29T12:29:09+00:00\",\"dateModified\":\"2025-09-15T19:49:41+00:00\",\"description\":\"Learn more about Program Fee Reduction Opportunities on ASSIST Scholars. Check it out!\",\"breadcrumb\":{\"@id\":\"https:\\\/\\\/www.assistscholars.org\\\/en\\\/scholarship\\\/affording-assist\\\/program-fee-reductions\\\/#breadcrumb\"},\"inLanguage\":\"hu\",\"potentialAction\":[{\"@type\":\"ReadAction\",\"target\":[\"https:\\\/\\\/www.assistscholars.org\\\/en\\\/scholarship\\\/affording-assist\\\/program-fee-reductions\\\/\"]}]},{\"@type\":\"ImageObject\",\"inLanguage\":\"hu\",\"@id\":\"https:\\\/\\\/www.assistscholars.org\\\/en\\\/scholarship\\\/affording-assist\\\/program-fee-reductions\\\/#primaryimage\",\"url\":\"https:\\\/\\\/www.assistscholars.org\\\/wp-content\\\/uploads\\\/2025\\\/08\\\/Classroom-Smile-Photo-Ten.jpg\",\"contentUrl\":\"https:\\\/\\\/www.assistscholars.org\\\/wp-content\\\/uploads\\\/2025\\\/08\\\/Classroom-Smile-Photo-Ten.jpg\"},{\"@type\":\"BreadcrumbList\",\"@id\":\"https:\\\/\\\/www.assistscholars.org\\\/en\\\/scholarship\\\/affording-assist\\\/program-fee-reductions\\\/#breadcrumb\",\"itemListElement\":[{\"@type\":\"ListItem\",\"position\":1,\"name\":\"Home\",\"item\":\"https:\\\/\\\/www.assistscholars.org\\\/\"},{\"@type\":\"ListItem\",\"position\":2,\"name\":\"Scholarship Program\",\"item\":\"https:\\\/\\\/www.assistscholars.org\\\/en\\\/scholarship\\\/\"},{\"@type\":\"ListItem\",\"position\":3,\"name\":\"Program Costs &#038; Financial Support\",\"item\":\"https:\\\/\\\/www.assistscholars.org\\\/en\\\/scholarship\\\/affording-assist\\\/\"},{\"@type\":\"ListItem\",\"position\":4,\"name\":\"Program Fee Reduction Opportunities\"}]},{\"@type\":\"WebSite\",\"@id\":\"https:\\\/\\\/www.assistscholars.org\\\/#website\",\"url\":\"https:\\\/\\\/www.assistscholars.org\\\/\",\"name\":\"ASSIST Scholars\",\"description\":\"Connecting America&#039;s finest schools with the world&#039;s leading scholars\",\"publisher\":{\"@id\":\"https:\\\/\\\/www.assistscholars.org\\\/#organization\"},\"alternateName\":\"Connecting America's finest schools with the world's leading scholars\",\"potentialAction\":[{\"@type\":\"SearchAction\",\"target\":{\"@type\":\"EntryPoint\",\"urlTemplate\":\"https:\\\/\\\/www.assistscholars.org\\\/?s={search_term_string}\"},\"query-input\":{\"@type\":\"PropertyValueSpecification\",\"valueRequired\":true,\"valueName\":\"search_term_string\"}}],\"inLanguage\":\"hu\"},{\"@type\":\"Organization\",\"@id\":\"https:\\\/\\\/www.assistscholars.org\\\/#organization\",\"name\":\"ASSIST Scholars\",\"alternateName\":\"Connecting exceptional international students with leading private high schools in North America\",\"url\":\"https:\\\/\\\/www.assistscholars.org\\\/\",\"logo\":{\"@type\":\"ImageObject\",\"inLanguage\":\"hu\",\"@id\":\"https:\\\/\\\/www.assistscholars.org\\\/#\\\/schema\\\/logo\\\/image\\\/\",\"url\":\"https:\\\/\\\/www.assistscholars.org\\\/wp-content\\\/uploads\\\/2025\\\/09\\\/logo-stacked.svg\",\"contentUrl\":\"https:\\\/\\\/www.assistscholars.org\\\/wp-content\\\/uploads\\\/2025\\\/09\\\/logo-stacked.svg\",\"width\":768,\"height\":768,\"caption\":\"ASSIST Scholars\"},\"image\":{\"@id\":\"https:\\\/\\\/www.assistscholars.org\\\/#\\\/schema\\\/logo\\\/image\\\/\"},\"sameAs\":[\"https:\\\/\\\/www.facebook.com\\\/ASSISTscholars\",\"https:\\\/\\\/www.instagram.com\\\/assistscholars\"]}]}<\/script>\n<!-- \/ Yoast SEO plugin. -->","yoast_head_json":{"title":"Programd\u00edjcs\u00f6kkent\u00e9si lehet\u0151s\u00e9gek | ASSIST Scholars","description":"Tudjon meg t\u00f6bbet a programd\u00edjcs\u00f6kkent\u00e9si lehet\u0151s\u00e9gekr\u0151l az ASSIST Scholars oldalon. N\u00e9zze meg!","robots":{"index":"index","follow":"follow","max-snippet":"max-snippet:-1","max-image-preview":"max-image-preview:large","max-video-preview":"max-video-preview:-1"},"canonical":"https:\/\/www.assistscholars.org\/hu\/osztondij\/segitsegnyujtas\/programdij-csokkentesek\/","og_locale":"hu_HU","og_type":"article","og_title":"Program Fee Reduction Opportunities | ASSIST Scholars","og_description":"Learn more about Program Fee Reduction Opportunities on ASSIST Scholars. Check it out!","og_url":"https:\/\/www.assistscholars.org\/hu\/osztondij\/segitsegnyujtas\/programdij-csokkentesek\/","og_site_name":"ASSIST Scholars","article_publisher":"https:\/\/www.facebook.com\/ASSISTscholars","article_modified_time":"2025-09-15T19:49:41+00:00","og_image":[{"url":"https:\/\/www.assistscholars.org\/wp-content\/uploads\/2025\/08\/Classroom-Smile-Photo-Ten.jpg","type":"","width":"","height":""}],"twitter_card":"summary_large_image","twitter_misc":{"Becs\u00fclt olvas\u00e1si id\u0151":"2 perc"},"schema":{"@context":"https:\/\/schema.org","@graph":[{"@type":"WebPage","@id":"https:\/\/www.assistscholars.org\/en\/scholarship\/affording-assist\/program-fee-reductions\/","url":"https:\/\/www.assistscholars.org\/en\/scholarship\/affording-assist\/program-fee-reductions\/","name":"Programd\u00edjcs\u00f6kkent\u00e9si lehet\u0151s\u00e9gek | ASSIST Scholars","isPartOf":{"@id":"https:\/\/www.assistscholars.org\/#website"},"primaryImageOfPage":{"@id":"https:\/\/www.assistscholars.org\/en\/scholarship\/affording-assist\/program-fee-reductions\/#primaryimage"},"image":{"@id":"https:\/\/www.assistscholars.org\/en\/scholarship\/affording-assist\/program-fee-reductions\/#primaryimage"},"thumbnailUrl":"https:\/\/www.assistscholars.org\/wp-content\/uploads\/2025\/08\/Classroom-Smile-Photo-Ten.jpg","datePublished":"2025-07-29T12:29:09+00:00","dateModified":"2025-09-15T19:49:41+00:00","description":"Tudjon meg t\u00f6bbet a programd\u00edjcs\u00f6kkent\u00e9si lehet\u0151s\u00e9gekr\u0151l az ASSIST Scholars oldalon. N\u00e9zze meg!","breadcrumb":{"@id":"https:\/\/www.assistscholars.org\/en\/scholarship\/affording-assist\/program-fee-reductions\/#breadcrumb"},"inLanguage":"hu","potentialAction":[{"@type":"ReadAction","target":["https:\/\/www.assistscholars.org\/en\/scholarship\/affording-assist\/program-fee-reductions\/"]}]},{"@type":"ImageObject","inLanguage":"hu","@id":"https:\/\/www.assistscholars.org\/en\/scholarship\/affording-assist\/program-fee-reductions\/#primaryimage","url":"https:\/\/www.assistscholars.org\/wp-content\/uploads\/2025\/08\/Classroom-Smile-Photo-Ten.jpg","contentUrl":"https:\/\/www.assistscholars.org\/wp-content\/uploads\/2025\/08\/Classroom-Smile-Photo-Ten.jpg"},{"@type":"BreadcrumbList","@id":"https:\/\/www.assistscholars.org\/en\/scholarship\/affording-assist\/program-fee-reductions\/#breadcrumb","itemListElement":[{"@type":"ListItem","position":1,"name":"Home","item":"https:\/\/www.assistscholars.org\/"},{"@type":"ListItem","position":2,"name":"Scholarship Program","item":"https:\/\/www.assistscholars.org\/en\/scholarship\/"},{"@type":"ListItem","position":3,"name":"Program Costs &#038; Financial Support","item":"https:\/\/www.assistscholars.org\/en\/scholarship\/affording-assist\/"},{"@type":"ListItem","position":4,"name":"Program Fee Reduction Opportunities"}]},{"@type":"WebSite","@id":"https:\/\/www.assistscholars.org\/#website","url":"https:\/\/www.assistscholars.org\/","name":"ASSIST \u00f6szt\u00f6nd\u00edjasok","description":"Amerika legjobb iskol\u00e1inak \u00f6sszekapcsol\u00e1sa a vil\u00e1g vezet\u0151 tud\u00f3saival","publisher":{"@id":"https:\/\/www.assistscholars.org\/#organization"},"alternateName":"Connecting America's finest schools with the world's leading scholars","potentialAction":[{"@type":"SearchAction","target":{"@type":"EntryPoint","urlTemplate":"https:\/\/www.assistscholars.org\/?s={search_term_string}"},"query-input":{"@type":"PropertyValueSpecification","valueRequired":true,"valueName":"search_term_string"}}],"inLanguage":"hu"},{"@type":"Organization","@id":"https:\/\/www.assistscholars.org\/#organization","name":"ASSIST \u00f6szt\u00f6nd\u00edjasok","alternateName":"Connecting exceptional international students with leading private high schools in North America","url":"https:\/\/www.assistscholars.org\/","logo":{"@type":"ImageObject","inLanguage":"hu","@id":"https:\/\/www.assistscholars.org\/#\/schema\/logo\/image\/","url":"https:\/\/www.assistscholars.org\/wp-content\/uploads\/2025\/09\/logo-stacked.svg","contentUrl":"https:\/\/www.assistscholars.org\/wp-content\/uploads\/2025\/09\/logo-stacked.svg","width":768,"height":768,"caption":"ASSIST Scholars"},"image":{"@id":"https:\/\/www.assistscholars.org\/#\/schema\/logo\/image\/"},"sameAs":["https:\/\/www.facebook.com\/ASSISTscholars","https:\/\/www.instagram.com\/assistscholars"]}]}},"_links":{"self":[{"href":"https:\/\/www.assistscholars.org\/hu\/wp-json\/wp\/v2\/pages\/57735","targetHints":{"allow":["GET"]}}],"collection":[{"href":"https:\/\/www.assistscholars.org\/hu\/wp-json\/wp\/v2\/pages"}],"about":[{"href":"https:\/\/www.assistscholars.org\/hu\/wp-json\/wp\/v2\/types\/page"}],"author":[{"embeddable":true,"href":"https:\/\/www.assistscholars.org\/hu\/wp-json\/wp\/v2\/users\/1"}],"replies":[{"embeddable":true,"href":"https:\/\/www.assistscholars.org\/hu\/wp-json\/wp\/v2\/comments?post=57735"}],"version-history":[{"count":0,"href":"https:\/\/www.assistscholars.org\/hu\/wp-json\/wp\/v2\/pages\/57735\/revisions"}],"up":[{"embeddable":true,"href":"https:\/\/www.assistscholars.org\/hu\/wp-json\/wp\/v2\/pages\/34"}],"wp:attachment":[{"href":"https:\/\/www.assistscholars.org\/hu\/wp-json\/wp\/v2\/media?parent=57735"}],"curies":[{"name":"wp","href":"https:\/\/api.w.org\/{rel}","templated":true}]}}