{"id":34,"date":"2023-11-28T18:14:58","date_gmt":"2023-11-28T18:14:58","guid":{"rendered":"https:\/\/assistscholars.wpenginepowered.com\/?page_id=34"},"modified":"2026-02-27T13:14:36","modified_gmt":"2026-02-27T18:14:36","slug":"teikti-pagalba","status":"publish","type":"page","link":"https:\/\/www.assistscholars.org\/lt\/scholarship\/affording-assist\/","title":{"rendered":"Programos i\u0161laidos ir finansin\u0117 parama"},"content":{"rendered":"<span><span><a href=\"https:\/\/www.assistscholars.org\/lt\/\">Pagrindinis<\/a><\/span><\/span>\n<h2>\n\t\t\tNumatomos mokini\u0173 ir \u0161eim\u0173 i\u0161laidos\t<\/h2>\n\t<p>Kiekvienais metais ASSIST stipendininkai gauna stipendij\u0105 \u012f vien\u0105 i\u0161 pirmaujan\u010di\u0173 \u0160iaur\u0117s Amerikos priva\u010di\u0173 vidurini\u0173 mokykl\u0173. Sandersono stipendij\u0105 gavusiems asmenims visi\u0161kai apmokamas mokslas ir apgyvendinimas amerikie\u010di\u0173 savanori\u0173 \u0161eimoje dienin\u0117se mokyklose arba kambarys ir maitinimas internatin\u0117se mokyklose - i\u0161laidos, kurios m\u016bs\u0173 mokyklose nar\u0117se gali siekti iki $84 000 per metus. Lindforso stipendijos gav\u0117jai gauna stipendij\u0105, kuri padengia ma\u017edaug pus\u0119 \u0161i\u0173 i\u0161laid\u0173.<\/p>\n\t<h2>ASSIST stipendijos finansin\u0117 informacija<\/h2>\n<p>Toliau pateikiamoje lentel\u0117je ap\u017evelgiami mokykl\u0173 nari\u0173 mokes\u010diai u\u017e moksl\u0105, ASSIST programos mokestis ir kitos susijusios i\u0161laidos, kad b\u016bt\u0173 lengviau planuoti ir suprasti ASSIST stipendinink\u0173 finansinius \u012fsipareigojimus.<\/p>\n\t\t\t\t<table>\n\t\t\t\t\t<thead>\n\t\t\t\t\t\t\t\t\t\t\t\t\t\t<tr>\n\t\t\t\t\t\t\t\t\t\t\t\t\t\t\t<th rowspan=\"\" colspan=\"\">\n\t\t\t\t\t\t\t\t\t\t\t\t\t\t\t\t\t<label>\n\t\t\t\t\t\t\t\t\t\t<\/label><label> ASSIST stipendija <\/label>\n\t\t\t\t\t\t\t\t\t\n\t\t\t\t\t\t\t\t\t\t\t\t\t\t\t\t\t<\/th>\n\t\t\t\t\t\t\t\t\t\t\t\t\t\t<th rowspan=\"\" colspan=\"\">\n\t\t\t\t\t\t\t\t\t\t\t\t\t\t\t\t\t<label>\n\t\t\t\t\t\t\t\t\t\t<\/label><label> Numatomas \u0161eimos \u012fna\u0161as u\u017e moksl\u0105 mokykloje <\/label>\n\t\t\t\t\t\t\t\t\t\n\t\t\t\t\t\t\t\t\t\t\t\t\t\t\t\t\t<\/th>\n\t\t\t\t\t\t\t\t\t\t\t\t\t\t<th rowspan=\"\" colspan=\"\">\n\t\t\t\t\t\t\t\t\t\t\t\t\t\t\t\t\t<label>\n\t\t\t\t\t\t\t\t\t\t<\/label><label> Programos mokestis <\/label>\n\t\t\t\t\t\t\t\t\t\n\t\t\t\t\t\t\t\t\t\t\t\t\t\t\t\t\t<\/th>\n\t\t\t\t\t\t\t\t\t\t\t\t\t\t<th rowspan=\"\" colspan=\"\">\n\t\t\t\t\t\t\t\t\t\t Papildomos i\u0161laidos \n\t\t\t\t\t\t\t\t\t\t\t\t\t\t\t\t\t<\/th>\n\t\t\t\t\t\t\t\t\t\t\t<\/tr><\/thead>\n\t\t\t\t\t<tbody>\n\t\t\t\t\t\t\t\t\t\t\t\t\t\t\t<tr>\n\t\t\t\t\t\t\t\t\t\t\t\t\t\t\t\t\t\t\t\t<td colspan=\"\" rowspan=\"\">\n\t\t\t\t\t\t\t\t\t\t\t\t\t\t\t\t\t\t\t\t\t\t\t Sandersono stipendija \n\t\t\t\t\t\t\t\t\t\t\t\t\t\t\t\t\t\t\t\t\t\t\t<\/td>\n\t\t\t\t\t\t\t\t\t\t\t\t\t\t\t\t<td colspan=\"\" rowspan=\"\">\n\t\t\t\t\t\t\t\t\t\t\t\t\t\t\t\t\t\t\t\t\t\t\t 0% \n\t\t\t\t\t\t\t\t\t\t\t\t\t\t\t\t\t\t\t\t\t\t\t<\/td>\n\t\t\t\t\t\t\t\t\t\t\t\t\t\t\t\t<td colspan=\"\" rowspan=\"\">\n\t\t\t\t\t\t\t\t\t\t\t\t\t\t\t Priklausomai nuo \u0161alies. Nor\u0117dami su\u017einoti savo programos mokest\u012f, apsilankykite savo \u0161alies puslapyje. <a href=\"\/lt\/stipendija\/vietos\/\">I\u0161sami\u0105 informacij\u0105 apie savo \u0161al\u012f rasite \u010dia.<\/a> \n\t\t\t\t\t\t\t\t\t\t\t\t\t\t\t\t\t\t\t\t\t\t\t\t<\/td>\n\t\t\t\t\t\t\t\t\t\t\t\t\t\t\t\t<td colspan=\"\" rowspan=\"2\">\n\t\t\t\t\t\t\t\t\t\t\t\t\t\t\t \u0160eimos, gaunan\u010dios abi stipendijas, privalo:   <ul><li>Kelion\u0117s ir draudimas<\/li><li>Pra\u0161ymas i\u0161duoti viz\u0105<\/li><li><a href=\"https:\/\/www.assistscholars.org\/wp-content\/uploads\/2026\/02\/posible-school-fees.pdf\">Nari\u0173 mokes\u010diai u\u017e moksl\u0105<\/a><\/li> \n\t\t\t\t\t\t\t\t\t\t\t\t\t\t\t\t\t\t\t\t\t\t\t\t<\/ul><\/td>\n\t\t\t\t\t\t\t\t\t\t\t\t\t\t\t<\/tr><tr>\n\t\t\t\t\t\t\t\t\t\t\t\t\t\t\t\t\t\t\t\t<td colspan=\"\" rowspan=\"\">\n\t\t\t\t\t\t\t\t\t\t\t\t\t\t\t\t\t\t\t\t\t\t\t Lindforso stipendija \n\t\t\t\t\t\t\t\t\t\t\t\t\t\t\t\t\t\t\t\t\t\t\t<\/td>\n\t\t\t\t\t\t\t\t\t\t\t\t\t\t\t\t<td colspan=\"\" rowspan=\"\">\n\t\t\t\t\t\t\t\t\t\t\t\t\t\t\t\t\t\t\t\t\t\t\t 50% arba ma\u017eiau nei visas mokestis u\u017e moksl\u0105\u012etrauktas \u012f programos mokest\u012f. \n\t\t\t\t\t\t\t\t\t\t\t\t\t\t\t\t\t\t\t\t\t\t\t<\/td>\n\t\t\t\t\t\t\t\t\t\t\t\t\t\t\t\t<td colspan=\"\" rowspan=\"\">\n\t\t\t\t\t\t\t\t\t\t\t\t\t\t\t $37,000<br \/>Apima likusi\u0105 dal\u012f u\u017e moksl\u0105 ir ASSIST programos i\u0161mokas. \n\t\t\t\t\t\t\t\t\t\t\t\t\t\t\t\t\t\t\t\t\t\t\t\t<\/td>\n\t\t\t\t\t\t\t\t\t\t\t<\/tr><\/tbody>\n\t\t\t\t<\/table>\n\t<h2>\n\t\t\tASSIST programos mokestis\t<\/h2>\n\t<p>\u0160eimos moka ASSIST programos mokest\u012f dviem dalimis ir taip gauna galimyb\u0119 dalyvauti m\u016bs\u0173 geriausioje \u0161vietimo ir kult\u016brini\u0173 main\u0173 programoje.<\/p>\n<h2>\n\t\t\tStipendijos i\u0161 pirmo \u017evilgsnio\t<\/h2>\n\t\t$20K\n\t\t\t\t\tASSIST i\u0161laidos vienam mokslininkui\n\t\t87%\n\t\t\t\t\tstudent\u0173 gauna finansin\u0119 pagalb\u0105\n\t\t$13K\n\t\t\t\t\tvidutin\u0117 programos mokes\u010dio suma\u017einimo suma\n\t\t$10M\n\t\t\t\t\tkasmet skiriama stipendij\u0173\n\t\t40\n\t\t\t\t\tStudent\u0173, kasmet gaunan\u010di\u0173 param\u0105 papildomoms i\u0161laidoms i\u0161 r\u0117m\u0117j\u0173, skai\u010dius\n\t\t$373K\n\t\t\t\t\tGautos papildomos paramos suma","protected":false},"excerpt":{"rendered":"<p>Numatomos mokini\u0173 ir \u0161eim\u0173 i\u0161laidos Kiekvienais metais ASSIST Scholars gauna stipendij\u0105 \u012f pirmaujan\u010di\u0105 \u0160iaur\u0117s Amerikos priva\u010di\u0105 vidurin\u0119 mokykl\u0105. Sandersono stipendij\u0105 gavusiems mokiniams visi\u0161kai padengiamos i\u0161laidos u\u017e moksl\u0105 ir apgyvendinim\u0105 amerikie\u010di\u0173 savanori\u0173 \u0161eimoje dienin\u0117se mokyklose arba u\u017e kambar\u012f ir maist\u0105 internatin\u0117se mokyklose - i\u0161laidos gali siekti iki...<\/p>","protected":false},"author":2,"featured_media":0,"parent":27,"menu_order":6,"comment_status":"closed","ping_status":"closed","template":"","meta":{"_acf_changed":false,"inline_featured_image":false,"_monsterinsights_skip_tracking":false,"_monsterinsights_sitenote_active":false,"_monsterinsights_sitenote_note":"","_monsterinsights_sitenote_category":0,"footnotes":""},"class_list":["post-34","page","type-page","status-publish","hentry"],"acf":[],"yoast_head":"<!-- This site is optimized with the Yoast SEO plugin v27.4 - https:\/\/yoast.com\/product\/yoast-seo-wordpress\/ -->\n<title>Program Costs &amp; Financial Support | ASSIST Scholars<\/title>\n<meta name=\"description\" content=\"Learn more about Program Costs &amp; Financial Support on ASSIST Scholars. Check it out!\" \/>\n<meta name=\"robots\" content=\"index, follow, max-snippet:-1, max-image-preview:large, max-video-preview:-1\" \/>\n<link rel=\"canonical\" href=\"https:\/\/www.assistscholars.org\/lt\/stipendija\/teikti-pagalba\/\" \/>\n<meta property=\"og:locale\" content=\"lt_LT\" \/>\n<meta property=\"og:type\" content=\"article\" \/>\n<meta property=\"og:title\" content=\"Program Costs &amp; Financial Support | ASSIST Scholars\" \/>\n<meta property=\"og:description\" content=\"Learn more about Program Costs &amp; Financial Support on ASSIST Scholars. Check it out!\" \/>\n<meta property=\"og:url\" content=\"https:\/\/www.assistscholars.org\/lt\/stipendija\/teikti-pagalba\/\" \/>\n<meta property=\"og:site_name\" content=\"ASSIST Scholars\" \/>\n<meta property=\"article:publisher\" content=\"https:\/\/www.facebook.com\/ASSISTscholars\" \/>\n<meta property=\"article:modified_time\" content=\"2026-02-27T18:14:36+00:00\" \/>\n<meta name=\"twitter:card\" content=\"summary_large_image\" \/>\n<meta name=\"twitter:label1\" content=\"Est. reading time\" \/>\n\t<meta name=\"twitter:data1\" content=\"1 minut\u0117\" \/>\n<script type=\"application\/ld+json\" class=\"yoast-schema-graph\">{\"@context\":\"https:\\\/\\\/schema.org\",\"@graph\":[{\"@type\":\"WebPage\",\"@id\":\"https:\\\/\\\/www.assistscholars.org\\\/en\\\/scholarship\\\/affording-assist\\\/\",\"url\":\"https:\\\/\\\/www.assistscholars.org\\\/en\\\/scholarship\\\/affording-assist\\\/\",\"name\":\"Program Costs & Financial Support | ASSIST Scholars\",\"isPartOf\":{\"@id\":\"https:\\\/\\\/www.assistscholars.org\\\/#website\"},\"datePublished\":\"2023-11-28T18:14:58+00:00\",\"dateModified\":\"2026-02-27T18:14:36+00:00\",\"description\":\"Learn more about Program Costs & Financial Support on ASSIST Scholars. Check it out!\",\"breadcrumb\":{\"@id\":\"https:\\\/\\\/www.assistscholars.org\\\/en\\\/scholarship\\\/affording-assist\\\/#breadcrumb\"},\"inLanguage\":\"lt-LT\",\"potentialAction\":[{\"@type\":\"ReadAction\",\"target\":[\"https:\\\/\\\/www.assistscholars.org\\\/en\\\/scholarship\\\/affording-assist\\\/\"]}]},{\"@type\":\"BreadcrumbList\",\"@id\":\"https:\\\/\\\/www.assistscholars.org\\\/en\\\/scholarship\\\/affording-assist\\\/#breadcrumb\",\"itemListElement\":[{\"@type\":\"ListItem\",\"position\":1,\"name\":\"Home\",\"item\":\"https:\\\/\\\/www.assistscholars.org\\\/\"},{\"@type\":\"ListItem\",\"position\":2,\"name\":\"Scholarship Program\",\"item\":\"https:\\\/\\\/www.assistscholars.org\\\/en\\\/scholarship\\\/\"},{\"@type\":\"ListItem\",\"position\":3,\"name\":\"Program Costs &#038; Financial Support\"}]},{\"@type\":\"WebSite\",\"@id\":\"https:\\\/\\\/www.assistscholars.org\\\/#website\",\"url\":\"https:\\\/\\\/www.assistscholars.org\\\/\",\"name\":\"ASSIST Scholars\",\"description\":\"Connecting America&#039;s finest schools with the world&#039;s leading scholars\",\"publisher\":{\"@id\":\"https:\\\/\\\/www.assistscholars.org\\\/#organization\"},\"alternateName\":\"Connecting America's finest schools with the world's leading scholars\",\"potentialAction\":[{\"@type\":\"SearchAction\",\"target\":{\"@type\":\"EntryPoint\",\"urlTemplate\":\"https:\\\/\\\/www.assistscholars.org\\\/?s={search_term_string}\"},\"query-input\":{\"@type\":\"PropertyValueSpecification\",\"valueRequired\":true,\"valueName\":\"search_term_string\"}}],\"inLanguage\":\"lt-LT\"},{\"@type\":\"Organization\",\"@id\":\"https:\\\/\\\/www.assistscholars.org\\\/#organization\",\"name\":\"ASSIST Scholars\",\"alternateName\":\"Connecting exceptional international students with leading private high schools in North America\",\"url\":\"https:\\\/\\\/www.assistscholars.org\\\/\",\"logo\":{\"@type\":\"ImageObject\",\"inLanguage\":\"lt-LT\",\"@id\":\"https:\\\/\\\/www.assistscholars.org\\\/#\\\/schema\\\/logo\\\/image\\\/\",\"url\":\"https:\\\/\\\/www.assistscholars.org\\\/wp-content\\\/uploads\\\/2025\\\/09\\\/logo-stacked.svg\",\"contentUrl\":\"https:\\\/\\\/www.assistscholars.org\\\/wp-content\\\/uploads\\\/2025\\\/09\\\/logo-stacked.svg\",\"width\":768,\"height\":768,\"caption\":\"ASSIST Scholars\"},\"image\":{\"@id\":\"https:\\\/\\\/www.assistscholars.org\\\/#\\\/schema\\\/logo\\\/image\\\/\"},\"sameAs\":[\"https:\\\/\\\/www.facebook.com\\\/ASSISTscholars\",\"https:\\\/\\\/www.instagram.com\\\/assistscholars\"]}]}<\/script>\n<!-- \/ Yoast SEO plugin. -->","yoast_head_json":{"title":"Programos i\u0161laidos ir finansin\u0117 parama | ASSIST stipendininkai","description":"Su\u017einokite daugiau apie programos ka\u0161tus ir finansin\u0119 param\u0105 ASSIST stipendij\u0173 svetain\u0117je. Patikrinkite!","robots":{"index":"index","follow":"follow","max-snippet":"max-snippet:-1","max-image-preview":"max-image-preview:large","max-video-preview":"max-video-preview:-1"},"canonical":"https:\/\/www.assistscholars.org\/lt\/stipendija\/teikti-pagalba\/","og_locale":"lt_LT","og_type":"article","og_title":"Program Costs & Financial Support | ASSIST Scholars","og_description":"Learn more about Program Costs & Financial Support on ASSIST Scholars. Check it out!","og_url":"https:\/\/www.assistscholars.org\/lt\/stipendija\/teikti-pagalba\/","og_site_name":"ASSIST Scholars","article_publisher":"https:\/\/www.facebook.com\/ASSISTscholars","article_modified_time":"2026-02-27T18:14:36+00:00","twitter_card":"summary_large_image","twitter_misc":{"Est. reading time":"1 minut\u0117"},"schema":{"@context":"https:\/\/schema.org","@graph":[{"@type":"WebPage","@id":"https:\/\/www.assistscholars.org\/en\/scholarship\/affording-assist\/","url":"https:\/\/www.assistscholars.org\/en\/scholarship\/affording-assist\/","name":"Programos i\u0161laidos ir finansin\u0117 parama | ASSIST stipendininkai","isPartOf":{"@id":"https:\/\/www.assistscholars.org\/#website"},"datePublished":"2023-11-28T18:14:58+00:00","dateModified":"2026-02-27T18:14:36+00:00","description":"Su\u017einokite daugiau apie programos ka\u0161tus ir finansin\u0119 param\u0105 ASSIST stipendij\u0173 svetain\u0117je. Patikrinkite!","breadcrumb":{"@id":"https:\/\/www.assistscholars.org\/en\/scholarship\/affording-assist\/#breadcrumb"},"inLanguage":"lt-LT","potentialAction":[{"@type":"ReadAction","target":["https:\/\/www.assistscholars.org\/en\/scholarship\/affording-assist\/"]}]},{"@type":"BreadcrumbList","@id":"https:\/\/www.assistscholars.org\/en\/scholarship\/affording-assist\/#breadcrumb","itemListElement":[{"@type":"ListItem","position":1,"name":"Home","item":"https:\/\/www.assistscholars.org\/"},{"@type":"ListItem","position":2,"name":"Scholarship Program","item":"https:\/\/www.assistscholars.org\/en\/scholarship\/"},{"@type":"ListItem","position":3,"name":"Program Costs &#038; Financial Support"}]},{"@type":"WebSite","@id":"https:\/\/www.assistscholars.org\/#website","url":"https:\/\/www.assistscholars.org\/","name":"ASSIST stipendininkai","description":"Geriausi\u0173 Amerikos mokykl\u0173 ir geriausi\u0173 pasaulio mokslinink\u0173 ry\u0161iai","publisher":{"@id":"https:\/\/www.assistscholars.org\/#organization"},"alternateName":"Connecting America's finest schools with the world's leading scholars","potentialAction":[{"@type":"SearchAction","target":{"@type":"EntryPoint","urlTemplate":"https:\/\/www.assistscholars.org\/?s={search_term_string}"},"query-input":{"@type":"PropertyValueSpecification","valueRequired":true,"valueName":"search_term_string"}}],"inLanguage":"lt-LT"},{"@type":"Organization","@id":"https:\/\/www.assistscholars.org\/#organization","name":"ASSIST stipendininkai","alternateName":"Connecting exceptional international students with leading private high schools in North America","url":"https:\/\/www.assistscholars.org\/","logo":{"@type":"ImageObject","inLanguage":"lt-LT","@id":"https:\/\/www.assistscholars.org\/#\/schema\/logo\/image\/","url":"https:\/\/www.assistscholars.org\/wp-content\/uploads\/2025\/09\/logo-stacked.svg","contentUrl":"https:\/\/www.assistscholars.org\/wp-content\/uploads\/2025\/09\/logo-stacked.svg","width":768,"height":768,"caption":"ASSIST Scholars"},"image":{"@id":"https:\/\/www.assistscholars.org\/#\/schema\/logo\/image\/"},"sameAs":["https:\/\/www.facebook.com\/ASSISTscholars","https:\/\/www.instagram.com\/assistscholars"]}]}},"_links":{"self":[{"href":"https:\/\/www.assistscholars.org\/lt\/wp-json\/wp\/v2\/pages\/34","targetHints":{"allow":["GET"]}}],"collection":[{"href":"https:\/\/www.assistscholars.org\/lt\/wp-json\/wp\/v2\/pages"}],"about":[{"href":"https:\/\/www.assistscholars.org\/lt\/wp-json\/wp\/v2\/types\/page"}],"author":[{"embeddable":true,"href":"https:\/\/www.assistscholars.org\/lt\/wp-json\/wp\/v2\/users\/2"}],"replies":[{"embeddable":true,"href":"https:\/\/www.assistscholars.org\/lt\/wp-json\/wp\/v2\/comments?post=34"}],"version-history":[{"count":0,"href":"https:\/\/www.assistscholars.org\/lt\/wp-json\/wp\/v2\/pages\/34\/revisions"}],"up":[{"embeddable":true,"href":"https:\/\/www.assistscholars.org\/lt\/wp-json\/wp\/v2\/pages\/27"}],"wp:attachment":[{"href":"https:\/\/www.assistscholars.org\/lt\/wp-json\/wp\/v2\/media?parent=34"}],"curies":[{"name":"wp","href":"https:\/\/api.w.org\/{rel}","templated":true}]}}