{"id":45,"date":"2023-11-28T18:15:05","date_gmt":"2023-11-28T18:15:05","guid":{"rendered":"https:\/\/assistscholars.wpenginepowered.com\/?page_id=45"},"modified":"2025-07-17T20:35:16","modified_gmt":"2025-07-18T00:35:16","slug":"atsiliepimai","status":"publish","type":"page","link":"https:\/\/www.assistscholars.org\/lt\/host-families\/testimonials\/","title":{"rendered":"Kod\u0117l verta priimti ASSIST mokslinink\u0105"},"content":{"rendered":"<span><span><a href=\"https:\/\/www.assistscholars.org\/lt\/\">Pagrindinis<\/a><\/span><\/span>\n\n<h2>\n\t\t\tK\u0105 sako m\u016bs\u0173 priiman\u010dios \u0161eimos\t<\/h2>\n\t<p>Buvusios priiman\u010diosios \u0161eimos \u017eavisi ilgalaikiu stipendinink\u0173 poveikiu, \u012fskaitant geresn\u012f pasaulin\u012f po\u017ei\u016br\u012f, gyvesnius pokalbius, nauj\u0105 po\u017ei\u016br\u012f \u012f savo namus ir kult\u016br\u0105 ir net suart\u0117jim\u0105 \u0161eimoje.<\/p>\n\t\t<iframe loading=\"lazy\" title=\"ASSIST priiman\u010diosios \u0161eimos: Kei\u010diantys gyvenimus\" width=\"500\" height=\"281\" src=\"https:\/\/www.youtube.com\/embed\/2SEj6FybtiE?feature=oembed\" frameborder=\"0\" allow=\"accelerometer; autoplay; clipboard-write; encrypted-media; gyroscope; picture-in-picture; web-share\" referrerpolicy=\"strict-origin-when-cross-origin\" allowfullscreen><\/iframe>\t\n<h2>\n\t\t\tK\u0105 sako m\u016bs\u0173 priimami studentai\t<\/h2>","protected":false},"excerpt":{"rendered":"<p>K\u0105 pasakoja mus priiman\u010dios \u0161eimos Buvusios priiman\u010dios \u0161eimos stebisi ilgalaikiu stipendinink\u0173 poveikiu, \u012fskaitant geresn\u012f pasaulin\u012f po\u017ei\u016br\u012f, gyvesnius pokalbius, nauj\u0105 po\u017ei\u016br\u012f \u012f savo namus ir kult\u016br\u0105 ir net suart\u0117jim\u0105 \u0161eimoje. K\u0105 sako m\u016bs\u0173 priimti mokiniai<\/p>","protected":false},"author":2,"featured_media":0,"parent":42,"menu_order":3,"comment_status":"closed","ping_status":"open","template":"","meta":{"_acf_changed":false,"inline_featured_image":false,"_monsterinsights_skip_tracking":false,"_monsterinsights_sitenote_active":false,"_monsterinsights_sitenote_note":"","_monsterinsights_sitenote_category":0,"footnotes":""},"class_list":["post-45","page","type-page","status-publish","hentry"],"acf":[],"yoast_head":"<!-- This site is optimized with the Yoast SEO plugin v27.5 - https:\/\/yoast.com\/product\/yoast-seo-wordpress\/ -->\n<title>Why Host An ASSIST Scholar | ASSIST Scholars<\/title>\n<meta name=\"description\" content=\"Learn more about Why Host An ASSIST Scholar on ASSIST Scholars. Check it out!\" \/>\n<meta name=\"robots\" content=\"index, follow, max-snippet:-1, max-image-preview:large, max-video-preview:-1\" \/>\n<link rel=\"canonical\" href=\"https:\/\/www.assistscholars.org\/lt\/priimancios-seimos\/atsiliepimai\/\" \/>\n<meta property=\"og:locale\" content=\"lt_LT\" \/>\n<meta property=\"og:type\" content=\"article\" \/>\n<meta property=\"og:title\" content=\"Why Host An ASSIST Scholar | ASSIST Scholars\" \/>\n<meta property=\"og:description\" content=\"Learn more about Why Host An ASSIST Scholar on ASSIST Scholars. Check it out!\" \/>\n<meta property=\"og:url\" content=\"https:\/\/www.assistscholars.org\/lt\/priimancios-seimos\/atsiliepimai\/\" \/>\n<meta property=\"og:site_name\" content=\"ASSIST Scholars\" \/>\n<meta property=\"article:publisher\" content=\"https:\/\/www.facebook.com\/ASSISTscholars\" \/>\n<meta property=\"article:modified_time\" content=\"2025-07-18T00:35:16+00:00\" \/>\n<meta name=\"twitter:card\" content=\"summary_large_image\" \/>\n<script type=\"application\/ld+json\" class=\"yoast-schema-graph\">{\"@context\":\"https:\\\/\\\/schema.org\",\"@graph\":[{\"@type\":\"WebPage\",\"@id\":\"https:\\\/\\\/www.assistscholars.org\\\/host-families\\\/testimonials\\\/\",\"url\":\"https:\\\/\\\/www.assistscholars.org\\\/host-families\\\/testimonials\\\/\",\"name\":\"Why Host An ASSIST Scholar | ASSIST Scholars\",\"isPartOf\":{\"@id\":\"https:\\\/\\\/www.assistscholars.org\\\/#website\"},\"datePublished\":\"2023-11-28T18:15:05+00:00\",\"dateModified\":\"2025-07-18T00:35:16+00:00\",\"description\":\"Learn more about Why Host An ASSIST Scholar on ASSIST Scholars. Check it out!\",\"breadcrumb\":{\"@id\":\"https:\\\/\\\/www.assistscholars.org\\\/host-families\\\/testimonials\\\/#breadcrumb\"},\"inLanguage\":\"lt-LT\",\"potentialAction\":[{\"@type\":\"ReadAction\",\"target\":[\"https:\\\/\\\/www.assistscholars.org\\\/host-families\\\/testimonials\\\/\"]}]},{\"@type\":\"BreadcrumbList\",\"@id\":\"https:\\\/\\\/www.assistscholars.org\\\/host-families\\\/testimonials\\\/#breadcrumb\",\"itemListElement\":[{\"@type\":\"ListItem\",\"position\":1,\"name\":\"Home\",\"item\":\"https:\\\/\\\/www.assistscholars.org\\\/\"},{\"@type\":\"ListItem\",\"position\":2,\"name\":\"Host Families\",\"item\":\"https:\\\/\\\/www.assistscholars.org\\\/host-families\\\/\"},{\"@type\":\"ListItem\",\"position\":3,\"name\":\"Why Host An ASSIST Scholar\"}]},{\"@type\":\"WebSite\",\"@id\":\"https:\\\/\\\/www.assistscholars.org\\\/#website\",\"url\":\"https:\\\/\\\/www.assistscholars.org\\\/\",\"name\":\"ASSIST Scholars\",\"description\":\"Connecting America&#039;s finest schools with the world&#039;s leading scholars\",\"publisher\":{\"@id\":\"https:\\\/\\\/www.assistscholars.org\\\/#organization\"},\"alternateName\":\"Connecting America's finest schools with the world's leading scholars\",\"potentialAction\":[{\"@type\":\"SearchAction\",\"target\":{\"@type\":\"EntryPoint\",\"urlTemplate\":\"https:\\\/\\\/www.assistscholars.org\\\/?s={search_term_string}\"},\"query-input\":{\"@type\":\"PropertyValueSpecification\",\"valueRequired\":true,\"valueName\":\"search_term_string\"}}],\"inLanguage\":\"lt-LT\"},{\"@type\":\"Organization\",\"@id\":\"https:\\\/\\\/www.assistscholars.org\\\/#organization\",\"name\":\"ASSIST Scholars\",\"alternateName\":\"Connecting exceptional international students with leading private high schools in North America\",\"url\":\"https:\\\/\\\/www.assistscholars.org\\\/\",\"logo\":{\"@type\":\"ImageObject\",\"inLanguage\":\"lt-LT\",\"@id\":\"https:\\\/\\\/www.assistscholars.org\\\/#\\\/schema\\\/logo\\\/image\\\/\",\"url\":\"https:\\\/\\\/www.assistscholars.org\\\/wp-content\\\/uploads\\\/2025\\\/09\\\/logo-stacked.svg\",\"contentUrl\":\"https:\\\/\\\/www.assistscholars.org\\\/wp-content\\\/uploads\\\/2025\\\/09\\\/logo-stacked.svg\",\"width\":768,\"height\":768,\"caption\":\"ASSIST Scholars\"},\"image\":{\"@id\":\"https:\\\/\\\/www.assistscholars.org\\\/#\\\/schema\\\/logo\\\/image\\\/\"},\"sameAs\":[\"https:\\\/\\\/www.facebook.com\\\/ASSISTscholars\",\"https:\\\/\\\/www.instagram.com\\\/assistscholars\"]}]}<\/script>\n<!-- \/ Yoast SEO plugin. -->","yoast_head_json":{"title":"Kod\u0117l verta priimti ASSIST mokslinink\u0105 | ASSIST Scholars","description":"Su\u017einokite daugiau apie tai, kod\u0117l verta priimti ASSIST mokslinink\u0105 ASSIST Scholars svetain\u0117je. Patikrinkite!","robots":{"index":"index","follow":"follow","max-snippet":"max-snippet:-1","max-image-preview":"max-image-preview:large","max-video-preview":"max-video-preview:-1"},"canonical":"https:\/\/www.assistscholars.org\/lt\/priimancios-seimos\/atsiliepimai\/","og_locale":"lt_LT","og_type":"article","og_title":"Why Host An ASSIST Scholar | ASSIST Scholars","og_description":"Learn more about Why Host An ASSIST Scholar on ASSIST Scholars. Check it out!","og_url":"https:\/\/www.assistscholars.org\/lt\/priimancios-seimos\/atsiliepimai\/","og_site_name":"ASSIST Scholars","article_publisher":"https:\/\/www.facebook.com\/ASSISTscholars","article_modified_time":"2025-07-18T00:35:16+00:00","twitter_card":"summary_large_image","schema":{"@context":"https:\/\/schema.org","@graph":[{"@type":"WebPage","@id":"https:\/\/www.assistscholars.org\/host-families\/testimonials\/","url":"https:\/\/www.assistscholars.org\/host-families\/testimonials\/","name":"Kod\u0117l verta priimti ASSIST mokslinink\u0105 | ASSIST Scholars","isPartOf":{"@id":"https:\/\/www.assistscholars.org\/#website"},"datePublished":"2023-11-28T18:15:05+00:00","dateModified":"2025-07-18T00:35:16+00:00","description":"Su\u017einokite daugiau apie tai, kod\u0117l verta priimti ASSIST mokslinink\u0105 ASSIST Scholars svetain\u0117je. Patikrinkite!","breadcrumb":{"@id":"https:\/\/www.assistscholars.org\/host-families\/testimonials\/#breadcrumb"},"inLanguage":"lt-LT","potentialAction":[{"@type":"ReadAction","target":["https:\/\/www.assistscholars.org\/host-families\/testimonials\/"]}]},{"@type":"BreadcrumbList","@id":"https:\/\/www.assistscholars.org\/host-families\/testimonials\/#breadcrumb","itemListElement":[{"@type":"ListItem","position":1,"name":"Home","item":"https:\/\/www.assistscholars.org\/"},{"@type":"ListItem","position":2,"name":"Host Families","item":"https:\/\/www.assistscholars.org\/host-families\/"},{"@type":"ListItem","position":3,"name":"Why Host An ASSIST Scholar"}]},{"@type":"WebSite","@id":"https:\/\/www.assistscholars.org\/#website","url":"https:\/\/www.assistscholars.org\/","name":"ASSIST stipendininkai","description":"Geriausi\u0173 Amerikos mokykl\u0173 ir geriausi\u0173 pasaulio mokslinink\u0173 ry\u0161iai","publisher":{"@id":"https:\/\/www.assistscholars.org\/#organization"},"alternateName":"Connecting America's finest schools with the world's leading scholars","potentialAction":[{"@type":"SearchAction","target":{"@type":"EntryPoint","urlTemplate":"https:\/\/www.assistscholars.org\/?s={search_term_string}"},"query-input":{"@type":"PropertyValueSpecification","valueRequired":true,"valueName":"search_term_string"}}],"inLanguage":"lt-LT"},{"@type":"Organization","@id":"https:\/\/www.assistscholars.org\/#organization","name":"ASSIST stipendininkai","alternateName":"Connecting exceptional international students with leading private high schools in North America","url":"https:\/\/www.assistscholars.org\/","logo":{"@type":"ImageObject","inLanguage":"lt-LT","@id":"https:\/\/www.assistscholars.org\/#\/schema\/logo\/image\/","url":"https:\/\/www.assistscholars.org\/wp-content\/uploads\/2025\/09\/logo-stacked.svg","contentUrl":"https:\/\/www.assistscholars.org\/wp-content\/uploads\/2025\/09\/logo-stacked.svg","width":768,"height":768,"caption":"ASSIST Scholars"},"image":{"@id":"https:\/\/www.assistscholars.org\/#\/schema\/logo\/image\/"},"sameAs":["https:\/\/www.facebook.com\/ASSISTscholars","https:\/\/www.instagram.com\/assistscholars"]}]}},"_links":{"self":[{"href":"https:\/\/www.assistscholars.org\/lt\/wp-json\/wp\/v2\/pages\/45","targetHints":{"allow":["GET"]}}],"collection":[{"href":"https:\/\/www.assistscholars.org\/lt\/wp-json\/wp\/v2\/pages"}],"about":[{"href":"https:\/\/www.assistscholars.org\/lt\/wp-json\/wp\/v2\/types\/page"}],"author":[{"embeddable":true,"href":"https:\/\/www.assistscholars.org\/lt\/wp-json\/wp\/v2\/users\/2"}],"replies":[{"embeddable":true,"href":"https:\/\/www.assistscholars.org\/lt\/wp-json\/wp\/v2\/comments?post=45"}],"version-history":[{"count":0,"href":"https:\/\/www.assistscholars.org\/lt\/wp-json\/wp\/v2\/pages\/45\/revisions"}],"up":[{"embeddable":true,"href":"https:\/\/www.assistscholars.org\/lt\/wp-json\/wp\/v2\/pages\/42"}],"wp:attachment":[{"href":"https:\/\/www.assistscholars.org\/lt\/wp-json\/wp\/v2\/media?parent=45"}],"curies":[{"name":"wp","href":"https:\/\/api.w.org\/{rel}","templated":true}]}}