{"id":32,"date":"2023-11-28T18:14:58","date_gmt":"2023-11-28T18:14:58","guid":{"rendered":"https:\/\/assistscholars.wpenginepowered.com\/?page_id=32"},"modified":"2026-01-12T09:50:22","modified_gmt":"2026-01-12T14:50:22","slug":"attester","status":"publish","type":"page","link":"https:\/\/www.assistscholars.org\/nb\/alumni\/testimonials\/","title":{"rendered":"Stemmer fra v\u00e5re stipendiater"},"content":{"rendered":"<span><span><a href=\"https:\/\/www.assistscholars.org\/nb\/\">Hjem<\/a><\/span><\/span>\n\t<h2>ASSIST Scholars kommer fra mange forskjellige bakgrunner, og de g\u00e5r p\u00e5 uendelig mange unike skoler. Men alle er enige om at \u00e5ret i utlandet forandrer livet deres.<\/h2>\n\t\t<iframe loading=\"lazy\" title=\"ASSIST: Avgangsklasse 2026 Helene\" width=\"422\" height=\"750\" src=\"https:\/\/www.youtube.com\/embed\/ZUBoAbdSK8k?feature=oembed\" frameborder=\"0\" allow=\"accelerometer; autoplay; clipboard-write; encrypted-media; gyroscope; picture-in-picture; web-share\" referrerpolicy=\"strict-origin-when-cross-origin\" allowfullscreen><\/iframe>\t\n\t\t<meta itemprop=\"url\" content=\"https:\/\/www.assistscholars.org\/wp-content\/uploads\/2026\/01\/DRAFT_-Yield-Video-Class-27-HD-720p-1.mp4\" \/><div style=\"width: 640px;\" class=\"wp-video\"><video class=\"wp-video-shortcode\" id=\"video-32-1\" width=\"640\" height=\"360\" preload=\"metadata\" controls=\"controls\"><source type=\"video\/mp4\" src=\"https:\/\/www.assistscholars.org\/wp-content\/uploads\/2026\/01\/DRAFT_-Yield-Video-Class-27-HD-720p-1.mp4?_=1\" \/><source type=\"video\/mp4\" src=\"https:\/\/www.assistscholars.org\/wp-content\/uploads\/2026\/01\/DRAFT_-Yield-Video-Class-27-HD-720p-1.mp4?_=1\" \/><a href=\"https:\/\/www.assistscholars.org\/wp-content\/uploads\/2026\/01\/DRAFT_-Yield-Video-Class-27-HD-720p-1.mp4\">https:\/\/www.assistscholars.org\/wp-content\/uploads\/2026\/01\/DRAFT_-Yield-Video-Class-27-HD-720p-1.mp4<\/a><\/video><\/div>\t\n\t\t<iframe loading=\"lazy\" title=\"ASSIST: Oskar fra \u00d8sterrike\" width=\"422\" height=\"750\" src=\"https:\/\/www.youtube.com\/embed\/li_gK0GzTa8?feature=oembed\" frameborder=\"0\" allow=\"accelerometer; autoplay; clipboard-write; encrypted-media; gyroscope; picture-in-picture; web-share\" referrerpolicy=\"strict-origin-when-cross-origin\" allowfullscreen><\/iframe>\t\n\t\t<iframe loading=\"lazy\" title=\"ASSIST: Avgangsklassen 2026 Havanna\" width=\"422\" height=\"750\" src=\"https:\/\/www.youtube.com\/embed\/NGJe5Yr0IzM?feature=oembed\" frameborder=\"0\" allow=\"accelerometer; autoplay; clipboard-write; encrypted-media; gyroscope; picture-in-picture; web-share\" referrerpolicy=\"strict-origin-when-cross-origin\" allowfullscreen><\/iframe>\t\n\t\t<iframe loading=\"lazy\" title=\"ASSIST: Avgangsklasse 2026 Marc\" width=\"422\" height=\"750\" src=\"https:\/\/www.youtube.com\/embed\/C19mKeraKew?feature=oembed\" frameborder=\"0\" allow=\"accelerometer; autoplay; clipboard-write; encrypted-media; gyroscope; picture-in-picture; web-share\" referrerpolicy=\"strict-origin-when-cross-origin\" allowfullscreen><\/iframe>\t\n\t\t<iframe loading=\"lazy\" title=\"ASSIST: Avgangsklasse 2026 Clara\" width=\"422\" height=\"750\" src=\"https:\/\/www.youtube.com\/embed\/NMH30JQqLyU?feature=oembed\" frameborder=\"0\" allow=\"accelerometer; autoplay; clipboard-write; encrypted-media; gyroscope; picture-in-picture; web-share\" referrerpolicy=\"strict-origin-when-cross-origin\" allowfullscreen><\/iframe>\t\n\t\t<iframe loading=\"lazy\" title=\"ASSIST: Avgangsklasse 2026 Amanda\" width=\"422\" height=\"750\" src=\"https:\/\/www.youtube.com\/embed\/U4Cv2EjH23c?feature=oembed\" frameborder=\"0\" allow=\"accelerometer; autoplay; clipboard-write; encrypted-media; gyroscope; picture-in-picture; web-share\" referrerpolicy=\"strict-origin-when-cross-origin\" allowfullscreen><\/iframe>\t\n\t\t<iframe loading=\"lazy\" title=\"ASSIST: Alumna Agustina Leva\" width=\"500\" height=\"281\" src=\"https:\/\/www.youtube.com\/embed\/FrglxQbbCpQ?feature=oembed\" frameborder=\"0\" allow=\"accelerometer; autoplay; clipboard-write; encrypted-media; gyroscope; picture-in-picture; web-share\" referrerpolicy=\"strict-origin-when-cross-origin\" allowfullscreen><\/iframe>\t\n<h2>\n\t\t\tDet sier studentene v\u00e5re om det livsforvandlende ASSIST-\u00e5ret\t<\/h2>","protected":false},"excerpt":{"rendered":"<p>ASSIST Scholars kommer fra mange forskjellige bakgrunner, og de g\u00e5r p\u00e5 uendelig mange unike skoler. Men alle er enige om at \u00e5ret i utlandet forandrer livet deres. Hva elevene v\u00e5re sier om det livsforvandlende ASSIST-\u00e5ret<\/p>","protected":false},"author":2,"featured_media":0,"parent":48,"menu_order":4,"comment_status":"closed","ping_status":"closed","template":"","meta":{"_acf_changed":false,"inline_featured_image":false,"_monsterinsights_skip_tracking":false,"_monsterinsights_sitenote_active":false,"_monsterinsights_sitenote_note":"","_monsterinsights_sitenote_category":0,"footnotes":""},"class_list":["post-32","page","type-page","status-publish","hentry"],"acf":[],"yoast_head":"<!-- This site is optimized with the Yoast SEO plugin v27.4 - https:\/\/yoast.com\/product\/yoast-seo-wordpress\/ -->\n<title>Voices of Our Scholars | ASSIST Scholars<\/title>\n<meta name=\"description\" content=\"Learn more about Voices of Our Scholars on ASSIST Scholars. Check it out!\" \/>\n<meta name=\"robots\" content=\"index, follow, max-snippet:-1, max-image-preview:large, max-video-preview:-1\" \/>\n<link rel=\"canonical\" href=\"https:\/\/www.assistscholars.org\/nb\/tidligere-studenter\/attester\/\" \/>\n<meta property=\"og:locale\" content=\"nb_NO\" \/>\n<meta property=\"og:type\" content=\"article\" \/>\n<meta property=\"og:title\" content=\"Voices of Our Scholars | ASSIST Scholars\" \/>\n<meta property=\"og:description\" content=\"Learn more about Voices of Our Scholars on ASSIST Scholars. Check it out!\" \/>\n<meta property=\"og:url\" content=\"https:\/\/www.assistscholars.org\/nb\/tidligere-studenter\/attester\/\" \/>\n<meta property=\"og:site_name\" content=\"ASSIST Scholars\" \/>\n<meta property=\"article:publisher\" content=\"https:\/\/www.facebook.com\/ASSISTscholars\" \/>\n<meta property=\"article:modified_time\" content=\"2026-01-12T14:50:22+00:00\" \/>\n<meta name=\"twitter:card\" content=\"summary_large_image\" \/>\n<meta name=\"twitter:label1\" content=\"Est. reading time\" \/>\n\t<meta name=\"twitter:data1\" content=\"1 minutt\" \/>\n<script type=\"application\/ld+json\" class=\"yoast-schema-graph\">{\"@context\":\"https:\\\/\\\/schema.org\",\"@graph\":[{\"@type\":\"WebPage\",\"@id\":\"https:\\\/\\\/www.assistscholars.org\\\/en\\\/alumni\\\/testimonials\\\/\",\"url\":\"https:\\\/\\\/www.assistscholars.org\\\/en\\\/alumni\\\/testimonials\\\/\",\"name\":\"Voices of Our Scholars | ASSIST Scholars\",\"isPartOf\":{\"@id\":\"https:\\\/\\\/www.assistscholars.org\\\/#website\"},\"datePublished\":\"2023-11-28T18:14:58+00:00\",\"dateModified\":\"2026-01-12T14:50:22+00:00\",\"description\":\"Learn more about Voices of Our Scholars on ASSIST Scholars. Check it out!\",\"breadcrumb\":{\"@id\":\"https:\\\/\\\/www.assistscholars.org\\\/en\\\/alumni\\\/testimonials\\\/#breadcrumb\"},\"inLanguage\":\"nb-NO\",\"potentialAction\":[{\"@type\":\"ReadAction\",\"target\":[\"https:\\\/\\\/www.assistscholars.org\\\/en\\\/alumni\\\/testimonials\\\/\"]}]},{\"@type\":\"BreadcrumbList\",\"@id\":\"https:\\\/\\\/www.assistscholars.org\\\/en\\\/alumni\\\/testimonials\\\/#breadcrumb\",\"itemListElement\":[{\"@type\":\"ListItem\",\"position\":1,\"name\":\"Home\",\"item\":\"https:\\\/\\\/www.assistscholars.org\\\/\"},{\"@type\":\"ListItem\",\"position\":2,\"name\":\"After ASSIST\",\"item\":\"https:\\\/\\\/www.assistscholars.org\\\/alumni\\\/\"},{\"@type\":\"ListItem\",\"position\":3,\"name\":\"Voices of Our Scholars\"}]},{\"@type\":\"WebSite\",\"@id\":\"https:\\\/\\\/www.assistscholars.org\\\/#website\",\"url\":\"https:\\\/\\\/www.assistscholars.org\\\/\",\"name\":\"ASSIST Scholars\",\"description\":\"Connecting America&#039;s finest schools with the world&#039;s leading scholars\",\"publisher\":{\"@id\":\"https:\\\/\\\/www.assistscholars.org\\\/#organization\"},\"alternateName\":\"Connecting America's finest schools with the world's leading scholars\",\"potentialAction\":[{\"@type\":\"SearchAction\",\"target\":{\"@type\":\"EntryPoint\",\"urlTemplate\":\"https:\\\/\\\/www.assistscholars.org\\\/?s={search_term_string}\"},\"query-input\":{\"@type\":\"PropertyValueSpecification\",\"valueRequired\":true,\"valueName\":\"search_term_string\"}}],\"inLanguage\":\"nb-NO\"},{\"@type\":\"Organization\",\"@id\":\"https:\\\/\\\/www.assistscholars.org\\\/#organization\",\"name\":\"ASSIST Scholars\",\"alternateName\":\"Connecting exceptional international students with leading private high schools in North America\",\"url\":\"https:\\\/\\\/www.assistscholars.org\\\/\",\"logo\":{\"@type\":\"ImageObject\",\"inLanguage\":\"nb-NO\",\"@id\":\"https:\\\/\\\/www.assistscholars.org\\\/#\\\/schema\\\/logo\\\/image\\\/\",\"url\":\"https:\\\/\\\/www.assistscholars.org\\\/wp-content\\\/uploads\\\/2025\\\/09\\\/logo-stacked.svg\",\"contentUrl\":\"https:\\\/\\\/www.assistscholars.org\\\/wp-content\\\/uploads\\\/2025\\\/09\\\/logo-stacked.svg\",\"width\":768,\"height\":768,\"caption\":\"ASSIST Scholars\"},\"image\":{\"@id\":\"https:\\\/\\\/www.assistscholars.org\\\/#\\\/schema\\\/logo\\\/image\\\/\"},\"sameAs\":[\"https:\\\/\\\/www.facebook.com\\\/ASSISTscholars\",\"https:\\\/\\\/www.instagram.com\\\/assistscholars\"]}]}<\/script>\n<!-- \/ Yoast SEO plugin. -->","yoast_head_json":{"title":"Stemmene til v\u00e5re stipendiater | ASSIST Scholars","description":"L\u00e6r mer om Voices of Our Scholars p\u00e5 ASSIST Scholars. Sjekk det ut!","robots":{"index":"index","follow":"follow","max-snippet":"max-snippet:-1","max-image-preview":"max-image-preview:large","max-video-preview":"max-video-preview:-1"},"canonical":"https:\/\/www.assistscholars.org\/nb\/tidligere-studenter\/attester\/","og_locale":"nb_NO","og_type":"article","og_title":"Voices of Our Scholars | ASSIST Scholars","og_description":"Learn more about Voices of Our Scholars on ASSIST Scholars. Check it out!","og_url":"https:\/\/www.assistscholars.org\/nb\/tidligere-studenter\/attester\/","og_site_name":"ASSIST Scholars","article_publisher":"https:\/\/www.facebook.com\/ASSISTscholars","article_modified_time":"2026-01-12T14:50:22+00:00","twitter_card":"summary_large_image","twitter_misc":{"Est. reading time":"1 minutt"},"schema":{"@context":"https:\/\/schema.org","@graph":[{"@type":"WebPage","@id":"https:\/\/www.assistscholars.org\/en\/alumni\/testimonials\/","url":"https:\/\/www.assistscholars.org\/en\/alumni\/testimonials\/","name":"Stemmene til v\u00e5re stipendiater | ASSIST Scholars","isPartOf":{"@id":"https:\/\/www.assistscholars.org\/#website"},"datePublished":"2023-11-28T18:14:58+00:00","dateModified":"2026-01-12T14:50:22+00:00","description":"L\u00e6r mer om Voices of Our Scholars p\u00e5 ASSIST Scholars. Sjekk det ut!","breadcrumb":{"@id":"https:\/\/www.assistscholars.org\/en\/alumni\/testimonials\/#breadcrumb"},"inLanguage":"nb-NO","potentialAction":[{"@type":"ReadAction","target":["https:\/\/www.assistscholars.org\/en\/alumni\/testimonials\/"]}]},{"@type":"BreadcrumbList","@id":"https:\/\/www.assistscholars.org\/en\/alumni\/testimonials\/#breadcrumb","itemListElement":[{"@type":"ListItem","position":1,"name":"Home","item":"https:\/\/www.assistscholars.org\/"},{"@type":"ListItem","position":2,"name":"After ASSIST","item":"https:\/\/www.assistscholars.org\/alumni\/"},{"@type":"ListItem","position":3,"name":"Voices of Our Scholars"}]},{"@type":"WebSite","@id":"https:\/\/www.assistscholars.org\/#website","url":"https:\/\/www.assistscholars.org\/","name":"ASSIST-stipendiater","description":"Forbinder USAs beste skoler med verdens ledende forskere","publisher":{"@id":"https:\/\/www.assistscholars.org\/#organization"},"alternateName":"Connecting America's finest schools with the world's leading scholars","potentialAction":[{"@type":"SearchAction","target":{"@type":"EntryPoint","urlTemplate":"https:\/\/www.assistscholars.org\/?s={search_term_string}"},"query-input":{"@type":"PropertyValueSpecification","valueRequired":true,"valueName":"search_term_string"}}],"inLanguage":"nb-NO"},{"@type":"Organization","@id":"https:\/\/www.assistscholars.org\/#organization","name":"ASSIST-stipendiater","alternateName":"Connecting exceptional international students with leading private high schools in North America","url":"https:\/\/www.assistscholars.org\/","logo":{"@type":"ImageObject","inLanguage":"nb-NO","@id":"https:\/\/www.assistscholars.org\/#\/schema\/logo\/image\/","url":"https:\/\/www.assistscholars.org\/wp-content\/uploads\/2025\/09\/logo-stacked.svg","contentUrl":"https:\/\/www.assistscholars.org\/wp-content\/uploads\/2025\/09\/logo-stacked.svg","width":768,"height":768,"caption":"ASSIST Scholars"},"image":{"@id":"https:\/\/www.assistscholars.org\/#\/schema\/logo\/image\/"},"sameAs":["https:\/\/www.facebook.com\/ASSISTscholars","https:\/\/www.instagram.com\/assistscholars"]}]}},"_links":{"self":[{"href":"https:\/\/www.assistscholars.org\/nb\/wp-json\/wp\/v2\/pages\/32","targetHints":{"allow":["GET"]}}],"collection":[{"href":"https:\/\/www.assistscholars.org\/nb\/wp-json\/wp\/v2\/pages"}],"about":[{"href":"https:\/\/www.assistscholars.org\/nb\/wp-json\/wp\/v2\/types\/page"}],"author":[{"embeddable":true,"href":"https:\/\/www.assistscholars.org\/nb\/wp-json\/wp\/v2\/users\/2"}],"replies":[{"embeddable":true,"href":"https:\/\/www.assistscholars.org\/nb\/wp-json\/wp\/v2\/comments?post=32"}],"version-history":[{"count":0,"href":"https:\/\/www.assistscholars.org\/nb\/wp-json\/wp\/v2\/pages\/32\/revisions"}],"up":[{"embeddable":true,"href":"https:\/\/www.assistscholars.org\/nb\/wp-json\/wp\/v2\/pages\/48"}],"wp:attachment":[{"href":"https:\/\/www.assistscholars.org\/nb\/wp-json\/wp\/v2\/media?parent=32"}],"curies":[{"name":"wp","href":"https:\/\/api.w.org\/{rel}","templated":true}]}}