{"id":38,"date":"2023-11-28T18:14:58","date_gmt":"2023-11-28T18:14:58","guid":{"rendered":"https:\/\/assistscholars.wpenginepowered.com\/?page_id=38"},"modified":"2025-10-02T21:16:23","modified_gmt":"2025-10-03T01:16:23","slug":"bakgrunnssjekk","status":"publish","type":"page","link":"https:\/\/www.assistscholars.org\/nb\/schools\/local-representative\/background-check\/","title":{"rendered":"Kontroll av kriminell bakgrunn"},"content":{"rendered":"<span><span><a href=\"https:\/\/www.assistscholars.org\/nb\/\">Hjem<\/a><\/span><\/span>\n<h2>\n\t\t\tHvorfor trenger ASSIST-representanter en bakgrunnssjekk?\t<\/h2>\n\t<p>Council on Standards for International Educational Travel (CSIET) og det amerikanske utenriksdepartementet krever at alle representanter som jobber direkte med en internasjonal utvekslingsstudent, m\u00e5 gjennomg\u00e5 en kriminell bakgrunnssjekk. V\u00e6r oppmerksom p\u00e5 at passordet er <strong>ASSISTUSA<\/strong><\/p>\n<p>&nbsp;<\/p>\n<p>Hvis det allerede er gjennomf\u00f8rt en bakgrunnssjekk som en del av skolens ansettelsesprosess i l\u00f8pet av de siste 12 m\u00e5nedene, m\u00e5 du legge ved en erkl\u00e6ring fra skolesjefen p\u00e5 skolens brevpapir som bekrefter dette.<\/p>\n\t\t\t<a href=\"https:\/\/assist.volunteerportal.net\/\" target=\"_blank\" rel=\"noopener nofollow\">\n\t\t\t\t\t\t\tKLIKK HER FOR \u00c5 STARTE BAKGRUNNSSJEKKEN DIN\n\t\t\t<\/a>","protected":false},"excerpt":{"rendered":"<p>Hvorfor m\u00e5 ASSIST-representanter gjennomg\u00e5 en bakgrunnssjekk? Council on Standards for International Educational Travel (CSIET) og det amerikanske utenriksdepartementet krever at alle representanter som arbeider direkte med internasjonale utvekslingsstudenter, m\u00e5 gjennomg\u00e5 en kriminell bakgrunnssjekk. V\u00e6r oppmerksom p\u00e5 at passordet er ASSISTUSA   Hvis en bakgrunnssjekk allerede er gjennomf\u00f8rt...<\/p>","protected":false},"author":2,"featured_media":0,"parent":41,"menu_order":2,"comment_status":"closed","ping_status":"closed","template":"","meta":{"_acf_changed":false,"inline_featured_image":false,"_monsterinsights_skip_tracking":false,"_monsterinsights_sitenote_active":false,"_monsterinsights_sitenote_note":"","_monsterinsights_sitenote_category":0,"footnotes":""},"class_list":["post-38","page","type-page","status-publish","hentry"],"acf":[],"yoast_head":"<!-- This site is optimized with the Yoast SEO plugin v27.4 - https:\/\/yoast.com\/product\/yoast-seo-wordpress\/ -->\n<title>Criminal Background Check | ASSIST Scholars<\/title>\n<meta name=\"description\" content=\"Learn more about Criminal Background Check on ASSIST Scholars. Check it out!\" \/>\n<meta name=\"robots\" content=\"index, follow, max-snippet:-1, max-image-preview:large, max-video-preview:-1\" \/>\n<link rel=\"canonical\" href=\"https:\/\/www.assistscholars.org\/nb\/skoler\/lokal-representant\/bakgrunnssjekk\/\" \/>\n<meta property=\"og:locale\" content=\"nb_NO\" \/>\n<meta property=\"og:type\" content=\"article\" \/>\n<meta property=\"og:title\" content=\"Criminal Background Check | ASSIST Scholars\" \/>\n<meta property=\"og:description\" content=\"Learn more about Criminal Background Check on ASSIST Scholars. Check it out!\" \/>\n<meta property=\"og:url\" content=\"https:\/\/www.assistscholars.org\/nb\/skoler\/lokal-representant\/bakgrunnssjekk\/\" \/>\n<meta property=\"og:site_name\" content=\"ASSIST Scholars\" \/>\n<meta property=\"article:publisher\" content=\"https:\/\/www.facebook.com\/ASSISTscholars\" \/>\n<meta property=\"article:modified_time\" content=\"2025-10-03T01:16:23+00:00\" \/>\n<meta name=\"twitter:card\" content=\"summary_large_image\" \/>\n<meta name=\"twitter:label1\" content=\"Est. reading time\" \/>\n\t<meta name=\"twitter:data1\" content=\"1 minutt\" \/>\n<script type=\"application\/ld+json\" class=\"yoast-schema-graph\">{\"@context\":\"https:\\\/\\\/schema.org\",\"@graph\":[{\"@type\":\"WebPage\",\"@id\":\"https:\\\/\\\/www.assistscholars.org\\\/schools\\\/local-representative\\\/background-check\\\/\",\"url\":\"https:\\\/\\\/www.assistscholars.org\\\/schools\\\/local-representative\\\/background-check\\\/\",\"name\":\"Criminal Background Check | ASSIST Scholars\",\"isPartOf\":{\"@id\":\"https:\\\/\\\/www.assistscholars.org\\\/#website\"},\"datePublished\":\"2023-11-28T18:14:58+00:00\",\"dateModified\":\"2025-10-03T01:16:23+00:00\",\"description\":\"Learn more about Criminal Background Check on ASSIST Scholars. Check it out!\",\"breadcrumb\":{\"@id\":\"https:\\\/\\\/www.assistscholars.org\\\/schools\\\/local-representative\\\/background-check\\\/#breadcrumb\"},\"inLanguage\":\"nb-NO\",\"potentialAction\":[{\"@type\":\"ReadAction\",\"target\":[\"https:\\\/\\\/www.assistscholars.org\\\/schools\\\/local-representative\\\/background-check\\\/\"]}]},{\"@type\":\"BreadcrumbList\",\"@id\":\"https:\\\/\\\/www.assistscholars.org\\\/schools\\\/local-representative\\\/background-check\\\/#breadcrumb\",\"itemListElement\":[{\"@type\":\"ListItem\",\"position\":1,\"name\":\"Home\",\"item\":\"https:\\\/\\\/www.assistscholars.org\\\/\"},{\"@type\":\"ListItem\",\"position\":2,\"name\":\"Our School Network\",\"item\":\"https:\\\/\\\/www.assistscholars.org\\\/schools\\\/\"},{\"@type\":\"ListItem\",\"position\":3,\"name\":\"Resources for ASSIST Representatives\",\"item\":\"https:\\\/\\\/www.assistscholars.org\\\/schools\\\/local-representative\\\/\"},{\"@type\":\"ListItem\",\"position\":4,\"name\":\"Criminal Background Check\"}]},{\"@type\":\"WebSite\",\"@id\":\"https:\\\/\\\/www.assistscholars.org\\\/#website\",\"url\":\"https:\\\/\\\/www.assistscholars.org\\\/\",\"name\":\"ASSIST Scholars\",\"description\":\"Connecting America&#039;s finest schools with the world&#039;s leading scholars\",\"publisher\":{\"@id\":\"https:\\\/\\\/www.assistscholars.org\\\/#organization\"},\"alternateName\":\"Connecting America's finest schools with the world's leading scholars\",\"potentialAction\":[{\"@type\":\"SearchAction\",\"target\":{\"@type\":\"EntryPoint\",\"urlTemplate\":\"https:\\\/\\\/www.assistscholars.org\\\/?s={search_term_string}\"},\"query-input\":{\"@type\":\"PropertyValueSpecification\",\"valueRequired\":true,\"valueName\":\"search_term_string\"}}],\"inLanguage\":\"nb-NO\"},{\"@type\":\"Organization\",\"@id\":\"https:\\\/\\\/www.assistscholars.org\\\/#organization\",\"name\":\"ASSIST Scholars\",\"alternateName\":\"Connecting exceptional international students with leading private high schools in North America\",\"url\":\"https:\\\/\\\/www.assistscholars.org\\\/\",\"logo\":{\"@type\":\"ImageObject\",\"inLanguage\":\"nb-NO\",\"@id\":\"https:\\\/\\\/www.assistscholars.org\\\/#\\\/schema\\\/logo\\\/image\\\/\",\"url\":\"https:\\\/\\\/www.assistscholars.org\\\/wp-content\\\/uploads\\\/2025\\\/09\\\/logo-stacked.svg\",\"contentUrl\":\"https:\\\/\\\/www.assistscholars.org\\\/wp-content\\\/uploads\\\/2025\\\/09\\\/logo-stacked.svg\",\"width\":768,\"height\":768,\"caption\":\"ASSIST Scholars\"},\"image\":{\"@id\":\"https:\\\/\\\/www.assistscholars.org\\\/#\\\/schema\\\/logo\\\/image\\\/\"},\"sameAs\":[\"https:\\\/\\\/www.facebook.com\\\/ASSISTscholars\",\"https:\\\/\\\/www.instagram.com\\\/assistscholars\"]}]}<\/script>\n<!-- \/ Yoast SEO plugin. -->","yoast_head_json":{"title":"Kontroll av kriminell bakgrunn | ASSIST Scholars","description":"L\u00e6r mer om kriminell bakgrunnssjekk p\u00e5 ASSIST Scholars. Sjekk det ut!","robots":{"index":"index","follow":"follow","max-snippet":"max-snippet:-1","max-image-preview":"max-image-preview:large","max-video-preview":"max-video-preview:-1"},"canonical":"https:\/\/www.assistscholars.org\/nb\/skoler\/lokal-representant\/bakgrunnssjekk\/","og_locale":"nb_NO","og_type":"article","og_title":"Criminal Background Check | ASSIST Scholars","og_description":"Learn more about Criminal Background Check on ASSIST Scholars. Check it out!","og_url":"https:\/\/www.assistscholars.org\/nb\/skoler\/lokal-representant\/bakgrunnssjekk\/","og_site_name":"ASSIST Scholars","article_publisher":"https:\/\/www.facebook.com\/ASSISTscholars","article_modified_time":"2025-10-03T01:16:23+00:00","twitter_card":"summary_large_image","twitter_misc":{"Est. reading time":"1 minutt"},"schema":{"@context":"https:\/\/schema.org","@graph":[{"@type":"WebPage","@id":"https:\/\/www.assistscholars.org\/schools\/local-representative\/background-check\/","url":"https:\/\/www.assistscholars.org\/schools\/local-representative\/background-check\/","name":"Kontroll av kriminell bakgrunn | ASSIST Scholars","isPartOf":{"@id":"https:\/\/www.assistscholars.org\/#website"},"datePublished":"2023-11-28T18:14:58+00:00","dateModified":"2025-10-03T01:16:23+00:00","description":"L\u00e6r mer om kriminell bakgrunnssjekk p\u00e5 ASSIST Scholars. Sjekk det ut!","breadcrumb":{"@id":"https:\/\/www.assistscholars.org\/schools\/local-representative\/background-check\/#breadcrumb"},"inLanguage":"nb-NO","potentialAction":[{"@type":"ReadAction","target":["https:\/\/www.assistscholars.org\/schools\/local-representative\/background-check\/"]}]},{"@type":"BreadcrumbList","@id":"https:\/\/www.assistscholars.org\/schools\/local-representative\/background-check\/#breadcrumb","itemListElement":[{"@type":"ListItem","position":1,"name":"Home","item":"https:\/\/www.assistscholars.org\/"},{"@type":"ListItem","position":2,"name":"Our School Network","item":"https:\/\/www.assistscholars.org\/schools\/"},{"@type":"ListItem","position":3,"name":"Resources for ASSIST Representatives","item":"https:\/\/www.assistscholars.org\/schools\/local-representative\/"},{"@type":"ListItem","position":4,"name":"Criminal Background Check"}]},{"@type":"WebSite","@id":"https:\/\/www.assistscholars.org\/#website","url":"https:\/\/www.assistscholars.org\/","name":"ASSIST-stipendiater","description":"Forbinder USAs beste skoler med verdens ledende forskere","publisher":{"@id":"https:\/\/www.assistscholars.org\/#organization"},"alternateName":"Connecting America's finest schools with the world's leading scholars","potentialAction":[{"@type":"SearchAction","target":{"@type":"EntryPoint","urlTemplate":"https:\/\/www.assistscholars.org\/?s={search_term_string}"},"query-input":{"@type":"PropertyValueSpecification","valueRequired":true,"valueName":"search_term_string"}}],"inLanguage":"nb-NO"},{"@type":"Organization","@id":"https:\/\/www.assistscholars.org\/#organization","name":"ASSIST-stipendiater","alternateName":"Connecting exceptional international students with leading private high schools in North America","url":"https:\/\/www.assistscholars.org\/","logo":{"@type":"ImageObject","inLanguage":"nb-NO","@id":"https:\/\/www.assistscholars.org\/#\/schema\/logo\/image\/","url":"https:\/\/www.assistscholars.org\/wp-content\/uploads\/2025\/09\/logo-stacked.svg","contentUrl":"https:\/\/www.assistscholars.org\/wp-content\/uploads\/2025\/09\/logo-stacked.svg","width":768,"height":768,"caption":"ASSIST Scholars"},"image":{"@id":"https:\/\/www.assistscholars.org\/#\/schema\/logo\/image\/"},"sameAs":["https:\/\/www.facebook.com\/ASSISTscholars","https:\/\/www.instagram.com\/assistscholars"]}]}},"_links":{"self":[{"href":"https:\/\/www.assistscholars.org\/nb\/wp-json\/wp\/v2\/pages\/38","targetHints":{"allow":["GET"]}}],"collection":[{"href":"https:\/\/www.assistscholars.org\/nb\/wp-json\/wp\/v2\/pages"}],"about":[{"href":"https:\/\/www.assistscholars.org\/nb\/wp-json\/wp\/v2\/types\/page"}],"author":[{"embeddable":true,"href":"https:\/\/www.assistscholars.org\/nb\/wp-json\/wp\/v2\/users\/2"}],"replies":[{"embeddable":true,"href":"https:\/\/www.assistscholars.org\/nb\/wp-json\/wp\/v2\/comments?post=38"}],"version-history":[{"count":0,"href":"https:\/\/www.assistscholars.org\/nb\/wp-json\/wp\/v2\/pages\/38\/revisions"}],"up":[{"embeddable":true,"href":"https:\/\/www.assistscholars.org\/nb\/wp-json\/wp\/v2\/pages\/41"}],"wp:attachment":[{"href":"https:\/\/www.assistscholars.org\/nb\/wp-json\/wp\/v2\/media?parent=38"}],"curies":[{"name":"wp","href":"https:\/\/api.w.org\/{rel}","templated":true}]}}