{"id":857,"date":"2024-02-02T18:11:23","date_gmt":"2024-02-02T18:11:23","guid":{"rendered":"https:\/\/assistscholars.wpenginepowered.com\/?page_id=857"},"modified":"2024-07-31T16:57:27","modified_gmt":"2024-07-31T20:57:27","slug":"jetzt-spenden","status":"publish","type":"page","link":"https:\/\/www.assistscholars.org\/pl\/spenden\/jetzt-spenden\/","title":{"rendered":"Jetzt spenden"},"content":{"rendered":"<span><span><a href=\"https:\/\/www.assistscholars.org\/pl\/\">Strona g\u0142\u00f3wna<\/a><\/span><\/span>\n\n\t<h2>Vielen Dank f\u00fcr deine Spende!<\/h2>\n\t\t\t\t<img decoding=\"async\" src=\"https:\/\/assistscholars.org\/wp-content\/uploads\/2024\/04\/Page-Jetzt-spenden-211103-DACH-900-x-400-1.jpg\" alt=\"Trzy zdj\u0119cia przedstawiaj\u0105ce uczni\u00f3w z flagami reprezentuj\u0105cymi ich kraje\" itemprop=\"image\" title=\"Strona Jetzt-spenden 211103 DACH 900 x 400 (1)\" onerror=\"this.style.display='none'\"  \/>\n\t<p>W ten spos\u00f3b pomaga zaanga\u017cowanym uczniom i nauczycielom oraz organizuje programy pomocy dla m\u0142odych ludzi z mniej uprzywilejowanych rodzin.<\/p>\n<p><a href=\"https:\/\/www.assistscholars.org\/wp-content\/uploads\/2024\/07\/240101-Friends-of-ASSIST-Spendenformular-.pdf\">F\u00fcr den F\u00f6rderverein \u201cFriends of ASSIST\u201d e.V. spenden<\/a><\/p>\n\t\t\t\t<a href=\"https:\/\/www.assistscholars.org\/wp-content\/uploads\/2024\/07\/240101-Friends-of-ASSIST-Spendenformular-.pdf\" target=\"_blank\" rel=\"noopener\" itemprop=\"url\">\n\t\t\t\t<img loading=\"lazy\" decoding=\"async\" src=\"https:\/\/www.assistscholars.org\/wp-content\/uploads\/2024\/07\/240101-Friends-of-ASSIST-Beitrittsformular-.jpg\" alt=\"240101 Przyjaciele ASSIST Beitrittsformular\" itemprop=\"image\" height=\"1169\" width=\"826\" title=\"240101 Przyjaciele ASSIST Beitrittsformular\" onerror=\"this.style.display='none'\"  \/>\n\t\t\t\t<\/a>","protected":false},"excerpt":{"rendered":"<p>Dzi\u0119kujemy za darowizn\u0119! Dzi\u0119ki niej wspierasz zaanga\u017cowanych uczni\u00f3w i promujesz programy pomocy dla wybitnych m\u0142odych ludzi z mniej uprzywilejowanych rodzin. Darowizna na rzecz stowarzyszenia \u201cFriends of ASSIST\u201d e.V.<\/p>","protected":false},"author":2,"featured_media":0,"parent":844,"menu_order":0,"comment_status":"closed","ping_status":"closed","template":"","meta":{"_acf_changed":false,"inline_featured_image":false,"_monsterinsights_skip_tracking":false,"_monsterinsights_sitenote_active":false,"_monsterinsights_sitenote_note":"","_monsterinsights_sitenote_category":0,"footnotes":""},"class_list":["post-857","page","type-page","status-publish","hentry"],"acf":[],"yoast_head":"<!-- This site is optimized with the Yoast SEO plugin v27.2 - https:\/\/yoast.com\/product\/yoast-seo-wordpress\/ -->\n<title>Jetzt spenden | ASSIST Scholars<\/title>\n<meta name=\"description\" content=\"Learn more about Jetzt spenden on ASSIST Scholars. Check it out!\" \/>\n<meta name=\"robots\" content=\"index, follow, max-snippet:-1, max-image-preview:large, max-video-preview:-1\" \/>\n<link rel=\"canonical\" href=\"https:\/\/www.assistscholars.org\/pl\/spenden\/jetzt-spenden\/\" \/>\n<meta property=\"og:locale\" content=\"pl_PL\" \/>\n<meta property=\"og:type\" content=\"article\" \/>\n<meta property=\"og:title\" content=\"Jetzt spenden | ASSIST Scholars\" \/>\n<meta property=\"og:description\" content=\"Learn more about Jetzt spenden on ASSIST Scholars. Check it out!\" \/>\n<meta property=\"og:url\" content=\"https:\/\/www.assistscholars.org\/pl\/spenden\/jetzt-spenden\/\" \/>\n<meta property=\"og:site_name\" content=\"ASSIST Scholars\" \/>\n<meta property=\"article:publisher\" content=\"https:\/\/www.facebook.com\/ASSISTscholars\" \/>\n<meta property=\"article:modified_time\" content=\"2024-07-31T20:57:27+00:00\" \/>\n<meta property=\"og:image\" content=\"https:\/\/assistscholars.org\/wp-content\/uploads\/2024\/04\/Page-Jetzt-spenden-211103-DACH-900-x-400-1.jpg\" \/>\n<meta name=\"twitter:card\" content=\"summary_large_image\" \/>\n<meta name=\"twitter:label1\" content=\"Szacowany czas czytania\" \/>\n\t<meta name=\"twitter:data1\" content=\"1 minuta\" \/>\n<script type=\"application\/ld+json\" class=\"yoast-schema-graph\">{\"@context\":\"https:\/\/schema.org\",\"@graph\":[{\"@type\":\"WebPage\",\"@id\":\"https:\/\/www.assistscholars.org\/spenden\/jetzt-spenden\/\",\"url\":\"https:\/\/www.assistscholars.org\/spenden\/jetzt-spenden\/\",\"name\":\"Jetzt spenden | ASSIST Scholars\",\"isPartOf\":{\"@id\":\"https:\/\/www.assistscholars.org\/#website\"},\"primaryImageOfPage\":{\"@id\":\"https:\/\/www.assistscholars.org\/spenden\/jetzt-spenden\/#primaryimage\"},\"image\":{\"@id\":\"https:\/\/www.assistscholars.org\/spenden\/jetzt-spenden\/#primaryimage\"},\"thumbnailUrl\":\"https:\/\/assistscholars.org\/wp-content\/uploads\/2024\/04\/Page-Jetzt-spenden-211103-DACH-900-x-400-1.jpg\",\"datePublished\":\"2024-02-02T18:11:23+00:00\",\"dateModified\":\"2024-07-31T20:57:27+00:00\",\"description\":\"Learn more about Jetzt spenden on ASSIST Scholars. Check it out!\",\"breadcrumb\":{\"@id\":\"https:\/\/www.assistscholars.org\/spenden\/jetzt-spenden\/#breadcrumb\"},\"inLanguage\":\"pl-PL\",\"potentialAction\":[{\"@type\":\"ReadAction\",\"target\":[\"https:\/\/www.assistscholars.org\/spenden\/jetzt-spenden\/\"]}]},{\"@type\":\"ImageObject\",\"inLanguage\":\"pl-PL\",\"@id\":\"https:\/\/www.assistscholars.org\/spenden\/jetzt-spenden\/#primaryimage\",\"url\":\"https:\/\/assistscholars.org\/wp-content\/uploads\/2024\/04\/Page-Jetzt-spenden-211103-DACH-900-x-400-1.jpg\",\"contentUrl\":\"https:\/\/assistscholars.org\/wp-content\/uploads\/2024\/04\/Page-Jetzt-spenden-211103-DACH-900-x-400-1.jpg\"},{\"@type\":\"BreadcrumbList\",\"@id\":\"https:\/\/www.assistscholars.org\/spenden\/jetzt-spenden\/#breadcrumb\",\"itemListElement\":[{\"@type\":\"ListItem\",\"position\":1,\"name\":\"Home\",\"item\":\"https:\/\/www.assistscholars.org\/\"},{\"@type\":\"ListItem\",\"position\":2,\"name\":\"Spenden &#038; Helfen\",\"item\":\"https:\/\/www.assistscholars.org\/spenden\/\"},{\"@type\":\"ListItem\",\"position\":3,\"name\":\"Jetzt spenden\"}]},{\"@type\":\"WebSite\",\"@id\":\"https:\/\/www.assistscholars.org\/#website\",\"url\":\"https:\/\/www.assistscholars.org\/\",\"name\":\"ASSIST Scholars\",\"description\":\"Connecting America&#039;s finest schools with the world&#039;s leading scholars\",\"publisher\":{\"@id\":\"https:\/\/www.assistscholars.org\/#organization\"},\"alternateName\":\"Connecting America's finest schools with the world's leading scholars\",\"potentialAction\":[{\"@type\":\"SearchAction\",\"target\":{\"@type\":\"EntryPoint\",\"urlTemplate\":\"https:\/\/www.assistscholars.org\/?s={search_term_string}\"},\"query-input\":{\"@type\":\"PropertyValueSpecification\",\"valueRequired\":true,\"valueName\":\"search_term_string\"}}],\"inLanguage\":\"pl-PL\"},{\"@type\":\"Organization\",\"@id\":\"https:\/\/www.assistscholars.org\/#organization\",\"name\":\"ASSIST Scholars\",\"alternateName\":\"Connecting exceptional international students with leading private high schools in North America\",\"url\":\"https:\/\/www.assistscholars.org\/\",\"logo\":{\"@type\":\"ImageObject\",\"inLanguage\":\"pl-PL\",\"@id\":\"https:\/\/www.assistscholars.org\/#\/schema\/logo\/image\/\",\"url\":\"https:\/\/www.assistscholars.org\/wp-content\/uploads\/2025\/09\/logo-stacked.svg\",\"contentUrl\":\"https:\/\/www.assistscholars.org\/wp-content\/uploads\/2025\/09\/logo-stacked.svg\",\"width\":768,\"height\":768,\"caption\":\"ASSIST Scholars\"},\"image\":{\"@id\":\"https:\/\/www.assistscholars.org\/#\/schema\/logo\/image\/\"},\"sameAs\":[\"https:\/\/www.facebook.com\/ASSISTscholars\",\"https:\/\/www.instagram.com\/assistscholars\"]}]}<\/script>\n<!-- \/ Yoast SEO plugin. -->","yoast_head_json":{"title":"Jetzt spenden | ASSIST Scholars","description":"Dowiedz si\u0119 wi\u0119cej o Jetzt spenden na ASSIST Scholars. Sprawd\u017a to!","robots":{"index":"index","follow":"follow","max-snippet":"max-snippet:-1","max-image-preview":"max-image-preview:large","max-video-preview":"max-video-preview:-1"},"canonical":"https:\/\/www.assistscholars.org\/pl\/spenden\/jetzt-spenden\/","og_locale":"pl_PL","og_type":"article","og_title":"Jetzt spenden | ASSIST Scholars","og_description":"Learn more about Jetzt spenden on ASSIST Scholars. Check it out!","og_url":"https:\/\/www.assistscholars.org\/pl\/spenden\/jetzt-spenden\/","og_site_name":"ASSIST Scholars","article_publisher":"https:\/\/www.facebook.com\/ASSISTscholars","article_modified_time":"2024-07-31T20:57:27+00:00","og_image":[{"url":"https:\/\/assistscholars.org\/wp-content\/uploads\/2024\/04\/Page-Jetzt-spenden-211103-DACH-900-x-400-1.jpg","type":"","width":"","height":""}],"twitter_card":"summary_large_image","twitter_misc":{"Szacowany czas czytania":"1 minuta"},"schema":{"@context":"https:\/\/schema.org","@graph":[{"@type":"WebPage","@id":"https:\/\/www.assistscholars.org\/spenden\/jetzt-spenden\/","url":"https:\/\/www.assistscholars.org\/spenden\/jetzt-spenden\/","name":"Jetzt spenden | ASSIST Scholars","isPartOf":{"@id":"https:\/\/www.assistscholars.org\/#website"},"primaryImageOfPage":{"@id":"https:\/\/www.assistscholars.org\/spenden\/jetzt-spenden\/#primaryimage"},"image":{"@id":"https:\/\/www.assistscholars.org\/spenden\/jetzt-spenden\/#primaryimage"},"thumbnailUrl":"https:\/\/assistscholars.org\/wp-content\/uploads\/2024\/04\/Page-Jetzt-spenden-211103-DACH-900-x-400-1.jpg","datePublished":"2024-02-02T18:11:23+00:00","dateModified":"2024-07-31T20:57:27+00:00","description":"Dowiedz si\u0119 wi\u0119cej o Jetzt spenden na ASSIST Scholars. Sprawd\u017a to!","breadcrumb":{"@id":"https:\/\/www.assistscholars.org\/spenden\/jetzt-spenden\/#breadcrumb"},"inLanguage":"pl-PL","potentialAction":[{"@type":"ReadAction","target":["https:\/\/www.assistscholars.org\/spenden\/jetzt-spenden\/"]}]},{"@type":"ImageObject","inLanguage":"pl-PL","@id":"https:\/\/www.assistscholars.org\/spenden\/jetzt-spenden\/#primaryimage","url":"https:\/\/assistscholars.org\/wp-content\/uploads\/2024\/04\/Page-Jetzt-spenden-211103-DACH-900-x-400-1.jpg","contentUrl":"https:\/\/assistscholars.org\/wp-content\/uploads\/2024\/04\/Page-Jetzt-spenden-211103-DACH-900-x-400-1.jpg"},{"@type":"BreadcrumbList","@id":"https:\/\/www.assistscholars.org\/spenden\/jetzt-spenden\/#breadcrumb","itemListElement":[{"@type":"ListItem","position":1,"name":"Home","item":"https:\/\/www.assistscholars.org\/"},{"@type":"ListItem","position":2,"name":"Spenden &#038; Helfen","item":"https:\/\/www.assistscholars.org\/spenden\/"},{"@type":"ListItem","position":3,"name":"Jetzt spenden"}]},{"@type":"WebSite","@id":"https:\/\/www.assistscholars.org\/#website","url":"https:\/\/www.assistscholars.org\/","name":"Stypendy\u015bci ASSIST","description":"\u0141\u0105czenie najlepszych ameryka\u0144skich szk\u00f3\u0142 z czo\u0142owymi uczonymi na \u015bwiecie","publisher":{"@id":"https:\/\/www.assistscholars.org\/#organization"},"alternateName":"Connecting America's finest schools with the world's leading scholars","potentialAction":[{"@type":"SearchAction","target":{"@type":"EntryPoint","urlTemplate":"https:\/\/www.assistscholars.org\/?s={search_term_string}"},"query-input":{"@type":"PropertyValueSpecification","valueRequired":true,"valueName":"search_term_string"}}],"inLanguage":"pl-PL"},{"@type":"Organization","@id":"https:\/\/www.assistscholars.org\/#organization","name":"Stypendy\u015bci ASSIST","alternateName":"Connecting exceptional international students with leading private high schools in North America","url":"https:\/\/www.assistscholars.org\/","logo":{"@type":"ImageObject","inLanguage":"pl-PL","@id":"https:\/\/www.assistscholars.org\/#\/schema\/logo\/image\/","url":"https:\/\/www.assistscholars.org\/wp-content\/uploads\/2025\/09\/logo-stacked.svg","contentUrl":"https:\/\/www.assistscholars.org\/wp-content\/uploads\/2025\/09\/logo-stacked.svg","width":768,"height":768,"caption":"ASSIST Scholars"},"image":{"@id":"https:\/\/www.assistscholars.org\/#\/schema\/logo\/image\/"},"sameAs":["https:\/\/www.facebook.com\/ASSISTscholars","https:\/\/www.instagram.com\/assistscholars"]}]}},"_links":{"self":[{"href":"https:\/\/www.assistscholars.org\/pl\/wp-json\/wp\/v2\/pages\/857","targetHints":{"allow":["GET"]}}],"collection":[{"href":"https:\/\/www.assistscholars.org\/pl\/wp-json\/wp\/v2\/pages"}],"about":[{"href":"https:\/\/www.assistscholars.org\/pl\/wp-json\/wp\/v2\/types\/page"}],"author":[{"embeddable":true,"href":"https:\/\/www.assistscholars.org\/pl\/wp-json\/wp\/v2\/users\/2"}],"replies":[{"embeddable":true,"href":"https:\/\/www.assistscholars.org\/pl\/wp-json\/wp\/v2\/comments?post=857"}],"version-history":[{"count":0,"href":"https:\/\/www.assistscholars.org\/pl\/wp-json\/wp\/v2\/pages\/857\/revisions"}],"up":[{"embeddable":true,"href":"https:\/\/www.assistscholars.org\/pl\/wp-json\/wp\/v2\/pages\/844"}],"wp:attachment":[{"href":"https:\/\/www.assistscholars.org\/pl\/wp-json\/wp\/v2\/media?parent=857"}],"curies":[{"name":"wp","href":"https:\/\/api.w.org\/{rel}","templated":true}]}}