{"id":34,"date":"2023-11-28T18:14:58","date_gmt":"2023-11-28T18:14:58","guid":{"rendered":"https:\/\/assistscholars.wpenginepowered.com\/?page_id=34"},"modified":"2026-02-27T13:14:36","modified_gmt":"2026-02-27T18:14:36","slug":"asistenta","status":"publish","type":"page","link":"https:\/\/www.assistscholars.org\/ro\/scholarship\/affording-assist\/","title":{"rendered":"Costurile programului \u0219i sprijinul financiar"},"content":{"rendered":"<span><span><a href=\"https:\/\/www.assistscholars.org\/ro\/\">Acas\u0103<\/a><\/span><\/span>\n<h2>\n\t\t\tCheltuieli estimate pentru studen\u021bi \u0219i familii\t<\/h2>\n\t<p>\u00cen fiecare an, bursierii ASSIST primesc o burs\u0103 la un liceu privat de top din America de Nord. Cei care primesc bursa Sanderson beneficiaz\u0103 de acoperirea integral\u0103 a taxelor de \u0219colarizare \u0219i fie de cazare la o familie gazd\u0103 american\u0103 voluntar\u0103 la \u0219colile de zi, fie de cazare \u0219i mas\u0103 la internate - costuri care pot ajunge la $84.000 anual la \u0219colile noastre membre. Beneficiarii bursei Lindfors primesc o burs\u0103 pentru aproximativ jum\u0103tate din aceste costuri.<\/p>\n\t<h2>Bursa ASSIST Detalii financiare<\/h2>\n<p>Urm\u0103torul grafic include o prezentare general\u0103 a taxelor de \u0219colarizare ale \u0219colilor membre, a taxei de program ASSIST \u0219i a altor costuri asociate pentru a v\u0103 ajuta s\u0103 planifica\u021bi \u0219i s\u0103 \u00een\u021belege\u021bi angajamentul financiar al bursierilor ASSIST.<\/p>\n\t\t\t\t<table>\n\t\t\t\t\t<thead>\n\t\t\t\t\t\t\t\t\t\t\t\t\t\t<tr>\n\t\t\t\t\t\t\t\t\t\t\t\t\t\t\t<th rowspan=\"\" colspan=\"\">\n\t\t\t\t\t\t\t\t\t\t\t\t\t\t\t\t\t<label>\n\t\t\t\t\t\t\t\t\t\t<\/label><label> Bursa ASSIST <\/label>\n\t\t\t\t\t\t\t\t\t\n\t\t\t\t\t\t\t\t\t\t\t\t\t\t\t\t\t<\/th>\n\t\t\t\t\t\t\t\t\t\t\t\t\t\t<th rowspan=\"\" colspan=\"\">\n\t\t\t\t\t\t\t\t\t\t\t\t\t\t\t\t\t<label>\n\t\t\t\t\t\t\t\t\t\t<\/label><label> Contribu\u021bia a\u0219teptat\u0103 a familiei pentru taxele de \u0219colarizare <\/label>\n\t\t\t\t\t\t\t\t\t\n\t\t\t\t\t\t\t\t\t\t\t\t\t\t\t\t\t<\/th>\n\t\t\t\t\t\t\t\t\t\t\t\t\t\t<th rowspan=\"\" colspan=\"\">\n\t\t\t\t\t\t\t\t\t\t\t\t\t\t\t\t\t<label>\n\t\t\t\t\t\t\t\t\t\t<\/label><label> Taxa de program <\/label>\n\t\t\t\t\t\t\t\t\t\n\t\t\t\t\t\t\t\t\t\t\t\t\t\t\t\t\t<\/th>\n\t\t\t\t\t\t\t\t\t\t\t\t\t\t<th rowspan=\"\" colspan=\"\">\n\t\t\t\t\t\t\t\t\t\t Cheltuieli suplimentare \n\t\t\t\t\t\t\t\t\t\t\t\t\t\t\t\t\t<\/th>\n\t\t\t\t\t\t\t\t\t\t\t<\/tr><\/thead>\n\t\t\t\t\t<tbody>\n\t\t\t\t\t\t\t\t\t\t\t\t\t\t\t<tr>\n\t\t\t\t\t\t\t\t\t\t\t\t\t\t\t\t\t\t\t\t<td colspan=\"\" rowspan=\"\">\n\t\t\t\t\t\t\t\t\t\t\t\t\t\t\t\t\t\t\t\t\t\t\t Bursa Sanderson \n\t\t\t\t\t\t\t\t\t\t\t\t\t\t\t\t\t\t\t\t\t\t\t<\/td>\n\t\t\t\t\t\t\t\t\t\t\t\t\t\t\t\t<td colspan=\"\" rowspan=\"\">\n\t\t\t\t\t\t\t\t\t\t\t\t\t\t\t\t\t\t\t\t\t\t\t 0% \n\t\t\t\t\t\t\t\t\t\t\t\t\t\t\t\t\t\t\t\t\t\t\t<\/td>\n\t\t\t\t\t\t\t\t\t\t\t\t\t\t\t\t<td colspan=\"\" rowspan=\"\">\n\t\t\t\t\t\t\t\t\t\t\t\t\t\t\t Variaz\u0103 \u00een func\u021bie de \u021bar\u0103. Pentru a afla taxa de program, v\u0103 rug\u0103m s\u0103 vizita\u021bi pagina \u021b\u0103rii dumneavoastr\u0103. <a href=\"\/ro\/bursa\/locatii\/\">G\u0103si\u021bi detalii pentru \u021bara dvs. aici.<\/a> \n\t\t\t\t\t\t\t\t\t\t\t\t\t\t\t\t\t\t\t\t\t\t\t\t<\/td>\n\t\t\t\t\t\t\t\t\t\t\t\t\t\t\t\t<td colspan=\"\" rowspan=\"2\">\n\t\t\t\t\t\t\t\t\t\t\t\t\t\t\t Pentru ambele burse, familiile sunt responsabile pentru:   <ul><li>C\u0103l\u0103torii \u0219i asigur\u0103ri<\/li><li>Cerere de viz\u0103<\/li><li><a href=\"https:\/\/www.assistscholars.org\/wp-content\/uploads\/2026\/02\/posible-school-fees.pdf\">Taxe \u0219colare pentru membri<\/a><\/li> \n\t\t\t\t\t\t\t\t\t\t\t\t\t\t\t\t\t\t\t\t\t\t\t\t<\/ul><\/td>\n\t\t\t\t\t\t\t\t\t\t\t\t\t\t\t<\/tr><tr>\n\t\t\t\t\t\t\t\t\t\t\t\t\t\t\t\t\t\t\t\t<td colspan=\"\" rowspan=\"\">\n\t\t\t\t\t\t\t\t\t\t\t\t\t\t\t\t\t\t\t\t\t\t\t Bursa Lindfors \n\t\t\t\t\t\t\t\t\t\t\t\t\t\t\t\t\t\t\t\t\t\t\t<\/td>\n\t\t\t\t\t\t\t\t\t\t\t\t\t\t\t\t<td colspan=\"\" rowspan=\"\">\n\t\t\t\t\t\t\t\t\t\t\t\t\t\t\t\t\t\t\t\t\t\t\t 50% sau mai pu\u021bin din taxa total\u0103 de \u0219colarizareInclus \u00een taxa de program. \n\t\t\t\t\t\t\t\t\t\t\t\t\t\t\t\t\t\t\t\t\t\t\t<\/td>\n\t\t\t\t\t\t\t\t\t\t\t\t\t\t\t\t<td colspan=\"\" rowspan=\"\">\n\t\t\t\t\t\t\t\t\t\t\t\t\t\t\t $37,000<br \/>Include soldul taxelor de \u0219colarizare, precum \u0219i beneficiile programului ASSIST \n\t\t\t\t\t\t\t\t\t\t\t\t\t\t\t\t\t\t\t\t\t\t\t\t<\/td>\n\t\t\t\t\t\t\t\t\t\t\t<\/tr><\/tbody>\n\t\t\t\t<\/table>\n\t<h2>\n\t\t\tTaxa pentru programul ASSIST\t<\/h2>\n\t<p>Familiile pl\u0103tesc o tax\u0103 pentru programul ASSIST \u00een dou\u0103 rate, oferind astfel acces la programul nostru de educa\u021bie \u0219i schimb cultural de top.<\/p>\n<h2>\n\t\t\tBurse de studiu la o privire de ansamblu\t<\/h2>\n\t\t$20K\n\t\t\t\t\tCostul ASSIST per bursier\n\t\t87%\n\t\t\t\t\tdin studen\u021bi primesc ajutor financiar\n\t\t$13K\n\t\t\t\t\tpremiu mediu pentru reducerea taxei de program\n\t\t$10M\n\t\t\t\t\tacordate anual \u00een burse\n\t\t40\n\t\t\t\t\tNum\u0103rul de studen\u021bi care beneficiaz\u0103 anual de sprijin pentru cheltuieli suplimentare din partea donatorilor\n\t\t$373K\n\t\t\t\t\tValoarea sprijinului suplimentar primit","protected":false},"excerpt":{"rendered":"<p>Cheltuieli estimate pentru studen\u021bi \u0219i familii \u00cen fiecare an, ASSIST Scholars prime\u0219te o burs\u0103 la un liceu privat de top din America de Nord. Cei care primesc bursa Sanderson beneficiaz\u0103 de acoperirea integral\u0103 a taxelor de \u0219colarizare \u0219i fie de cazare \u00eentr-o familie gazd\u0103 american\u0103 voluntar\u0103 la \u0219colile de zi, fie de cazare \u0219i mas\u0103 la \u0219colile internat - costuri care pot ajunge p\u00e2n\u0103 la...<\/p>","protected":false},"author":2,"featured_media":0,"parent":27,"menu_order":6,"comment_status":"closed","ping_status":"closed","template":"","meta":{"_acf_changed":false,"inline_featured_image":false,"_monsterinsights_skip_tracking":false,"_monsterinsights_sitenote_active":false,"_monsterinsights_sitenote_note":"","_monsterinsights_sitenote_category":0,"footnotes":""},"class_list":["post-34","page","type-page","status-publish","hentry"],"acf":[],"yoast_head":"<!-- This site is optimized with the Yoast SEO plugin v27.4 - https:\/\/yoast.com\/product\/yoast-seo-wordpress\/ -->\n<title>Program Costs &amp; Financial Support | ASSIST Scholars<\/title>\n<meta name=\"description\" content=\"Learn more about Program Costs &amp; Financial Support on ASSIST Scholars. Check it out!\" \/>\n<meta name=\"robots\" content=\"index, follow, max-snippet:-1, max-image-preview:large, max-video-preview:-1\" \/>\n<link rel=\"canonical\" href=\"https:\/\/www.assistscholars.org\/ro\/bursa\/asistenta\/\" \/>\n<meta property=\"og:locale\" content=\"ro_RO\" \/>\n<meta property=\"og:type\" content=\"article\" \/>\n<meta property=\"og:title\" content=\"Program Costs &amp; Financial Support | ASSIST Scholars\" \/>\n<meta property=\"og:description\" content=\"Learn more about Program Costs &amp; Financial Support on ASSIST Scholars. Check it out!\" \/>\n<meta property=\"og:url\" content=\"https:\/\/www.assistscholars.org\/ro\/bursa\/asistenta\/\" \/>\n<meta property=\"og:site_name\" content=\"ASSIST Scholars\" \/>\n<meta property=\"article:publisher\" content=\"https:\/\/www.facebook.com\/ASSISTscholars\" \/>\n<meta property=\"article:modified_time\" content=\"2026-02-27T18:14:36+00:00\" \/>\n<meta name=\"twitter:card\" content=\"summary_large_image\" \/>\n<meta name=\"twitter:label1\" content=\"Est. reading time\" \/>\n\t<meta name=\"twitter:data1\" content=\"1 minut\" \/>\n<script type=\"application\/ld+json\" class=\"yoast-schema-graph\">{\"@context\":\"https:\\\/\\\/schema.org\",\"@graph\":[{\"@type\":\"WebPage\",\"@id\":\"https:\\\/\\\/www.assistscholars.org\\\/en\\\/scholarship\\\/affording-assist\\\/\",\"url\":\"https:\\\/\\\/www.assistscholars.org\\\/en\\\/scholarship\\\/affording-assist\\\/\",\"name\":\"Program Costs & Financial Support | ASSIST Scholars\",\"isPartOf\":{\"@id\":\"https:\\\/\\\/www.assistscholars.org\\\/#website\"},\"datePublished\":\"2023-11-28T18:14:58+00:00\",\"dateModified\":\"2026-02-27T18:14:36+00:00\",\"description\":\"Learn more about Program Costs & Financial Support on ASSIST Scholars. Check it out!\",\"breadcrumb\":{\"@id\":\"https:\\\/\\\/www.assistscholars.org\\\/en\\\/scholarship\\\/affording-assist\\\/#breadcrumb\"},\"inLanguage\":\"ro-RO\",\"potentialAction\":[{\"@type\":\"ReadAction\",\"target\":[\"https:\\\/\\\/www.assistscholars.org\\\/en\\\/scholarship\\\/affording-assist\\\/\"]}]},{\"@type\":\"BreadcrumbList\",\"@id\":\"https:\\\/\\\/www.assistscholars.org\\\/en\\\/scholarship\\\/affording-assist\\\/#breadcrumb\",\"itemListElement\":[{\"@type\":\"ListItem\",\"position\":1,\"name\":\"Home\",\"item\":\"https:\\\/\\\/www.assistscholars.org\\\/\"},{\"@type\":\"ListItem\",\"position\":2,\"name\":\"Scholarship Program\",\"item\":\"https:\\\/\\\/www.assistscholars.org\\\/en\\\/scholarship\\\/\"},{\"@type\":\"ListItem\",\"position\":3,\"name\":\"Program Costs &#038; Financial Support\"}]},{\"@type\":\"WebSite\",\"@id\":\"https:\\\/\\\/www.assistscholars.org\\\/#website\",\"url\":\"https:\\\/\\\/www.assistscholars.org\\\/\",\"name\":\"ASSIST Scholars\",\"description\":\"Connecting America&#039;s finest schools with the world&#039;s leading scholars\",\"publisher\":{\"@id\":\"https:\\\/\\\/www.assistscholars.org\\\/#organization\"},\"alternateName\":\"Connecting America's finest schools with the world's leading scholars\",\"potentialAction\":[{\"@type\":\"SearchAction\",\"target\":{\"@type\":\"EntryPoint\",\"urlTemplate\":\"https:\\\/\\\/www.assistscholars.org\\\/?s={search_term_string}\"},\"query-input\":{\"@type\":\"PropertyValueSpecification\",\"valueRequired\":true,\"valueName\":\"search_term_string\"}}],\"inLanguage\":\"ro-RO\"},{\"@type\":\"Organization\",\"@id\":\"https:\\\/\\\/www.assistscholars.org\\\/#organization\",\"name\":\"ASSIST Scholars\",\"alternateName\":\"Connecting exceptional international students with leading private high schools in North America\",\"url\":\"https:\\\/\\\/www.assistscholars.org\\\/\",\"logo\":{\"@type\":\"ImageObject\",\"inLanguage\":\"ro-RO\",\"@id\":\"https:\\\/\\\/www.assistscholars.org\\\/#\\\/schema\\\/logo\\\/image\\\/\",\"url\":\"https:\\\/\\\/www.assistscholars.org\\\/wp-content\\\/uploads\\\/2025\\\/09\\\/logo-stacked.svg\",\"contentUrl\":\"https:\\\/\\\/www.assistscholars.org\\\/wp-content\\\/uploads\\\/2025\\\/09\\\/logo-stacked.svg\",\"width\":768,\"height\":768,\"caption\":\"ASSIST Scholars\"},\"image\":{\"@id\":\"https:\\\/\\\/www.assistscholars.org\\\/#\\\/schema\\\/logo\\\/image\\\/\"},\"sameAs\":[\"https:\\\/\\\/www.facebook.com\\\/ASSISTscholars\",\"https:\\\/\\\/www.instagram.com\\\/assistscholars\"]}]}<\/script>\n<!-- \/ Yoast SEO plugin. -->","yoast_head_json":{"title":"Costurile programului \u0219i sprijin financiar | ASSIST Scholars","description":"Afla\u021bi mai multe despre costurile programului \u0219i sprijinul financiar pe ASSIST Scholars. Check it out!","robots":{"index":"index","follow":"follow","max-snippet":"max-snippet:-1","max-image-preview":"max-image-preview:large","max-video-preview":"max-video-preview:-1"},"canonical":"https:\/\/www.assistscholars.org\/ro\/bursa\/asistenta\/","og_locale":"ro_RO","og_type":"article","og_title":"Program Costs & Financial Support | ASSIST Scholars","og_description":"Learn more about Program Costs & Financial Support on ASSIST Scholars. Check it out!","og_url":"https:\/\/www.assistscholars.org\/ro\/bursa\/asistenta\/","og_site_name":"ASSIST Scholars","article_publisher":"https:\/\/www.facebook.com\/ASSISTscholars","article_modified_time":"2026-02-27T18:14:36+00:00","twitter_card":"summary_large_image","twitter_misc":{"Est. reading time":"1 minut"},"schema":{"@context":"https:\/\/schema.org","@graph":[{"@type":"WebPage","@id":"https:\/\/www.assistscholars.org\/en\/scholarship\/affording-assist\/","url":"https:\/\/www.assistscholars.org\/en\/scholarship\/affording-assist\/","name":"Costurile programului \u0219i sprijin financiar | ASSIST Scholars","isPartOf":{"@id":"https:\/\/www.assistscholars.org\/#website"},"datePublished":"2023-11-28T18:14:58+00:00","dateModified":"2026-02-27T18:14:36+00:00","description":"Afla\u021bi mai multe despre costurile programului \u0219i sprijinul financiar pe ASSIST Scholars. Check it out!","breadcrumb":{"@id":"https:\/\/www.assistscholars.org\/en\/scholarship\/affording-assist\/#breadcrumb"},"inLanguage":"ro-RO","potentialAction":[{"@type":"ReadAction","target":["https:\/\/www.assistscholars.org\/en\/scholarship\/affording-assist\/"]}]},{"@type":"BreadcrumbList","@id":"https:\/\/www.assistscholars.org\/en\/scholarship\/affording-assist\/#breadcrumb","itemListElement":[{"@type":"ListItem","position":1,"name":"Home","item":"https:\/\/www.assistscholars.org\/"},{"@type":"ListItem","position":2,"name":"Scholarship Program","item":"https:\/\/www.assistscholars.org\/en\/scholarship\/"},{"@type":"ListItem","position":3,"name":"Program Costs &#038; Financial Support"}]},{"@type":"WebSite","@id":"https:\/\/www.assistscholars.org\/#website","url":"https:\/\/www.assistscholars.org\/","name":"Bursieri ASSIST","description":"Conectarea celor mai bune \u0219coli din America cu cei mai buni cercet\u0103tori din lume","publisher":{"@id":"https:\/\/www.assistscholars.org\/#organization"},"alternateName":"Connecting America's finest schools with the world's leading scholars","potentialAction":[{"@type":"SearchAction","target":{"@type":"EntryPoint","urlTemplate":"https:\/\/www.assistscholars.org\/?s={search_term_string}"},"query-input":{"@type":"PropertyValueSpecification","valueRequired":true,"valueName":"search_term_string"}}],"inLanguage":"ro-RO"},{"@type":"Organization","@id":"https:\/\/www.assistscholars.org\/#organization","name":"Bursieri ASSIST","alternateName":"Connecting exceptional international students with leading private high schools in North America","url":"https:\/\/www.assistscholars.org\/","logo":{"@type":"ImageObject","inLanguage":"ro-RO","@id":"https:\/\/www.assistscholars.org\/#\/schema\/logo\/image\/","url":"https:\/\/www.assistscholars.org\/wp-content\/uploads\/2025\/09\/logo-stacked.svg","contentUrl":"https:\/\/www.assistscholars.org\/wp-content\/uploads\/2025\/09\/logo-stacked.svg","width":768,"height":768,"caption":"ASSIST Scholars"},"image":{"@id":"https:\/\/www.assistscholars.org\/#\/schema\/logo\/image\/"},"sameAs":["https:\/\/www.facebook.com\/ASSISTscholars","https:\/\/www.instagram.com\/assistscholars"]}]}},"_links":{"self":[{"href":"https:\/\/www.assistscholars.org\/ro\/wp-json\/wp\/v2\/pages\/34","targetHints":{"allow":["GET"]}}],"collection":[{"href":"https:\/\/www.assistscholars.org\/ro\/wp-json\/wp\/v2\/pages"}],"about":[{"href":"https:\/\/www.assistscholars.org\/ro\/wp-json\/wp\/v2\/types\/page"}],"author":[{"embeddable":true,"href":"https:\/\/www.assistscholars.org\/ro\/wp-json\/wp\/v2\/users\/2"}],"replies":[{"embeddable":true,"href":"https:\/\/www.assistscholars.org\/ro\/wp-json\/wp\/v2\/comments?post=34"}],"version-history":[{"count":0,"href":"https:\/\/www.assistscholars.org\/ro\/wp-json\/wp\/v2\/pages\/34\/revisions"}],"up":[{"embeddable":true,"href":"https:\/\/www.assistscholars.org\/ro\/wp-json\/wp\/v2\/pages\/27"}],"wp:attachment":[{"href":"https:\/\/www.assistscholars.org\/ro\/wp-json\/wp\/v2\/media?parent=34"}],"curies":[{"name":"wp","href":"https:\/\/api.w.org\/{rel}","templated":true}]}}