{"id":37,"date":"2023-11-28T18:14:58","date_gmt":"2023-11-28T18:14:58","guid":{"rendered":"https:\/\/assistscholars.wpenginepowered.com\/?page_id=37"},"modified":"2025-07-17T20:31:22","modified_gmt":"2025-07-18T00:31:22","slug":"deveniti-o-scoala-assist","status":"publish","type":"page","link":"https:\/\/www.assistscholars.org\/ro\/schools\/become-an-assist-school\/","title":{"rendered":"Deveni\u021bi o \u0219coal\u0103 ASSIST"},"content":{"rendered":"<span><span><a href=\"https:\/\/www.assistscholars.org\/ro\/\">Acas\u0103<\/a><\/span><\/span>\n\n<h2>\n\t\t\tASSIST a fost principala resurs\u0103 pentru studen\u021bii interna\u021bionali excep\u021bionali timp de peste 5 decenii.\t<\/h2>\n\t\t\t\t<img decoding=\"async\" src=\"https:\/\/assistscholars.org\/wp-content\/uploads\/2024\/04\/becoming-member.jpg\" alt=\"fotografie a unui elev interna\u021bional la un internat din SUA\" itemprop=\"image\" title=\"deveni-membru\" onerror=\"this.style.display='none'\" loading='lazy' \/>\n<h2>\n\t\t\tCe \u00eenseamn\u0103 s\u0103 fii o \u0219coal\u0103 membr\u0103 ASSIST\t<\/h2>\n\t\t\t\t<p>\u0218colile membre ofer\u0103 cel pu\u021bin o burs\u0103 complet\u0103 \u0219i rezerv\u0103 un loc pentru un student interna\u021bional ales de ASSIST.<\/p>\n<ul>\n<li>Aceast\u0103 burs\u0103 trebuie s\u0103 includ\u0103 taxele de \u0219colarizare, cazare \u0219i mas\u0103 pentru un student internat sau taxele de \u0219colarizare \u0219i o familie gazd\u0103 voluntar\u0103 pentru un student de zi. ASSIST ofer\u0103 sprijin \u0219i \u00eendrumare la selectarea familiilor gazd\u0103 voluntare pentru studen\u021bii de zi.<\/li>\n<li>Cheltuielile personale ale fiec\u0103rui student sunt responsabilitatea p\u0103rin\u021bilor, tutorelui sau a donatorilor care aleg s\u0103 sus\u021bin\u0103 cheltuielile personale ale unui bursier.<\/li>\n<li><em><strong>Not\u0103:<\/strong> Bursele sunt oferite studen\u021bilor pentru un singur an, dup\u0103 care bursierii se \u00eentorc acas\u0103 pentru a-\u0219i finaliza studiile secundare.\u00a0<\/em><\/li>\n<\/ul>\n\t<p>ASSIST ofer\u0103, de asemenea, un program op\u021bional, The ASSIST Finalist Referral Program, prin care \u0219colile noastre pot opta s\u0103 fie conectate cu candida\u021bii no\u0219tri care nu au primit o burs\u0103 pentru oportunit\u0103\u021bi de plasare direct\u0103.<\/p>\n<h2>\n\t\t\tDeveni\u021bi o \u0219coal\u0103 membr\u0103\t<\/h2>\n\t<p>Pentru a aplica pentru a deveni o \u0219coal\u0103 membr\u0103 ASSIST, v\u0103 rug\u0103m s\u0103 contacta\u021bi:<\/p>\n<p>&nbsp;<\/p>\n<strong>Bill Mena<\/strong><br \/>\nDirector de rela\u021bii \u0219colare<br \/>\n<a href=\"mailto:william@assistscholars.org\">william@assistscholars.org<\/a>\n<p>&nbsp;<\/p>\n<p>ASSIST v\u0103 va contacta pentru a discuta despre programele \u0219colii dumneavoastr\u0103, pentru a organiza o vizit\u0103 \u00een campus cu reprezentan\u021bii ASSIST \u0219i pentru a v\u0103 r\u0103spunde la \u00eentreb\u0103ri. Dup\u0103 ce se va r\u0103spunde la \u00eentreb\u0103rile dumneavoastr\u0103, \u0219colile care doresc s\u0103 devin\u0103 membre vor fi prezentate spre aprobare Comitetului de aderare a \u0219colilor din cadrul Consiliului de administra\u021bie al ASSIST.<\/p>\n<h2>\n\t\t\tCerin\u021be pentru a deveni o \u0219coal\u0103 membr\u0103 ASSIST\t<\/h2>\n\t\t\t\t<img decoding=\"async\" src=\"https:\/\/assistscholars.org\/wp-content\/uploads\/2024\/01\/nais-logo.png\" alt=\"NAIS\" title=\"nais-logo\" itemprop=\"image\"\/>\n\t\t<h3>Calitatea de membru al NAIS<\/h3>\t\t\t\n\t\t\t\t<p>\u0218colile membre trebuie s\u0103 fie membri cu drepturi depline ai National Association of Independent Schools (NAIS).<\/p>\n\t\t<h3>Desemnarea unui reprezentant ASSIST<\/h3>\t\t\t\n\t\t\t\t<p>\u0218colile membre numesc un administrator sau un membru al facult\u0103\u021bii care s\u0103 serveasc\u0103 drept reprezentant oficial ASSIST.<\/p>\n\t\t<h3>Taxa de membru ASSIST<\/h3>\t\t\t\n\t\t\t\t<p>\u0218colile membre pl\u0103tesc o tax\u0103 anual\u0103 de membru, care ofer\u0103 acces la toate programele ASSIST \u0219i la asisten\u021b\u0103 permanent\u0103 pe parcursul anului \u0219colar. Pentru anul \u0219colar 2024\/25, taxa este de $825.<\/p>\n<h2>\n\t\t\tPentru noile \u0219coli membre: Pa\u0219ii urm\u0103tori\t<\/h2>\n\t\t\t<a href=\"\/ro\/scoli\/reprezentant-local\/\" target=\"_self\" rel=\"nofollow\">\n\t\t\t\t\t\t\tDesemnarea unui reprezentant ASSIST\n\t\t\t<\/a>\n\t\t\t<a href=\"\/ro\/member-schools\/verificarea-antecedentelor\/\" target=\"_self\" rel=\"nofollow\">\n\t\t\t\t\t\t\tVerificarea antecedentelor penale pentru reprezentantul dumneavoastr\u0103 ASSIST\n\t\t\t<\/a>\n<h2>\n\t\t\tElaborarea bugetului pentru o ASSIST Scholarship\t<\/h2>\n\t<p>\u0218colile membre ASSIST finan\u021beaz\u0103 o burs\u0103 ASSIST \u00eentr-o varietate de moduri:<\/p>\n<p>&nbsp;<\/p>\n<ul>\n<li>Bursa ASSIST poate fi ad\u0103ugat\u0103 ca o linie separat\u0103 \u00een buget, at\u00e2t ca venit, c\u00e2t \u0219i ca cheltuial\u0103. Acest lucru eviden\u021biaz\u0103 faptul c\u0103 costul bursei este neutru din punct de vedere al veniturilor, cu excep\u021bia cazului \u00een care aceasta ia locul unui student care pl\u0103te\u0219te integral.<\/li>\n<li>Bursa poate fi inclus\u0103 \u00een bugetul general de ajutor financiar al \u0219colii.<\/li>\n<li>Av\u00e2nd \u00een vedere accentul din ce \u00een ce mai mare pus pe veniturile nete din taxe de \u0219colarizare, \u0219colile membre ASSIST solicit\u0103 din ce \u00een ce mai mult studen\u021bii bursieri par\u021biali ai ASSIST \u0219i \u00ee\u0219i imagineaz\u0103 delega\u021bia ca un grup care contribuie cu venituri reale la buget.<\/li>\n<li>\u0218colile membre pot identifica un donator dispus s\u0103 finan\u021beze bursa.<\/li>\n<\/ul>\n<h2>\n\t\t\t\u00centreb\u0103ri frecvente\t<\/h2>\n\t\t\t\t\t<a href=\"#\"  id=\"fl-accordion--label-0\" tabindex=\"0\" aria-controls=\"fl-accordion--panel-0\">Pentru ce clase sunt candida\u021bii ASSIST? <\/a>\n\t\t\t\t\t\t\t\t\t\t\t<a href=\"#\" id=\"fl-accordion--icon-0\"  tabindex=\"0\"><i title=\"Extinde\">Extinde<\/i><\/a>\n\t\t\t\t\t<p>Majoritatea ASSIST Scholars sunt \u00eenscri\u0219i \u00een clasa a 10-a sau a 11-a la \u0219colile lor americane. Un num\u0103r mai mic sunt \u00eenscri\u0219i \u00een clasa a XII-a sau ca absolven\u021bi de studii superioare.<\/p>\n\t\t\t\t\t<a href=\"#\"  id=\"fl-accordion--label-1\" tabindex=\"0\" aria-controls=\"fl-accordion--panel-1\">Bursierii au nevoie de sprijin ESL? <\/a>\n\t\t\t\t\t\t\t\t\t\t\t<a href=\"#\" id=\"fl-accordion--icon-1\"  tabindex=\"0\"><i title=\"Extinde\">Extinde<\/i><\/a>\n\t\t\t\t\t<p>Nu. ASSIST evalueaz\u0103 cu aten\u021bie cuno\u0219tin\u021bele de limba englez\u0103 ale candida\u021bilor no\u0219tri, inclusiv \u00een timpul interviului final, \u00een persoan\u0103. To\u021bi ASSIST Scholars sunt suficient de competen\u021bi pentru a reu\u0219i la \u0219colile lor americane.<\/p>\n\t\t\t\t\t<a href=\"#\"  id=\"fl-accordion--label-2\" tabindex=\"0\" aria-controls=\"fl-accordion--panel-2\">\u0218colile membre pot oferi burse par\u021biale?<\/a>\n\t\t\t\t\t\t\t\t\t\t\t<a href=\"#\" id=\"fl-accordion--icon-2\"  tabindex=\"0\"><i title=\"Extinde\">Extinde<\/i><\/a>\n\t\t\t\t\t<p>Da. Dup\u0103 \u00eenscrierea unui elev cu o burs\u0103 Sanderson (integral\u0103), \u0219colile membre sunt eligibile pentru a oferi burse Lindfors (par\u021biale) altor ASSIST Scholars.<\/p>\n<p>Aceasta este o op\u021biune deosebit de atractiv\u0103 pentru \u0219colile cu oportunit\u0103\u021bi de \u00eenscriere care doresc s\u0103 \u00ee\u0219i diversifice \u0219i s\u0103 \u00ee\u0219i consolideze popula\u021bia \u0219i s\u0103 ob\u021bin\u0103 venituri nete din taxe de \u0219colarizare.<\/p>\n\t\t\t\t\t<a href=\"#\"  id=\"fl-accordion--label-3\" tabindex=\"0\" aria-controls=\"fl-accordion--panel-3\">Unde stau bursierii atunci c\u00e2nd frecventeaz\u0103 o \u0219coal\u0103 de zi sau \u00een timpul pauzelor? <\/a>\n\t\t\t\t\t\t\t\t\t\t\t<a href=\"#\" id=\"fl-accordion--icon-3\"  tabindex=\"0\"><i title=\"Extinde\">Extinde<\/i><\/a>\n\t\t\t\t\t<p>Elevii care frecventeaz\u0103 \u0219coli de zi locuiesc cu una sau mai multe familii gazd\u0103 voluntare pe durata anului \u0219colar. ASSIST colaboreaz\u0103 cu \u0219colile membre pentru a recruta \u0219i a stabili leg\u0103turi cu familii gazd\u0103 voluntare din cadrul comunit\u0103\u021bii \u0219colare.<\/p>\n<p>Unii elevi care frecventeaz\u0103 \u0219coli cu internat se pot \u00eentoarce acas\u0103 \u00een timpul vacan\u021belor, \u00een timp ce al\u021bii vor stabili leg\u0103turi cu colegii lor \u0219i vor cultiva invita\u021bii pentru vacan\u021bele \u0219colare<\/p>\n\t\t\t\t\t# de \u021b\u0103ri reprezentate pentru anul \u0219colar 25-26\n\t<p>Anul fond\u0103rii<\/p>\n\t<h2>1969<\/h2>\n\t\t\t\t\t# de savan\u021bi plasa\u021bi<br \/>de la \u00eenfiin\u021bare\n\t\t6,148","protected":false},"excerpt":{"rendered":"<p>ASSIST este de peste 5 decenii principala resurs\u0103 pentru studen\u021bii interna\u021bionali excep\u021bionali. Ce \u00eenseamn\u0103 s\u0103 fii \u0219coal\u0103 membr\u0103 ASSIST \u0218colile membre ofer\u0103 cel pu\u021bin o burs\u0103 integral\u0103 \u0219i rezerv\u0103 un loc pentru un student interna\u021bional ales de ASSIST. Aceast\u0103 burs\u0103 trebuie s\u0103 includ\u0103 taxa de \u0219colarizare, cazarea \u0219i masa pentru un student intern sau...<\/p>","protected":false},"author":2,"featured_media":0,"parent":36,"menu_order":1,"comment_status":"closed","ping_status":"closed","template":"","meta":{"_acf_changed":false,"inline_featured_image":false,"_monsterinsights_skip_tracking":false,"_monsterinsights_sitenote_active":false,"_monsterinsights_sitenote_note":"","_monsterinsights_sitenote_category":0,"footnotes":""},"class_list":["post-37","page","type-page","status-publish","hentry"],"acf":[],"yoast_head":"<!-- This site is optimized with the Yoast SEO plugin v27.2 - https:\/\/yoast.com\/product\/yoast-seo-wordpress\/ -->\n<title>Become an ASSIST School | ASSIST Scholars<\/title>\n<meta name=\"description\" content=\"Learn more about Become an ASSIST School on ASSIST Scholars. Check it out!\" \/>\n<meta name=\"robots\" content=\"index, follow, max-snippet:-1, max-image-preview:large, max-video-preview:-1\" \/>\n<link rel=\"canonical\" href=\"https:\/\/www.assistscholars.org\/ro\/scoli\/deveniti-o-scoala-assist\/\" \/>\n<meta property=\"og:locale\" content=\"ro_RO\" \/>\n<meta property=\"og:type\" content=\"article\" \/>\n<meta property=\"og:title\" content=\"Become an ASSIST School | ASSIST Scholars\" \/>\n<meta property=\"og:description\" content=\"Learn more about Become an ASSIST School on ASSIST Scholars. Check it out!\" \/>\n<meta property=\"og:url\" content=\"https:\/\/www.assistscholars.org\/ro\/scoli\/deveniti-o-scoala-assist\/\" \/>\n<meta property=\"og:site_name\" content=\"ASSIST Scholars\" \/>\n<meta property=\"article:publisher\" content=\"https:\/\/www.facebook.com\/ASSISTscholars\" \/>\n<meta property=\"article:modified_time\" content=\"2025-07-18T00:31:22+00:00\" \/>\n<meta property=\"og:image\" content=\"https:\/\/assistscholars.org\/wp-content\/uploads\/2024\/04\/becoming-member.jpg\" \/>\n<meta name=\"twitter:card\" content=\"summary_large_image\" \/>\n<meta name=\"twitter:label1\" content=\"Est. reading time\" \/>\n\t<meta name=\"twitter:data1\" content=\"2 minute\" \/>\n<script type=\"application\/ld+json\" class=\"yoast-schema-graph\">{\"@context\":\"https:\/\/schema.org\",\"@graph\":[{\"@type\":\"WebPage\",\"@id\":\"https:\/\/www.assistscholars.org\/schools\/become-an-assist-school\/\",\"url\":\"https:\/\/www.assistscholars.org\/schools\/become-an-assist-school\/\",\"name\":\"Become an ASSIST School | ASSIST Scholars\",\"isPartOf\":{\"@id\":\"https:\/\/www.assistscholars.org\/#website\"},\"primaryImageOfPage\":{\"@id\":\"https:\/\/www.assistscholars.org\/schools\/become-an-assist-school\/#primaryimage\"},\"image\":{\"@id\":\"https:\/\/www.assistscholars.org\/schools\/become-an-assist-school\/#primaryimage\"},\"thumbnailUrl\":\"https:\/\/assistscholars.org\/wp-content\/uploads\/2024\/04\/becoming-member.jpg\",\"datePublished\":\"2023-11-28T18:14:58+00:00\",\"dateModified\":\"2025-07-18T00:31:22+00:00\",\"description\":\"Learn more about Become an ASSIST School on ASSIST Scholars. Check it out!\",\"breadcrumb\":{\"@id\":\"https:\/\/www.assistscholars.org\/schools\/become-an-assist-school\/#breadcrumb\"},\"inLanguage\":\"ro-RO\",\"potentialAction\":[{\"@type\":\"ReadAction\",\"target\":[\"https:\/\/www.assistscholars.org\/schools\/become-an-assist-school\/\"]}]},{\"@type\":\"ImageObject\",\"inLanguage\":\"ro-RO\",\"@id\":\"https:\/\/www.assistscholars.org\/schools\/become-an-assist-school\/#primaryimage\",\"url\":\"https:\/\/assistscholars.org\/wp-content\/uploads\/2024\/04\/becoming-member.jpg\",\"contentUrl\":\"https:\/\/assistscholars.org\/wp-content\/uploads\/2024\/04\/becoming-member.jpg\"},{\"@type\":\"BreadcrumbList\",\"@id\":\"https:\/\/www.assistscholars.org\/schools\/become-an-assist-school\/#breadcrumb\",\"itemListElement\":[{\"@type\":\"ListItem\",\"position\":1,\"name\":\"Home\",\"item\":\"https:\/\/www.assistscholars.org\/\"},{\"@type\":\"ListItem\",\"position\":2,\"name\":\"Our School Network\",\"item\":\"https:\/\/www.assistscholars.org\/schools\/\"},{\"@type\":\"ListItem\",\"position\":3,\"name\":\"Become an ASSIST School\"}]},{\"@type\":\"WebSite\",\"@id\":\"https:\/\/www.assistscholars.org\/#website\",\"url\":\"https:\/\/www.assistscholars.org\/\",\"name\":\"ASSIST Scholars\",\"description\":\"Connecting America&#039;s finest schools with the world&#039;s leading scholars\",\"publisher\":{\"@id\":\"https:\/\/www.assistscholars.org\/#organization\"},\"alternateName\":\"Connecting America's finest schools with the world's leading scholars\",\"potentialAction\":[{\"@type\":\"SearchAction\",\"target\":{\"@type\":\"EntryPoint\",\"urlTemplate\":\"https:\/\/www.assistscholars.org\/?s={search_term_string}\"},\"query-input\":{\"@type\":\"PropertyValueSpecification\",\"valueRequired\":true,\"valueName\":\"search_term_string\"}}],\"inLanguage\":\"ro-RO\"},{\"@type\":\"Organization\",\"@id\":\"https:\/\/www.assistscholars.org\/#organization\",\"name\":\"ASSIST Scholars\",\"alternateName\":\"Connecting exceptional international students with leading private high schools in North America\",\"url\":\"https:\/\/www.assistscholars.org\/\",\"logo\":{\"@type\":\"ImageObject\",\"inLanguage\":\"ro-RO\",\"@id\":\"https:\/\/www.assistscholars.org\/#\/schema\/logo\/image\/\",\"url\":\"https:\/\/www.assistscholars.org\/wp-content\/uploads\/2025\/09\/logo-stacked.svg\",\"contentUrl\":\"https:\/\/www.assistscholars.org\/wp-content\/uploads\/2025\/09\/logo-stacked.svg\",\"width\":768,\"height\":768,\"caption\":\"ASSIST Scholars\"},\"image\":{\"@id\":\"https:\/\/www.assistscholars.org\/#\/schema\/logo\/image\/\"},\"sameAs\":[\"https:\/\/www.facebook.com\/ASSISTscholars\",\"https:\/\/www.instagram.com\/assistscholars\"]}]}<\/script>\n<!-- \/ Yoast SEO plugin. -->","yoast_head_json":{"title":"Deveni\u021bi o \u0219coal\u0103 ASSIST | ASSIST Scholars","description":"Afla\u021bi mai multe despre Become an ASSIST School pe ASSIST Scholars. Check it out!","robots":{"index":"index","follow":"follow","max-snippet":"max-snippet:-1","max-image-preview":"max-image-preview:large","max-video-preview":"max-video-preview:-1"},"canonical":"https:\/\/www.assistscholars.org\/ro\/scoli\/deveniti-o-scoala-assist\/","og_locale":"ro_RO","og_type":"article","og_title":"Become an ASSIST School | ASSIST Scholars","og_description":"Learn more about Become an ASSIST School on ASSIST Scholars. Check it out!","og_url":"https:\/\/www.assistscholars.org\/ro\/scoli\/deveniti-o-scoala-assist\/","og_site_name":"ASSIST Scholars","article_publisher":"https:\/\/www.facebook.com\/ASSISTscholars","article_modified_time":"2025-07-18T00:31:22+00:00","og_image":[{"url":"https:\/\/assistscholars.org\/wp-content\/uploads\/2024\/04\/becoming-member.jpg","type":"","width":"","height":""}],"twitter_card":"summary_large_image","twitter_misc":{"Est. reading time":"2 minute"},"schema":{"@context":"https:\/\/schema.org","@graph":[{"@type":"WebPage","@id":"https:\/\/www.assistscholars.org\/schools\/become-an-assist-school\/","url":"https:\/\/www.assistscholars.org\/schools\/become-an-assist-school\/","name":"Deveni\u021bi o \u0219coal\u0103 ASSIST | ASSIST Scholars","isPartOf":{"@id":"https:\/\/www.assistscholars.org\/#website"},"primaryImageOfPage":{"@id":"https:\/\/www.assistscholars.org\/schools\/become-an-assist-school\/#primaryimage"},"image":{"@id":"https:\/\/www.assistscholars.org\/schools\/become-an-assist-school\/#primaryimage"},"thumbnailUrl":"https:\/\/assistscholars.org\/wp-content\/uploads\/2024\/04\/becoming-member.jpg","datePublished":"2023-11-28T18:14:58+00:00","dateModified":"2025-07-18T00:31:22+00:00","description":"Afla\u021bi mai multe despre Become an ASSIST School pe ASSIST Scholars. Check it out!","breadcrumb":{"@id":"https:\/\/www.assistscholars.org\/schools\/become-an-assist-school\/#breadcrumb"},"inLanguage":"ro-RO","potentialAction":[{"@type":"ReadAction","target":["https:\/\/www.assistscholars.org\/schools\/become-an-assist-school\/"]}]},{"@type":"ImageObject","inLanguage":"ro-RO","@id":"https:\/\/www.assistscholars.org\/schools\/become-an-assist-school\/#primaryimage","url":"https:\/\/assistscholars.org\/wp-content\/uploads\/2024\/04\/becoming-member.jpg","contentUrl":"https:\/\/assistscholars.org\/wp-content\/uploads\/2024\/04\/becoming-member.jpg"},{"@type":"BreadcrumbList","@id":"https:\/\/www.assistscholars.org\/schools\/become-an-assist-school\/#breadcrumb","itemListElement":[{"@type":"ListItem","position":1,"name":"Home","item":"https:\/\/www.assistscholars.org\/"},{"@type":"ListItem","position":2,"name":"Our School Network","item":"https:\/\/www.assistscholars.org\/schools\/"},{"@type":"ListItem","position":3,"name":"Become an ASSIST School"}]},{"@type":"WebSite","@id":"https:\/\/www.assistscholars.org\/#website","url":"https:\/\/www.assistscholars.org\/","name":"Bursieri ASSIST","description":"Conectarea celor mai bune \u0219coli din America cu cei mai buni cercet\u0103tori din lume","publisher":{"@id":"https:\/\/www.assistscholars.org\/#organization"},"alternateName":"Connecting America's finest schools with the world's leading scholars","potentialAction":[{"@type":"SearchAction","target":{"@type":"EntryPoint","urlTemplate":"https:\/\/www.assistscholars.org\/?s={search_term_string}"},"query-input":{"@type":"PropertyValueSpecification","valueRequired":true,"valueName":"search_term_string"}}],"inLanguage":"ro-RO"},{"@type":"Organization","@id":"https:\/\/www.assistscholars.org\/#organization","name":"Bursieri ASSIST","alternateName":"Connecting exceptional international students with leading private high schools in North America","url":"https:\/\/www.assistscholars.org\/","logo":{"@type":"ImageObject","inLanguage":"ro-RO","@id":"https:\/\/www.assistscholars.org\/#\/schema\/logo\/image\/","url":"https:\/\/www.assistscholars.org\/wp-content\/uploads\/2025\/09\/logo-stacked.svg","contentUrl":"https:\/\/www.assistscholars.org\/wp-content\/uploads\/2025\/09\/logo-stacked.svg","width":768,"height":768,"caption":"ASSIST Scholars"},"image":{"@id":"https:\/\/www.assistscholars.org\/#\/schema\/logo\/image\/"},"sameAs":["https:\/\/www.facebook.com\/ASSISTscholars","https:\/\/www.instagram.com\/assistscholars"]}]}},"_links":{"self":[{"href":"https:\/\/www.assistscholars.org\/ro\/wp-json\/wp\/v2\/pages\/37","targetHints":{"allow":["GET"]}}],"collection":[{"href":"https:\/\/www.assistscholars.org\/ro\/wp-json\/wp\/v2\/pages"}],"about":[{"href":"https:\/\/www.assistscholars.org\/ro\/wp-json\/wp\/v2\/types\/page"}],"author":[{"embeddable":true,"href":"https:\/\/www.assistscholars.org\/ro\/wp-json\/wp\/v2\/users\/2"}],"replies":[{"embeddable":true,"href":"https:\/\/www.assistscholars.org\/ro\/wp-json\/wp\/v2\/comments?post=37"}],"version-history":[{"count":0,"href":"https:\/\/www.assistscholars.org\/ro\/wp-json\/wp\/v2\/pages\/37\/revisions"}],"up":[{"embeddable":true,"href":"https:\/\/www.assistscholars.org\/ro\/wp-json\/wp\/v2\/pages\/36"}],"wp:attachment":[{"href":"https:\/\/www.assistscholars.org\/ro\/wp-json\/wp\/v2\/media?parent=37"}],"curies":[{"name":"wp","href":"https:\/\/api.w.org\/{rel}","templated":true}]}}