{"id":43,"date":"2023-11-28T18:15:05","date_gmt":"2023-11-28T18:15:05","guid":{"rendered":"https:\/\/assistscholars.wpenginepowered.com\/?page_id=43"},"modified":"2025-05-09T11:29:03","modified_gmt":"2025-05-09T15:29:03","slug":"aplicati-acum","status":"publish","type":"page","link":"https:\/\/www.assistscholars.org\/ro\/host-families\/apply-now\/","title":{"rendered":"Aplica\u021bi acum pentru a g\u0103zdui"},"content":{"rendered":"<span><span><a href=\"https:\/\/www.assistscholars.org\/ro\/\">Acas\u0103<\/a><\/span><\/span>\n\n\t\t\t\t<img decoding=\"async\" src=\"https:\/\/assistscholars.org\/wp-content\/uploads\/2024\/04\/perk-host-family-wide.jpg\" alt=\"ASSIST Familie gazd\u0103\" itemprop=\"image\" title=\"perk-host-family-wide\" onerror=\"this.style.display='none'\"  \/>\n<h2>\n\t\tDeveni\u021bi o familie gazd\u0103 pentru un bursier ASSIST.\n\t<\/h2>\n\t<p>V\u0103 mul\u021bumim! A\u021bi fost identificat de reprezentantul ASSIST al \u0219colii dumneavoastr\u0103 ca o poten\u021bial\u0103 gazd\u0103 pentru unul dintre bursierii no\u0219tri remarcabili. Reprezentantul ASSIST al \u0219colii dumneavoastr\u0103 \u0219i noi to\u021bi cei de la ASSIST v\u0103 vom ghida \u00een procesul de aplicare \u0219i v\u0103 vom fi o resurs\u0103 nepre\u021buit\u0103 \u00een timpul \u0219ederii bursierului dumneavoastr\u0103.<\/p>\n<h2>\n\t\t\u00cencepe\u021bi c\u0103l\u0103toria dvs. de g\u0103zduire\n\t<\/h2>\n\t<p><strong>Pasul 1:<\/strong> S\u0103 fii identificat de \u0219coala ta ca o poten\u021bial\u0103 familie gazd\u0103 ASSIST<\/p>\n<p><strong>Pasul 2:<\/strong> Completa\u021bi <a href=\"https:\/\/docs.google.com\/forms\/d\/e\/1FAIpQLSd40y9KKhAWC70xDo38eMASLp2Ean91aGgQaighXAPYV8nMjQ\/viewform?usp=sharing\" target=\"_blank\" rel=\"noopener\">Formular de cerere \u0219i acord pentru familia gazd\u0103<\/a><\/p>\n<p><strong>Pasul 3:<\/strong> Completa\u021bi o <a href=\"\/ro\/scoli\/reprezentant-local\/verificarea-antecedentelor\/\">verificarea antecedentelor<\/a> (ASSIST va furniza parola)<\/p>\n<p><strong>Pasul 4:<\/strong> Trimite\u021bi dou\u0103 <a href=\"https:\/\/docs.google.com\/forms\/d\/e\/1FAIpQLSepXME7knmD5Np45J8ehWP8N5ZfjClDZFuFjAyUmsw6Cn-d9Q\/viewform?usp=sharing\">referin\u021be personale<\/a><\/p>\n\t\t\t\t<img decoding=\"async\" src=\"https:\/\/assistscholars.org\/wp-content\/uploads\/2024\/04\/Untitled-design.jpg\" alt=\"Familie american\u0103 z\u00e2mbitoare cu studenta lor interna\u021bional\u0103 pe care au g\u0103zduit-o \u00een anul de liceu \u00een str\u0103in\u0103tate.\" itemprop=\"image\" title=\"Design f\u0103r\u0103 titlu\" onerror=\"this.style.display='none'\"  \/>\n\t<p>Contacta\u021bi reprezentantul ASSIST al \u0219colii dumneavoastr\u0103 sau pe Cathy Presnick la <a href=\"mailto:cathy@assistscholars.org\">cathy@assistscholars.org<\/a> pentru ajutor cu oricare dintre pa\u0219ii de mai sus. Suntem at\u00e2t de \u00eenc\u00e2nta\u021bi \u0219i recunosc\u0103tori s\u0103 v\u0103 primim \u00een comunitatea ASSIST!<\/p>","protected":false},"excerpt":{"rendered":"<p>Deveni\u021bi familie gazd\u0103 pentru un bursier ASSIST. V\u0103 mul\u021bumim! Reprezentantul ASSIST al \u0219colii dvs. v-a identificat ca poten\u021bial gazd\u0103 pentru unul dintre remarcabilii no\u0219tri bursieri. Reprezentantul ASSIST al \u0219colii dvs. \u0219i noi to\u021bi cei de la ASSIST v\u0103 vom ghida \u00een procesul de \u00eenscriere \u0219i v\u0103 vom oferi sprijin nepre\u021buit pe durata \u0219ederii bursierului...<\/p>","protected":false},"author":2,"featured_media":0,"parent":42,"menu_order":1,"comment_status":"closed","ping_status":"open","template":"","meta":{"_acf_changed":false,"inline_featured_image":false,"_monsterinsights_skip_tracking":false,"_monsterinsights_sitenote_active":false,"_monsterinsights_sitenote_note":"","_monsterinsights_sitenote_category":0,"footnotes":""},"class_list":["post-43","page","type-page","status-publish","hentry"],"acf":[],"yoast_head":"<!-- This site is optimized with the Yoast SEO plugin v27.2 - https:\/\/yoast.com\/product\/yoast-seo-wordpress\/ -->\n<title>Apply Now to Host | ASSIST Scholars<\/title>\n<meta name=\"description\" content=\"Learn more about Apply Now to Host on ASSIST Scholars. Check it out!\" \/>\n<meta name=\"robots\" content=\"index, follow, max-snippet:-1, max-image-preview:large, max-video-preview:-1\" \/>\n<link rel=\"canonical\" href=\"https:\/\/www.assistscholars.org\/ro\/familii-gazda\/aplicati-acum\/\" \/>\n<meta property=\"og:locale\" content=\"ro_RO\" \/>\n<meta property=\"og:type\" content=\"article\" \/>\n<meta property=\"og:title\" content=\"Apply Now to Host | ASSIST Scholars\" \/>\n<meta property=\"og:description\" content=\"Learn more about Apply Now to Host on ASSIST Scholars. Check it out!\" \/>\n<meta property=\"og:url\" content=\"https:\/\/www.assistscholars.org\/ro\/familii-gazda\/aplicati-acum\/\" \/>\n<meta property=\"og:site_name\" content=\"ASSIST Scholars\" \/>\n<meta property=\"article:publisher\" content=\"https:\/\/www.facebook.com\/ASSISTscholars\" \/>\n<meta property=\"article:modified_time\" content=\"2025-05-09T15:29:03+00:00\" \/>\n<meta property=\"og:image\" content=\"https:\/\/assistscholars.org\/wp-content\/uploads\/2024\/04\/perk-host-family-wide.jpg\" \/>\n<meta name=\"twitter:card\" content=\"summary_large_image\" \/>\n<meta name=\"twitter:label1\" content=\"Est. reading time\" \/>\n\t<meta name=\"twitter:data1\" content=\"1 minut\" \/>\n<script type=\"application\/ld+json\" class=\"yoast-schema-graph\">{\"@context\":\"https:\/\/schema.org\",\"@graph\":[{\"@type\":\"WebPage\",\"@id\":\"https:\/\/www.assistscholars.org\/host-families\/apply-now\/\",\"url\":\"https:\/\/www.assistscholars.org\/host-families\/apply-now\/\",\"name\":\"Apply Now to Host | ASSIST Scholars\",\"isPartOf\":{\"@id\":\"https:\/\/www.assistscholars.org\/#website\"},\"primaryImageOfPage\":{\"@id\":\"https:\/\/www.assistscholars.org\/host-families\/apply-now\/#primaryimage\"},\"image\":{\"@id\":\"https:\/\/www.assistscholars.org\/host-families\/apply-now\/#primaryimage\"},\"thumbnailUrl\":\"https:\/\/assistscholars.org\/wp-content\/uploads\/2024\/04\/perk-host-family-wide.jpg\",\"datePublished\":\"2023-11-28T18:15:05+00:00\",\"dateModified\":\"2025-05-09T15:29:03+00:00\",\"description\":\"Learn more about Apply Now to Host on ASSIST Scholars. Check it out!\",\"breadcrumb\":{\"@id\":\"https:\/\/www.assistscholars.org\/host-families\/apply-now\/#breadcrumb\"},\"inLanguage\":\"ro-RO\",\"potentialAction\":[{\"@type\":\"ReadAction\",\"target\":[\"https:\/\/www.assistscholars.org\/host-families\/apply-now\/\"]}]},{\"@type\":\"ImageObject\",\"inLanguage\":\"ro-RO\",\"@id\":\"https:\/\/www.assistscholars.org\/host-families\/apply-now\/#primaryimage\",\"url\":\"https:\/\/assistscholars.org\/wp-content\/uploads\/2024\/04\/perk-host-family-wide.jpg\",\"contentUrl\":\"https:\/\/assistscholars.org\/wp-content\/uploads\/2024\/04\/perk-host-family-wide.jpg\"},{\"@type\":\"BreadcrumbList\",\"@id\":\"https:\/\/www.assistscholars.org\/host-families\/apply-now\/#breadcrumb\",\"itemListElement\":[{\"@type\":\"ListItem\",\"position\":1,\"name\":\"Home\",\"item\":\"https:\/\/www.assistscholars.org\/\"},{\"@type\":\"ListItem\",\"position\":2,\"name\":\"Host Families\",\"item\":\"https:\/\/www.assistscholars.org\/host-families\/\"},{\"@type\":\"ListItem\",\"position\":3,\"name\":\"Apply Now to Host\"}]},{\"@type\":\"WebSite\",\"@id\":\"https:\/\/www.assistscholars.org\/#website\",\"url\":\"https:\/\/www.assistscholars.org\/\",\"name\":\"ASSIST Scholars\",\"description\":\"Connecting America&#039;s finest schools with the world&#039;s leading scholars\",\"publisher\":{\"@id\":\"https:\/\/www.assistscholars.org\/#organization\"},\"alternateName\":\"Connecting America's finest schools with the world's leading scholars\",\"potentialAction\":[{\"@type\":\"SearchAction\",\"target\":{\"@type\":\"EntryPoint\",\"urlTemplate\":\"https:\/\/www.assistscholars.org\/?s={search_term_string}\"},\"query-input\":{\"@type\":\"PropertyValueSpecification\",\"valueRequired\":true,\"valueName\":\"search_term_string\"}}],\"inLanguage\":\"ro-RO\"},{\"@type\":\"Organization\",\"@id\":\"https:\/\/www.assistscholars.org\/#organization\",\"name\":\"ASSIST Scholars\",\"alternateName\":\"Connecting exceptional international students with leading private high schools in North America\",\"url\":\"https:\/\/www.assistscholars.org\/\",\"logo\":{\"@type\":\"ImageObject\",\"inLanguage\":\"ro-RO\",\"@id\":\"https:\/\/www.assistscholars.org\/#\/schema\/logo\/image\/\",\"url\":\"https:\/\/www.assistscholars.org\/wp-content\/uploads\/2025\/09\/logo-stacked.svg\",\"contentUrl\":\"https:\/\/www.assistscholars.org\/wp-content\/uploads\/2025\/09\/logo-stacked.svg\",\"width\":768,\"height\":768,\"caption\":\"ASSIST Scholars\"},\"image\":{\"@id\":\"https:\/\/www.assistscholars.org\/#\/schema\/logo\/image\/\"},\"sameAs\":[\"https:\/\/www.facebook.com\/ASSISTscholars\",\"https:\/\/www.instagram.com\/assistscholars\"]}]}<\/script>\n<!-- \/ Yoast SEO plugin. -->","yoast_head_json":{"title":"Aplica\u021bi acum pentru a g\u0103zdui | ASSIST Scholars","description":"Afla\u021bi mai multe despre Cum s\u0103 aplica\u021bi pe ASSIST Scholars. Check it out!","robots":{"index":"index","follow":"follow","max-snippet":"max-snippet:-1","max-image-preview":"max-image-preview:large","max-video-preview":"max-video-preview:-1"},"canonical":"https:\/\/www.assistscholars.org\/ro\/familii-gazda\/aplicati-acum\/","og_locale":"ro_RO","og_type":"article","og_title":"Apply Now to Host | ASSIST Scholars","og_description":"Learn more about Apply Now to Host on ASSIST Scholars. Check it out!","og_url":"https:\/\/www.assistscholars.org\/ro\/familii-gazda\/aplicati-acum\/","og_site_name":"ASSIST Scholars","article_publisher":"https:\/\/www.facebook.com\/ASSISTscholars","article_modified_time":"2025-05-09T15:29:03+00:00","og_image":[{"url":"https:\/\/assistscholars.org\/wp-content\/uploads\/2024\/04\/perk-host-family-wide.jpg","type":"","width":"","height":""}],"twitter_card":"summary_large_image","twitter_misc":{"Est. reading time":"1 minut"},"schema":{"@context":"https:\/\/schema.org","@graph":[{"@type":"WebPage","@id":"https:\/\/www.assistscholars.org\/host-families\/apply-now\/","url":"https:\/\/www.assistscholars.org\/host-families\/apply-now\/","name":"Aplica\u021bi acum pentru a g\u0103zdui | ASSIST Scholars","isPartOf":{"@id":"https:\/\/www.assistscholars.org\/#website"},"primaryImageOfPage":{"@id":"https:\/\/www.assistscholars.org\/host-families\/apply-now\/#primaryimage"},"image":{"@id":"https:\/\/www.assistscholars.org\/host-families\/apply-now\/#primaryimage"},"thumbnailUrl":"https:\/\/assistscholars.org\/wp-content\/uploads\/2024\/04\/perk-host-family-wide.jpg","datePublished":"2023-11-28T18:15:05+00:00","dateModified":"2025-05-09T15:29:03+00:00","description":"Afla\u021bi mai multe despre Cum s\u0103 aplica\u021bi pe ASSIST Scholars. Check it out!","breadcrumb":{"@id":"https:\/\/www.assistscholars.org\/host-families\/apply-now\/#breadcrumb"},"inLanguage":"ro-RO","potentialAction":[{"@type":"ReadAction","target":["https:\/\/www.assistscholars.org\/host-families\/apply-now\/"]}]},{"@type":"ImageObject","inLanguage":"ro-RO","@id":"https:\/\/www.assistscholars.org\/host-families\/apply-now\/#primaryimage","url":"https:\/\/assistscholars.org\/wp-content\/uploads\/2024\/04\/perk-host-family-wide.jpg","contentUrl":"https:\/\/assistscholars.org\/wp-content\/uploads\/2024\/04\/perk-host-family-wide.jpg"},{"@type":"BreadcrumbList","@id":"https:\/\/www.assistscholars.org\/host-families\/apply-now\/#breadcrumb","itemListElement":[{"@type":"ListItem","position":1,"name":"Home","item":"https:\/\/www.assistscholars.org\/"},{"@type":"ListItem","position":2,"name":"Host Families","item":"https:\/\/www.assistscholars.org\/host-families\/"},{"@type":"ListItem","position":3,"name":"Apply Now to Host"}]},{"@type":"WebSite","@id":"https:\/\/www.assistscholars.org\/#website","url":"https:\/\/www.assistscholars.org\/","name":"Bursieri ASSIST","description":"Conectarea celor mai bune \u0219coli din America cu cei mai buni cercet\u0103tori din lume","publisher":{"@id":"https:\/\/www.assistscholars.org\/#organization"},"alternateName":"Connecting America's finest schools with the world's leading scholars","potentialAction":[{"@type":"SearchAction","target":{"@type":"EntryPoint","urlTemplate":"https:\/\/www.assistscholars.org\/?s={search_term_string}"},"query-input":{"@type":"PropertyValueSpecification","valueRequired":true,"valueName":"search_term_string"}}],"inLanguage":"ro-RO"},{"@type":"Organization","@id":"https:\/\/www.assistscholars.org\/#organization","name":"Bursieri ASSIST","alternateName":"Connecting exceptional international students with leading private high schools in North America","url":"https:\/\/www.assistscholars.org\/","logo":{"@type":"ImageObject","inLanguage":"ro-RO","@id":"https:\/\/www.assistscholars.org\/#\/schema\/logo\/image\/","url":"https:\/\/www.assistscholars.org\/wp-content\/uploads\/2025\/09\/logo-stacked.svg","contentUrl":"https:\/\/www.assistscholars.org\/wp-content\/uploads\/2025\/09\/logo-stacked.svg","width":768,"height":768,"caption":"ASSIST Scholars"},"image":{"@id":"https:\/\/www.assistscholars.org\/#\/schema\/logo\/image\/"},"sameAs":["https:\/\/www.facebook.com\/ASSISTscholars","https:\/\/www.instagram.com\/assistscholars"]}]}},"_links":{"self":[{"href":"https:\/\/www.assistscholars.org\/ro\/wp-json\/wp\/v2\/pages\/43","targetHints":{"allow":["GET"]}}],"collection":[{"href":"https:\/\/www.assistscholars.org\/ro\/wp-json\/wp\/v2\/pages"}],"about":[{"href":"https:\/\/www.assistscholars.org\/ro\/wp-json\/wp\/v2\/types\/page"}],"author":[{"embeddable":true,"href":"https:\/\/www.assistscholars.org\/ro\/wp-json\/wp\/v2\/users\/2"}],"replies":[{"embeddable":true,"href":"https:\/\/www.assistscholars.org\/ro\/wp-json\/wp\/v2\/comments?post=43"}],"version-history":[{"count":0,"href":"https:\/\/www.assistscholars.org\/ro\/wp-json\/wp\/v2\/pages\/43\/revisions"}],"up":[{"embeddable":true,"href":"https:\/\/www.assistscholars.org\/ro\/wp-json\/wp\/v2\/pages\/42"}],"wp:attachment":[{"href":"https:\/\/www.assistscholars.org\/ro\/wp-json\/wp\/v2\/media?parent=43"}],"curies":[{"name":"wp","href":"https:\/\/api.w.org\/{rel}","templated":true}]}}