{"id":845,"date":"2024-02-02T17:43:59","date_gmt":"2024-02-02T17:43:59","guid":{"rendered":"https:\/\/assistscholars.wpenginepowered.com\/spenden-sie\/werden-sie-mitglied-bei-den-freunden-von-assist\/"},"modified":"2025-01-22T11:57:26","modified_gmt":"2025-01-22T16:57:26","slug":"mitmachen","status":"publish","type":"page","link":"https:\/\/www.assistscholars.org\/ro\/spenden\/mitmachen\/","title":{"rendered":"Mitmachen"},"content":{"rendered":"<span><span><a href=\"https:\/\/www.assistscholars.org\/ro\/\">Acas\u0103<\/a><\/span><\/span>\n\n<h2>\n\t\tJeden Tag tragen Menschen wie Du erheblich zum Erfolg von ASSIST bei.\n\t<\/h2>\n\t<p>Exist\u0103 multe c\u0103i prin care ASSIST s\u0103 v\u0103 ajute.<\/p>\n<p>Auf unserem Portal \u201cMy ASSIST Connect\u201d erf\u00e4hrst du mehr: <a href=\"https:\/\/myassistconnect.org\">https:\/\/myassistconnect.org<\/a><\/p>","protected":false},"excerpt":{"rendered":"<p>\u00cen fiecare zi, oameni ca tine contribuie \u00een mod semnificativ la succesul ASSIST. Exist\u0103 multe modalit\u0103\u021bi de a sprijini ASSIST. Pe portalul nostru \u201cMy ASSIST Connect\u201d po\u021bi afla mai multe: https:\/\/myassistconnect.org<\/p>","protected":false},"author":2,"featured_media":0,"parent":844,"menu_order":5,"comment_status":"closed","ping_status":"closed","template":"","meta":{"_acf_changed":false,"inline_featured_image":false,"_monsterinsights_skip_tracking":false,"_monsterinsights_sitenote_active":false,"_monsterinsights_sitenote_note":"","_monsterinsights_sitenote_category":0,"footnotes":""},"class_list":["post-845","page","type-page","status-publish","hentry"],"acf":[],"yoast_head":"<!-- This site is optimized with the Yoast SEO plugin v27.4 - https:\/\/yoast.com\/product\/yoast-seo-wordpress\/ -->\n<title>Mitmachen | ASSIST Scholars<\/title>\n<meta name=\"description\" content=\"Learn more about Mitmachen on ASSIST Scholars. Check it out!\" \/>\n<meta name=\"robots\" content=\"index, follow, max-snippet:-1, max-image-preview:large, max-video-preview:-1\" \/>\n<link rel=\"canonical\" href=\"https:\/\/www.assistscholars.org\/ro\/spenden\/mitmachen\/\" \/>\n<meta property=\"og:locale\" content=\"ro_RO\" \/>\n<meta property=\"og:type\" content=\"article\" \/>\n<meta property=\"og:title\" content=\"Mitmachen | ASSIST Scholars\" \/>\n<meta property=\"og:description\" content=\"Learn more about Mitmachen on ASSIST Scholars. Check it out!\" \/>\n<meta property=\"og:url\" content=\"https:\/\/www.assistscholars.org\/ro\/spenden\/mitmachen\/\" \/>\n<meta property=\"og:site_name\" content=\"ASSIST Scholars\" \/>\n<meta property=\"article:publisher\" content=\"https:\/\/www.facebook.com\/ASSISTscholars\" \/>\n<meta property=\"article:modified_time\" content=\"2025-01-22T16:57:26+00:00\" \/>\n<meta name=\"twitter:card\" content=\"summary_large_image\" \/>\n<meta name=\"twitter:label1\" content=\"Est. reading time\" \/>\n\t<meta name=\"twitter:data1\" content=\"1 minut\" \/>\n<script type=\"application\/ld+json\" class=\"yoast-schema-graph\">{\"@context\":\"https:\\\/\\\/schema.org\",\"@graph\":[{\"@type\":\"WebPage\",\"@id\":\"https:\\\/\\\/www.assistscholars.org\\\/spenden\\\/mitmachen\\\/\",\"url\":\"https:\\\/\\\/www.assistscholars.org\\\/spenden\\\/mitmachen\\\/\",\"name\":\"Mitmachen | ASSIST Scholars\",\"isPartOf\":{\"@id\":\"https:\\\/\\\/www.assistscholars.org\\\/#website\"},\"datePublished\":\"2024-02-02T17:43:59+00:00\",\"dateModified\":\"2025-01-22T16:57:26+00:00\",\"description\":\"Learn more about Mitmachen on ASSIST Scholars. Check it out!\",\"breadcrumb\":{\"@id\":\"https:\\\/\\\/www.assistscholars.org\\\/spenden\\\/mitmachen\\\/#breadcrumb\"},\"inLanguage\":\"ro-RO\",\"potentialAction\":[{\"@type\":\"ReadAction\",\"target\":[\"https:\\\/\\\/www.assistscholars.org\\\/spenden\\\/mitmachen\\\/\"]}]},{\"@type\":\"BreadcrumbList\",\"@id\":\"https:\\\/\\\/www.assistscholars.org\\\/spenden\\\/mitmachen\\\/#breadcrumb\",\"itemListElement\":[{\"@type\":\"ListItem\",\"position\":1,\"name\":\"Home\",\"item\":\"https:\\\/\\\/www.assistscholars.org\\\/\"},{\"@type\":\"ListItem\",\"position\":2,\"name\":\"Spenden &#038; Helfen\",\"item\":\"https:\\\/\\\/www.assistscholars.org\\\/spenden\\\/\"},{\"@type\":\"ListItem\",\"position\":3,\"name\":\"Mitmachen\"}]},{\"@type\":\"WebSite\",\"@id\":\"https:\\\/\\\/www.assistscholars.org\\\/#website\",\"url\":\"https:\\\/\\\/www.assistscholars.org\\\/\",\"name\":\"ASSIST Scholars\",\"description\":\"Connecting America&#039;s finest schools with the world&#039;s leading scholars\",\"publisher\":{\"@id\":\"https:\\\/\\\/www.assistscholars.org\\\/#organization\"},\"alternateName\":\"Connecting America's finest schools with the world's leading scholars\",\"potentialAction\":[{\"@type\":\"SearchAction\",\"target\":{\"@type\":\"EntryPoint\",\"urlTemplate\":\"https:\\\/\\\/www.assistscholars.org\\\/?s={search_term_string}\"},\"query-input\":{\"@type\":\"PropertyValueSpecification\",\"valueRequired\":true,\"valueName\":\"search_term_string\"}}],\"inLanguage\":\"ro-RO\"},{\"@type\":\"Organization\",\"@id\":\"https:\\\/\\\/www.assistscholars.org\\\/#organization\",\"name\":\"ASSIST Scholars\",\"alternateName\":\"Connecting exceptional international students with leading private high schools in North America\",\"url\":\"https:\\\/\\\/www.assistscholars.org\\\/\",\"logo\":{\"@type\":\"ImageObject\",\"inLanguage\":\"ro-RO\",\"@id\":\"https:\\\/\\\/www.assistscholars.org\\\/#\\\/schema\\\/logo\\\/image\\\/\",\"url\":\"https:\\\/\\\/www.assistscholars.org\\\/wp-content\\\/uploads\\\/2025\\\/09\\\/logo-stacked.svg\",\"contentUrl\":\"https:\\\/\\\/www.assistscholars.org\\\/wp-content\\\/uploads\\\/2025\\\/09\\\/logo-stacked.svg\",\"width\":768,\"height\":768,\"caption\":\"ASSIST Scholars\"},\"image\":{\"@id\":\"https:\\\/\\\/www.assistscholars.org\\\/#\\\/schema\\\/logo\\\/image\\\/\"},\"sameAs\":[\"https:\\\/\\\/www.facebook.com\\\/ASSISTscholars\",\"https:\\\/\\\/www.instagram.com\\\/assistscholars\"]}]}<\/script>\n<!-- \/ Yoast SEO plugin. -->","yoast_head_json":{"title":"Mitmachen | ASSIST Scholars","description":"Afla\u021bi mai multe despre Mitmachen pe ASSIST Scholars. Check it out!","robots":{"index":"index","follow":"follow","max-snippet":"max-snippet:-1","max-image-preview":"max-image-preview:large","max-video-preview":"max-video-preview:-1"},"canonical":"https:\/\/www.assistscholars.org\/ro\/spenden\/mitmachen\/","og_locale":"ro_RO","og_type":"article","og_title":"Mitmachen | ASSIST Scholars","og_description":"Learn more about Mitmachen on ASSIST Scholars. Check it out!","og_url":"https:\/\/www.assistscholars.org\/ro\/spenden\/mitmachen\/","og_site_name":"ASSIST Scholars","article_publisher":"https:\/\/www.facebook.com\/ASSISTscholars","article_modified_time":"2025-01-22T16:57:26+00:00","twitter_card":"summary_large_image","twitter_misc":{"Est. reading time":"1 minut"},"schema":{"@context":"https:\/\/schema.org","@graph":[{"@type":"WebPage","@id":"https:\/\/www.assistscholars.org\/spenden\/mitmachen\/","url":"https:\/\/www.assistscholars.org\/spenden\/mitmachen\/","name":"Mitmachen | ASSIST Scholars","isPartOf":{"@id":"https:\/\/www.assistscholars.org\/#website"},"datePublished":"2024-02-02T17:43:59+00:00","dateModified":"2025-01-22T16:57:26+00:00","description":"Afla\u021bi mai multe despre Mitmachen pe ASSIST Scholars. Check it out!","breadcrumb":{"@id":"https:\/\/www.assistscholars.org\/spenden\/mitmachen\/#breadcrumb"},"inLanguage":"ro-RO","potentialAction":[{"@type":"ReadAction","target":["https:\/\/www.assistscholars.org\/spenden\/mitmachen\/"]}]},{"@type":"BreadcrumbList","@id":"https:\/\/www.assistscholars.org\/spenden\/mitmachen\/#breadcrumb","itemListElement":[{"@type":"ListItem","position":1,"name":"Home","item":"https:\/\/www.assistscholars.org\/"},{"@type":"ListItem","position":2,"name":"Spenden &#038; Helfen","item":"https:\/\/www.assistscholars.org\/spenden\/"},{"@type":"ListItem","position":3,"name":"Mitmachen"}]},{"@type":"WebSite","@id":"https:\/\/www.assistscholars.org\/#website","url":"https:\/\/www.assistscholars.org\/","name":"Bursieri ASSIST","description":"Conectarea celor mai bune \u0219coli din America cu cei mai buni cercet\u0103tori din lume","publisher":{"@id":"https:\/\/www.assistscholars.org\/#organization"},"alternateName":"Connecting America's finest schools with the world's leading scholars","potentialAction":[{"@type":"SearchAction","target":{"@type":"EntryPoint","urlTemplate":"https:\/\/www.assistscholars.org\/?s={search_term_string}"},"query-input":{"@type":"PropertyValueSpecification","valueRequired":true,"valueName":"search_term_string"}}],"inLanguage":"ro-RO"},{"@type":"Organization","@id":"https:\/\/www.assistscholars.org\/#organization","name":"Bursieri ASSIST","alternateName":"Connecting exceptional international students with leading private high schools in North America","url":"https:\/\/www.assistscholars.org\/","logo":{"@type":"ImageObject","inLanguage":"ro-RO","@id":"https:\/\/www.assistscholars.org\/#\/schema\/logo\/image\/","url":"https:\/\/www.assistscholars.org\/wp-content\/uploads\/2025\/09\/logo-stacked.svg","contentUrl":"https:\/\/www.assistscholars.org\/wp-content\/uploads\/2025\/09\/logo-stacked.svg","width":768,"height":768,"caption":"ASSIST Scholars"},"image":{"@id":"https:\/\/www.assistscholars.org\/#\/schema\/logo\/image\/"},"sameAs":["https:\/\/www.facebook.com\/ASSISTscholars","https:\/\/www.instagram.com\/assistscholars"]}]}},"_links":{"self":[{"href":"https:\/\/www.assistscholars.org\/ro\/wp-json\/wp\/v2\/pages\/845","targetHints":{"allow":["GET"]}}],"collection":[{"href":"https:\/\/www.assistscholars.org\/ro\/wp-json\/wp\/v2\/pages"}],"about":[{"href":"https:\/\/www.assistscholars.org\/ro\/wp-json\/wp\/v2\/types\/page"}],"author":[{"embeddable":true,"href":"https:\/\/www.assistscholars.org\/ro\/wp-json\/wp\/v2\/users\/2"}],"replies":[{"embeddable":true,"href":"https:\/\/www.assistscholars.org\/ro\/wp-json\/wp\/v2\/comments?post=845"}],"version-history":[{"count":0,"href":"https:\/\/www.assistscholars.org\/ro\/wp-json\/wp\/v2\/pages\/845\/revisions"}],"up":[{"embeddable":true,"href":"https:\/\/www.assistscholars.org\/ro\/wp-json\/wp\/v2\/pages\/844"}],"wp:attachment":[{"href":"https:\/\/www.assistscholars.org\/ro\/wp-json\/wp\/v2\/media?parent=845"}],"curies":[{"name":"wp","href":"https:\/\/api.w.org\/{rel}","templated":true}]}}