{"id":41,"date":"2023-11-28T18:15:05","date_gmt":"2023-11-28T18:15:05","guid":{"rendered":"https:\/\/assistscholars.wpenginepowered.com\/?page_id=41"},"modified":"2025-07-09T11:10:56","modified_gmt":"2025-07-09T15:10:56","slug":"miestny-zastupca","status":"publish","type":"page","link":"https:\/\/www.assistscholars.org\/sk\/schools\/local-representative\/","title":{"rendered":"Zdroje pre z\u00e1stupcov ASSIST"},"content":{"rendered":"<span><span><a href=\"https:\/\/www.assistscholars.org\/sk\/\">Domov<\/a><\/span><\/span>\n\n\t<h2>\u017diadame ka\u017ed\u00fa \u010dlensk\u00fa \u0161kolu, aby ur\u010dila z\u00e1stupcu ASSIST, ktor\u00fd bude p\u00f4sobi\u0165 ako spojka medzi ASSIST, \u0161kolou, \u0161tudentom, jeho rodi\u010dmi a hostite\u013eskou rodinou \u0161tudenta. T\u00e1to d\u00f4le\u017eit\u00e1 kontaktn\u00e1 osoba u\u013eah\u010duje komunik\u00e1ciu a v\u00fdsledkom jej pr\u00e1ce s\u00fa \u0161\u0165astnej\u0161ie, zdrav\u0161ie a s\u00fadr\u017enej\u0161ie vz\u0165ahy.<\/h2>\n\t\t\t\t<img decoding=\"async\" src=\"https:\/\/assistscholars.org\/wp-content\/uploads\/2024\/04\/assist-students-at-orienation-1.jpg\" alt=\"Fotografia \u0161tipendistov ASSIST\" itemprop=\"image\" title=\"asistent-\u0161tudentov-na-orienta\u010dnom-v\u00fdstupe\" onerror=\"this.style.display='none'\" loading='lazy' \/>\n<h2>\n\t\t\tZaregistrujte svojho z\u00e1stupcu ASSIST\t<\/h2>\n\t<p>Po v\u00fdbere va\u0161ej \u0161koly mus\u00ed ka\u017ed\u00fd bud\u00faci z\u00e1stupca ASSIST vyplni\u0165 registra\u010dn\u00fd formul\u00e1r z\u00e1stupcu ASSIST a vykona\u0165 previerku trestnej minulosti:<\/p>\n\t\t\t\t\t<a href=\"#\"  id=\"fl-accordion--label-0\" tabindex=\"0\" aria-controls=\"fl-accordion--panel-0\">Registra\u010dn\u00fd formul\u00e1r pre z\u00e1stupcov ASSIST<\/a>\n\t\t\t\t\t\t\t\t\t\t\t<a href=\"#\" id=\"fl-accordion--icon-0\"  tabindex=\"0\"><i title=\"Roz\u0161\u00edri\u0165\">Roz\u0161\u00edri\u0165<\/i><\/a>\n\t\t\t\t\t<p><a href=\"https:\/\/docs.google.com\/forms\/d\/e\/1FAIpQLSfLOKMm7TPhmPaPdMvhZZVL7uuF5iSp0HBp4P9GMf2K5_nXdg\/viewform?usp=sharing\" target=\"_blank\" rel=\"noopener\">Vypl\u0148te tento formul\u00e1r a za\u010dnite proces, aby ste sa stali z\u00e1stupcom ASSIST.<\/a><\/p>\n\t\t\t\t\t<a href=\"#\"  id=\"fl-accordion--label-1\" tabindex=\"0\" aria-controls=\"fl-accordion--panel-1\">Previerka trestnej minulosti pre z\u00e1stupcov ASSIST<\/a>\n\t\t\t\t\t\t\t\t\t\t\t<a href=\"#\" id=\"fl-accordion--icon-1\"  tabindex=\"0\"><i title=\"Roz\u0161\u00edri\u0165\">Roz\u0161\u00edri\u0165<\/i><\/a>\n\t\t\t\t\t<p>Ke\u010f sa stanete \u010dlenskou \u0161kolou ASSIST a vyberiete si kolegu, ktor\u00fd bude va\u0161\u00edm z\u00e1stupcom ASSIST, bude musie\u0165\u00a0<a href=\"\/sk\/skoly\/miestny-zastupca\/kontrola-minulosti\/\" target=\"_blank\" rel=\"noopener\">absolvova\u0165 kontrolu trestnej minulosti. Tu s\u00fa podrobnosti o jeho vyplnen\u00ed.<\/a><\/p>\n<h2>\n\t\t\tZdroje pre z\u00e1stupcov ASSIST\t<\/h2>\n\t\t\t\t\t<a href=\"#\"  id=\"fl-accordion--label-0\" tabindex=\"0\" aria-controls=\"fl-accordion--panel-0\">Z\u00e1stupcovia ASSIST na intern\u00e1tnych \u0161kol\u00e1ch<\/a>\n\t\t\t\t\t\t\t\t\t\t\t<a href=\"#\" id=\"fl-accordion--icon-0\"  tabindex=\"0\"><i title=\"Roz\u0161\u00edri\u0165\">Roz\u0161\u00edri\u0165<\/i><\/a>\n\t\t\t\t\t<h3>Po\u017eadovan\u00e9 zdroje<\/h3>\n<ul>\n<li><a href=\"https:\/\/www.assistscholars.org\/wp-content\/uploads\/2025\/07\/Scholar-Hnadbook-For-Bill-July-2025.pdf\" target=\"_blank\" rel=\"noopener\">Pr\u00edru\u010dka pre \u0161tudentov ASSIST - intern\u00e1tne \u0161koly<\/a><\/li>\n<li><a href=\"https:\/\/www.assistscholars.org\/wp-content\/uploads\/2025\/06\/Boarding-2025-TO-USE-GuidingOurPartnershipsBoarding.pdf\" target=\"_blank\" rel=\"noopener\">Sprievodca na\u0161\u00edm partnerstvom - Pr\u00edru\u010dka pre z\u00e1stupcov ASSIST - intern\u00e1tne \u0161koly<\/a><\/li>\n<\/ul>\n<h3>Mesa\u010dn\u00fd denn\u00edk kontaktov<\/h3>\n<ul>\n<li><a href=\"https:\/\/docs.google.com\/forms\/d\/e\/1FAIpQLSfy5dUFMwuVhqoPUE47H-OPTJWkL99wzO5J1YAPvdtv-6vI2Q\/viewform?usp=sharing\" target=\"_blank\" rel=\"noopener noreferrer\">Formul\u00e1r na predkladanie mesa\u010dn\u00fdch kontaktn\u00fdch spr\u00e1v<\/a><\/li>\n<\/ul>\n\t\t\t\t\t<a href=\"#\"  id=\"fl-accordion--label-1\" tabindex=\"0\" aria-controls=\"fl-accordion--panel-1\">Z\u00e1stupcovia ASSIST na denn\u00fdch \u0161kol\u00e1ch<\/a>\n\t\t\t\t\t\t\t\t\t\t\t<a href=\"#\" id=\"fl-accordion--icon-1\"  tabindex=\"0\"><i title=\"Roz\u0161\u00edri\u0165\">Roz\u0161\u00edri\u0165<\/i><\/a>\n\t\t\t\t\t<h3>Po\u017eadovan\u00e9 zdroje<\/h3>\n<ul>\n<li><a href=\"https:\/\/www.assistscholars.org\/wp-content\/uploads\/2025\/07\/Scholar-Hnadbook-For-Bill-July-2025.pdf\" target=\"_blank\" rel=\"noopener\">Pr\u00edru\u010dka pre \u0161tipendistov ASSIST (denn\u00e9 \u0161koly)<\/a><\/li>\n<li><a href=\"https:\/\/www.assistscholars.org\/wp-content\/uploads\/2025\/06\/Day-2025-TO-USE-GuidingOurPartnershipDaySchools.pdf\" target=\"_blank\" rel=\"noopener\">Sprievodca na\u0161\u00edm partnerstvom - Pr\u00edru\u010dka pre z\u00e1stupcov ASSIST<\/a><\/li>\n<\/ul>\n<h3>Inform\u00e1cie o pohovore s hostite\u013eskou rodinou a formul\u00e1r<\/h3>\n<ul>\n<li><a href=\"https:\/\/www.assistscholars.org\/wp-content\/uploads\/2024\/06\/interview-protocols.pdf\" target=\"_blank\" rel=\"noopener noreferrer\">Protokoly z rozhovorov<\/a><\/li>\n<li><a href=\"https:\/\/docs.google.com\/forms\/d\/e\/1FAIpQLSczLE7XtOxX33xiSfdaIsY51b0gh3ry9ojWdW_-TpFh6U-QXw\/viewform?usp=sharing\" target=\"_blank\" rel=\"noopener noreferrer\">Formul\u00e1r na \u00favodn\u00fd rozhovor s hostite\u013eskou rodinou<\/a><\/li>\n<\/ul>\n<h3>Mesa\u010dn\u00fd denn\u00edk kontaktov<\/h3>\n<ul>\n<li><a href=\"https:\/\/docs.google.com\/forms\/d\/e\/1FAIpQLSfy5dUFMwuVhqoPUE47H-OPTJWkL99wzO5J1YAPvdtv-6vI2Q\/viewform?usp=sharing\" target=\"_blank\" rel=\"noopener noreferrer\">Formul\u00e1r na predkladanie mesa\u010dn\u00fdch kontaktn\u00fdch spr\u00e1v<\/a><\/li>\n<\/ul>\n\t\t\t\t\t<a href=\"#\"  id=\"fl-accordion--label-2\" tabindex=\"0\" aria-controls=\"fl-accordion--panel-2\">\u0160tandardy Rady pre \u0161tandardy pre medzin\u00e1rodn\u00e9 vzdel\u00e1vacie cesty (CSIET)<\/a>\n\t\t\t\t\t\t\t\t\t\t\t<a href=\"#\" id=\"fl-accordion--icon-2\"  tabindex=\"0\"><i title=\"Roz\u0161\u00edri\u0165\">Roz\u0161\u00edri\u0165<\/i><\/a>\n\t\t\t\t\t<p><a href=\"https:\/\/www.assistscholars.org\/wp-content\/uploads\/2024\/05\/CSIET-Long-Term-Inbound-Standards-April-2020.pdf\" target=\"_blank\" rel=\"noopener noreferrer\">\u0160tandardy Rady pre \u0161tandardy pre medzin\u00e1rodn\u00e9 vzdel\u00e1vacie cesty (CSIET)<\/a><\/p>\n\t\t\t\t\t<a href=\"#\"  id=\"fl-accordion--label-3\" tabindex=\"0\" aria-controls=\"fl-accordion--panel-3\">Predpisy Ministerstva zahrani\u010dn\u00fdch vec\u00ed USA<\/a>\n\t\t\t\t\t\t\t\t\t\t\t<a href=\"#\" id=\"fl-accordion--icon-3\"  tabindex=\"0\"><i title=\"Roz\u0161\u00edri\u0165\">Roz\u0161\u00edri\u0165<\/i><\/a>\n\t\t\t\t\t<p><a href=\"\/wp-content\/uploads\/2024\/04\/8cea89a9-550b-4fdb-b7d3-246d3d6cef17-StateDept_regs_19-20.pdf\" target=\"_blank\" rel=\"noopener noreferrer\">Predpisy Ministerstva zahrani\u010dn\u00fdch vec\u00ed USA<\/a><\/p>","protected":false},"excerpt":{"rendered":"<p>\u017diadame ka\u017ed\u00fa \u010dlensk\u00fa \u0161kolu, aby vymenovala z\u00e1stupcu ASSIST, ktor\u00fd bude p\u00f4sobi\u0165 ako spojka medzi ASSIST, \u0161kolou, \u0161tudentom, jeho rodi\u010dmi a hostite\u013eskou rodinou \u0161tudenta. T\u00e1to k\u013e\u00fa\u010dov\u00e1 osoba u\u013eah\u010duje komunik\u00e1ciu a v\u010faka jej pr\u00e1ci s\u00fa vz\u0165ahy \u0161\u0165astnej\u0161ie, zdrav\u0161ie a s\u00fadr\u017enej\u0161ie. Zaregistrujte svojho z\u00e1stupcu ASSIST Po v\u00fdbere...<\/p>","protected":false},"author":2,"featured_media":0,"parent":36,"menu_order":5,"comment_status":"closed","ping_status":"open","template":"","meta":{"_acf_changed":false,"inline_featured_image":false,"_monsterinsights_skip_tracking":false,"_monsterinsights_sitenote_active":false,"_monsterinsights_sitenote_note":"","_monsterinsights_sitenote_category":0,"footnotes":""},"class_list":["post-41","page","type-page","status-publish","hentry"],"acf":[],"yoast_head":"<!-- This site is optimized with the Yoast SEO plugin v27.4 - https:\/\/yoast.com\/product\/yoast-seo-wordpress\/ -->\n<title>Resources for ASSIST Representatives | ASSIST Scholars<\/title>\n<meta name=\"description\" content=\"Learn more about Resources for ASSIST Representatives on ASSIST Scholars. Check it out!\" \/>\n<meta name=\"robots\" content=\"index, follow, max-snippet:-1, max-image-preview:large, max-video-preview:-1\" \/>\n<link rel=\"canonical\" href=\"https:\/\/www.assistscholars.org\/sk\/skoly\/miestny-zastupca\/\" \/>\n<meta property=\"og:locale\" content=\"sk_SK\" \/>\n<meta property=\"og:type\" content=\"article\" \/>\n<meta property=\"og:title\" content=\"Resources for ASSIST Representatives | ASSIST Scholars\" \/>\n<meta property=\"og:description\" content=\"Learn more about Resources for ASSIST Representatives on ASSIST Scholars. Check it out!\" \/>\n<meta property=\"og:url\" content=\"https:\/\/www.assistscholars.org\/sk\/skoly\/miestny-zastupca\/\" \/>\n<meta property=\"og:site_name\" content=\"ASSIST Scholars\" \/>\n<meta property=\"article:publisher\" content=\"https:\/\/www.facebook.com\/ASSISTscholars\" \/>\n<meta property=\"article:modified_time\" content=\"2025-07-09T15:10:56+00:00\" \/>\n<meta property=\"og:image\" content=\"https:\/\/assistscholars.org\/wp-content\/uploads\/2024\/04\/assist-students-at-orienation-1.jpg\" \/>\n<meta name=\"twitter:card\" content=\"summary_large_image\" \/>\n<meta name=\"twitter:label1\" content=\"Predpokladan\u00fd \u010das \u010d\u00edtania\" \/>\n\t<meta name=\"twitter:data1\" content=\"2 min\u00faty\" \/>\n<script type=\"application\/ld+json\" class=\"yoast-schema-graph\">{\"@context\":\"https:\\\/\\\/schema.org\",\"@graph\":[{\"@type\":\"WebPage\",\"@id\":\"https:\\\/\\\/www.assistscholars.org\\\/schools\\\/local-representative\\\/\",\"url\":\"https:\\\/\\\/www.assistscholars.org\\\/schools\\\/local-representative\\\/\",\"name\":\"Resources for ASSIST Representatives | ASSIST Scholars\",\"isPartOf\":{\"@id\":\"https:\\\/\\\/www.assistscholars.org\\\/#website\"},\"primaryImageOfPage\":{\"@id\":\"https:\\\/\\\/www.assistscholars.org\\\/schools\\\/local-representative\\\/#primaryimage\"},\"image\":{\"@id\":\"https:\\\/\\\/www.assistscholars.org\\\/schools\\\/local-representative\\\/#primaryimage\"},\"thumbnailUrl\":\"https:\\\/\\\/assistscholars.org\\\/wp-content\\\/uploads\\\/2024\\\/04\\\/assist-students-at-orienation-1.jpg\",\"datePublished\":\"2023-11-28T18:15:05+00:00\",\"dateModified\":\"2025-07-09T15:10:56+00:00\",\"description\":\"Learn more about Resources for ASSIST Representatives on ASSIST Scholars. Check it out!\",\"breadcrumb\":{\"@id\":\"https:\\\/\\\/www.assistscholars.org\\\/schools\\\/local-representative\\\/#breadcrumb\"},\"inLanguage\":\"sk-SK\",\"potentialAction\":[{\"@type\":\"ReadAction\",\"target\":[\"https:\\\/\\\/www.assistscholars.org\\\/schools\\\/local-representative\\\/\"]}]},{\"@type\":\"ImageObject\",\"inLanguage\":\"sk-SK\",\"@id\":\"https:\\\/\\\/www.assistscholars.org\\\/schools\\\/local-representative\\\/#primaryimage\",\"url\":\"https:\\\/\\\/assistscholars.org\\\/wp-content\\\/uploads\\\/2024\\\/04\\\/assist-students-at-orienation-1.jpg\",\"contentUrl\":\"https:\\\/\\\/assistscholars.org\\\/wp-content\\\/uploads\\\/2024\\\/04\\\/assist-students-at-orienation-1.jpg\"},{\"@type\":\"BreadcrumbList\",\"@id\":\"https:\\\/\\\/www.assistscholars.org\\\/schools\\\/local-representative\\\/#breadcrumb\",\"itemListElement\":[{\"@type\":\"ListItem\",\"position\":1,\"name\":\"Home\",\"item\":\"https:\\\/\\\/www.assistscholars.org\\\/\"},{\"@type\":\"ListItem\",\"position\":2,\"name\":\"Our School Network\",\"item\":\"https:\\\/\\\/www.assistscholars.org\\\/schools\\\/\"},{\"@type\":\"ListItem\",\"position\":3,\"name\":\"Resources for ASSIST Representatives\"}]},{\"@type\":\"WebSite\",\"@id\":\"https:\\\/\\\/www.assistscholars.org\\\/#website\",\"url\":\"https:\\\/\\\/www.assistscholars.org\\\/\",\"name\":\"ASSIST Scholars\",\"description\":\"Connecting America&#039;s finest schools with the world&#039;s leading scholars\",\"publisher\":{\"@id\":\"https:\\\/\\\/www.assistscholars.org\\\/#organization\"},\"alternateName\":\"Connecting America's finest schools with the world's leading scholars\",\"potentialAction\":[{\"@type\":\"SearchAction\",\"target\":{\"@type\":\"EntryPoint\",\"urlTemplate\":\"https:\\\/\\\/www.assistscholars.org\\\/?s={search_term_string}\"},\"query-input\":{\"@type\":\"PropertyValueSpecification\",\"valueRequired\":true,\"valueName\":\"search_term_string\"}}],\"inLanguage\":\"sk-SK\"},{\"@type\":\"Organization\",\"@id\":\"https:\\\/\\\/www.assistscholars.org\\\/#organization\",\"name\":\"ASSIST Scholars\",\"alternateName\":\"Connecting exceptional international students with leading private high schools in North America\",\"url\":\"https:\\\/\\\/www.assistscholars.org\\\/\",\"logo\":{\"@type\":\"ImageObject\",\"inLanguage\":\"sk-SK\",\"@id\":\"https:\\\/\\\/www.assistscholars.org\\\/#\\\/schema\\\/logo\\\/image\\\/\",\"url\":\"https:\\\/\\\/www.assistscholars.org\\\/wp-content\\\/uploads\\\/2025\\\/09\\\/logo-stacked.svg\",\"contentUrl\":\"https:\\\/\\\/www.assistscholars.org\\\/wp-content\\\/uploads\\\/2025\\\/09\\\/logo-stacked.svg\",\"width\":768,\"height\":768,\"caption\":\"ASSIST Scholars\"},\"image\":{\"@id\":\"https:\\\/\\\/www.assistscholars.org\\\/#\\\/schema\\\/logo\\\/image\\\/\"},\"sameAs\":[\"https:\\\/\\\/www.facebook.com\\\/ASSISTscholars\",\"https:\\\/\\\/www.instagram.com\\\/assistscholars\"]}]}<\/script>\n<!-- \/ Yoast SEO plugin. -->","yoast_head_json":{"title":"Zdroje pre z\u00e1stupcov ASSIST | ASSIST Scholars","description":"Viac inform\u00e1ci\u00ed o zdrojoch pre z\u00e1stupcov ASSIST na ASSIST Scholars. Pozrite si to!","robots":{"index":"index","follow":"follow","max-snippet":"max-snippet:-1","max-image-preview":"max-image-preview:large","max-video-preview":"max-video-preview:-1"},"canonical":"https:\/\/www.assistscholars.org\/sk\/skoly\/miestny-zastupca\/","og_locale":"sk_SK","og_type":"article","og_title":"Resources for ASSIST Representatives | ASSIST Scholars","og_description":"Learn more about Resources for ASSIST Representatives on ASSIST Scholars. Check it out!","og_url":"https:\/\/www.assistscholars.org\/sk\/skoly\/miestny-zastupca\/","og_site_name":"ASSIST Scholars","article_publisher":"https:\/\/www.facebook.com\/ASSISTscholars","article_modified_time":"2025-07-09T15:10:56+00:00","og_image":[{"url":"https:\/\/assistscholars.org\/wp-content\/uploads\/2024\/04\/assist-students-at-orienation-1.jpg","type":"","width":"","height":""}],"twitter_card":"summary_large_image","twitter_misc":{"Predpokladan\u00fd \u010das \u010d\u00edtania":"2 min\u00faty"},"schema":{"@context":"https:\/\/schema.org","@graph":[{"@type":"WebPage","@id":"https:\/\/www.assistscholars.org\/schools\/local-representative\/","url":"https:\/\/www.assistscholars.org\/schools\/local-representative\/","name":"Zdroje pre z\u00e1stupcov ASSIST | ASSIST Scholars","isPartOf":{"@id":"https:\/\/www.assistscholars.org\/#website"},"primaryImageOfPage":{"@id":"https:\/\/www.assistscholars.org\/schools\/local-representative\/#primaryimage"},"image":{"@id":"https:\/\/www.assistscholars.org\/schools\/local-representative\/#primaryimage"},"thumbnailUrl":"https:\/\/assistscholars.org\/wp-content\/uploads\/2024\/04\/assist-students-at-orienation-1.jpg","datePublished":"2023-11-28T18:15:05+00:00","dateModified":"2025-07-09T15:10:56+00:00","description":"Viac inform\u00e1ci\u00ed o zdrojoch pre z\u00e1stupcov ASSIST na ASSIST Scholars. Pozrite si to!","breadcrumb":{"@id":"https:\/\/www.assistscholars.org\/schools\/local-representative\/#breadcrumb"},"inLanguage":"sk-SK","potentialAction":[{"@type":"ReadAction","target":["https:\/\/www.assistscholars.org\/schools\/local-representative\/"]}]},{"@type":"ImageObject","inLanguage":"sk-SK","@id":"https:\/\/www.assistscholars.org\/schools\/local-representative\/#primaryimage","url":"https:\/\/assistscholars.org\/wp-content\/uploads\/2024\/04\/assist-students-at-orienation-1.jpg","contentUrl":"https:\/\/assistscholars.org\/wp-content\/uploads\/2024\/04\/assist-students-at-orienation-1.jpg"},{"@type":"BreadcrumbList","@id":"https:\/\/www.assistscholars.org\/schools\/local-representative\/#breadcrumb","itemListElement":[{"@type":"ListItem","position":1,"name":"Home","item":"https:\/\/www.assistscholars.org\/"},{"@type":"ListItem","position":2,"name":"Our School Network","item":"https:\/\/www.assistscholars.org\/schools\/"},{"@type":"ListItem","position":3,"name":"Resources for ASSIST Representatives"}]},{"@type":"WebSite","@id":"https:\/\/www.assistscholars.org\/#website","url":"https:\/\/www.assistscholars.org\/","name":"\u0160tipendisti ASSIST","description":"Spojenie najlep\u0161\u00edch americk\u00fdch \u0161k\u00f4l s popredn\u00fdmi svetov\u00fdmi vedcami","publisher":{"@id":"https:\/\/www.assistscholars.org\/#organization"},"alternateName":"Connecting America's finest schools with the world's leading scholars","potentialAction":[{"@type":"SearchAction","target":{"@type":"EntryPoint","urlTemplate":"https:\/\/www.assistscholars.org\/?s={search_term_string}"},"query-input":{"@type":"PropertyValueSpecification","valueRequired":true,"valueName":"search_term_string"}}],"inLanguage":"sk-SK"},{"@type":"Organization","@id":"https:\/\/www.assistscholars.org\/#organization","name":"\u0160tipendisti ASSIST","alternateName":"Connecting exceptional international students with leading private high schools in North America","url":"https:\/\/www.assistscholars.org\/","logo":{"@type":"ImageObject","inLanguage":"sk-SK","@id":"https:\/\/www.assistscholars.org\/#\/schema\/logo\/image\/","url":"https:\/\/www.assistscholars.org\/wp-content\/uploads\/2025\/09\/logo-stacked.svg","contentUrl":"https:\/\/www.assistscholars.org\/wp-content\/uploads\/2025\/09\/logo-stacked.svg","width":768,"height":768,"caption":"ASSIST Scholars"},"image":{"@id":"https:\/\/www.assistscholars.org\/#\/schema\/logo\/image\/"},"sameAs":["https:\/\/www.facebook.com\/ASSISTscholars","https:\/\/www.instagram.com\/assistscholars"]}]}},"_links":{"self":[{"href":"https:\/\/www.assistscholars.org\/sk\/wp-json\/wp\/v2\/pages\/41","targetHints":{"allow":["GET"]}}],"collection":[{"href":"https:\/\/www.assistscholars.org\/sk\/wp-json\/wp\/v2\/pages"}],"about":[{"href":"https:\/\/www.assistscholars.org\/sk\/wp-json\/wp\/v2\/types\/page"}],"author":[{"embeddable":true,"href":"https:\/\/www.assistscholars.org\/sk\/wp-json\/wp\/v2\/users\/2"}],"replies":[{"embeddable":true,"href":"https:\/\/www.assistscholars.org\/sk\/wp-json\/wp\/v2\/comments?post=41"}],"version-history":[{"count":0,"href":"https:\/\/www.assistscholars.org\/sk\/wp-json\/wp\/v2\/pages\/41\/revisions"}],"up":[{"embeddable":true,"href":"https:\/\/www.assistscholars.org\/sk\/wp-json\/wp\/v2\/pages\/36"}],"wp:attachment":[{"href":"https:\/\/www.assistscholars.org\/sk\/wp-json\/wp\/v2\/media?parent=41"}],"curies":[{"name":"wp","href":"https:\/\/api.w.org\/{rel}","templated":true}]}}