{"id":45,"date":"2023-11-28T18:15:05","date_gmt":"2023-11-28T18:15:05","guid":{"rendered":"https:\/\/assistscholars.wpenginepowered.com\/?page_id=45"},"modified":"2025-07-17T20:35:16","modified_gmt":"2025-07-18T00:35:16","slug":"posudky","status":"publish","type":"page","link":"https:\/\/www.assistscholars.org\/sk\/host-families\/testimonials\/","title":{"rendered":"Pre\u010do hosti\u0165 \u0161tipendistu ASSIST"},"content":{"rendered":"<span><span><a href=\"https:\/\/www.assistscholars.org\/sk\/\">Domov<\/a><\/span><\/span>\n\n<h2>\n\t\t\t\u010co hovoria na\u0161e hostite\u013esk\u00e9 rodiny\t<\/h2>\n\t<p>B\u00fdval\u00e9 hostite\u013esk\u00e9 rodiny obdivuj\u00fa dlhodob\u00fd vplyv svojich \u0161tipendistov, vr\u00e1tane v\u00e4\u010d\u0161ej glob\u00e1lnej perspekt\u00edvy, povzbudzuj\u00facich rozhovorov, videnia vlastn\u00e9ho domova a kult\u00fary nov\u00fdmi o\u010dami, a dokonca ich to zbl\u00ed\u017eilo ako rodinu.<\/p>\n\t\t<iframe loading=\"lazy\" title=\"Hostite\u013esk\u00e9 rodiny ASSIST: Men\u00edme \u017eivoty\" width=\"500\" height=\"281\" src=\"https:\/\/www.youtube.com\/embed\/2SEj6FybtiE?feature=oembed\" frameborder=\"0\" allow=\"accelerometer; autoplay; clipboard-write; encrypted-media; gyroscope; picture-in-picture; web-share\" referrerpolicy=\"strict-origin-when-cross-origin\" allowfullscreen><\/iframe>\t\n<h2>\n\t\t\t\u010co hovoria na\u0161i hostitelia\t<\/h2>","protected":false},"excerpt":{"rendered":"<p>\u010co hovoria na\u0161e hostite\u013esk\u00e9 rodiny B\u00fdval\u00e9 hostite\u013esk\u00e9 rodiny obdivuj\u00fa dlhodob\u00fd vplyv svojich \u0161tipendistov, vr\u00e1tane v\u00e4\u010d\u0161ej glob\u00e1lnej perspekt\u00edvy, povzbudzuj\u00facich rozhovorov, videnia vlastn\u00e9ho domova a kult\u00fary nov\u00fdmi o\u010dami, a dokonca ich to zbl\u00ed\u017eilo ako rodinu. \u010co hovoria na\u0161i hostite\u013esk\u00ed \u0161tudenti<\/p>","protected":false},"author":2,"featured_media":0,"parent":42,"menu_order":3,"comment_status":"closed","ping_status":"open","template":"","meta":{"_acf_changed":false,"inline_featured_image":false,"_monsterinsights_skip_tracking":false,"_monsterinsights_sitenote_active":false,"_monsterinsights_sitenote_note":"","_monsterinsights_sitenote_category":0,"footnotes":""},"class_list":["post-45","page","type-page","status-publish","hentry"],"acf":[],"yoast_head":"<!-- This site is optimized with the Yoast SEO plugin v27.4 - https:\/\/yoast.com\/product\/yoast-seo-wordpress\/ -->\n<title>Why Host An ASSIST Scholar | ASSIST Scholars<\/title>\n<meta name=\"description\" content=\"Learn more about Why Host An ASSIST Scholar on ASSIST Scholars. Check it out!\" \/>\n<meta name=\"robots\" content=\"index, follow, max-snippet:-1, max-image-preview:large, max-video-preview:-1\" \/>\n<link rel=\"canonical\" href=\"https:\/\/www.assistscholars.org\/sk\/hostitelske-rodiny\/posudky\/\" \/>\n<meta property=\"og:locale\" content=\"sk_SK\" \/>\n<meta property=\"og:type\" content=\"article\" \/>\n<meta property=\"og:title\" content=\"Why Host An ASSIST Scholar | ASSIST Scholars\" \/>\n<meta property=\"og:description\" content=\"Learn more about Why Host An ASSIST Scholar on ASSIST Scholars. Check it out!\" \/>\n<meta property=\"og:url\" content=\"https:\/\/www.assistscholars.org\/sk\/hostitelske-rodiny\/posudky\/\" \/>\n<meta property=\"og:site_name\" content=\"ASSIST Scholars\" \/>\n<meta property=\"article:publisher\" content=\"https:\/\/www.facebook.com\/ASSISTscholars\" \/>\n<meta property=\"article:modified_time\" content=\"2025-07-18T00:35:16+00:00\" \/>\n<meta name=\"twitter:card\" content=\"summary_large_image\" \/>\n<script type=\"application\/ld+json\" class=\"yoast-schema-graph\">{\"@context\":\"https:\\\/\\\/schema.org\",\"@graph\":[{\"@type\":\"WebPage\",\"@id\":\"https:\\\/\\\/www.assistscholars.org\\\/host-families\\\/testimonials\\\/\",\"url\":\"https:\\\/\\\/www.assistscholars.org\\\/host-families\\\/testimonials\\\/\",\"name\":\"Why Host An ASSIST Scholar | ASSIST Scholars\",\"isPartOf\":{\"@id\":\"https:\\\/\\\/www.assistscholars.org\\\/#website\"},\"datePublished\":\"2023-11-28T18:15:05+00:00\",\"dateModified\":\"2025-07-18T00:35:16+00:00\",\"description\":\"Learn more about Why Host An ASSIST Scholar on ASSIST Scholars. Check it out!\",\"breadcrumb\":{\"@id\":\"https:\\\/\\\/www.assistscholars.org\\\/host-families\\\/testimonials\\\/#breadcrumb\"},\"inLanguage\":\"sk-SK\",\"potentialAction\":[{\"@type\":\"ReadAction\",\"target\":[\"https:\\\/\\\/www.assistscholars.org\\\/host-families\\\/testimonials\\\/\"]}]},{\"@type\":\"BreadcrumbList\",\"@id\":\"https:\\\/\\\/www.assistscholars.org\\\/host-families\\\/testimonials\\\/#breadcrumb\",\"itemListElement\":[{\"@type\":\"ListItem\",\"position\":1,\"name\":\"Home\",\"item\":\"https:\\\/\\\/www.assistscholars.org\\\/\"},{\"@type\":\"ListItem\",\"position\":2,\"name\":\"Host Families\",\"item\":\"https:\\\/\\\/www.assistscholars.org\\\/host-families\\\/\"},{\"@type\":\"ListItem\",\"position\":3,\"name\":\"Why Host An ASSIST Scholar\"}]},{\"@type\":\"WebSite\",\"@id\":\"https:\\\/\\\/www.assistscholars.org\\\/#website\",\"url\":\"https:\\\/\\\/www.assistscholars.org\\\/\",\"name\":\"ASSIST Scholars\",\"description\":\"Connecting America&#039;s finest schools with the world&#039;s leading scholars\",\"publisher\":{\"@id\":\"https:\\\/\\\/www.assistscholars.org\\\/#organization\"},\"alternateName\":\"Connecting America's finest schools with the world's leading scholars\",\"potentialAction\":[{\"@type\":\"SearchAction\",\"target\":{\"@type\":\"EntryPoint\",\"urlTemplate\":\"https:\\\/\\\/www.assistscholars.org\\\/?s={search_term_string}\"},\"query-input\":{\"@type\":\"PropertyValueSpecification\",\"valueRequired\":true,\"valueName\":\"search_term_string\"}}],\"inLanguage\":\"sk-SK\"},{\"@type\":\"Organization\",\"@id\":\"https:\\\/\\\/www.assistscholars.org\\\/#organization\",\"name\":\"ASSIST Scholars\",\"alternateName\":\"Connecting exceptional international students with leading private high schools in North America\",\"url\":\"https:\\\/\\\/www.assistscholars.org\\\/\",\"logo\":{\"@type\":\"ImageObject\",\"inLanguage\":\"sk-SK\",\"@id\":\"https:\\\/\\\/www.assistscholars.org\\\/#\\\/schema\\\/logo\\\/image\\\/\",\"url\":\"https:\\\/\\\/www.assistscholars.org\\\/wp-content\\\/uploads\\\/2025\\\/09\\\/logo-stacked.svg\",\"contentUrl\":\"https:\\\/\\\/www.assistscholars.org\\\/wp-content\\\/uploads\\\/2025\\\/09\\\/logo-stacked.svg\",\"width\":768,\"height\":768,\"caption\":\"ASSIST Scholars\"},\"image\":{\"@id\":\"https:\\\/\\\/www.assistscholars.org\\\/#\\\/schema\\\/logo\\\/image\\\/\"},\"sameAs\":[\"https:\\\/\\\/www.facebook.com\\\/ASSISTscholars\",\"https:\\\/\\\/www.instagram.com\\\/assistscholars\"]}]}<\/script>\n<!-- \/ Yoast SEO plugin. -->","yoast_head_json":{"title":"Pre\u010do hosti\u0165 \u0161tipendistu ASSIST | ASSIST Scholars","description":"Viac inform\u00e1ci\u00ed o tom, pre\u010do hosti\u0165 \u0161tipendistu ASSIST na ASSIST Scholars. Pozrite si to!","robots":{"index":"index","follow":"follow","max-snippet":"max-snippet:-1","max-image-preview":"max-image-preview:large","max-video-preview":"max-video-preview:-1"},"canonical":"https:\/\/www.assistscholars.org\/sk\/hostitelske-rodiny\/posudky\/","og_locale":"sk_SK","og_type":"article","og_title":"Why Host An ASSIST Scholar | ASSIST Scholars","og_description":"Learn more about Why Host An ASSIST Scholar on ASSIST Scholars. Check it out!","og_url":"https:\/\/www.assistscholars.org\/sk\/hostitelske-rodiny\/posudky\/","og_site_name":"ASSIST Scholars","article_publisher":"https:\/\/www.facebook.com\/ASSISTscholars","article_modified_time":"2025-07-18T00:35:16+00:00","twitter_card":"summary_large_image","schema":{"@context":"https:\/\/schema.org","@graph":[{"@type":"WebPage","@id":"https:\/\/www.assistscholars.org\/host-families\/testimonials\/","url":"https:\/\/www.assistscholars.org\/host-families\/testimonials\/","name":"Pre\u010do hosti\u0165 \u0161tipendistu ASSIST | ASSIST Scholars","isPartOf":{"@id":"https:\/\/www.assistscholars.org\/#website"},"datePublished":"2023-11-28T18:15:05+00:00","dateModified":"2025-07-18T00:35:16+00:00","description":"Viac inform\u00e1ci\u00ed o tom, pre\u010do hosti\u0165 \u0161tipendistu ASSIST na ASSIST Scholars. Pozrite si to!","breadcrumb":{"@id":"https:\/\/www.assistscholars.org\/host-families\/testimonials\/#breadcrumb"},"inLanguage":"sk-SK","potentialAction":[{"@type":"ReadAction","target":["https:\/\/www.assistscholars.org\/host-families\/testimonials\/"]}]},{"@type":"BreadcrumbList","@id":"https:\/\/www.assistscholars.org\/host-families\/testimonials\/#breadcrumb","itemListElement":[{"@type":"ListItem","position":1,"name":"Home","item":"https:\/\/www.assistscholars.org\/"},{"@type":"ListItem","position":2,"name":"Host Families","item":"https:\/\/www.assistscholars.org\/host-families\/"},{"@type":"ListItem","position":3,"name":"Why Host An ASSIST Scholar"}]},{"@type":"WebSite","@id":"https:\/\/www.assistscholars.org\/#website","url":"https:\/\/www.assistscholars.org\/","name":"\u0160tipendisti ASSIST","description":"Spojenie najlep\u0161\u00edch americk\u00fdch \u0161k\u00f4l s popredn\u00fdmi svetov\u00fdmi vedcami","publisher":{"@id":"https:\/\/www.assistscholars.org\/#organization"},"alternateName":"Connecting America's finest schools with the world's leading scholars","potentialAction":[{"@type":"SearchAction","target":{"@type":"EntryPoint","urlTemplate":"https:\/\/www.assistscholars.org\/?s={search_term_string}"},"query-input":{"@type":"PropertyValueSpecification","valueRequired":true,"valueName":"search_term_string"}}],"inLanguage":"sk-SK"},{"@type":"Organization","@id":"https:\/\/www.assistscholars.org\/#organization","name":"\u0160tipendisti ASSIST","alternateName":"Connecting exceptional international students with leading private high schools in North America","url":"https:\/\/www.assistscholars.org\/","logo":{"@type":"ImageObject","inLanguage":"sk-SK","@id":"https:\/\/www.assistscholars.org\/#\/schema\/logo\/image\/","url":"https:\/\/www.assistscholars.org\/wp-content\/uploads\/2025\/09\/logo-stacked.svg","contentUrl":"https:\/\/www.assistscholars.org\/wp-content\/uploads\/2025\/09\/logo-stacked.svg","width":768,"height":768,"caption":"ASSIST Scholars"},"image":{"@id":"https:\/\/www.assistscholars.org\/#\/schema\/logo\/image\/"},"sameAs":["https:\/\/www.facebook.com\/ASSISTscholars","https:\/\/www.instagram.com\/assistscholars"]}]}},"_links":{"self":[{"href":"https:\/\/www.assistscholars.org\/sk\/wp-json\/wp\/v2\/pages\/45","targetHints":{"allow":["GET"]}}],"collection":[{"href":"https:\/\/www.assistscholars.org\/sk\/wp-json\/wp\/v2\/pages"}],"about":[{"href":"https:\/\/www.assistscholars.org\/sk\/wp-json\/wp\/v2\/types\/page"}],"author":[{"embeddable":true,"href":"https:\/\/www.assistscholars.org\/sk\/wp-json\/wp\/v2\/users\/2"}],"replies":[{"embeddable":true,"href":"https:\/\/www.assistscholars.org\/sk\/wp-json\/wp\/v2\/comments?post=45"}],"version-history":[{"count":0,"href":"https:\/\/www.assistscholars.org\/sk\/wp-json\/wp\/v2\/pages\/45\/revisions"}],"up":[{"embeddable":true,"href":"https:\/\/www.assistscholars.org\/sk\/wp-json\/wp\/v2\/pages\/42"}],"wp:attachment":[{"href":"https:\/\/www.assistscholars.org\/sk\/wp-json\/wp\/v2\/media?parent=45"}],"curies":[{"name":"wp","href":"https:\/\/api.w.org\/{rel}","templated":true}]}}