{"id":846,"date":"2024-02-02T17:41:34","date_gmt":"2024-02-02T17:41:34","guid":{"rendered":"https:\/\/assistscholars.wpenginepowered.com\/spenden-sie\/was-wird-durch-meine-spende-erreicht\/"},"modified":"2024-07-31T17:10:56","modified_gmt":"2024-07-31T21:10:56","slug":"stipendien-foerdern","status":"publish","type":"page","link":"https:\/\/www.assistscholars.org\/sr\/spenden\/stipendien-foerdern\/","title":{"rendered":"Stipendien f\u00f6rdern"},"content":{"rendered":"<span><span><a href=\"https:\/\/www.assistscholars.org\/sr\/\">Home<\/a><\/span><\/span>\n\n\t<h2>Mit deiner Unterst\u00fctzung k\u00f6nnen wir das Leben junger Menschen nachhaltig ver\u00e4ndern. Deine Spende flie\u00dft in Stipendien und das ASSIST-Programm.<\/h2>\n<h2>\n\t\tWerde Teil der Mission und investiere in Bildungschancen von morgen!\n\t<\/h2>\n\t\t\t<a href=\"https:\/\/www.assistscholars.org\/spenden\/\" target=\"_blank\" rel=\"noopener nofollow\">\n\t\t\t\t\t\t\tMehr erfahren \u00fcber die M\u00f6glichkeit, ASSIST-Fellowships zu f\u00f6rdern, erfahren\n\t\t\t<\/a>","protected":false},"excerpt":{"rendered":"<p>Mit deiner Unterst\u00fctzung k\u00f6nnen wir das Leben junger Menschen nachhaltig ver\u00e4ndern. Deine Spende flie\u00dft in Stipendien und das ASSIST-Programm. Werde Teil der Mission und investiere in Bildungschancen von morgen! Mehr erfahren \u00fcber die M\u00f6glichkeit, ASSIST-Fellowships zu f\u00f6rdern, erfahren<\/p>","protected":false},"author":2,"featured_media":0,"parent":844,"menu_order":2,"comment_status":"closed","ping_status":"closed","template":"","meta":{"_acf_changed":false,"inline_featured_image":false,"_monsterinsights_skip_tracking":false,"_monsterinsights_sitenote_active":false,"_monsterinsights_sitenote_note":"","_monsterinsights_sitenote_category":0,"footnotes":""},"class_list":["post-846","page","type-page","status-publish","hentry"],"acf":[],"yoast_head":"<!-- This site is optimized with the Yoast SEO plugin v27.2 - https:\/\/yoast.com\/product\/yoast-seo-wordpress\/ -->\n<title>Stipendien f\u00f6rdern | ASSIST Scholars<\/title>\n<meta name=\"description\" content=\"Learn more about Stipendien f\u00f6rdern on ASSIST Scholars. Check it out!\" \/>\n<meta name=\"robots\" content=\"index, follow, max-snippet:-1, max-image-preview:large, max-video-preview:-1\" \/>\n<link rel=\"canonical\" href=\"https:\/\/www.assistscholars.org\/sr\/spenden\/stipendien-foerdern\/\" \/>\n<meta property=\"og:locale\" content=\"sr_RS\" \/>\n<meta property=\"og:type\" content=\"article\" \/>\n<meta property=\"og:title\" content=\"Stipendien f\u00f6rdern | ASSIST Scholars\" \/>\n<meta property=\"og:description\" content=\"Learn more about Stipendien f\u00f6rdern on ASSIST Scholars. Check it out!\" \/>\n<meta property=\"og:url\" content=\"https:\/\/www.assistscholars.org\/sr\/spenden\/stipendien-foerdern\/\" \/>\n<meta property=\"og:site_name\" content=\"ASSIST Scholars\" \/>\n<meta property=\"article:publisher\" content=\"https:\/\/www.facebook.com\/ASSISTscholars\" \/>\n<meta property=\"article:modified_time\" content=\"2024-07-31T21:10:56+00:00\" \/>\n<meta name=\"twitter:card\" content=\"summary_large_image\" \/>\n<meta name=\"twitter:label1\" content=\"\u041f\u0440\u043e\u0446\u0435\u045a\u0435\u043d\u043e \u0432\u0440\u0435\u043c\u0435 \u0447\u0438\u0442\u0430\u045a\u0430\" \/>\n\t<meta name=\"twitter:data1\" content=\"1 \u043c\u0438\u043d\u0443\u0442\" \/>\n<script type=\"application\/ld+json\" class=\"yoast-schema-graph\">{\"@context\":\"https:\/\/schema.org\",\"@graph\":[{\"@type\":\"WebPage\",\"@id\":\"https:\/\/www.assistscholars.org\/spenden\/stipendien-foerdern\/\",\"url\":\"https:\/\/www.assistscholars.org\/spenden\/stipendien-foerdern\/\",\"name\":\"Stipendien f\u00f6rdern | ASSIST Scholars\",\"isPartOf\":{\"@id\":\"https:\/\/www.assistscholars.org\/#website\"},\"datePublished\":\"2024-02-02T17:41:34+00:00\",\"dateModified\":\"2024-07-31T21:10:56+00:00\",\"description\":\"Learn more about Stipendien f\u00f6rdern on ASSIST Scholars. Check it out!\",\"breadcrumb\":{\"@id\":\"https:\/\/www.assistscholars.org\/spenden\/stipendien-foerdern\/#breadcrumb\"},\"inLanguage\":\"sr-RS\",\"potentialAction\":[{\"@type\":\"ReadAction\",\"target\":[\"https:\/\/www.assistscholars.org\/spenden\/stipendien-foerdern\/\"]}]},{\"@type\":\"BreadcrumbList\",\"@id\":\"https:\/\/www.assistscholars.org\/spenden\/stipendien-foerdern\/#breadcrumb\",\"itemListElement\":[{\"@type\":\"ListItem\",\"position\":1,\"name\":\"Home\",\"item\":\"https:\/\/www.assistscholars.org\/\"},{\"@type\":\"ListItem\",\"position\":2,\"name\":\"Spenden &#038; Helfen\",\"item\":\"https:\/\/www.assistscholars.org\/spenden\/\"},{\"@type\":\"ListItem\",\"position\":3,\"name\":\"Stipendien f\u00f6rdern\"}]},{\"@type\":\"WebSite\",\"@id\":\"https:\/\/www.assistscholars.org\/#website\",\"url\":\"https:\/\/www.assistscholars.org\/\",\"name\":\"ASSIST Scholars\",\"description\":\"Connecting America&#039;s finest schools with the world&#039;s leading scholars\",\"publisher\":{\"@id\":\"https:\/\/www.assistscholars.org\/#organization\"},\"alternateName\":\"Connecting America's finest schools with the world's leading scholars\",\"potentialAction\":[{\"@type\":\"SearchAction\",\"target\":{\"@type\":\"EntryPoint\",\"urlTemplate\":\"https:\/\/www.assistscholars.org\/?s={search_term_string}\"},\"query-input\":{\"@type\":\"PropertyValueSpecification\",\"valueRequired\":true,\"valueName\":\"search_term_string\"}}],\"inLanguage\":\"sr-RS\"},{\"@type\":\"Organization\",\"@id\":\"https:\/\/www.assistscholars.org\/#organization\",\"name\":\"ASSIST Scholars\",\"alternateName\":\"Connecting exceptional international students with leading private high schools in North America\",\"url\":\"https:\/\/www.assistscholars.org\/\",\"logo\":{\"@type\":\"ImageObject\",\"inLanguage\":\"sr-RS\",\"@id\":\"https:\/\/www.assistscholars.org\/#\/schema\/logo\/image\/\",\"url\":\"https:\/\/www.assistscholars.org\/wp-content\/uploads\/2025\/09\/logo-stacked.svg\",\"contentUrl\":\"https:\/\/www.assistscholars.org\/wp-content\/uploads\/2025\/09\/logo-stacked.svg\",\"width\":768,\"height\":768,\"caption\":\"ASSIST Scholars\"},\"image\":{\"@id\":\"https:\/\/www.assistscholars.org\/#\/schema\/logo\/image\/\"},\"sameAs\":[\"https:\/\/www.facebook.com\/ASSISTscholars\",\"https:\/\/www.instagram.com\/assistscholars\"]}]}<\/script>\n<!-- \/ Yoast SEO plugin. -->","yoast_head_json":{"title":"Stipendien f\u00f6rdern | ASSIST Scholars","description":"Learn more about Stipendien f\u00f6rdern on ASSIST Scholars. Check it out!","robots":{"index":"index","follow":"follow","max-snippet":"max-snippet:-1","max-image-preview":"max-image-preview:large","max-video-preview":"max-video-preview:-1"},"canonical":"https:\/\/www.assistscholars.org\/sr\/spenden\/stipendien-foerdern\/","og_locale":"sr_RS","og_type":"article","og_title":"Stipendien f\u00f6rdern | ASSIST Scholars","og_description":"Learn more about Stipendien f\u00f6rdern on ASSIST Scholars. Check it out!","og_url":"https:\/\/www.assistscholars.org\/sr\/spenden\/stipendien-foerdern\/","og_site_name":"ASSIST Scholars","article_publisher":"https:\/\/www.facebook.com\/ASSISTscholars","article_modified_time":"2024-07-31T21:10:56+00:00","twitter_card":"summary_large_image","twitter_misc":{"\u041f\u0440\u043e\u0446\u0435\u045a\u0435\u043d\u043e \u0432\u0440\u0435\u043c\u0435 \u0447\u0438\u0442\u0430\u045a\u0430":"1 \u043c\u0438\u043d\u0443\u0442"},"schema":{"@context":"https:\/\/schema.org","@graph":[{"@type":"WebPage","@id":"https:\/\/www.assistscholars.org\/spenden\/stipendien-foerdern\/","url":"https:\/\/www.assistscholars.org\/spenden\/stipendien-foerdern\/","name":"Stipendien f\u00f6rdern | ASSIST Scholars","isPartOf":{"@id":"https:\/\/www.assistscholars.org\/#website"},"datePublished":"2024-02-02T17:41:34+00:00","dateModified":"2024-07-31T21:10:56+00:00","description":"Learn more about Stipendien f\u00f6rdern on ASSIST Scholars. Check it out!","breadcrumb":{"@id":"https:\/\/www.assistscholars.org\/spenden\/stipendien-foerdern\/#breadcrumb"},"inLanguage":"sr-RS","potentialAction":[{"@type":"ReadAction","target":["https:\/\/www.assistscholars.org\/spenden\/stipendien-foerdern\/"]}]},{"@type":"BreadcrumbList","@id":"https:\/\/www.assistscholars.org\/spenden\/stipendien-foerdern\/#breadcrumb","itemListElement":[{"@type":"ListItem","position":1,"name":"Home","item":"https:\/\/www.assistscholars.org\/"},{"@type":"ListItem","position":2,"name":"Spenden &#038; Helfen","item":"https:\/\/www.assistscholars.org\/spenden\/"},{"@type":"ListItem","position":3,"name":"Stipendien f\u00f6rdern"}]},{"@type":"WebSite","@id":"https:\/\/www.assistscholars.org\/#website","url":"https:\/\/www.assistscholars.org\/","name":"ASSIST Scholars","description":"Connecting America&#039;s finest schools with the world&#039;s leading scholars","publisher":{"@id":"https:\/\/www.assistscholars.org\/#organization"},"alternateName":"Connecting America's finest schools with the world's leading scholars","potentialAction":[{"@type":"SearchAction","target":{"@type":"EntryPoint","urlTemplate":"https:\/\/www.assistscholars.org\/?s={search_term_string}"},"query-input":{"@type":"PropertyValueSpecification","valueRequired":true,"valueName":"search_term_string"}}],"inLanguage":"sr-RS"},{"@type":"Organization","@id":"https:\/\/www.assistscholars.org\/#organization","name":"ASSIST Scholars","alternateName":"Connecting exceptional international students with leading private high schools in North America","url":"https:\/\/www.assistscholars.org\/","logo":{"@type":"ImageObject","inLanguage":"sr-RS","@id":"https:\/\/www.assistscholars.org\/#\/schema\/logo\/image\/","url":"https:\/\/www.assistscholars.org\/wp-content\/uploads\/2025\/09\/logo-stacked.svg","contentUrl":"https:\/\/www.assistscholars.org\/wp-content\/uploads\/2025\/09\/logo-stacked.svg","width":768,"height":768,"caption":"ASSIST Scholars"},"image":{"@id":"https:\/\/www.assistscholars.org\/#\/schema\/logo\/image\/"},"sameAs":["https:\/\/www.facebook.com\/ASSISTscholars","https:\/\/www.instagram.com\/assistscholars"]}]}},"_links":{"self":[{"href":"https:\/\/www.assistscholars.org\/sr\/wp-json\/wp\/v2\/pages\/846","targetHints":{"allow":["GET"]}}],"collection":[{"href":"https:\/\/www.assistscholars.org\/sr\/wp-json\/wp\/v2\/pages"}],"about":[{"href":"https:\/\/www.assistscholars.org\/sr\/wp-json\/wp\/v2\/types\/page"}],"author":[{"embeddable":true,"href":"https:\/\/www.assistscholars.org\/sr\/wp-json\/wp\/v2\/users\/2"}],"replies":[{"embeddable":true,"href":"https:\/\/www.assistscholars.org\/sr\/wp-json\/wp\/v2\/comments?post=846"}],"version-history":[{"count":0,"href":"https:\/\/www.assistscholars.org\/sr\/wp-json\/wp\/v2\/pages\/846\/revisions"}],"up":[{"embeddable":true,"href":"https:\/\/www.assistscholars.org\/sr\/wp-json\/wp\/v2\/pages\/844"}],"wp:attachment":[{"href":"https:\/\/www.assistscholars.org\/sr\/wp-json\/wp\/v2\/media?parent=846"}],"curies":[{"name":"wp","href":"https:\/\/api.w.org\/{rel}","templated":true}]}}